{"id":1063,"date":"2020-09-02T15:34:44","date_gmt":"2020-09-02T15:34:44","guid":{"rendered":"http:\/\/your-hotel-spa-alcobaca.ms.decms.eu\/?page_id=1063"},"modified":"2021-02-19T16:01:07","modified_gmt":"2021-02-19T16:01:07","slug":"complaints-book","status":"publish","type":"page","link":"https:\/\/www.yourhotelspa.com\/en\/news-and-certificates\/complaints-book\/","title":{"rendered":"Complaints Book"},"content":{"rendered":"<p>&#8220;Complaints Book&#8221; is a program measure &#8220;SIMPLEX + 2016&#8221; and involves Dire\u00e7\u00e3o-Geral do Consumidor and regulators of various sectors.<\/p>\n<p>Here you can submit your complaint and\/or request information on issues related to essential public services.<\/p>\n<p>Check\u00a0<a href=\"https:\/\/www.livroreclamacoes.pt\/inicio\" target=\"_blank\" rel=\"noopener noreferrer\"><u><strong>here<\/strong><\/u><\/a>.<\/p>\n","protected":false},"excerpt":{"rendered":"<p>&#8220;Complaints Book&#8221; is a program measure &#8220;SIMPLEX + 2016&#8221; and involves Dire\u00e7\u00e3o-Geral do Consumidor and regulators of various sectors. Here you can submit your complaint and\/or request information on issues related to essential public services. Check\u00a0here.<\/p>\n","protected":false},"author":4,"featured_media":0,"parent":1017,"menu_order":15,"comment_status":"closed","ping_status":"closed","template":"","meta":{"footnotes":""},"class_list":["post-1063","page","type-page","status-publish","hentry"],"yoast_head":"<!-- This site is optimized with the Yoast SEO plugin v26.9 - https:\/\/yoast.com\/product\/yoast-seo-wordpress\/ -->\n<title>Complaints Book - Your Hotel &amp; Spa Alcoba\u00e7a<\/title>\n<meta name=\"robots\" content=\"index, follow, max-snippet:-1, max-image-preview:large, max-video-preview:-1\" \/>\n<link rel=\"canonical\" href=\"https:\/\/www.yourhotelspa.com\/en\/news-and-certificates\/complaints-book\/\" \/>\n<meta property=\"og:locale\" content=\"en_US\" \/>\n<meta property=\"og:type\" content=\"article\" \/>\n<meta property=\"og:title\" content=\"Complaints Book - Your Hotel &amp; Spa Alcoba\u00e7a\" \/>\n<meta property=\"og:description\" content=\"&#8220;Complaints Book&#8221; is a program measure &#8220;SIMPLEX + 2016&#8221; and involves Dire\u00e7\u00e3o-Geral do Consumidor and regulators of various sectors. Here you can submit your complaint and\/or request information on issues related to essential public services. Check\u00a0here.\" \/>\n<meta property=\"og:url\" content=\"https:\/\/www.yourhotelspa.com\/en\/news-and-certificates\/complaints-book\/\" \/>\n<meta property=\"og:site_name\" content=\"Your Hotel &amp; Spa Alcoba\u00e7a\" \/>\n<meta property=\"article:modified_time\" content=\"2021-02-19T16:01:07+00:00\" \/>\n<meta name=\"twitter:card\" content=\"summary_large_image\" \/>\n<script type=\"application\/ld+json\" class=\"yoast-schema-graph\">{\"@context\":\"https:\/\/schema.org\",\"@graph\":[{\"@type\":\"WebPage\",\"@id\":\"https:\/\/www.yourhotelspa.com\/en\/news-and-certificates\/complaints-book\/\",\"url\":\"https:\/\/www.yourhotelspa.com\/en\/news-and-certificates\/complaints-book\/\",\"name\":\"Complaints Book - Your Hotel & Spa Alcoba\u00e7a\",\"isPartOf\":{\"@id\":\"https:\/\/www.yourhotelspa.com\/en\/#website\"},\"datePublished\":\"2020-09-02T15:34:44+00:00\",\"dateModified\":\"2021-02-19T16:01:07+00:00\",\"breadcrumb\":{\"@id\":\"https:\/\/www.yourhotelspa.com\/en\/news-and-certificates\/complaints-book\/#breadcrumb\"},\"inLanguage\":\"en-US\",\"potentialAction\":[{\"@type\":\"ReadAction\",\"target\":[\"https:\/\/www.yourhotelspa.com\/en\/news-and-certificates\/complaints-book\/\"]}]},{\"@type\":\"BreadcrumbList\",\"@id\":\"https:\/\/www.yourhotelspa.com\/en\/news-and-certificates\/complaints-book\/#breadcrumb\",\"itemListElement\":[{\"@type\":\"ListItem\",\"position\":1,\"name\":\"Home\",\"item\":\"https:\/\/www.yourhotelspa.com\/en\/\"},{\"@type\":\"ListItem\",\"position\":2,\"name\":\"News and certificates\",\"item\":\"https:\/\/www.yourhotelspa.com\/en\/news-and-certificates\/\"},{\"@type\":\"ListItem\",\"position\":3,\"name\":\"Complaints Book\"}]},{\"@type\":\"WebSite\",\"@id\":\"https:\/\/www.yourhotelspa.com\/en\/#website\",\"url\":\"https:\/\/www.yourhotelspa.com\/en\/\",\"name\":\"Your Hotel & Spa Alcoba\u00e7a\",\"description\":\"Just another ms.decms.eu site\",\"potentialAction\":[{\"@type\":\"SearchAction\",\"target\":{\"@type\":\"EntryPoint\",\"urlTemplate\":\"https:\/\/www.yourhotelspa.com\/en\/?s={search_term_string}\"},\"query-input\":{\"@type\":\"PropertyValueSpecification\",\"valueRequired\":true,\"valueName\":\"search_term_string\"}}],\"inLanguage\":\"en-US\"}]}<\/script>\n<!-- \/ Yoast SEO plugin. -->","yoast_head_json":{"title":"Complaints Book - Your Hotel & Spa Alcoba\u00e7a","robots":{"index":"index","follow":"follow","max-snippet":"max-snippet:-1","max-image-preview":"max-image-preview:large","max-video-preview":"max-video-preview:-1"},"canonical":"https:\/\/www.yourhotelspa.com\/en\/news-and-certificates\/complaints-book\/","og_locale":"en_US","og_type":"article","og_title":"Complaints Book - Your Hotel & Spa Alcoba\u00e7a","og_description":"&#8220;Complaints Book&#8221; is a program measure &#8220;SIMPLEX + 2016&#8221; and involves Dire\u00e7\u00e3o-Geral do Consumidor and regulators of various sectors. Here you can submit your complaint and\/or request information on issues related to essential public services. Check\u00a0here.","og_url":"https:\/\/www.yourhotelspa.com\/en\/news-and-certificates\/complaints-book\/","og_site_name":"Your Hotel & Spa Alcoba\u00e7a","article_modified_time":"2021-02-19T16:01:07+00:00","twitter_card":"summary_large_image","schema":{"@context":"https:\/\/schema.org","@graph":[{"@type":"WebPage","@id":"https:\/\/www.yourhotelspa.com\/en\/news-and-certificates\/complaints-book\/","url":"https:\/\/www.yourhotelspa.com\/en\/news-and-certificates\/complaints-book\/","name":"Complaints Book - Your Hotel & Spa Alcoba\u00e7a","isPartOf":{"@id":"https:\/\/www.yourhotelspa.com\/en\/#website"},"datePublished":"2020-09-02T15:34:44+00:00","dateModified":"2021-02-19T16:01:07+00:00","breadcrumb":{"@id":"https:\/\/www.yourhotelspa.com\/en\/news-and-certificates\/complaints-book\/#breadcrumb"},"inLanguage":"en-US","potentialAction":[{"@type":"ReadAction","target":["https:\/\/www.yourhotelspa.com\/en\/news-and-certificates\/complaints-book\/"]}]},{"@type":"BreadcrumbList","@id":"https:\/\/www.yourhotelspa.com\/en\/news-and-certificates\/complaints-book\/#breadcrumb","itemListElement":[{"@type":"ListItem","position":1,"name":"Home","item":"https:\/\/www.yourhotelspa.com\/en\/"},{"@type":"ListItem","position":2,"name":"News and certificates","item":"https:\/\/www.yourhotelspa.com\/en\/news-and-certificates\/"},{"@type":"ListItem","position":3,"name":"Complaints Book"}]},{"@type":"WebSite","@id":"https:\/\/www.yourhotelspa.com\/en\/#website","url":"https:\/\/www.yourhotelspa.com\/en\/","name":"Your Hotel & Spa Alcoba\u00e7a","description":"Just another ms.decms.eu site","potentialAction":[{"@type":"SearchAction","target":{"@type":"EntryPoint","urlTemplate":"https:\/\/www.yourhotelspa.com\/en\/?s={search_term_string}"},"query-input":{"@type":"PropertyValueSpecification","valueRequired":true,"valueName":"search_term_string"}}],"inLanguage":"en-US"}]}},"acf":[],"_links":{"self":[{"href":"https:\/\/www.yourhotelspa.com\/en\/wp-json\/wp\/v2\/pages\/1063","targetHints":{"allow":["GET"]}}],"collection":[{"href":"https:\/\/www.yourhotelspa.com\/en\/wp-json\/wp\/v2\/pages"}],"about":[{"href":"https:\/\/www.yourhotelspa.com\/en\/wp-json\/wp\/v2\/types\/page"}],"author":[{"embeddable":true,"href":"https:\/\/www.yourhotelspa.com\/en\/wp-json\/wp\/v2\/users\/4"}],"replies":[{"embeddable":true,"href":"https:\/\/www.yourhotelspa.com\/en\/wp-json\/wp\/v2\/comments?post=1063"}],"version-history":[{"count":0,"href":"https:\/\/www.yourhotelspa.com\/en\/wp-json\/wp\/v2\/pages\/1063\/revisions"}],"up":[{"embeddable":true,"href":"https:\/\/www.yourhotelspa.com\/en\/wp-json\/wp\/v2\/pages\/1017"}],"wp:attachment":[{"href":"https:\/\/www.yourhotelspa.com\/en\/wp-json\/wp\/v2\/media?parent=1063"}],"curies":[{"name":"wp","href":"https:\/\/api.w.org\/{rel}","templated":true}]}}