{"id":2530,"date":"2026-04-23T17:15:03","date_gmt":"2026-04-23T17:15:03","guid":{"rendered":"https:\/\/www.yourhotelspa.com\/?page_id=2530"},"modified":"2026-04-24T11:53:37","modified_gmt":"2026-04-24T11:53:37","slug":"spa","status":"publish","type":"page","link":"https:\/\/www.yourhotelspa.com\/en\/promotions\/spa\/","title":{"rendered":"April Spa Promotion"},"content":{"rendered":"<h6>Throughout the month, enjoy our exclusive offer:<\/h6>\n<p>\u27a5 <strong>1 VICHY SHOWER (25 min) &amp; 1 AROMATIC THERMAL BATH (20 min)<\/strong><\/p>\n<p>\u00bb \ud835\udc0d\ud835\udc0e\ud835\udc16: 70,00\u20ac<br \/>\n<del>\u00bb \ud835\udc01\ud835\udc04\ud835\udc05\ud835\udc0e\ud835\udc11\ud835\udc04: 85,00\u20ac<\/del><del><\/del><\/p>\n<p><strong>VICHY SHOWER: <\/strong>deixe-se envolver pela energia revitalizante da nossa \u00e1gua termal, onde os jatos percorrem o corpo num movimento cont\u00ednuo, proporcionando uma massagem natural e profundamente relaxante. Este ritual estimula a circula\u00e7\u00e3o, alivia tens\u00f5es musculares e promove uma sensa\u00e7\u00e3o \u00fanica de renova\u00e7\u00e3o e bem-estar.<\/p>\n<p><strong>AROMATIC THERMAL BATH: <\/strong>a relaxing immersion in thermal water infused with gentle aromas, revitalising the body and calming the mind.<\/p>\n<p>&nbsp;<\/p>\n<p>&#8211; View the full menu <a href=\"https:\/\/www.yourhotelspa.com\/wp-content\/uploads\/sites\/180\/2025\/08\/MAN-37-07-Menu-de-Tratamentos-ING-ALCO.pdf\">here<\/a> &#8211;<\/p>\n","protected":false},"excerpt":{"rendered":"<p>Throughout the month, enjoy our exclusive offer: \u27a5 1 VICHY SHOWER (25 min) &amp; 1 AROMATIC THERMAL BATH (20 min) \u00bb \ud835\udc0d\ud835\udc0e\ud835\udc16: 70,00\u20ac \u00bb \ud835\udc01\ud835\udc04\ud835\udc05\ud835\udc0e\ud835\udc11\ud835\udc04: 85,00\u20ac VICHY SHOWER: deixe-se envolver pela energia revitalizante da nossa \u00e1gua termal, onde os jatos percorrem o corpo num movimento cont\u00ednuo, proporcionando uma massagem natural e profundamente relaxante. Este ritual [&hellip;]<\/p>\n","protected":false},"author":296,"featured_media":0,"parent":1073,"menu_order":5,"comment_status":"closed","ping_status":"closed","template":"","meta":{"footnotes":""},"class_list":["post-2530","page","type-page","status-publish","hentry"],"yoast_head":"<!-- This site is optimized with the Yoast SEO plugin v26.9 - https:\/\/yoast.com\/product\/yoast-seo-wordpress\/ -->\n<title>April Spa Promotion - Your Hotel &amp; Spa Alcoba\u00e7a<\/title>\n<meta name=\"robots\" content=\"index, follow, max-snippet:-1, max-image-preview:large, max-video-preview:-1\" \/>\n<link rel=\"canonical\" href=\"https:\/\/www.yourhotelspa.com\/en\/promotions\/spa\/\" \/>\n<meta property=\"og:locale\" content=\"en_US\" \/>\n<meta property=\"og:type\" content=\"article\" \/>\n<meta property=\"og:title\" content=\"April Spa Promotion - Your Hotel &amp; Spa Alcoba\u00e7a\" \/>\n<meta property=\"og:description\" content=\"Throughout the month, enjoy our exclusive offer: \u27a5 1 VICHY SHOWER (25 min) &amp; 1 AROMATIC THERMAL BATH (20 min) \u00bb \ud835\udc0d\ud835\udc0e\ud835\udc16: 70,00\u20ac \u00bb \ud835\udc01\ud835\udc04\ud835\udc05\ud835\udc0e\ud835\udc11\ud835\udc04: 85,00\u20ac VICHY SHOWER: deixe-se envolver pela energia revitalizante da nossa \u00e1gua termal, onde os jatos percorrem o corpo num movimento cont\u00ednuo, proporcionando uma massagem natural e profundamente relaxante. Este ritual [&hellip;]\" \/>\n<meta property=\"og:url\" content=\"https:\/\/www.yourhotelspa.com\/en\/promotions\/spa\/\" \/>\n<meta property=\"og:site_name\" content=\"Your Hotel &amp; Spa Alcoba\u00e7a\" \/>\n<meta property=\"article:modified_time\" content=\"2026-04-24T11:53:37+00:00\" \/>\n<meta name=\"twitter:card\" content=\"summary_large_image\" \/>\n<meta name=\"twitter:label1\" content=\"Est. reading time\" \/>\n\t<meta name=\"twitter:data1\" content=\"1 minute\" \/>\n<script type=\"application\/ld+json\" class=\"yoast-schema-graph\">{\"@context\":\"https:\/\/schema.org\",\"@graph\":[{\"@type\":\"WebPage\",\"@id\":\"https:\/\/www.yourhotelspa.com\/en\/promotions\/spa\/\",\"url\":\"https:\/\/www.yourhotelspa.com\/en\/promotions\/spa\/\",\"name\":\"April Spa Promotion - Your Hotel & Spa Alcoba\u00e7a\",\"isPartOf\":{\"@id\":\"https:\/\/www.yourhotelspa.com\/en\/#website\"},\"datePublished\":\"2026-04-23T17:15:03+00:00\",\"dateModified\":\"2026-04-24T11:53:37+00:00\",\"breadcrumb\":{\"@id\":\"https:\/\/www.yourhotelspa.com\/en\/promotions\/spa\/#breadcrumb\"},\"inLanguage\":\"en-US\",\"potentialAction\":[{\"@type\":\"ReadAction\",\"target\":[\"https:\/\/www.yourhotelspa.com\/en\/promotions\/spa\/\"]}]},{\"@type\":\"BreadcrumbList\",\"@id\":\"https:\/\/www.yourhotelspa.com\/en\/promotions\/spa\/#breadcrumb\",\"itemListElement\":[{\"@type\":\"ListItem\",\"position\":1,\"name\":\"Home\",\"item\":\"https:\/\/www.yourhotelspa.com\/en\/\"},{\"@type\":\"ListItem\",\"position\":2,\"name\":\"Promotions\",\"item\":\"https:\/\/www.yourhotelspa.com\/en\/promotions\/\"},{\"@type\":\"ListItem\",\"position\":3,\"name\":\"April Spa Promotion\"}]},{\"@type\":\"WebSite\",\"@id\":\"https:\/\/www.yourhotelspa.com\/en\/#website\",\"url\":\"https:\/\/www.yourhotelspa.com\/en\/\",\"name\":\"Your Hotel & Spa Alcoba\u00e7a\",\"description\":\"Just another ms.decms.eu site\",\"potentialAction\":[{\"@type\":\"SearchAction\",\"target\":{\"@type\":\"EntryPoint\",\"urlTemplate\":\"https:\/\/www.yourhotelspa.com\/en\/?s={search_term_string}\"},\"query-input\":{\"@type\":\"PropertyValueSpecification\",\"valueRequired\":true,\"valueName\":\"search_term_string\"}}],\"inLanguage\":\"en-US\"}]}<\/script>\n<!-- \/ Yoast SEO plugin. -->","yoast_head_json":{"title":"April Spa Promotion - Your Hotel & Spa Alcoba\u00e7a","robots":{"index":"index","follow":"follow","max-snippet":"max-snippet:-1","max-image-preview":"max-image-preview:large","max-video-preview":"max-video-preview:-1"},"canonical":"https:\/\/www.yourhotelspa.com\/en\/promotions\/spa\/","og_locale":"en_US","og_type":"article","og_title":"April Spa Promotion - Your Hotel & Spa Alcoba\u00e7a","og_description":"Throughout the month, enjoy our exclusive offer: \u27a5 1 VICHY SHOWER (25 min) &amp; 1 AROMATIC THERMAL BATH (20 min) \u00bb \ud835\udc0d\ud835\udc0e\ud835\udc16: 70,00\u20ac \u00bb \ud835\udc01\ud835\udc04\ud835\udc05\ud835\udc0e\ud835\udc11\ud835\udc04: 85,00\u20ac VICHY SHOWER: deixe-se envolver pela energia revitalizante da nossa \u00e1gua termal, onde os jatos percorrem o corpo num movimento cont\u00ednuo, proporcionando uma massagem natural e profundamente relaxante. Este ritual [&hellip;]","og_url":"https:\/\/www.yourhotelspa.com\/en\/promotions\/spa\/","og_site_name":"Your Hotel & Spa Alcoba\u00e7a","article_modified_time":"2026-04-24T11:53:37+00:00","twitter_card":"summary_large_image","twitter_misc":{"Est. reading time":"1 minute"},"schema":{"@context":"https:\/\/schema.org","@graph":[{"@type":"WebPage","@id":"https:\/\/www.yourhotelspa.com\/en\/promotions\/spa\/","url":"https:\/\/www.yourhotelspa.com\/en\/promotions\/spa\/","name":"April Spa Promotion - Your Hotel & Spa Alcoba\u00e7a","isPartOf":{"@id":"https:\/\/www.yourhotelspa.com\/en\/#website"},"datePublished":"2026-04-23T17:15:03+00:00","dateModified":"2026-04-24T11:53:37+00:00","breadcrumb":{"@id":"https:\/\/www.yourhotelspa.com\/en\/promotions\/spa\/#breadcrumb"},"inLanguage":"en-US","potentialAction":[{"@type":"ReadAction","target":["https:\/\/www.yourhotelspa.com\/en\/promotions\/spa\/"]}]},{"@type":"BreadcrumbList","@id":"https:\/\/www.yourhotelspa.com\/en\/promotions\/spa\/#breadcrumb","itemListElement":[{"@type":"ListItem","position":1,"name":"Home","item":"https:\/\/www.yourhotelspa.com\/en\/"},{"@type":"ListItem","position":2,"name":"Promotions","item":"https:\/\/www.yourhotelspa.com\/en\/promotions\/"},{"@type":"ListItem","position":3,"name":"April Spa Promotion"}]},{"@type":"WebSite","@id":"https:\/\/www.yourhotelspa.com\/en\/#website","url":"https:\/\/www.yourhotelspa.com\/en\/","name":"Your Hotel & Spa Alcoba\u00e7a","description":"Just another ms.decms.eu site","potentialAction":[{"@type":"SearchAction","target":{"@type":"EntryPoint","urlTemplate":"https:\/\/www.yourhotelspa.com\/en\/?s={search_term_string}"},"query-input":{"@type":"PropertyValueSpecification","valueRequired":true,"valueName":"search_term_string"}}],"inLanguage":"en-US"}]}},"acf":[],"_links":{"self":[{"href":"https:\/\/www.yourhotelspa.com\/en\/wp-json\/wp\/v2\/pages\/2530","targetHints":{"allow":["GET"]}}],"collection":[{"href":"https:\/\/www.yourhotelspa.com\/en\/wp-json\/wp\/v2\/pages"}],"about":[{"href":"https:\/\/www.yourhotelspa.com\/en\/wp-json\/wp\/v2\/types\/page"}],"author":[{"embeddable":true,"href":"https:\/\/www.yourhotelspa.com\/en\/wp-json\/wp\/v2\/users\/296"}],"replies":[{"embeddable":true,"href":"https:\/\/www.yourhotelspa.com\/en\/wp-json\/wp\/v2\/comments?post=2530"}],"version-history":[{"count":0,"href":"https:\/\/www.yourhotelspa.com\/en\/wp-json\/wp\/v2\/pages\/2530\/revisions"}],"up":[{"embeddable":true,"href":"https:\/\/www.yourhotelspa.com\/en\/wp-json\/wp\/v2\/pages\/1073"}],"wp:attachment":[{"href":"https:\/\/www.yourhotelspa.com\/en\/wp-json\/wp\/v2\/media?parent=2530"}],"curies":[{"name":"wp","href":"https:\/\/api.w.org\/{rel}","templated":true}]}}