{"id":2537,"date":"2026-04-27T10:42:46","date_gmt":"2026-04-27T10:42:46","guid":{"rendered":"https:\/\/www.yourhotelspa.com\/?page_id=2537"},"modified":"2026-04-27T11:10:18","modified_gmt":"2026-04-27T11:10:18","slug":"1-night-offer","status":"publish","type":"page","link":"https:\/\/www.yourhotelspa.com\/en\/promotions\/1-night-offer\/","title":{"rendered":"1 Night Offer"},"content":{"rendered":"<p>With the <strong>Long Stay Rate<\/strong>, you will have the opportunity to discover the wonders of the West Region: from its Historical Heritage (Alcoba\u00e7a Monastery, Batalha Monastery, Convent of Tomar, \u00d3bidos Castle) to its Natural Heritage (Nazar\u00e9, S\u00e3o Martinho, Serra dos Candeeiros) in a unique and complete experience!<\/p>\n<p>Book <strong>5 nights<\/strong> and Your Hotel &amp; Spa Alcoba\u00e7a <strong>offers one of them<\/strong> (valid for all accommodation types) &#8211; Don\u2019t miss this opportunity!<\/p>\n<p>&nbsp;<\/p>\n<p><strong><a href=\"https:\/\/www.secure-hotel-booking.com\/smart\/Your-Hotel-Spa-Alcobaca\/JJDF\/en\/?_ga=2.236988800.1464899290.1647854456-1490617000.1635417023\">Book now<\/a> <\/strong>directly through our <strong><a href=\"https:\/\/www.secure-hotel-booking.com\/smart\/Your-Hotel-Spa-Alcobaca\/JJDF\/en\/?_ga=2.236988800.1464899290.1647854456-1490617000.1635417023\">website<\/a><\/strong>!<\/p>\n","protected":false},"excerpt":{"rendered":"<p>With the Long Stay Rate, you will have the opportunity to discover the wonders of the West Region: from its Historical Heritage (Alcoba\u00e7a Monastery, Batalha Monastery, Convent of Tomar, \u00d3bidos Castle) to its Natural Heritage (Nazar\u00e9, S\u00e3o Martinho, Serra dos Candeeiros) in a unique and complete experience! Book 5 nights and Your Hotel &amp; Spa [&hellip;]<\/p>\n","protected":false},"author":296,"featured_media":0,"parent":1073,"menu_order":8,"comment_status":"closed","ping_status":"closed","template":"","meta":{"footnotes":""},"class_list":["post-2537","page","type-page","status-publish","hentry"],"yoast_head":"<!-- This site is optimized with the Yoast SEO plugin v26.9 - https:\/\/yoast.com\/product\/yoast-seo-wordpress\/ -->\n<title>Special Rate - 1 Night Offer - Your Hotel &amp; Spa Alcoba\u00e7a<\/title>\n<meta name=\"description\" content=\"With the Long Stay Special Rate, Your Hotel &amp; Spa Alcoba\u00e7a offers you 1 night. Take advantage of this special rate and book with us now!\" \/>\n<meta name=\"robots\" content=\"index, follow, max-snippet:-1, max-image-preview:large, max-video-preview:-1\" \/>\n<link rel=\"canonical\" href=\"https:\/\/www.yourhotelspa.com\/en\/promotions\/1-night-offer\/\" \/>\n<meta property=\"og:locale\" content=\"en_US\" \/>\n<meta property=\"og:type\" content=\"article\" \/>\n<meta property=\"og:title\" content=\"Special Rate - 1 Night Offer - Your Hotel &amp; Spa Alcoba\u00e7a\" \/>\n<meta property=\"og:description\" content=\"With the Long Stay Special Rate, Your Hotel &amp; Spa Alcoba\u00e7a offers you 1 night. Take advantage of this special rate and book with us now!\" \/>\n<meta property=\"og:url\" content=\"https:\/\/www.yourhotelspa.com\/en\/promotions\/1-night-offer\/\" \/>\n<meta property=\"og:site_name\" content=\"Your Hotel &amp; Spa Alcoba\u00e7a\" \/>\n<meta property=\"article:modified_time\" content=\"2026-04-27T11:10:18+00:00\" \/>\n<meta name=\"twitter:card\" content=\"summary_large_image\" \/>\n<meta name=\"twitter:label1\" content=\"Est. reading time\" \/>\n\t<meta name=\"twitter:data1\" content=\"1 minute\" \/>\n<script type=\"application\/ld+json\" class=\"yoast-schema-graph\">{\"@context\":\"https:\/\/schema.org\",\"@graph\":[{\"@type\":\"WebPage\",\"@id\":\"https:\/\/www.yourhotelspa.com\/en\/promotions\/1-night-offer\/\",\"url\":\"https:\/\/www.yourhotelspa.com\/en\/promotions\/1-night-offer\/\",\"name\":\"Special Rate - 1 Night Offer - Your Hotel & Spa Alcoba\u00e7a\",\"isPartOf\":{\"@id\":\"https:\/\/www.yourhotelspa.com\/en\/#website\"},\"datePublished\":\"2026-04-27T10:42:46+00:00\",\"dateModified\":\"2026-04-27T11:10:18+00:00\",\"description\":\"With the Long Stay Special Rate, Your Hotel & Spa Alcoba\u00e7a offers you 1 night. Take advantage of this special rate and book with us now!\",\"breadcrumb\":{\"@id\":\"https:\/\/www.yourhotelspa.com\/en\/promotions\/1-night-offer\/#breadcrumb\"},\"inLanguage\":\"en-US\",\"potentialAction\":[{\"@type\":\"ReadAction\",\"target\":[\"https:\/\/www.yourhotelspa.com\/en\/promotions\/1-night-offer\/\"]}]},{\"@type\":\"BreadcrumbList\",\"@id\":\"https:\/\/www.yourhotelspa.com\/en\/promotions\/1-night-offer\/#breadcrumb\",\"itemListElement\":[{\"@type\":\"ListItem\",\"position\":1,\"name\":\"Home\",\"item\":\"https:\/\/www.yourhotelspa.com\/en\/\"},{\"@type\":\"ListItem\",\"position\":2,\"name\":\"Promotions\",\"item\":\"https:\/\/www.yourhotelspa.com\/en\/promotions\/\"},{\"@type\":\"ListItem\",\"position\":3,\"name\":\"1 Night Offer\"}]},{\"@type\":\"WebSite\",\"@id\":\"https:\/\/www.yourhotelspa.com\/en\/#website\",\"url\":\"https:\/\/www.yourhotelspa.com\/en\/\",\"name\":\"Your Hotel & Spa Alcoba\u00e7a\",\"description\":\"Just another ms.decms.eu site\",\"potentialAction\":[{\"@type\":\"SearchAction\",\"target\":{\"@type\":\"EntryPoint\",\"urlTemplate\":\"https:\/\/www.yourhotelspa.com\/en\/?s={search_term_string}\"},\"query-input\":{\"@type\":\"PropertyValueSpecification\",\"valueRequired\":true,\"valueName\":\"search_term_string\"}}],\"inLanguage\":\"en-US\"}]}<\/script>\n<!-- \/ Yoast SEO plugin. -->","yoast_head_json":{"title":"Special Rate - 1 Night Offer - Your Hotel & Spa Alcoba\u00e7a","description":"With the Long Stay Special Rate, Your Hotel & Spa Alcoba\u00e7a offers you 1 night. Take advantage of this special rate and book with us now!","robots":{"index":"index","follow":"follow","max-snippet":"max-snippet:-1","max-image-preview":"max-image-preview:large","max-video-preview":"max-video-preview:-1"},"canonical":"https:\/\/www.yourhotelspa.com\/en\/promotions\/1-night-offer\/","og_locale":"en_US","og_type":"article","og_title":"Special Rate - 1 Night Offer - Your Hotel & Spa Alcoba\u00e7a","og_description":"With the Long Stay Special Rate, Your Hotel & Spa Alcoba\u00e7a offers you 1 night. Take advantage of this special rate and book with us now!","og_url":"https:\/\/www.yourhotelspa.com\/en\/promotions\/1-night-offer\/","og_site_name":"Your Hotel & Spa Alcoba\u00e7a","article_modified_time":"2026-04-27T11:10:18+00:00","twitter_card":"summary_large_image","twitter_misc":{"Est. reading time":"1 minute"},"schema":{"@context":"https:\/\/schema.org","@graph":[{"@type":"WebPage","@id":"https:\/\/www.yourhotelspa.com\/en\/promotions\/1-night-offer\/","url":"https:\/\/www.yourhotelspa.com\/en\/promotions\/1-night-offer\/","name":"Special Rate - 1 Night Offer - Your Hotel & Spa Alcoba\u00e7a","isPartOf":{"@id":"https:\/\/www.yourhotelspa.com\/en\/#website"},"datePublished":"2026-04-27T10:42:46+00:00","dateModified":"2026-04-27T11:10:18+00:00","description":"With the Long Stay Special Rate, Your Hotel & Spa Alcoba\u00e7a offers you 1 night. Take advantage of this special rate and book with us now!","breadcrumb":{"@id":"https:\/\/www.yourhotelspa.com\/en\/promotions\/1-night-offer\/#breadcrumb"},"inLanguage":"en-US","potentialAction":[{"@type":"ReadAction","target":["https:\/\/www.yourhotelspa.com\/en\/promotions\/1-night-offer\/"]}]},{"@type":"BreadcrumbList","@id":"https:\/\/www.yourhotelspa.com\/en\/promotions\/1-night-offer\/#breadcrumb","itemListElement":[{"@type":"ListItem","position":1,"name":"Home","item":"https:\/\/www.yourhotelspa.com\/en\/"},{"@type":"ListItem","position":2,"name":"Promotions","item":"https:\/\/www.yourhotelspa.com\/en\/promotions\/"},{"@type":"ListItem","position":3,"name":"1 Night Offer"}]},{"@type":"WebSite","@id":"https:\/\/www.yourhotelspa.com\/en\/#website","url":"https:\/\/www.yourhotelspa.com\/en\/","name":"Your Hotel & Spa Alcoba\u00e7a","description":"Just another ms.decms.eu site","potentialAction":[{"@type":"SearchAction","target":{"@type":"EntryPoint","urlTemplate":"https:\/\/www.yourhotelspa.com\/en\/?s={search_term_string}"},"query-input":{"@type":"PropertyValueSpecification","valueRequired":true,"valueName":"search_term_string"}}],"inLanguage":"en-US"}]}},"acf":[],"_links":{"self":[{"href":"https:\/\/www.yourhotelspa.com\/en\/wp-json\/wp\/v2\/pages\/2537","targetHints":{"allow":["GET"]}}],"collection":[{"href":"https:\/\/www.yourhotelspa.com\/en\/wp-json\/wp\/v2\/pages"}],"about":[{"href":"https:\/\/www.yourhotelspa.com\/en\/wp-json\/wp\/v2\/types\/page"}],"author":[{"embeddable":true,"href":"https:\/\/www.yourhotelspa.com\/en\/wp-json\/wp\/v2\/users\/296"}],"replies":[{"embeddable":true,"href":"https:\/\/www.yourhotelspa.com\/en\/wp-json\/wp\/v2\/comments?post=2537"}],"version-history":[{"count":0,"href":"https:\/\/www.yourhotelspa.com\/en\/wp-json\/wp\/v2\/pages\/2537\/revisions"}],"up":[{"embeddable":true,"href":"https:\/\/www.yourhotelspa.com\/en\/wp-json\/wp\/v2\/pages\/1073"}],"wp:attachment":[{"href":"https:\/\/www.yourhotelspa.com\/en\/wp-json\/wp\/v2\/media?parent=2537"}],"curies":[{"name":"wp","href":"https:\/\/api.w.org\/{rel}","templated":true}]}}