{"id":3,"date":"2020-06-30T09:02:33","date_gmt":"2020-06-30T09:02:33","guid":{"rendered":"http:\/\/your-hotel-spa-alcobaca.ms.decms.eu\/?page_id=3"},"modified":"2025-08-12T15:40:28","modified_gmt":"2025-08-12T15:40:28","slug":"your-hotel-spa-alcobaca","status":"publish","type":"page","link":"https:\/\/www.yourhotelspa.com\/en\/","title":{"rendered":"Your Hotel &amp; Spa Alcoba\u00e7a"},"content":{"rendered":"<p>Located close to the historical town of Alcoba\u00e7a, <strong>Your Hotel &amp; Spa Alcoba\u00e7a<\/strong> is a place of refuge and tranquillity which combines the harmony of the surrounding countryside with the comfort of a renovated hotel to welcome you in a unique experience in the region, bringing back the concept of pure rest in the former Hotel Termas da Piedade.<br \/>\nBetween the outings on which you will discover the many local attractions, such as the famous Monastery of Santa Maria de Alcoba\u00e7a, the Monastery of Batalha or the region\u2019s beaches, Your Hotel &amp; Spa Alcoba\u00e7a has everything you need to leave stress at the gate.<\/p>\n","protected":false},"excerpt":{"rendered":"<p>Located close to the historical town of Alcoba\u00e7a, Your Hotel &amp; Spa Alcoba\u00e7a is a place of refuge and tranquillity which combines the harmony of the surrounding countryside with the comfort of a renovated hotel to welcome you in a unique experience in the region, bringing back the concept of pure rest in the former [&hellip;]<\/p>\n","protected":false},"author":4,"featured_media":0,"parent":0,"menu_order":0,"comment_status":"closed","ping_status":"open","template":"","meta":{"footnotes":""},"class_list":["post-3","page","type-page","status-publish","hentry"],"yoast_head":"<!-- This site is optimized with the Yoast SEO plugin v26.9 - https:\/\/yoast.com\/product\/yoast-seo-wordpress\/ -->\n<title>Your Hotel &amp; Spa Alcoba\u00e7a - Your Hotel &amp; Spa Alcoba\u00e7a<\/title>\n<meta name=\"robots\" content=\"index, follow, max-snippet:-1, max-image-preview:large, max-video-preview:-1\" \/>\n<link rel=\"canonical\" href=\"https:\/\/www.yourhotelspa.com\/en\/\" \/>\n<meta property=\"og:locale\" content=\"en_US\" \/>\n<meta property=\"og:type\" content=\"article\" \/>\n<meta property=\"og:title\" content=\"Your Hotel &amp; Spa Alcoba\u00e7a - Your Hotel &amp; Spa Alcoba\u00e7a\" \/>\n<meta property=\"og:description\" content=\"Located close to the historical town of Alcoba\u00e7a, Your Hotel &amp; Spa Alcoba\u00e7a is a place of refuge and tranquillity which combines the harmony of the surrounding countryside with the comfort of a renovated hotel to welcome you in a unique experience in the region, bringing back the concept of pure rest in the former [&hellip;]\" \/>\n<meta property=\"og:url\" content=\"https:\/\/www.yourhotelspa.com\/en\/\" \/>\n<meta property=\"og:site_name\" content=\"Your Hotel &amp; Spa Alcoba\u00e7a\" \/>\n<meta property=\"article:modified_time\" content=\"2025-08-12T15:40:28+00:00\" \/>\n<meta name=\"twitter:card\" content=\"summary_large_image\" \/>\n<meta name=\"twitter:label1\" content=\"Est. reading time\" \/>\n\t<meta name=\"twitter:data1\" content=\"1 minute\" \/>\n<script type=\"application\/ld+json\" class=\"yoast-schema-graph\">{\"@context\":\"https:\/\/schema.org\",\"@graph\":[{\"@type\":\"WebPage\",\"@id\":\"https:\/\/www.yourhotelspa.com\/en\/\",\"url\":\"https:\/\/www.yourhotelspa.com\/en\/\",\"name\":\"Your Hotel &amp; Spa Alcoba\u00e7a - Your Hotel & Spa Alcoba\u00e7a\",\"isPartOf\":{\"@id\":\"https:\/\/www.yourhotelspa.com\/en\/#website\"},\"datePublished\":\"2020-06-30T09:02:33+00:00\",\"dateModified\":\"2025-08-12T15:40:28+00:00\",\"breadcrumb\":{\"@id\":\"https:\/\/www.yourhotelspa.com\/en\/#breadcrumb\"},\"inLanguage\":\"en-US\",\"potentialAction\":[{\"@type\":\"ReadAction\",\"target\":[\"https:\/\/www.yourhotelspa.com\/en\/\"]}]},{\"@type\":\"BreadcrumbList\",\"@id\":\"https:\/\/www.yourhotelspa.com\/en\/#breadcrumb\",\"itemListElement\":[{\"@type\":\"ListItem\",\"position\":1,\"name\":\"Home\",\"item\":\"https:\/\/www.yourhotelspa.com\/en\/\"},{\"@type\":\"ListItem\",\"position\":2,\"name\":\"Your Hotel &amp; Spa Alcoba\u00e7a\"}]},{\"@type\":\"WebSite\",\"@id\":\"https:\/\/www.yourhotelspa.com\/en\/#website\",\"url\":\"https:\/\/www.yourhotelspa.com\/en\/\",\"name\":\"Your Hotel & Spa Alcoba\u00e7a\",\"description\":\"Just another ms.decms.eu site\",\"potentialAction\":[{\"@type\":\"SearchAction\",\"target\":{\"@type\":\"EntryPoint\",\"urlTemplate\":\"https:\/\/www.yourhotelspa.com\/en\/?s={search_term_string}\"},\"query-input\":{\"@type\":\"PropertyValueSpecification\",\"valueRequired\":true,\"valueName\":\"search_term_string\"}}],\"inLanguage\":\"en-US\"}]}<\/script>\n<!-- \/ Yoast SEO plugin. -->","yoast_head_json":{"title":"Your Hotel &amp; Spa Alcoba\u00e7a - Your Hotel & Spa Alcoba\u00e7a","robots":{"index":"index","follow":"follow","max-snippet":"max-snippet:-1","max-image-preview":"max-image-preview:large","max-video-preview":"max-video-preview:-1"},"canonical":"https:\/\/www.yourhotelspa.com\/en\/","og_locale":"en_US","og_type":"article","og_title":"Your Hotel &amp; Spa Alcoba\u00e7a - Your Hotel & Spa Alcoba\u00e7a","og_description":"Located close to the historical town of Alcoba\u00e7a, Your Hotel &amp; Spa Alcoba\u00e7a is a place of refuge and tranquillity which combines the harmony of the surrounding countryside with the comfort of a renovated hotel to welcome you in a unique experience in the region, bringing back the concept of pure rest in the former [&hellip;]","og_url":"https:\/\/www.yourhotelspa.com\/en\/","og_site_name":"Your Hotel & Spa Alcoba\u00e7a","article_modified_time":"2025-08-12T15:40:28+00:00","twitter_card":"summary_large_image","twitter_misc":{"Est. reading time":"1 minute"},"schema":{"@context":"https:\/\/schema.org","@graph":[{"@type":"WebPage","@id":"https:\/\/www.yourhotelspa.com\/en\/","url":"https:\/\/www.yourhotelspa.com\/en\/","name":"Your Hotel &amp; Spa Alcoba\u00e7a - Your Hotel & Spa Alcoba\u00e7a","isPartOf":{"@id":"https:\/\/www.yourhotelspa.com\/en\/#website"},"datePublished":"2020-06-30T09:02:33+00:00","dateModified":"2025-08-12T15:40:28+00:00","breadcrumb":{"@id":"https:\/\/www.yourhotelspa.com\/en\/#breadcrumb"},"inLanguage":"en-US","potentialAction":[{"@type":"ReadAction","target":["https:\/\/www.yourhotelspa.com\/en\/"]}]},{"@type":"BreadcrumbList","@id":"https:\/\/www.yourhotelspa.com\/en\/#breadcrumb","itemListElement":[{"@type":"ListItem","position":1,"name":"Home","item":"https:\/\/www.yourhotelspa.com\/en\/"},{"@type":"ListItem","position":2,"name":"Your Hotel &amp; Spa Alcoba\u00e7a"}]},{"@type":"WebSite","@id":"https:\/\/www.yourhotelspa.com\/en\/#website","url":"https:\/\/www.yourhotelspa.com\/en\/","name":"Your Hotel & Spa Alcoba\u00e7a","description":"Just another ms.decms.eu site","potentialAction":[{"@type":"SearchAction","target":{"@type":"EntryPoint","urlTemplate":"https:\/\/www.yourhotelspa.com\/en\/?s={search_term_string}"},"query-input":{"@type":"PropertyValueSpecification","valueRequired":true,"valueName":"search_term_string"}}],"inLanguage":"en-US"}]}},"acf":[],"_links":{"self":[{"href":"https:\/\/www.yourhotelspa.com\/en\/wp-json\/wp\/v2\/pages\/3","targetHints":{"allow":["GET"]}}],"collection":[{"href":"https:\/\/www.yourhotelspa.com\/en\/wp-json\/wp\/v2\/pages"}],"about":[{"href":"https:\/\/www.yourhotelspa.com\/en\/wp-json\/wp\/v2\/types\/page"}],"author":[{"embeddable":true,"href":"https:\/\/www.yourhotelspa.com\/en\/wp-json\/wp\/v2\/users\/4"}],"replies":[{"embeddable":true,"href":"https:\/\/www.yourhotelspa.com\/en\/wp-json\/wp\/v2\/comments?post=3"}],"version-history":[{"count":0,"href":"https:\/\/www.yourhotelspa.com\/en\/wp-json\/wp\/v2\/pages\/3\/revisions"}],"wp:attachment":[{"href":"https:\/\/www.yourhotelspa.com\/en\/wp-json\/wp\/v2\/media?parent=3"}],"curies":[{"name":"wp","href":"https:\/\/api.w.org\/{rel}","templated":true}]}}