{"id":751,"date":"2020-07-31T13:31:59","date_gmt":"2020-07-31T13:31:59","guid":{"rendered":"http:\/\/your-hotel-spa-alcobaca.ms.decms.eu\/?page_id=751"},"modified":"2024-06-17T11:22:31","modified_gmt":"2024-06-17T11:22:31","slug":"nazare","status":"publish","type":"page","link":"https:\/\/www.yourhotelspa.com\/en\/surroundings\/nazare\/","title":{"rendered":"Nazar\u00e9"},"content":{"rendered":"<p>Nazar\u00e9, a town known for its maritime and cultural traditions, is famous for the giant waves that attract surfers from all over the world. At the top of a cliff, S\u00edtio da Nazar\u00e9 offers breathtaking views and is home to the Sanctuary of Our Lady of Nazar\u00e9. The Fort of S\u00e3o Miguel Arcanjo, with its surf museum, offers a privileged view of the waves. The traditional streets and restaurants with local cuisine, such as fresh fish and seafood, complete the charm of this village.<\/p>\n<p>Points of interest: Fort of S\u00e3o Miguel Arcanjo, Fishermen&#8217;s Museum, Fish Drying, Chapel of Santo Ant\u00f3nio, Ascensor da Nazar\u00e9, Ermida da Mem\u00f3ria, Sanctuary of Nossa Senhora da Nazar\u00e9, among others&#8230;<\/p>\n","protected":false},"excerpt":{"rendered":"<p>Nazar\u00e9, a town known for its maritime and cultural traditions, is famous for the giant waves that attract surfers from all over the world. At the top of a cliff, S\u00edtio da Nazar\u00e9 offers breathtaking views and is home to the Sanctuary of Our Lady of Nazar\u00e9. The Fort of S\u00e3o Miguel Arcanjo, with its [&hellip;]<\/p>\n","protected":false},"author":4,"featured_media":0,"parent":745,"menu_order":1,"comment_status":"closed","ping_status":"closed","template":"template-children_carousel.php","meta":{"footnotes":""},"class_list":["post-751","page","type-page","status-publish","hentry"],"yoast_head":"<!-- This site is optimized with the Yoast SEO plugin v26.9 - https:\/\/yoast.com\/product\/yoast-seo-wordpress\/ -->\n<title>Nazar\u00e9 - Your Hotel &amp; Spa Alcoba\u00e7a<\/title>\n<meta name=\"robots\" content=\"index, follow, max-snippet:-1, max-image-preview:large, max-video-preview:-1\" \/>\n<link rel=\"canonical\" href=\"https:\/\/www.yourhotelspa.com\/en\/surroundings\/nazare\/\" \/>\n<meta property=\"og:locale\" content=\"en_US\" \/>\n<meta property=\"og:type\" content=\"article\" \/>\n<meta property=\"og:title\" content=\"Nazar\u00e9 - Your Hotel &amp; Spa Alcoba\u00e7a\" \/>\n<meta property=\"og:description\" content=\"Nazar\u00e9, a town known for its maritime and cultural traditions, is famous for the giant waves that attract surfers from all over the world. At the top of a cliff, S\u00edtio da Nazar\u00e9 offers breathtaking views and is home to the Sanctuary of Our Lady of Nazar\u00e9. The Fort of S\u00e3o Miguel Arcanjo, with its [&hellip;]\" \/>\n<meta property=\"og:url\" content=\"https:\/\/www.yourhotelspa.com\/en\/surroundings\/nazare\/\" \/>\n<meta property=\"og:site_name\" content=\"Your Hotel &amp; Spa Alcoba\u00e7a\" \/>\n<meta property=\"article:modified_time\" content=\"2024-06-17T11:22:31+00:00\" \/>\n<meta name=\"twitter:card\" content=\"summary_large_image\" \/>\n<meta name=\"twitter:label1\" content=\"Est. reading time\" \/>\n\t<meta name=\"twitter:data1\" content=\"1 minute\" \/>\n<script type=\"application\/ld+json\" class=\"yoast-schema-graph\">{\"@context\":\"https:\/\/schema.org\",\"@graph\":[{\"@type\":\"WebPage\",\"@id\":\"https:\/\/www.yourhotelspa.com\/en\/surroundings\/nazare\/\",\"url\":\"https:\/\/www.yourhotelspa.com\/en\/surroundings\/nazare\/\",\"name\":\"Nazar\u00e9 - Your Hotel & Spa Alcoba\u00e7a\",\"isPartOf\":{\"@id\":\"https:\/\/www.yourhotelspa.com\/en\/#website\"},\"datePublished\":\"2020-07-31T13:31:59+00:00\",\"dateModified\":\"2024-06-17T11:22:31+00:00\",\"breadcrumb\":{\"@id\":\"https:\/\/www.yourhotelspa.com\/en\/surroundings\/nazare\/#breadcrumb\"},\"inLanguage\":\"en-US\",\"potentialAction\":[{\"@type\":\"ReadAction\",\"target\":[\"https:\/\/www.yourhotelspa.com\/en\/surroundings\/nazare\/\"]}]},{\"@type\":\"BreadcrumbList\",\"@id\":\"https:\/\/www.yourhotelspa.com\/en\/surroundings\/nazare\/#breadcrumb\",\"itemListElement\":[{\"@type\":\"ListItem\",\"position\":1,\"name\":\"Home\",\"item\":\"https:\/\/www.yourhotelspa.com\/en\/\"},{\"@type\":\"ListItem\",\"position\":2,\"name\":\"Surroundings\",\"item\":\"https:\/\/www.yourhotelspa.com\/en\/surroundings\/\"},{\"@type\":\"ListItem\",\"position\":3,\"name\":\"Nazar\u00e9\"}]},{\"@type\":\"WebSite\",\"@id\":\"https:\/\/www.yourhotelspa.com\/en\/#website\",\"url\":\"https:\/\/www.yourhotelspa.com\/en\/\",\"name\":\"Your Hotel & Spa Alcoba\u00e7a\",\"description\":\"Just another ms.decms.eu site\",\"potentialAction\":[{\"@type\":\"SearchAction\",\"target\":{\"@type\":\"EntryPoint\",\"urlTemplate\":\"https:\/\/www.yourhotelspa.com\/en\/?s={search_term_string}\"},\"query-input\":{\"@type\":\"PropertyValueSpecification\",\"valueRequired\":true,\"valueName\":\"search_term_string\"}}],\"inLanguage\":\"en-US\"}]}<\/script>\n<!-- \/ Yoast SEO plugin. -->","yoast_head_json":{"title":"Nazar\u00e9 - Your Hotel & Spa Alcoba\u00e7a","robots":{"index":"index","follow":"follow","max-snippet":"max-snippet:-1","max-image-preview":"max-image-preview:large","max-video-preview":"max-video-preview:-1"},"canonical":"https:\/\/www.yourhotelspa.com\/en\/surroundings\/nazare\/","og_locale":"en_US","og_type":"article","og_title":"Nazar\u00e9 - Your Hotel & Spa Alcoba\u00e7a","og_description":"Nazar\u00e9, a town known for its maritime and cultural traditions, is famous for the giant waves that attract surfers from all over the world. At the top of a cliff, S\u00edtio da Nazar\u00e9 offers breathtaking views and is home to the Sanctuary of Our Lady of Nazar\u00e9. The Fort of S\u00e3o Miguel Arcanjo, with its [&hellip;]","og_url":"https:\/\/www.yourhotelspa.com\/en\/surroundings\/nazare\/","og_site_name":"Your Hotel & Spa Alcoba\u00e7a","article_modified_time":"2024-06-17T11:22:31+00:00","twitter_card":"summary_large_image","twitter_misc":{"Est. reading time":"1 minute"},"schema":{"@context":"https:\/\/schema.org","@graph":[{"@type":"WebPage","@id":"https:\/\/www.yourhotelspa.com\/en\/surroundings\/nazare\/","url":"https:\/\/www.yourhotelspa.com\/en\/surroundings\/nazare\/","name":"Nazar\u00e9 - Your Hotel & Spa Alcoba\u00e7a","isPartOf":{"@id":"https:\/\/www.yourhotelspa.com\/en\/#website"},"datePublished":"2020-07-31T13:31:59+00:00","dateModified":"2024-06-17T11:22:31+00:00","breadcrumb":{"@id":"https:\/\/www.yourhotelspa.com\/en\/surroundings\/nazare\/#breadcrumb"},"inLanguage":"en-US","potentialAction":[{"@type":"ReadAction","target":["https:\/\/www.yourhotelspa.com\/en\/surroundings\/nazare\/"]}]},{"@type":"BreadcrumbList","@id":"https:\/\/www.yourhotelspa.com\/en\/surroundings\/nazare\/#breadcrumb","itemListElement":[{"@type":"ListItem","position":1,"name":"Home","item":"https:\/\/www.yourhotelspa.com\/en\/"},{"@type":"ListItem","position":2,"name":"Surroundings","item":"https:\/\/www.yourhotelspa.com\/en\/surroundings\/"},{"@type":"ListItem","position":3,"name":"Nazar\u00e9"}]},{"@type":"WebSite","@id":"https:\/\/www.yourhotelspa.com\/en\/#website","url":"https:\/\/www.yourhotelspa.com\/en\/","name":"Your Hotel & Spa Alcoba\u00e7a","description":"Just another ms.decms.eu site","potentialAction":[{"@type":"SearchAction","target":{"@type":"EntryPoint","urlTemplate":"https:\/\/www.yourhotelspa.com\/en\/?s={search_term_string}"},"query-input":{"@type":"PropertyValueSpecification","valueRequired":true,"valueName":"search_term_string"}}],"inLanguage":"en-US"}]}},"acf":[],"_links":{"self":[{"href":"https:\/\/www.yourhotelspa.com\/en\/wp-json\/wp\/v2\/pages\/751","targetHints":{"allow":["GET"]}}],"collection":[{"href":"https:\/\/www.yourhotelspa.com\/en\/wp-json\/wp\/v2\/pages"}],"about":[{"href":"https:\/\/www.yourhotelspa.com\/en\/wp-json\/wp\/v2\/types\/page"}],"author":[{"embeddable":true,"href":"https:\/\/www.yourhotelspa.com\/en\/wp-json\/wp\/v2\/users\/4"}],"replies":[{"embeddable":true,"href":"https:\/\/www.yourhotelspa.com\/en\/wp-json\/wp\/v2\/comments?post=751"}],"version-history":[{"count":0,"href":"https:\/\/www.yourhotelspa.com\/en\/wp-json\/wp\/v2\/pages\/751\/revisions"}],"up":[{"embeddable":true,"href":"https:\/\/www.yourhotelspa.com\/en\/wp-json\/wp\/v2\/pages\/745"}],"wp:attachment":[{"href":"https:\/\/www.yourhotelspa.com\/en\/wp-json\/wp\/v2\/media?parent=751"}],"curies":[{"name":"wp","href":"https:\/\/api.w.org\/{rel}","templated":true}]}}