{"id":754,"date":"2020-07-31T13:32:52","date_gmt":"2020-07-31T13:32:52","guid":{"rendered":"http:\/\/your-hotel-spa-alcobaca.ms.decms.eu\/?page_id=754"},"modified":"2024-06-17T11:30:05","modified_gmt":"2024-06-17T11:30:05","slug":"obidos","status":"publish","type":"page","link":"https:\/\/www.yourhotelspa.com\/en\/surroundings\/obidos\/","title":{"rendered":"\u00d3bidos"},"content":{"rendered":"<p>\u00d3bidos, a picturesque medieval town, is known for its well-preserved walls and narrow streets with white houses decorated with flowers. It stands out for its imposing castle, which now functions as a guesthouse, and for the charming bookshop in the Church of St James. The town is famous for its cultural events, such as the International Chocolate Festival, the Christmas Village and the Medieval Fair. Ginjinha de \u00d3bidos, a sour cherry liqueur served in chocolate cups, is a local speciality enjoyed by visitors.<\/p>\n<p>Points of interest: Church of Santiago, Porta da Vila, \u00d3bidos Pillory, \u00d3bidos Castle, Usseira Aqueduct, \u00d3bidos Swing, \u00d3bidos Municipal Museum, Church of Santa Maria, Church of S\u00e3o Pedro, among others&#8230;<\/p>\n","protected":false},"excerpt":{"rendered":"<p>\u00d3bidos, a picturesque medieval town, is known for its well-preserved walls and narrow streets with white houses decorated with flowers. It stands out for its imposing castle, which now functions as a guesthouse, and for the charming bookshop in the Church of St James. The town is famous for its cultural events, such as the [&hellip;]<\/p>\n","protected":false},"author":4,"featured_media":0,"parent":745,"menu_order":2,"comment_status":"closed","ping_status":"closed","template":"template-children_carousel.php","meta":{"footnotes":""},"class_list":["post-754","page","type-page","status-publish","hentry"],"yoast_head":"<!-- This site is optimized with the Yoast SEO plugin v26.9 - https:\/\/yoast.com\/product\/yoast-seo-wordpress\/ -->\n<title>\u00d3bidos - Your Hotel &amp; Spa Alcoba\u00e7a<\/title>\n<meta name=\"robots\" content=\"index, follow, max-snippet:-1, max-image-preview:large, max-video-preview:-1\" \/>\n<link rel=\"canonical\" href=\"https:\/\/www.yourhotelspa.com\/en\/surroundings\/obidos\/\" \/>\n<meta property=\"og:locale\" content=\"en_US\" \/>\n<meta property=\"og:type\" content=\"article\" \/>\n<meta property=\"og:title\" content=\"\u00d3bidos - Your Hotel &amp; Spa Alcoba\u00e7a\" \/>\n<meta property=\"og:description\" content=\"\u00d3bidos, a picturesque medieval town, is known for its well-preserved walls and narrow streets with white houses decorated with flowers. It stands out for its imposing castle, which now functions as a guesthouse, and for the charming bookshop in the Church of St James. The town is famous for its cultural events, such as the [&hellip;]\" \/>\n<meta property=\"og:url\" content=\"https:\/\/www.yourhotelspa.com\/en\/surroundings\/obidos\/\" \/>\n<meta property=\"og:site_name\" content=\"Your Hotel &amp; Spa Alcoba\u00e7a\" \/>\n<meta property=\"article:modified_time\" content=\"2024-06-17T11:30:05+00:00\" \/>\n<meta name=\"twitter:card\" content=\"summary_large_image\" \/>\n<meta name=\"twitter:label1\" content=\"Est. reading time\" \/>\n\t<meta name=\"twitter:data1\" content=\"1 minute\" \/>\n<script type=\"application\/ld+json\" class=\"yoast-schema-graph\">{\"@context\":\"https:\/\/schema.org\",\"@graph\":[{\"@type\":\"WebPage\",\"@id\":\"https:\/\/www.yourhotelspa.com\/en\/surroundings\/obidos\/\",\"url\":\"https:\/\/www.yourhotelspa.com\/en\/surroundings\/obidos\/\",\"name\":\"\u00d3bidos - Your Hotel & Spa Alcoba\u00e7a\",\"isPartOf\":{\"@id\":\"https:\/\/www.yourhotelspa.com\/en\/#website\"},\"datePublished\":\"2020-07-31T13:32:52+00:00\",\"dateModified\":\"2024-06-17T11:30:05+00:00\",\"breadcrumb\":{\"@id\":\"https:\/\/www.yourhotelspa.com\/en\/surroundings\/obidos\/#breadcrumb\"},\"inLanguage\":\"en-US\",\"potentialAction\":[{\"@type\":\"ReadAction\",\"target\":[\"https:\/\/www.yourhotelspa.com\/en\/surroundings\/obidos\/\"]}]},{\"@type\":\"BreadcrumbList\",\"@id\":\"https:\/\/www.yourhotelspa.com\/en\/surroundings\/obidos\/#breadcrumb\",\"itemListElement\":[{\"@type\":\"ListItem\",\"position\":1,\"name\":\"Home\",\"item\":\"https:\/\/www.yourhotelspa.com\/en\/\"},{\"@type\":\"ListItem\",\"position\":2,\"name\":\"Surroundings\",\"item\":\"https:\/\/www.yourhotelspa.com\/en\/surroundings\/\"},{\"@type\":\"ListItem\",\"position\":3,\"name\":\"\u00d3bidos\"}]},{\"@type\":\"WebSite\",\"@id\":\"https:\/\/www.yourhotelspa.com\/en\/#website\",\"url\":\"https:\/\/www.yourhotelspa.com\/en\/\",\"name\":\"Your Hotel & Spa Alcoba\u00e7a\",\"description\":\"Just another ms.decms.eu site\",\"potentialAction\":[{\"@type\":\"SearchAction\",\"target\":{\"@type\":\"EntryPoint\",\"urlTemplate\":\"https:\/\/www.yourhotelspa.com\/en\/?s={search_term_string}\"},\"query-input\":{\"@type\":\"PropertyValueSpecification\",\"valueRequired\":true,\"valueName\":\"search_term_string\"}}],\"inLanguage\":\"en-US\"}]}<\/script>\n<!-- \/ Yoast SEO plugin. -->","yoast_head_json":{"title":"\u00d3bidos - Your Hotel & Spa Alcoba\u00e7a","robots":{"index":"index","follow":"follow","max-snippet":"max-snippet:-1","max-image-preview":"max-image-preview:large","max-video-preview":"max-video-preview:-1"},"canonical":"https:\/\/www.yourhotelspa.com\/en\/surroundings\/obidos\/","og_locale":"en_US","og_type":"article","og_title":"\u00d3bidos - Your Hotel & Spa Alcoba\u00e7a","og_description":"\u00d3bidos, a picturesque medieval town, is known for its well-preserved walls and narrow streets with white houses decorated with flowers. It stands out for its imposing castle, which now functions as a guesthouse, and for the charming bookshop in the Church of St James. The town is famous for its cultural events, such as the [&hellip;]","og_url":"https:\/\/www.yourhotelspa.com\/en\/surroundings\/obidos\/","og_site_name":"Your Hotel & Spa Alcoba\u00e7a","article_modified_time":"2024-06-17T11:30:05+00:00","twitter_card":"summary_large_image","twitter_misc":{"Est. reading time":"1 minute"},"schema":{"@context":"https:\/\/schema.org","@graph":[{"@type":"WebPage","@id":"https:\/\/www.yourhotelspa.com\/en\/surroundings\/obidos\/","url":"https:\/\/www.yourhotelspa.com\/en\/surroundings\/obidos\/","name":"\u00d3bidos - Your Hotel & Spa Alcoba\u00e7a","isPartOf":{"@id":"https:\/\/www.yourhotelspa.com\/en\/#website"},"datePublished":"2020-07-31T13:32:52+00:00","dateModified":"2024-06-17T11:30:05+00:00","breadcrumb":{"@id":"https:\/\/www.yourhotelspa.com\/en\/surroundings\/obidos\/#breadcrumb"},"inLanguage":"en-US","potentialAction":[{"@type":"ReadAction","target":["https:\/\/www.yourhotelspa.com\/en\/surroundings\/obidos\/"]}]},{"@type":"BreadcrumbList","@id":"https:\/\/www.yourhotelspa.com\/en\/surroundings\/obidos\/#breadcrumb","itemListElement":[{"@type":"ListItem","position":1,"name":"Home","item":"https:\/\/www.yourhotelspa.com\/en\/"},{"@type":"ListItem","position":2,"name":"Surroundings","item":"https:\/\/www.yourhotelspa.com\/en\/surroundings\/"},{"@type":"ListItem","position":3,"name":"\u00d3bidos"}]},{"@type":"WebSite","@id":"https:\/\/www.yourhotelspa.com\/en\/#website","url":"https:\/\/www.yourhotelspa.com\/en\/","name":"Your Hotel & Spa Alcoba\u00e7a","description":"Just another ms.decms.eu site","potentialAction":[{"@type":"SearchAction","target":{"@type":"EntryPoint","urlTemplate":"https:\/\/www.yourhotelspa.com\/en\/?s={search_term_string}"},"query-input":{"@type":"PropertyValueSpecification","valueRequired":true,"valueName":"search_term_string"}}],"inLanguage":"en-US"}]}},"acf":[],"_links":{"self":[{"href":"https:\/\/www.yourhotelspa.com\/en\/wp-json\/wp\/v2\/pages\/754","targetHints":{"allow":["GET"]}}],"collection":[{"href":"https:\/\/www.yourhotelspa.com\/en\/wp-json\/wp\/v2\/pages"}],"about":[{"href":"https:\/\/www.yourhotelspa.com\/en\/wp-json\/wp\/v2\/types\/page"}],"author":[{"embeddable":true,"href":"https:\/\/www.yourhotelspa.com\/en\/wp-json\/wp\/v2\/users\/4"}],"replies":[{"embeddable":true,"href":"https:\/\/www.yourhotelspa.com\/en\/wp-json\/wp\/v2\/comments?post=754"}],"version-history":[{"count":0,"href":"https:\/\/www.yourhotelspa.com\/en\/wp-json\/wp\/v2\/pages\/754\/revisions"}],"up":[{"embeddable":true,"href":"https:\/\/www.yourhotelspa.com\/en\/wp-json\/wp\/v2\/pages\/745"}],"wp:attachment":[{"href":"https:\/\/www.yourhotelspa.com\/en\/wp-json\/wp\/v2\/media?parent=754"}],"curies":[{"name":"wp","href":"https:\/\/api.w.org\/{rel}","templated":true}]}}