{"id":1005,"date":"2020-09-01T10:29:42","date_gmt":"2020-09-01T10:29:42","guid":{"rendered":"http:\/\/your-hotel-spa-alcobaca.ms.decms.eu\/?page_id=1005"},"modified":"2020-09-15T13:13:14","modified_gmt":"2020-09-15T13:13:14","slug":"contactos","status":"publish","type":"page","link":"https:\/\/www.yourhotelspa.com\/es\/restaurante-sentidos\/contactos\/","title":{"rendered":"Contactos"},"content":{"rendered":"<p><strong>Horario del Restaurante Sentidos<\/strong>:<\/p>\n<ul>\n<li>Desayuno entre 07:30h y 10:30h<\/li>\n<li>El almuerzo de 12:30h a 14:30h<\/li>\n<li>Cenas entre 19:30h y 21:30h (excepto excepto viernes y s\u00e1bado que cierra a las 22:00h)<\/li>\n<\/ul>\n<p>El restaurante Sentidos est\u00e1 abierto al p\u00fablico en general.<\/p>\n<p><strong>Para reservas y m\u00e1s informaci\u00f3n<\/strong><br \/>\nTel.: <a href=\"tel:00351 262 505 370\">+351 262 505 370<\/a><br \/>\nE-mail: <a href=\"mailto:reservas@yourhotelspa.com\">reservas@yourhotelspa.com<\/a><\/p>\n","protected":false},"excerpt":{"rendered":"<p>Horario del Restaurante Sentidos: Desayuno entre 07:30h y 10:30h El almuerzo de 12:30h a 14:30h Cenas entre 19:30h y 21:30h (excepto excepto viernes y s\u00e1bado que cierra a las 22:00h) El restaurante Sentidos est\u00e1 abierto al p\u00fablico en general. Para reservas y m\u00e1s informaci\u00f3n Tel.: +351 262 505 370 E-mail: reservas@yourhotelspa.com<\/p>\n","protected":false},"author":4,"featured_media":0,"parent":691,"menu_order":11,"comment_status":"closed","ping_status":"closed","template":"","meta":{"footnotes":""},"class_list":["post-1005","page","type-page","status-publish","hentry"],"yoast_head":"<!-- This site is optimized with the Yoast SEO plugin v26.9 - https:\/\/yoast.com\/product\/yoast-seo-wordpress\/ -->\n<title>Contactos - Your Hotel &amp; Spa Alcoba\u00e7a<\/title>\n<meta name=\"robots\" content=\"index, follow, max-snippet:-1, max-image-preview:large, max-video-preview:-1\" \/>\n<link rel=\"canonical\" href=\"https:\/\/www.yourhotelspa.com\/es\/restaurante-sentidos\/contactos\/\" \/>\n<meta property=\"og:locale\" content=\"es_ES\" \/>\n<meta property=\"og:type\" content=\"article\" \/>\n<meta property=\"og:title\" content=\"Contactos - Your Hotel &amp; Spa Alcoba\u00e7a\" \/>\n<meta property=\"og:description\" content=\"Horario del Restaurante Sentidos: Desayuno entre 07:30h y 10:30h El almuerzo de 12:30h a 14:30h Cenas entre 19:30h y 21:30h (excepto excepto viernes y s\u00e1bado que cierra a las 22:00h) El restaurante Sentidos est\u00e1 abierto al p\u00fablico en general. Para reservas y m\u00e1s informaci\u00f3n Tel.: +351 262 505 370 E-mail: reservas@yourhotelspa.com\" \/>\n<meta property=\"og:url\" content=\"https:\/\/www.yourhotelspa.com\/es\/restaurante-sentidos\/contactos\/\" \/>\n<meta property=\"og:site_name\" content=\"Your Hotel &amp; Spa Alcoba\u00e7a\" \/>\n<meta property=\"article:modified_time\" content=\"2020-09-15T13:13:14+00:00\" \/>\n<meta name=\"twitter:card\" content=\"summary_large_image\" \/>\n<script type=\"application\/ld+json\" class=\"yoast-schema-graph\">{\"@context\":\"https:\/\/schema.org\",\"@graph\":[{\"@type\":\"WebPage\",\"@id\":\"https:\/\/www.yourhotelspa.com\/es\/restaurante-sentidos\/contactos\/\",\"url\":\"https:\/\/www.yourhotelspa.com\/es\/restaurante-sentidos\/contactos\/\",\"name\":\"Contactos - Your Hotel & Spa Alcoba\u00e7a\",\"isPartOf\":{\"@id\":\"https:\/\/www.yourhotelspa.com\/es\/#website\"},\"datePublished\":\"2020-09-01T10:29:42+00:00\",\"dateModified\":\"2020-09-15T13:13:14+00:00\",\"breadcrumb\":{\"@id\":\"https:\/\/www.yourhotelspa.com\/es\/restaurante-sentidos\/contactos\/#breadcrumb\"},\"inLanguage\":\"es\",\"potentialAction\":[{\"@type\":\"ReadAction\",\"target\":[\"https:\/\/www.yourhotelspa.com\/es\/restaurante-sentidos\/contactos\/\"]}]},{\"@type\":\"BreadcrumbList\",\"@id\":\"https:\/\/www.yourhotelspa.com\/es\/restaurante-sentidos\/contactos\/#breadcrumb\",\"itemListElement\":[{\"@type\":\"ListItem\",\"position\":1,\"name\":\"Home\",\"item\":\"https:\/\/www.yourhotelspa.com\/es\/\"},{\"@type\":\"ListItem\",\"position\":2,\"name\":\"Restaurante Sentidos\",\"item\":\"https:\/\/www.yourhotelspa.com\/es\/restaurante-sentidos\/\"},{\"@type\":\"ListItem\",\"position\":3,\"name\":\"Contactos\"}]},{\"@type\":\"WebSite\",\"@id\":\"https:\/\/www.yourhotelspa.com\/es\/#website\",\"url\":\"https:\/\/www.yourhotelspa.com\/es\/\",\"name\":\"Your Hotel & Spa Alcoba\u00e7a\",\"description\":\"Just another ms.decms.eu site\",\"potentialAction\":[{\"@type\":\"SearchAction\",\"target\":{\"@type\":\"EntryPoint\",\"urlTemplate\":\"https:\/\/www.yourhotelspa.com\/es\/?s={search_term_string}\"},\"query-input\":{\"@type\":\"PropertyValueSpecification\",\"valueRequired\":true,\"valueName\":\"search_term_string\"}}],\"inLanguage\":\"es\"}]}<\/script>\n<!-- \/ Yoast SEO plugin. -->","yoast_head_json":{"title":"Contactos - Your Hotel & Spa Alcoba\u00e7a","robots":{"index":"index","follow":"follow","max-snippet":"max-snippet:-1","max-image-preview":"max-image-preview:large","max-video-preview":"max-video-preview:-1"},"canonical":"https:\/\/www.yourhotelspa.com\/es\/restaurante-sentidos\/contactos\/","og_locale":"es_ES","og_type":"article","og_title":"Contactos - Your Hotel & Spa Alcoba\u00e7a","og_description":"Horario del Restaurante Sentidos: Desayuno entre 07:30h y 10:30h El almuerzo de 12:30h a 14:30h Cenas entre 19:30h y 21:30h (excepto excepto viernes y s\u00e1bado que cierra a las 22:00h) El restaurante Sentidos est\u00e1 abierto al p\u00fablico en general. Para reservas y m\u00e1s informaci\u00f3n Tel.: +351 262 505 370 E-mail: reservas@yourhotelspa.com","og_url":"https:\/\/www.yourhotelspa.com\/es\/restaurante-sentidos\/contactos\/","og_site_name":"Your Hotel & Spa Alcoba\u00e7a","article_modified_time":"2020-09-15T13:13:14+00:00","twitter_card":"summary_large_image","schema":{"@context":"https:\/\/schema.org","@graph":[{"@type":"WebPage","@id":"https:\/\/www.yourhotelspa.com\/es\/restaurante-sentidos\/contactos\/","url":"https:\/\/www.yourhotelspa.com\/es\/restaurante-sentidos\/contactos\/","name":"Contactos - Your Hotel & Spa Alcoba\u00e7a","isPartOf":{"@id":"https:\/\/www.yourhotelspa.com\/es\/#website"},"datePublished":"2020-09-01T10:29:42+00:00","dateModified":"2020-09-15T13:13:14+00:00","breadcrumb":{"@id":"https:\/\/www.yourhotelspa.com\/es\/restaurante-sentidos\/contactos\/#breadcrumb"},"inLanguage":"es","potentialAction":[{"@type":"ReadAction","target":["https:\/\/www.yourhotelspa.com\/es\/restaurante-sentidos\/contactos\/"]}]},{"@type":"BreadcrumbList","@id":"https:\/\/www.yourhotelspa.com\/es\/restaurante-sentidos\/contactos\/#breadcrumb","itemListElement":[{"@type":"ListItem","position":1,"name":"Home","item":"https:\/\/www.yourhotelspa.com\/es\/"},{"@type":"ListItem","position":2,"name":"Restaurante Sentidos","item":"https:\/\/www.yourhotelspa.com\/es\/restaurante-sentidos\/"},{"@type":"ListItem","position":3,"name":"Contactos"}]},{"@type":"WebSite","@id":"https:\/\/www.yourhotelspa.com\/es\/#website","url":"https:\/\/www.yourhotelspa.com\/es\/","name":"Your Hotel & Spa Alcoba\u00e7a","description":"Just another ms.decms.eu site","potentialAction":[{"@type":"SearchAction","target":{"@type":"EntryPoint","urlTemplate":"https:\/\/www.yourhotelspa.com\/es\/?s={search_term_string}"},"query-input":{"@type":"PropertyValueSpecification","valueRequired":true,"valueName":"search_term_string"}}],"inLanguage":"es"}]}},"acf":[],"_links":{"self":[{"href":"https:\/\/www.yourhotelspa.com\/es\/wp-json\/wp\/v2\/pages\/1005","targetHints":{"allow":["GET"]}}],"collection":[{"href":"https:\/\/www.yourhotelspa.com\/es\/wp-json\/wp\/v2\/pages"}],"about":[{"href":"https:\/\/www.yourhotelspa.com\/es\/wp-json\/wp\/v2\/types\/page"}],"author":[{"embeddable":true,"href":"https:\/\/www.yourhotelspa.com\/es\/wp-json\/wp\/v2\/users\/4"}],"replies":[{"embeddable":true,"href":"https:\/\/www.yourhotelspa.com\/es\/wp-json\/wp\/v2\/comments?post=1005"}],"version-history":[{"count":0,"href":"https:\/\/www.yourhotelspa.com\/es\/wp-json\/wp\/v2\/pages\/1005\/revisions"}],"up":[{"embeddable":true,"href":"https:\/\/www.yourhotelspa.com\/es\/wp-json\/wp\/v2\/pages\/691"}],"wp:attachment":[{"href":"https:\/\/www.yourhotelspa.com\/es\/wp-json\/wp\/v2\/media?parent=1005"}],"curies":[{"name":"wp","href":"https:\/\/api.w.org\/{rel}","templated":true}]}}