{"id":1952,"date":"2024-06-17T12:33:07","date_gmt":"2024-06-17T12:33:07","guid":{"rendered":"https:\/\/www.yourhotelspa.com\/?page_id=1952"},"modified":"2026-04-27T17:39:26","modified_gmt":"2026-04-27T17:39:26","slug":"mira-de-aire","status":"publish","type":"page","link":"https:\/\/www.yourhotelspa.com\/es\/entorno\/mira-de-aire\/","title":{"rendered":"Mira de Aire"},"content":{"rendered":"<p>Mira de Aire, un peque\u00f1o pueblo famoso por sus Grutas, uno de los sistemas de cuevas m\u00e1s grandes e impresionantes de Portugal, est\u00e1 abierto al p\u00fablico. Las Grutas de Mira de Aire destacan por sus espectaculares formaciones rocosas y sus vastas salas subterr\u00e1neas. La Iglesia de Nossa Senhora do Amparo, situada en el centro del pueblo, es conocida por exhibir el mayor tapiz de Europa. El pueblo tambi\u00e9n es conocido por su tranquilidad y belleza natural, lo que lo convierte en un destino ideal para los amantes de la naturaleza y el turismo espeleol\u00f3gico.<\/p>\n<p>Puntos de inter\u00e9s: Cuevas de Mira de Aire, MIAT &#8211; Museo Industrial y Artesanal Textil, Iglesia Matriz, Capilla de Nossa Senhora da Boa Morte, Iglesia de Nossa Senhora do Amparo, Capilla de Cov\u00e3o da Carvalha, entre otros&#8230;<\/p>\n","protected":false},"excerpt":{"rendered":"<p>Mira de Aire, un peque\u00f1o pueblo famoso por sus Grutas, uno de los sistemas de cuevas m\u00e1s grandes e impresionantes de Portugal, est\u00e1 abierto al p\u00fablico. Las Grutas de Mira de Aire destacan por sus espectaculares formaciones rocosas y sus vastas salas subterr\u00e1neas. La Iglesia de Nossa Senhora do Amparo, situada en el centro del [&hellip;]<\/p>\n","protected":false},"author":296,"featured_media":1946,"parent":747,"menu_order":6,"comment_status":"closed","ping_status":"closed","template":"template-children_carousel.php","meta":{"footnotes":""},"class_list":["post-1952","page","type-page","status-publish","has-post-thumbnail","hentry"],"yoast_head":"<!-- This site is optimized with the Yoast SEO plugin v26.9 - https:\/\/yoast.com\/product\/yoast-seo-wordpress\/ -->\n<title>Mira de Aire - Your Hotel &amp; Spa Alcoba\u00e7a<\/title>\n<meta name=\"robots\" content=\"index, follow, max-snippet:-1, max-image-preview:large, max-video-preview:-1\" \/>\n<link rel=\"canonical\" href=\"https:\/\/www.yourhotelspa.com\/es\/entorno\/mira-de-aire\/\" \/>\n<meta property=\"og:locale\" content=\"es_ES\" \/>\n<meta property=\"og:type\" content=\"article\" \/>\n<meta property=\"og:title\" content=\"Mira de Aire - Your Hotel &amp; Spa Alcoba\u00e7a\" \/>\n<meta property=\"og:description\" content=\"Mira de Aire, un peque\u00f1o pueblo famoso por sus Grutas, uno de los sistemas de cuevas m\u00e1s grandes e impresionantes de Portugal, est\u00e1 abierto al p\u00fablico. Las Grutas de Mira de Aire destacan por sus espectaculares formaciones rocosas y sus vastas salas subterr\u00e1neas. La Iglesia de Nossa Senhora do Amparo, situada en el centro del [&hellip;]\" \/>\n<meta property=\"og:url\" content=\"https:\/\/www.yourhotelspa.com\/es\/entorno\/mira-de-aire\/\" \/>\n<meta property=\"og:site_name\" content=\"Your Hotel &amp; Spa Alcoba\u00e7a\" \/>\n<meta property=\"article:modified_time\" content=\"2026-04-27T17:39:26+00:00\" \/>\n<meta property=\"og:image\" content=\"https:\/\/www.yourhotelspa.com\/wp-content\/uploads\/sites\/180\/2024\/06\/IMG_0673-768x750-1.jpg\" \/>\n\t<meta property=\"og:image:width\" content=\"768\" \/>\n\t<meta property=\"og:image:height\" content=\"750\" \/>\n\t<meta property=\"og:image:type\" content=\"image\/jpeg\" \/>\n<meta name=\"twitter:card\" content=\"summary_large_image\" \/>\n<meta name=\"twitter:label1\" content=\"Tiempo de lectura\" \/>\n\t<meta name=\"twitter:data1\" content=\"1 minuto\" \/>\n<script type=\"application\/ld+json\" class=\"yoast-schema-graph\">{\"@context\":\"https:\/\/schema.org\",\"@graph\":[{\"@type\":\"WebPage\",\"@id\":\"https:\/\/www.yourhotelspa.com\/es\/entorno\/mira-de-aire\/\",\"url\":\"https:\/\/www.yourhotelspa.com\/es\/entorno\/mira-de-aire\/\",\"name\":\"Mira de Aire - Your Hotel & Spa Alcoba\u00e7a\",\"isPartOf\":{\"@id\":\"https:\/\/www.yourhotelspa.com\/es\/#website\"},\"primaryImageOfPage\":{\"@id\":\"https:\/\/www.yourhotelspa.com\/es\/entorno\/mira-de-aire\/#primaryimage\"},\"image\":{\"@id\":\"https:\/\/www.yourhotelspa.com\/es\/entorno\/mira-de-aire\/#primaryimage\"},\"thumbnailUrl\":\"https:\/\/www.yourhotelspa.com\/wp-content\/uploads\/sites\/180\/2024\/06\/IMG_0673-768x750-1.jpg\",\"datePublished\":\"2024-06-17T12:33:07+00:00\",\"dateModified\":\"2026-04-27T17:39:26+00:00\",\"breadcrumb\":{\"@id\":\"https:\/\/www.yourhotelspa.com\/es\/entorno\/mira-de-aire\/#breadcrumb\"},\"inLanguage\":\"es\",\"potentialAction\":[{\"@type\":\"ReadAction\",\"target\":[\"https:\/\/www.yourhotelspa.com\/es\/entorno\/mira-de-aire\/\"]}]},{\"@type\":\"ImageObject\",\"inLanguage\":\"es\",\"@id\":\"https:\/\/www.yourhotelspa.com\/es\/entorno\/mira-de-aire\/#primaryimage\",\"url\":\"https:\/\/www.yourhotelspa.com\/wp-content\/uploads\/sites\/180\/2024\/06\/IMG_0673-768x750-1.jpg\",\"contentUrl\":\"https:\/\/www.yourhotelspa.com\/wp-content\/uploads\/sites\/180\/2024\/06\/IMG_0673-768x750-1.jpg\",\"width\":768,\"height\":750},{\"@type\":\"BreadcrumbList\",\"@id\":\"https:\/\/www.yourhotelspa.com\/es\/entorno\/mira-de-aire\/#breadcrumb\",\"itemListElement\":[{\"@type\":\"ListItem\",\"position\":1,\"name\":\"Home\",\"item\":\"https:\/\/www.yourhotelspa.com\/es\/\"},{\"@type\":\"ListItem\",\"position\":2,\"name\":\"Entorno\",\"item\":\"https:\/\/www.yourhotelspa.com\/es\/entorno\/\"},{\"@type\":\"ListItem\",\"position\":3,\"name\":\"Mira de Aire\"}]},{\"@type\":\"WebSite\",\"@id\":\"https:\/\/www.yourhotelspa.com\/es\/#website\",\"url\":\"https:\/\/www.yourhotelspa.com\/es\/\",\"name\":\"Your Hotel & Spa Alcoba\u00e7a\",\"description\":\"Just another ms.decms.eu site\",\"potentialAction\":[{\"@type\":\"SearchAction\",\"target\":{\"@type\":\"EntryPoint\",\"urlTemplate\":\"https:\/\/www.yourhotelspa.com\/es\/?s={search_term_string}\"},\"query-input\":{\"@type\":\"PropertyValueSpecification\",\"valueRequired\":true,\"valueName\":\"search_term_string\"}}],\"inLanguage\":\"es\"}]}<\/script>\n<!-- \/ Yoast SEO plugin. -->","yoast_head_json":{"title":"Mira de Aire - Your Hotel & Spa Alcoba\u00e7a","robots":{"index":"index","follow":"follow","max-snippet":"max-snippet:-1","max-image-preview":"max-image-preview:large","max-video-preview":"max-video-preview:-1"},"canonical":"https:\/\/www.yourhotelspa.com\/es\/entorno\/mira-de-aire\/","og_locale":"es_ES","og_type":"article","og_title":"Mira de Aire - Your Hotel & Spa Alcoba\u00e7a","og_description":"Mira de Aire, un peque\u00f1o pueblo famoso por sus Grutas, uno de los sistemas de cuevas m\u00e1s grandes e impresionantes de Portugal, est\u00e1 abierto al p\u00fablico. Las Grutas de Mira de Aire destacan por sus espectaculares formaciones rocosas y sus vastas salas subterr\u00e1neas. La Iglesia de Nossa Senhora do Amparo, situada en el centro del [&hellip;]","og_url":"https:\/\/www.yourhotelspa.com\/es\/entorno\/mira-de-aire\/","og_site_name":"Your Hotel & Spa Alcoba\u00e7a","article_modified_time":"2026-04-27T17:39:26+00:00","og_image":[{"width":768,"height":750,"url":"https:\/\/www.yourhotelspa.com\/wp-content\/uploads\/sites\/180\/2024\/06\/IMG_0673-768x750-1.jpg","type":"image\/jpeg"}],"twitter_card":"summary_large_image","twitter_misc":{"Tiempo de lectura":"1 minuto"},"schema":{"@context":"https:\/\/schema.org","@graph":[{"@type":"WebPage","@id":"https:\/\/www.yourhotelspa.com\/es\/entorno\/mira-de-aire\/","url":"https:\/\/www.yourhotelspa.com\/es\/entorno\/mira-de-aire\/","name":"Mira de Aire - Your Hotel & Spa Alcoba\u00e7a","isPartOf":{"@id":"https:\/\/www.yourhotelspa.com\/es\/#website"},"primaryImageOfPage":{"@id":"https:\/\/www.yourhotelspa.com\/es\/entorno\/mira-de-aire\/#primaryimage"},"image":{"@id":"https:\/\/www.yourhotelspa.com\/es\/entorno\/mira-de-aire\/#primaryimage"},"thumbnailUrl":"https:\/\/www.yourhotelspa.com\/wp-content\/uploads\/sites\/180\/2024\/06\/IMG_0673-768x750-1.jpg","datePublished":"2024-06-17T12:33:07+00:00","dateModified":"2026-04-27T17:39:26+00:00","breadcrumb":{"@id":"https:\/\/www.yourhotelspa.com\/es\/entorno\/mira-de-aire\/#breadcrumb"},"inLanguage":"es","potentialAction":[{"@type":"ReadAction","target":["https:\/\/www.yourhotelspa.com\/es\/entorno\/mira-de-aire\/"]}]},{"@type":"ImageObject","inLanguage":"es","@id":"https:\/\/www.yourhotelspa.com\/es\/entorno\/mira-de-aire\/#primaryimage","url":"https:\/\/www.yourhotelspa.com\/wp-content\/uploads\/sites\/180\/2024\/06\/IMG_0673-768x750-1.jpg","contentUrl":"https:\/\/www.yourhotelspa.com\/wp-content\/uploads\/sites\/180\/2024\/06\/IMG_0673-768x750-1.jpg","width":768,"height":750},{"@type":"BreadcrumbList","@id":"https:\/\/www.yourhotelspa.com\/es\/entorno\/mira-de-aire\/#breadcrumb","itemListElement":[{"@type":"ListItem","position":1,"name":"Home","item":"https:\/\/www.yourhotelspa.com\/es\/"},{"@type":"ListItem","position":2,"name":"Entorno","item":"https:\/\/www.yourhotelspa.com\/es\/entorno\/"},{"@type":"ListItem","position":3,"name":"Mira de Aire"}]},{"@type":"WebSite","@id":"https:\/\/www.yourhotelspa.com\/es\/#website","url":"https:\/\/www.yourhotelspa.com\/es\/","name":"Your Hotel & Spa Alcoba\u00e7a","description":"Just another ms.decms.eu site","potentialAction":[{"@type":"SearchAction","target":{"@type":"EntryPoint","urlTemplate":"https:\/\/www.yourhotelspa.com\/es\/?s={search_term_string}"},"query-input":{"@type":"PropertyValueSpecification","valueRequired":true,"valueName":"search_term_string"}}],"inLanguage":"es"}]}},"acf":[],"_links":{"self":[{"href":"https:\/\/www.yourhotelspa.com\/es\/wp-json\/wp\/v2\/pages\/1952","targetHints":{"allow":["GET"]}}],"collection":[{"href":"https:\/\/www.yourhotelspa.com\/es\/wp-json\/wp\/v2\/pages"}],"about":[{"href":"https:\/\/www.yourhotelspa.com\/es\/wp-json\/wp\/v2\/types\/page"}],"author":[{"embeddable":true,"href":"https:\/\/www.yourhotelspa.com\/es\/wp-json\/wp\/v2\/users\/296"}],"replies":[{"embeddable":true,"href":"https:\/\/www.yourhotelspa.com\/es\/wp-json\/wp\/v2\/comments?post=1952"}],"version-history":[{"count":0,"href":"https:\/\/www.yourhotelspa.com\/es\/wp-json\/wp\/v2\/pages\/1952\/revisions"}],"up":[{"embeddable":true,"href":"https:\/\/www.yourhotelspa.com\/es\/wp-json\/wp\/v2\/pages\/747"}],"wp:featuredmedia":[{"embeddable":true,"href":"https:\/\/www.yourhotelspa.com\/es\/wp-json\/wp\/v2\/media\/1946"}],"wp:attachment":[{"href":"https:\/\/www.yourhotelspa.com\/es\/wp-json\/wp\/v2\/media?parent=1952"}],"curies":[{"name":"wp","href":"https:\/\/api.w.org\/{rel}","templated":true}]}}