{"id":21,"date":"2020-06-30T15:55:20","date_gmt":"2020-06-30T15:55:20","guid":{"rendered":"http:\/\/your-hotel-spa-alcobaca.ms.decms.eu\/?page_id=21"},"modified":"2021-02-15T14:24:04","modified_gmt":"2021-02-15T14:24:04","slug":"habitaciones","status":"publish","type":"page","link":"https:\/\/www.yourhotelspa.com\/es\/habitaciones\/","title":{"rendered":"Habitaciones"},"content":{"rendered":"<p>Your Hotel &amp; Spa Alcoba\u00e7a cuenta con <strong>62 habitaciones<\/strong>, <strong>3<\/strong> de las cuales son <strong>Suites<\/strong> ubicadas en el primer y segundo piso.<br \/>\nEl alojamiento se divide en categor\u00edas B\u00e1sica, Est\u00e1ndar, Superior y Suites, armoniosamente decoradas y equipadas con todas las comodidades como aire acondicionado, minibar, ba\u00f1o con amenidades y secador de pelo, TV LCD, tel\u00e9fono directo, caja fuerte, escritorio y Wi-Fi.<br \/>\nEl hotel cuenta con 1 habitaci\u00f3n comunicada y 1 habitaci\u00f3n adaptada para personas con movilidad reducida.<\/p>\n<p>Todas las habitaciones del hotel son para no fumadores. No se permiten mascotas en las instalaciones del hotel, excepto perros gu\u00eda.<br \/>\nLos servicios de spa requieren reserva previa y no est\u00e1n incluidos en la tarifa de la habitaci\u00f3n, a menos que reserve la \u201cTarifa Habitaci\u00f3n Doble B\u00e1sica con Acceso al Spa\u201d.<\/p>\n","protected":false},"excerpt":{"rendered":"<p>Your Hotel &amp; Spa Alcoba\u00e7a cuenta con 62 habitaciones, 3 de las cuales son Suites ubicadas en el primer y segundo piso. El alojamiento se divide en categor\u00edas B\u00e1sica, Est\u00e1ndar, Superior y Suites, armoniosamente decoradas y equipadas con todas las comodidades como aire acondicionado, minibar, ba\u00f1o con amenidades y secador de pelo, TV LCD, tel\u00e9fono [&hellip;]<\/p>\n","protected":false},"author":4,"featured_media":0,"parent":0,"menu_order":20,"comment_status":"closed","ping_status":"closed","template":"template-rooms.php","meta":{"footnotes":""},"class_list":["post-21","page","type-page","status-publish","hentry"],"yoast_head":"<!-- This site is optimized with the Yoast SEO plugin v26.9 - https:\/\/yoast.com\/product\/yoast-seo-wordpress\/ -->\n<title>Habitaciones - Your Hotel &amp; Spa Alcoba\u00e7a<\/title>\n<meta name=\"robots\" content=\"index, follow, max-snippet:-1, max-image-preview:large, max-video-preview:-1\" \/>\n<link rel=\"canonical\" href=\"https:\/\/www.yourhotelspa.com\/es\/habitaciones\/\" \/>\n<meta property=\"og:locale\" content=\"es_ES\" \/>\n<meta property=\"og:type\" content=\"article\" \/>\n<meta property=\"og:title\" content=\"Habitaciones - Your Hotel &amp; Spa Alcoba\u00e7a\" \/>\n<meta property=\"og:description\" content=\"Your Hotel &amp; Spa Alcoba\u00e7a cuenta con 62 habitaciones, 3 de las cuales son Suites ubicadas en el primer y segundo piso. El alojamiento se divide en categor\u00edas B\u00e1sica, Est\u00e1ndar, Superior y Suites, armoniosamente decoradas y equipadas con todas las comodidades como aire acondicionado, minibar, ba\u00f1o con amenidades y secador de pelo, TV LCD, tel\u00e9fono [&hellip;]\" \/>\n<meta property=\"og:url\" content=\"https:\/\/www.yourhotelspa.com\/es\/habitaciones\/\" \/>\n<meta property=\"og:site_name\" content=\"Your Hotel &amp; Spa Alcoba\u00e7a\" \/>\n<meta property=\"article:modified_time\" content=\"2021-02-15T14:24:04+00:00\" \/>\n<meta name=\"twitter:card\" content=\"summary_large_image\" \/>\n<meta name=\"twitter:label1\" content=\"Tiempo de lectura\" \/>\n\t<meta name=\"twitter:data1\" content=\"1 minuto\" \/>\n<script type=\"application\/ld+json\" class=\"yoast-schema-graph\">{\"@context\":\"https:\/\/schema.org\",\"@graph\":[{\"@type\":\"WebPage\",\"@id\":\"https:\/\/www.yourhotelspa.com\/es\/habitaciones\/\",\"url\":\"https:\/\/www.yourhotelspa.com\/es\/habitaciones\/\",\"name\":\"Habitaciones - Your Hotel & Spa Alcoba\u00e7a\",\"isPartOf\":{\"@id\":\"https:\/\/www.yourhotelspa.com\/es\/#website\"},\"datePublished\":\"2020-06-30T15:55:20+00:00\",\"dateModified\":\"2021-02-15T14:24:04+00:00\",\"breadcrumb\":{\"@id\":\"https:\/\/www.yourhotelspa.com\/es\/habitaciones\/#breadcrumb\"},\"inLanguage\":\"es\",\"potentialAction\":[{\"@type\":\"ReadAction\",\"target\":[\"https:\/\/www.yourhotelspa.com\/es\/habitaciones\/\"]}]},{\"@type\":\"BreadcrumbList\",\"@id\":\"https:\/\/www.yourhotelspa.com\/es\/habitaciones\/#breadcrumb\",\"itemListElement\":[{\"@type\":\"ListItem\",\"position\":1,\"name\":\"Home\",\"item\":\"https:\/\/www.yourhotelspa.com\/es\/\"},{\"@type\":\"ListItem\",\"position\":2,\"name\":\"Habitaciones\"}]},{\"@type\":\"WebSite\",\"@id\":\"https:\/\/www.yourhotelspa.com\/es\/#website\",\"url\":\"https:\/\/www.yourhotelspa.com\/es\/\",\"name\":\"Your Hotel & Spa Alcoba\u00e7a\",\"description\":\"Just another ms.decms.eu site\",\"potentialAction\":[{\"@type\":\"SearchAction\",\"target\":{\"@type\":\"EntryPoint\",\"urlTemplate\":\"https:\/\/www.yourhotelspa.com\/es\/?s={search_term_string}\"},\"query-input\":{\"@type\":\"PropertyValueSpecification\",\"valueRequired\":true,\"valueName\":\"search_term_string\"}}],\"inLanguage\":\"es\"}]}<\/script>\n<!-- \/ Yoast SEO plugin. -->","yoast_head_json":{"title":"Habitaciones - Your Hotel & Spa Alcoba\u00e7a","robots":{"index":"index","follow":"follow","max-snippet":"max-snippet:-1","max-image-preview":"max-image-preview:large","max-video-preview":"max-video-preview:-1"},"canonical":"https:\/\/www.yourhotelspa.com\/es\/habitaciones\/","og_locale":"es_ES","og_type":"article","og_title":"Habitaciones - Your Hotel & Spa Alcoba\u00e7a","og_description":"Your Hotel &amp; Spa Alcoba\u00e7a cuenta con 62 habitaciones, 3 de las cuales son Suites ubicadas en el primer y segundo piso. El alojamiento se divide en categor\u00edas B\u00e1sica, Est\u00e1ndar, Superior y Suites, armoniosamente decoradas y equipadas con todas las comodidades como aire acondicionado, minibar, ba\u00f1o con amenidades y secador de pelo, TV LCD, tel\u00e9fono [&hellip;]","og_url":"https:\/\/www.yourhotelspa.com\/es\/habitaciones\/","og_site_name":"Your Hotel & Spa Alcoba\u00e7a","article_modified_time":"2021-02-15T14:24:04+00:00","twitter_card":"summary_large_image","twitter_misc":{"Tiempo de lectura":"1 minuto"},"schema":{"@context":"https:\/\/schema.org","@graph":[{"@type":"WebPage","@id":"https:\/\/www.yourhotelspa.com\/es\/habitaciones\/","url":"https:\/\/www.yourhotelspa.com\/es\/habitaciones\/","name":"Habitaciones - Your Hotel & Spa Alcoba\u00e7a","isPartOf":{"@id":"https:\/\/www.yourhotelspa.com\/es\/#website"},"datePublished":"2020-06-30T15:55:20+00:00","dateModified":"2021-02-15T14:24:04+00:00","breadcrumb":{"@id":"https:\/\/www.yourhotelspa.com\/es\/habitaciones\/#breadcrumb"},"inLanguage":"es","potentialAction":[{"@type":"ReadAction","target":["https:\/\/www.yourhotelspa.com\/es\/habitaciones\/"]}]},{"@type":"BreadcrumbList","@id":"https:\/\/www.yourhotelspa.com\/es\/habitaciones\/#breadcrumb","itemListElement":[{"@type":"ListItem","position":1,"name":"Home","item":"https:\/\/www.yourhotelspa.com\/es\/"},{"@type":"ListItem","position":2,"name":"Habitaciones"}]},{"@type":"WebSite","@id":"https:\/\/www.yourhotelspa.com\/es\/#website","url":"https:\/\/www.yourhotelspa.com\/es\/","name":"Your Hotel & Spa Alcoba\u00e7a","description":"Just another ms.decms.eu site","potentialAction":[{"@type":"SearchAction","target":{"@type":"EntryPoint","urlTemplate":"https:\/\/www.yourhotelspa.com\/es\/?s={search_term_string}"},"query-input":{"@type":"PropertyValueSpecification","valueRequired":true,"valueName":"search_term_string"}}],"inLanguage":"es"}]}},"acf":[],"_links":{"self":[{"href":"https:\/\/www.yourhotelspa.com\/es\/wp-json\/wp\/v2\/pages\/21","targetHints":{"allow":["GET"]}}],"collection":[{"href":"https:\/\/www.yourhotelspa.com\/es\/wp-json\/wp\/v2\/pages"}],"about":[{"href":"https:\/\/www.yourhotelspa.com\/es\/wp-json\/wp\/v2\/types\/page"}],"author":[{"embeddable":true,"href":"https:\/\/www.yourhotelspa.com\/es\/wp-json\/wp\/v2\/users\/4"}],"replies":[{"embeddable":true,"href":"https:\/\/www.yourhotelspa.com\/es\/wp-json\/wp\/v2\/comments?post=21"}],"version-history":[{"count":0,"href":"https:\/\/www.yourhotelspa.com\/es\/wp-json\/wp\/v2\/pages\/21\/revisions"}],"wp:attachment":[{"href":"https:\/\/www.yourhotelspa.com\/es\/wp-json\/wp\/v2\/media?parent=21"}],"curies":[{"name":"wp","href":"https:\/\/api.w.org\/{rel}","templated":true}]}}