{"id":2245,"date":"2025-05-12T14:26:27","date_gmt":"2025-05-12T14:26:27","guid":{"rendered":"https:\/\/www.yourhotelspa.com\/?page_id=2245"},"modified":"2025-05-12T14:32:32","modified_gmt":"2025-05-12T14:32:32","slug":"pack-de-motivacion-para-equipos","status":"publish","type":"page","link":"https:\/\/www.yourhotelspa.com\/es\/salas-de-reuniones\/pack-de-motivacion-para-equipos\/","title":{"rendered":"Pack de motivaci\u00f3n para equipos"},"content":{"rendered":"<h3><strong>\u00a1Imagina el programa y nosotros nos encargamos de todo por ti!<\/strong><\/h3>\n<p><span style=\"font-weight: 400\">Si est\u00e1s buscando un <strong data-start=\"124\" data-end=\"145\">PACK MOTIVACIONAL<\/strong> para tu empresa, <strong data-start=\"163\" data-end=\"192\">Your Hotel &amp; Spa Alcoba\u00e7a<\/strong> es la soluci\u00f3n ideal.<br \/>\n<\/span>Ofrecemos PACKS que pueden adaptarse a cualquier tipo de empresa, desde peque\u00f1as hasta grandes, seg\u00fan tus necesidades, presupuesto y preferencias.<\/p>\n<p>Disponemos de una amplia gama de servicios, como por ejemplo:<\/p>\n<p>&#8211; Salas de reuniones totalmente equipadas;<br \/>\n&#8211; Alojamiento;<br \/>\n&#8211; Comidas \/ Coffee-breaks;<br \/>\n&#8211; Actividades de team building;<br \/>\n&#8211; Conferencista invitado;<br \/>\n&#8211; DJ y animaci\u00f3n;<br \/>\n&#8211; Momentos de relax en nuestro Spa Termal.<\/p>\n<p>&nbsp;<\/p>\n<p><strong>Cont\u00e1ctanos para solicitar tu presupuesto personalizado:<\/strong><br \/>\n<strong>\ud83d\udce7<\/strong>:<strong> grupos@yourhotelspa.com<\/strong><br \/>\n<strong>\ud83d\udcde<\/strong>: <strong>(+351) 262 505 370 <\/strong>(llamada a red fija nacional)<\/p>\n<p>&nbsp;<\/p>\n<div dir=\"auto\">\n<div dir=\"auto\">Desde 115\u202f\u20ac por persona<br \/>\n(precio estimado para: sala de reuniones, 2 pausas para caf\u00e9, almuerzo y conferencista para un grupo de 12 personas)<\/div>\n<\/div>\n<div dir=\"auto\">\n<p>&nbsp;<\/p>\n<div dir=\"auto\">\n<div dir=\"auto\"><\/div>\n<\/div>\n<p><strong><a href=\"https:\/\/www.yourhotelspa.com\/es\/salas-de-reuniones\/\">Aqu\u00ed encontrar\u00e1 toda la informaci\u00f3n sobre nuestras salas de reuniones<\/a><\/strong><\/p>\n<\/div>\n","protected":false},"excerpt":{"rendered":"<p>\u00a1Imagina el programa y nosotros nos encargamos de todo por ti! Si est\u00e1s buscando un PACK MOTIVACIONAL para tu empresa, Your Hotel &amp; Spa Alcoba\u00e7a es la soluci\u00f3n ideal. Ofrecemos PACKS que pueden adaptarse a cualquier tipo de empresa, desde peque\u00f1as hasta grandes, seg\u00fan tus necesidades, presupuesto y preferencias. Disponemos de una amplia gama de [&hellip;]<\/p>\n","protected":false},"author":296,"featured_media":0,"parent":703,"menu_order":9,"comment_status":"closed","ping_status":"closed","template":"template-events.php","meta":{"footnotes":""},"class_list":["post-2245","page","type-page","status-publish","hentry"],"yoast_head":"<!-- This site is optimized with the Yoast SEO plugin v26.9 - https:\/\/yoast.com\/product\/yoast-seo-wordpress\/ -->\n<title>Pack de motivaci\u00f3n para equipos - Your Hotel &amp; Spa Alcoba\u00e7a<\/title>\n<meta name=\"robots\" content=\"index, follow, max-snippet:-1, max-image-preview:large, max-video-preview:-1\" \/>\n<link rel=\"canonical\" href=\"https:\/\/www.yourhotelspa.com\/es\/salas-de-reuniones\/pack-de-motivacion-para-equipos\/\" \/>\n<meta property=\"og:locale\" content=\"es_ES\" \/>\n<meta property=\"og:type\" content=\"article\" \/>\n<meta property=\"og:title\" content=\"Pack de motivaci\u00f3n para equipos - Your Hotel &amp; Spa Alcoba\u00e7a\" \/>\n<meta property=\"og:description\" content=\"\u00a1Imagina el programa y nosotros nos encargamos de todo por ti! Si est\u00e1s buscando un PACK MOTIVACIONAL para tu empresa, Your Hotel &amp; Spa Alcoba\u00e7a es la soluci\u00f3n ideal. Ofrecemos PACKS que pueden adaptarse a cualquier tipo de empresa, desde peque\u00f1as hasta grandes, seg\u00fan tus necesidades, presupuesto y preferencias. Disponemos de una amplia gama de [&hellip;]\" \/>\n<meta property=\"og:url\" content=\"https:\/\/www.yourhotelspa.com\/es\/salas-de-reuniones\/pack-de-motivacion-para-equipos\/\" \/>\n<meta property=\"og:site_name\" content=\"Your Hotel &amp; Spa Alcoba\u00e7a\" \/>\n<meta property=\"article:modified_time\" content=\"2025-05-12T14:32:32+00:00\" \/>\n<meta name=\"twitter:card\" content=\"summary_large_image\" \/>\n<meta name=\"twitter:label1\" content=\"Tiempo de lectura\" \/>\n\t<meta name=\"twitter:data1\" content=\"1 minuto\" \/>\n<script type=\"application\/ld+json\" class=\"yoast-schema-graph\">{\"@context\":\"https:\/\/schema.org\",\"@graph\":[{\"@type\":\"WebPage\",\"@id\":\"https:\/\/www.yourhotelspa.com\/es\/salas-de-reuniones\/pack-de-motivacion-para-equipos\/\",\"url\":\"https:\/\/www.yourhotelspa.com\/es\/salas-de-reuniones\/pack-de-motivacion-para-equipos\/\",\"name\":\"Pack de motivaci\u00f3n para equipos - Your Hotel & Spa Alcoba\u00e7a\",\"isPartOf\":{\"@id\":\"https:\/\/www.yourhotelspa.com\/es\/#website\"},\"datePublished\":\"2025-05-12T14:26:27+00:00\",\"dateModified\":\"2025-05-12T14:32:32+00:00\",\"breadcrumb\":{\"@id\":\"https:\/\/www.yourhotelspa.com\/es\/salas-de-reuniones\/pack-de-motivacion-para-equipos\/#breadcrumb\"},\"inLanguage\":\"es\",\"potentialAction\":[{\"@type\":\"ReadAction\",\"target\":[\"https:\/\/www.yourhotelspa.com\/es\/salas-de-reuniones\/pack-de-motivacion-para-equipos\/\"]}]},{\"@type\":\"BreadcrumbList\",\"@id\":\"https:\/\/www.yourhotelspa.com\/es\/salas-de-reuniones\/pack-de-motivacion-para-equipos\/#breadcrumb\",\"itemListElement\":[{\"@type\":\"ListItem\",\"position\":1,\"name\":\"Home\",\"item\":\"https:\/\/www.yourhotelspa.com\/es\/\"},{\"@type\":\"ListItem\",\"position\":2,\"name\":\"Salas de reuniones\",\"item\":\"https:\/\/www.yourhotelspa.com\/es\/salas-de-reuniones\/\"},{\"@type\":\"ListItem\",\"position\":3,\"name\":\"Pack de motivaci\u00f3n para equipos\"}]},{\"@type\":\"WebSite\",\"@id\":\"https:\/\/www.yourhotelspa.com\/es\/#website\",\"url\":\"https:\/\/www.yourhotelspa.com\/es\/\",\"name\":\"Your Hotel & Spa Alcoba\u00e7a\",\"description\":\"Just another ms.decms.eu site\",\"potentialAction\":[{\"@type\":\"SearchAction\",\"target\":{\"@type\":\"EntryPoint\",\"urlTemplate\":\"https:\/\/www.yourhotelspa.com\/es\/?s={search_term_string}\"},\"query-input\":{\"@type\":\"PropertyValueSpecification\",\"valueRequired\":true,\"valueName\":\"search_term_string\"}}],\"inLanguage\":\"es\"}]}<\/script>\n<!-- \/ Yoast SEO plugin. -->","yoast_head_json":{"title":"Pack de motivaci\u00f3n para equipos - Your Hotel & Spa Alcoba\u00e7a","robots":{"index":"index","follow":"follow","max-snippet":"max-snippet:-1","max-image-preview":"max-image-preview:large","max-video-preview":"max-video-preview:-1"},"canonical":"https:\/\/www.yourhotelspa.com\/es\/salas-de-reuniones\/pack-de-motivacion-para-equipos\/","og_locale":"es_ES","og_type":"article","og_title":"Pack de motivaci\u00f3n para equipos - Your Hotel & Spa Alcoba\u00e7a","og_description":"\u00a1Imagina el programa y nosotros nos encargamos de todo por ti! Si est\u00e1s buscando un PACK MOTIVACIONAL para tu empresa, Your Hotel &amp; Spa Alcoba\u00e7a es la soluci\u00f3n ideal. Ofrecemos PACKS que pueden adaptarse a cualquier tipo de empresa, desde peque\u00f1as hasta grandes, seg\u00fan tus necesidades, presupuesto y preferencias. Disponemos de una amplia gama de [&hellip;]","og_url":"https:\/\/www.yourhotelspa.com\/es\/salas-de-reuniones\/pack-de-motivacion-para-equipos\/","og_site_name":"Your Hotel & Spa Alcoba\u00e7a","article_modified_time":"2025-05-12T14:32:32+00:00","twitter_card":"summary_large_image","twitter_misc":{"Tiempo de lectura":"1 minuto"},"schema":{"@context":"https:\/\/schema.org","@graph":[{"@type":"WebPage","@id":"https:\/\/www.yourhotelspa.com\/es\/salas-de-reuniones\/pack-de-motivacion-para-equipos\/","url":"https:\/\/www.yourhotelspa.com\/es\/salas-de-reuniones\/pack-de-motivacion-para-equipos\/","name":"Pack de motivaci\u00f3n para equipos - Your Hotel & Spa Alcoba\u00e7a","isPartOf":{"@id":"https:\/\/www.yourhotelspa.com\/es\/#website"},"datePublished":"2025-05-12T14:26:27+00:00","dateModified":"2025-05-12T14:32:32+00:00","breadcrumb":{"@id":"https:\/\/www.yourhotelspa.com\/es\/salas-de-reuniones\/pack-de-motivacion-para-equipos\/#breadcrumb"},"inLanguage":"es","potentialAction":[{"@type":"ReadAction","target":["https:\/\/www.yourhotelspa.com\/es\/salas-de-reuniones\/pack-de-motivacion-para-equipos\/"]}]},{"@type":"BreadcrumbList","@id":"https:\/\/www.yourhotelspa.com\/es\/salas-de-reuniones\/pack-de-motivacion-para-equipos\/#breadcrumb","itemListElement":[{"@type":"ListItem","position":1,"name":"Home","item":"https:\/\/www.yourhotelspa.com\/es\/"},{"@type":"ListItem","position":2,"name":"Salas de reuniones","item":"https:\/\/www.yourhotelspa.com\/es\/salas-de-reuniones\/"},{"@type":"ListItem","position":3,"name":"Pack de motivaci\u00f3n para equipos"}]},{"@type":"WebSite","@id":"https:\/\/www.yourhotelspa.com\/es\/#website","url":"https:\/\/www.yourhotelspa.com\/es\/","name":"Your Hotel & Spa Alcoba\u00e7a","description":"Just another ms.decms.eu site","potentialAction":[{"@type":"SearchAction","target":{"@type":"EntryPoint","urlTemplate":"https:\/\/www.yourhotelspa.com\/es\/?s={search_term_string}"},"query-input":{"@type":"PropertyValueSpecification","valueRequired":true,"valueName":"search_term_string"}}],"inLanguage":"es"}]}},"acf":[],"_links":{"self":[{"href":"https:\/\/www.yourhotelspa.com\/es\/wp-json\/wp\/v2\/pages\/2245","targetHints":{"allow":["GET"]}}],"collection":[{"href":"https:\/\/www.yourhotelspa.com\/es\/wp-json\/wp\/v2\/pages"}],"about":[{"href":"https:\/\/www.yourhotelspa.com\/es\/wp-json\/wp\/v2\/types\/page"}],"author":[{"embeddable":true,"href":"https:\/\/www.yourhotelspa.com\/es\/wp-json\/wp\/v2\/users\/296"}],"replies":[{"embeddable":true,"href":"https:\/\/www.yourhotelspa.com\/es\/wp-json\/wp\/v2\/comments?post=2245"}],"version-history":[{"count":0,"href":"https:\/\/www.yourhotelspa.com\/es\/wp-json\/wp\/v2\/pages\/2245\/revisions"}],"up":[{"embeddable":true,"href":"https:\/\/www.yourhotelspa.com\/es\/wp-json\/wp\/v2\/pages\/703"}],"wp:attachment":[{"href":"https:\/\/www.yourhotelspa.com\/es\/wp-json\/wp\/v2\/media?parent=2245"}],"curies":[{"name":"wp","href":"https:\/\/api.w.org\/{rel}","templated":true}]}}