{"id":25,"date":"2020-07-02T08:13:35","date_gmt":"2020-07-02T08:13:35","guid":{"rendered":"http:\/\/your-hotel-spa-alcobaca.ms.decms.eu\/?page_id=25"},"modified":"2021-02-18T16:28:34","modified_gmt":"2021-02-18T16:28:34","slug":"hotel","status":"publish","type":"page","link":"https:\/\/www.yourhotelspa.com\/es\/hotel\/","title":{"rendered":"Hotel"},"content":{"rendered":"<p><span style=\"font-weight: 400;\">Ubicado en los alrededores de la ciudad hist\u00f3rica de Alcoba\u00e7a, Your Hotel &amp; Spa Alcoba\u00e7a es un lugar de refugio y tranquilidad, que combina el equilibrio de la naturaleza circundante con el confort de un hotel renovado para acogerle en una experiencia \u00fanica en la regi\u00f3n, haciendo renacer el concepto de puro descanso en el antiguo Hotel das Termas da Piedade.<\/span><\/p>\n<p><span style=\"font-weight: 400;\">Entre las escapadas que le llevar\u00e1n a descubrir los numerosos encantos locales, como el conocido Monasterio de Santa Mar\u00eda de Alcoba\u00e7a, el Monasterio de Batalha o playas de la regi\u00f3n, Your Hotel &amp; Spa Alcoba\u00e7a dispone de todo lo necesario para que pueda dejar el estr\u00e9s a la puerta.<\/span><\/p>\n<p>&nbsp;<\/p>\n","protected":false},"excerpt":{"rendered":"<p>Ubicado en los alrededores de la ciudad hist\u00f3rica de Alcoba\u00e7a, Your Hotel &amp; Spa Alcoba\u00e7a es un lugar de refugio y tranquilidad, que combina el equilibrio de la naturaleza circundante con el confort de un hotel renovado para acogerle en una experiencia \u00fanica en la regi\u00f3n, haciendo renacer el concepto de puro descanso en el [&hellip;]<\/p>\n","protected":false},"author":4,"featured_media":0,"parent":0,"menu_order":10,"comment_status":"closed","ping_status":"closed","template":"template-hotel.php","meta":{"footnotes":""},"class_list":["post-25","page","type-page","status-publish","hentry"],"yoast_head":"<!-- This site is optimized with the Yoast SEO plugin v26.9 - https:\/\/yoast.com\/product\/yoast-seo-wordpress\/ -->\n<title>Hotel - Your Hotel &amp; Spa Alcoba\u00e7a<\/title>\n<meta name=\"robots\" content=\"index, follow, max-snippet:-1, max-image-preview:large, max-video-preview:-1\" \/>\n<link rel=\"canonical\" href=\"https:\/\/www.yourhotelspa.com\/es\/hotel\/\" \/>\n<meta property=\"og:locale\" content=\"es_ES\" \/>\n<meta property=\"og:type\" content=\"article\" \/>\n<meta property=\"og:title\" content=\"Hotel - Your Hotel &amp; Spa Alcoba\u00e7a\" \/>\n<meta property=\"og:description\" content=\"Ubicado en los alrededores de la ciudad hist\u00f3rica de Alcoba\u00e7a, Your Hotel &amp; Spa Alcoba\u00e7a es un lugar de refugio y tranquilidad, que combina el equilibrio de la naturaleza circundante con el confort de un hotel renovado para acogerle en una experiencia \u00fanica en la regi\u00f3n, haciendo renacer el concepto de puro descanso en el [&hellip;]\" \/>\n<meta property=\"og:url\" content=\"https:\/\/www.yourhotelspa.com\/es\/hotel\/\" \/>\n<meta property=\"og:site_name\" content=\"Your Hotel &amp; Spa Alcoba\u00e7a\" \/>\n<meta property=\"article:modified_time\" content=\"2021-02-18T16:28:34+00:00\" \/>\n<meta name=\"twitter:card\" content=\"summary_large_image\" \/>\n<meta name=\"twitter:label1\" content=\"Tiempo de lectura\" \/>\n\t<meta name=\"twitter:data1\" content=\"1 minuto\" \/>\n<script type=\"application\/ld+json\" class=\"yoast-schema-graph\">{\"@context\":\"https:\/\/schema.org\",\"@graph\":[{\"@type\":\"WebPage\",\"@id\":\"https:\/\/www.yourhotelspa.com\/es\/hotel\/\",\"url\":\"https:\/\/www.yourhotelspa.com\/es\/hotel\/\",\"name\":\"Hotel - Your Hotel & Spa Alcoba\u00e7a\",\"isPartOf\":{\"@id\":\"https:\/\/www.yourhotelspa.com\/es\/#website\"},\"datePublished\":\"2020-07-02T08:13:35+00:00\",\"dateModified\":\"2021-02-18T16:28:34+00:00\",\"breadcrumb\":{\"@id\":\"https:\/\/www.yourhotelspa.com\/es\/hotel\/#breadcrumb\"},\"inLanguage\":\"es\",\"potentialAction\":[{\"@type\":\"ReadAction\",\"target\":[\"https:\/\/www.yourhotelspa.com\/es\/hotel\/\"]}]},{\"@type\":\"BreadcrumbList\",\"@id\":\"https:\/\/www.yourhotelspa.com\/es\/hotel\/#breadcrumb\",\"itemListElement\":[{\"@type\":\"ListItem\",\"position\":1,\"name\":\"Home\",\"item\":\"https:\/\/www.yourhotelspa.com\/es\/\"},{\"@type\":\"ListItem\",\"position\":2,\"name\":\"Hotel\"}]},{\"@type\":\"WebSite\",\"@id\":\"https:\/\/www.yourhotelspa.com\/es\/#website\",\"url\":\"https:\/\/www.yourhotelspa.com\/es\/\",\"name\":\"Your Hotel & Spa Alcoba\u00e7a\",\"description\":\"Just another ms.decms.eu site\",\"potentialAction\":[{\"@type\":\"SearchAction\",\"target\":{\"@type\":\"EntryPoint\",\"urlTemplate\":\"https:\/\/www.yourhotelspa.com\/es\/?s={search_term_string}\"},\"query-input\":{\"@type\":\"PropertyValueSpecification\",\"valueRequired\":true,\"valueName\":\"search_term_string\"}}],\"inLanguage\":\"es\"}]}<\/script>\n<!-- \/ Yoast SEO plugin. -->","yoast_head_json":{"title":"Hotel - Your Hotel & Spa Alcoba\u00e7a","robots":{"index":"index","follow":"follow","max-snippet":"max-snippet:-1","max-image-preview":"max-image-preview:large","max-video-preview":"max-video-preview:-1"},"canonical":"https:\/\/www.yourhotelspa.com\/es\/hotel\/","og_locale":"es_ES","og_type":"article","og_title":"Hotel - Your Hotel & Spa Alcoba\u00e7a","og_description":"Ubicado en los alrededores de la ciudad hist\u00f3rica de Alcoba\u00e7a, Your Hotel &amp; Spa Alcoba\u00e7a es un lugar de refugio y tranquilidad, que combina el equilibrio de la naturaleza circundante con el confort de un hotel renovado para acogerle en una experiencia \u00fanica en la regi\u00f3n, haciendo renacer el concepto de puro descanso en el [&hellip;]","og_url":"https:\/\/www.yourhotelspa.com\/es\/hotel\/","og_site_name":"Your Hotel & Spa Alcoba\u00e7a","article_modified_time":"2021-02-18T16:28:34+00:00","twitter_card":"summary_large_image","twitter_misc":{"Tiempo de lectura":"1 minuto"},"schema":{"@context":"https:\/\/schema.org","@graph":[{"@type":"WebPage","@id":"https:\/\/www.yourhotelspa.com\/es\/hotel\/","url":"https:\/\/www.yourhotelspa.com\/es\/hotel\/","name":"Hotel - Your Hotel & Spa Alcoba\u00e7a","isPartOf":{"@id":"https:\/\/www.yourhotelspa.com\/es\/#website"},"datePublished":"2020-07-02T08:13:35+00:00","dateModified":"2021-02-18T16:28:34+00:00","breadcrumb":{"@id":"https:\/\/www.yourhotelspa.com\/es\/hotel\/#breadcrumb"},"inLanguage":"es","potentialAction":[{"@type":"ReadAction","target":["https:\/\/www.yourhotelspa.com\/es\/hotel\/"]}]},{"@type":"BreadcrumbList","@id":"https:\/\/www.yourhotelspa.com\/es\/hotel\/#breadcrumb","itemListElement":[{"@type":"ListItem","position":1,"name":"Home","item":"https:\/\/www.yourhotelspa.com\/es\/"},{"@type":"ListItem","position":2,"name":"Hotel"}]},{"@type":"WebSite","@id":"https:\/\/www.yourhotelspa.com\/es\/#website","url":"https:\/\/www.yourhotelspa.com\/es\/","name":"Your Hotel & Spa Alcoba\u00e7a","description":"Just another ms.decms.eu site","potentialAction":[{"@type":"SearchAction","target":{"@type":"EntryPoint","urlTemplate":"https:\/\/www.yourhotelspa.com\/es\/?s={search_term_string}"},"query-input":{"@type":"PropertyValueSpecification","valueRequired":true,"valueName":"search_term_string"}}],"inLanguage":"es"}]}},"acf":[],"_links":{"self":[{"href":"https:\/\/www.yourhotelspa.com\/es\/wp-json\/wp\/v2\/pages\/25","targetHints":{"allow":["GET"]}}],"collection":[{"href":"https:\/\/www.yourhotelspa.com\/es\/wp-json\/wp\/v2\/pages"}],"about":[{"href":"https:\/\/www.yourhotelspa.com\/es\/wp-json\/wp\/v2\/types\/page"}],"author":[{"embeddable":true,"href":"https:\/\/www.yourhotelspa.com\/es\/wp-json\/wp\/v2\/users\/4"}],"replies":[{"embeddable":true,"href":"https:\/\/www.yourhotelspa.com\/es\/wp-json\/wp\/v2\/comments?post=25"}],"version-history":[{"count":0,"href":"https:\/\/www.yourhotelspa.com\/es\/wp-json\/wp\/v2\/pages\/25\/revisions"}],"wp:attachment":[{"href":"https:\/\/www.yourhotelspa.com\/es\/wp-json\/wp\/v2\/media?parent=25"}],"curies":[{"name":"wp","href":"https:\/\/api.w.org\/{rel}","templated":true}]}}