{"id":2531,"date":"2026-04-24T10:47:58","date_gmt":"2026-04-24T10:47:58","guid":{"rendered":"https:\/\/www.yourhotelspa.com\/?page_id=2531"},"modified":"2026-04-24T11:59:11","modified_gmt":"2026-04-24T11:59:11","slug":"spa","status":"publish","type":"page","link":"https:\/\/www.yourhotelspa.com\/es\/ofertas\/spa\/","title":{"rendered":"Oferta Spa Abril"},"content":{"rendered":"<h6>Durante todo el mes, disfrute de nuestra oferta exclusiva:<\/h6>\n<p>\u27a5 <strong>1 <\/strong><strong>DUCHA VICHY (25 min) &amp; 1 BA\u00d1O DE HIDROMASAJE AROM\u00c1TICO (20 min)<\/strong><\/p>\n<p>\u00bb \ud835\udc00\ud835\udc07\ud835\udc0e\ud835\udc11\ud835\udc00: 70,00\u20ac<br \/>\n<del>\u00bb \ud835\udc00\ud835\udc0d\ud835\udc13\ud835\udc04\ud835\udc12: 85,00\u20ac<\/del><del><\/del><\/p>\n<p><strong>DUCHA VICHY:<\/strong>d\u00e9jese envolver por la energ\u00eda revitalizante de nuestra agua termal, donde los chorros recorren el cuerpo en un movimiento continuo, proporcionando un masaje natural y profundamente relajante. Este ritual estimula la circulaci\u00f3n, alivia la tensi\u00f3n muscular y promueve una sensaci\u00f3n \u00fanica de renovaci\u00f3n y bienestar.<\/p>\n<p><strong>BANHO DE HIDROMASSAGEM AROM\u00c1TICO:<\/strong>una experiencia relajante en agua termal y suaves aromas que revitalizan el cuerpo y tranquilizan la mente.<\/p>\n<p>&nbsp;<\/p>\n<p>&#8211; Consulte el men\u00fa completo aqu\u00ed (disponible en <a href=\"https:\/\/www.yourhotelspa.com\/wp-content\/uploads\/sites\/180\/2025\/08\/MAN-35-07-Menu-de-Tratamentos-PT-ALCO.pdf\">portugu\u00e9s<\/a> y <a href=\"https:\/\/www.yourhotelspa.com\/wp-content\/uploads\/sites\/180\/2025\/08\/MAN-37-07-Menu-de-Tratamentos-ING-ALCO.pdf\">ingl\u00e9s<\/a>) &#8211;<\/p>\n","protected":false},"excerpt":{"rendered":"<p>Durante todo el mes, disfrute de nuestra oferta exclusiva: \u27a5 1 DUCHA VICHY (25 min) &amp; 1 BA\u00d1O DE HIDROMASAJE AROM\u00c1TICO (20 min) \u00bb \ud835\udc00\ud835\udc07\ud835\udc0e\ud835\udc11\ud835\udc00: 70,00\u20ac \u00bb \ud835\udc00\ud835\udc0d\ud835\udc13\ud835\udc04\ud835\udc12: 85,00\u20ac DUCHA VICHY:d\u00e9jese envolver por la energ\u00eda revitalizante de nuestra agua termal, donde los chorros recorren el cuerpo en un movimiento continuo, proporcionando un masaje natural y [&hellip;]<\/p>\n","protected":false},"author":296,"featured_media":0,"parent":1075,"menu_order":5,"comment_status":"closed","ping_status":"closed","template":"","meta":{"footnotes":""},"class_list":["post-2531","page","type-page","status-publish","hentry"],"yoast_head":"<!-- This site is optimized with the Yoast SEO plugin v26.9 - https:\/\/yoast.com\/product\/yoast-seo-wordpress\/ -->\n<title>Oferta Spa Abril - Your Hotel &amp; Spa Alcoba\u00e7a<\/title>\n<meta name=\"robots\" content=\"index, follow, max-snippet:-1, max-image-preview:large, max-video-preview:-1\" \/>\n<link rel=\"canonical\" href=\"https:\/\/www.yourhotelspa.com\/es\/ofertas\/spa\/\" \/>\n<meta property=\"og:locale\" content=\"es_ES\" \/>\n<meta property=\"og:type\" content=\"article\" \/>\n<meta property=\"og:title\" content=\"Oferta Spa Abril - Your Hotel &amp; Spa Alcoba\u00e7a\" \/>\n<meta property=\"og:description\" content=\"Durante todo el mes, disfrute de nuestra oferta exclusiva: \u27a5 1 DUCHA VICHY (25 min) &amp; 1 BA\u00d1O DE HIDROMASAJE AROM\u00c1TICO (20 min) \u00bb \ud835\udc00\ud835\udc07\ud835\udc0e\ud835\udc11\ud835\udc00: 70,00\u20ac \u00bb \ud835\udc00\ud835\udc0d\ud835\udc13\ud835\udc04\ud835\udc12: 85,00\u20ac DUCHA VICHY:d\u00e9jese envolver por la energ\u00eda revitalizante de nuestra agua termal, donde los chorros recorren el cuerpo en un movimiento continuo, proporcionando un masaje natural y [&hellip;]\" \/>\n<meta property=\"og:url\" content=\"https:\/\/www.yourhotelspa.com\/es\/ofertas\/spa\/\" \/>\n<meta property=\"og:site_name\" content=\"Your Hotel &amp; Spa Alcoba\u00e7a\" \/>\n<meta property=\"article:modified_time\" content=\"2026-04-24T11:59:11+00:00\" \/>\n<meta name=\"twitter:card\" content=\"summary_large_image\" \/>\n<meta name=\"twitter:label1\" content=\"Tiempo de lectura\" \/>\n\t<meta name=\"twitter:data1\" content=\"1 minuto\" \/>\n<script type=\"application\/ld+json\" class=\"yoast-schema-graph\">{\"@context\":\"https:\/\/schema.org\",\"@graph\":[{\"@type\":\"WebPage\",\"@id\":\"https:\/\/www.yourhotelspa.com\/es\/ofertas\/spa\/\",\"url\":\"https:\/\/www.yourhotelspa.com\/es\/ofertas\/spa\/\",\"name\":\"Oferta Spa Abril - Your Hotel & Spa Alcoba\u00e7a\",\"isPartOf\":{\"@id\":\"https:\/\/www.yourhotelspa.com\/es\/#website\"},\"datePublished\":\"2026-04-24T10:47:58+00:00\",\"dateModified\":\"2026-04-24T11:59:11+00:00\",\"breadcrumb\":{\"@id\":\"https:\/\/www.yourhotelspa.com\/es\/ofertas\/spa\/#breadcrumb\"},\"inLanguage\":\"es\",\"potentialAction\":[{\"@type\":\"ReadAction\",\"target\":[\"https:\/\/www.yourhotelspa.com\/es\/ofertas\/spa\/\"]}]},{\"@type\":\"BreadcrumbList\",\"@id\":\"https:\/\/www.yourhotelspa.com\/es\/ofertas\/spa\/#breadcrumb\",\"itemListElement\":[{\"@type\":\"ListItem\",\"position\":1,\"name\":\"Home\",\"item\":\"https:\/\/www.yourhotelspa.com\/es\/\"},{\"@type\":\"ListItem\",\"position\":2,\"name\":\"Ofertas\",\"item\":\"https:\/\/www.yourhotelspa.com\/es\/ofertas\/\"},{\"@type\":\"ListItem\",\"position\":3,\"name\":\"Oferta Spa Abril\"}]},{\"@type\":\"WebSite\",\"@id\":\"https:\/\/www.yourhotelspa.com\/es\/#website\",\"url\":\"https:\/\/www.yourhotelspa.com\/es\/\",\"name\":\"Your Hotel & Spa Alcoba\u00e7a\",\"description\":\"Just another ms.decms.eu site\",\"potentialAction\":[{\"@type\":\"SearchAction\",\"target\":{\"@type\":\"EntryPoint\",\"urlTemplate\":\"https:\/\/www.yourhotelspa.com\/es\/?s={search_term_string}\"},\"query-input\":{\"@type\":\"PropertyValueSpecification\",\"valueRequired\":true,\"valueName\":\"search_term_string\"}}],\"inLanguage\":\"es\"}]}<\/script>\n<!-- \/ Yoast SEO plugin. -->","yoast_head_json":{"title":"Oferta Spa Abril - Your Hotel & Spa Alcoba\u00e7a","robots":{"index":"index","follow":"follow","max-snippet":"max-snippet:-1","max-image-preview":"max-image-preview:large","max-video-preview":"max-video-preview:-1"},"canonical":"https:\/\/www.yourhotelspa.com\/es\/ofertas\/spa\/","og_locale":"es_ES","og_type":"article","og_title":"Oferta Spa Abril - Your Hotel & Spa Alcoba\u00e7a","og_description":"Durante todo el mes, disfrute de nuestra oferta exclusiva: \u27a5 1 DUCHA VICHY (25 min) &amp; 1 BA\u00d1O DE HIDROMASAJE AROM\u00c1TICO (20 min) \u00bb \ud835\udc00\ud835\udc07\ud835\udc0e\ud835\udc11\ud835\udc00: 70,00\u20ac \u00bb \ud835\udc00\ud835\udc0d\ud835\udc13\ud835\udc04\ud835\udc12: 85,00\u20ac DUCHA VICHY:d\u00e9jese envolver por la energ\u00eda revitalizante de nuestra agua termal, donde los chorros recorren el cuerpo en un movimiento continuo, proporcionando un masaje natural y [&hellip;]","og_url":"https:\/\/www.yourhotelspa.com\/es\/ofertas\/spa\/","og_site_name":"Your Hotel & Spa Alcoba\u00e7a","article_modified_time":"2026-04-24T11:59:11+00:00","twitter_card":"summary_large_image","twitter_misc":{"Tiempo de lectura":"1 minuto"},"schema":{"@context":"https:\/\/schema.org","@graph":[{"@type":"WebPage","@id":"https:\/\/www.yourhotelspa.com\/es\/ofertas\/spa\/","url":"https:\/\/www.yourhotelspa.com\/es\/ofertas\/spa\/","name":"Oferta Spa Abril - Your Hotel & Spa Alcoba\u00e7a","isPartOf":{"@id":"https:\/\/www.yourhotelspa.com\/es\/#website"},"datePublished":"2026-04-24T10:47:58+00:00","dateModified":"2026-04-24T11:59:11+00:00","breadcrumb":{"@id":"https:\/\/www.yourhotelspa.com\/es\/ofertas\/spa\/#breadcrumb"},"inLanguage":"es","potentialAction":[{"@type":"ReadAction","target":["https:\/\/www.yourhotelspa.com\/es\/ofertas\/spa\/"]}]},{"@type":"BreadcrumbList","@id":"https:\/\/www.yourhotelspa.com\/es\/ofertas\/spa\/#breadcrumb","itemListElement":[{"@type":"ListItem","position":1,"name":"Home","item":"https:\/\/www.yourhotelspa.com\/es\/"},{"@type":"ListItem","position":2,"name":"Ofertas","item":"https:\/\/www.yourhotelspa.com\/es\/ofertas\/"},{"@type":"ListItem","position":3,"name":"Oferta Spa Abril"}]},{"@type":"WebSite","@id":"https:\/\/www.yourhotelspa.com\/es\/#website","url":"https:\/\/www.yourhotelspa.com\/es\/","name":"Your Hotel & Spa Alcoba\u00e7a","description":"Just another ms.decms.eu site","potentialAction":[{"@type":"SearchAction","target":{"@type":"EntryPoint","urlTemplate":"https:\/\/www.yourhotelspa.com\/es\/?s={search_term_string}"},"query-input":{"@type":"PropertyValueSpecification","valueRequired":true,"valueName":"search_term_string"}}],"inLanguage":"es"}]}},"acf":[],"_links":{"self":[{"href":"https:\/\/www.yourhotelspa.com\/es\/wp-json\/wp\/v2\/pages\/2531","targetHints":{"allow":["GET"]}}],"collection":[{"href":"https:\/\/www.yourhotelspa.com\/es\/wp-json\/wp\/v2\/pages"}],"about":[{"href":"https:\/\/www.yourhotelspa.com\/es\/wp-json\/wp\/v2\/types\/page"}],"author":[{"embeddable":true,"href":"https:\/\/www.yourhotelspa.com\/es\/wp-json\/wp\/v2\/users\/296"}],"replies":[{"embeddable":true,"href":"https:\/\/www.yourhotelspa.com\/es\/wp-json\/wp\/v2\/comments?post=2531"}],"version-history":[{"count":0,"href":"https:\/\/www.yourhotelspa.com\/es\/wp-json\/wp\/v2\/pages\/2531\/revisions"}],"up":[{"embeddable":true,"href":"https:\/\/www.yourhotelspa.com\/es\/wp-json\/wp\/v2\/pages\/1075"}],"wp:attachment":[{"href":"https:\/\/www.yourhotelspa.com\/es\/wp-json\/wp\/v2\/media?parent=2531"}],"curies":[{"name":"wp","href":"https:\/\/api.w.org\/{rel}","templated":true}]}}