{"id":2534,"date":"2026-04-24T13:47:27","date_gmt":"2026-04-24T13:47:27","guid":{"rendered":"https:\/\/www.yourhotelspa.com\/?page_id=2534"},"modified":"2026-04-24T14:13:13","modified_gmt":"2026-04-24T14:13:13","slug":"tarifa-especial-3-noches","status":"publish","type":"page","link":"https:\/\/www.yourhotelspa.com\/es\/ofertas\/tarifa-especial-3-noches\/","title":{"rendered":"3 NOCHES CON DESCUENTO \u2013 HASTA 12%"},"content":{"rendered":"<p><span style=\"font-weight: 400\">Your Hotel &amp; Spa Alcoba\u00e7a presenta una <strong>Tarifa Especial <\/strong>pensada para que pueda relajarse y rejuvenecer durante su estancia! Reserve directamente en nuestro sitio web y disfrute de un descuento en <strong>estancias m\u00ednimas de 3 noches<\/strong> (en todas las tipolog\u00edas de alojamiento).<\/span><\/p>\n<p>&nbsp;<\/p>\n<p>\u00a1<a href=\"https:\/\/www.secure-hotel-booking.com\/smart\/Your-Hotel-Spa-Alcobaca\/JJDF\/en\/?_ga=2.236988800.1464899290.1647854456-1490617000.1635417023\"><strong>Reserve ahora<\/strong><\/a> directamente a trav\u00e9s de nuestro <strong><a href=\"https:\/\/www.secure-hotel-booking.com\/smart\/Your-Hotel-Spa-Alcobaca\/JJDF\/en\/?_ga=2.236988800.1464899290.1647854456-1490617000.1635417023\">sitio web<\/a><\/strong>!<\/p>\n","protected":false},"excerpt":{"rendered":"<p>Your Hotel &amp; Spa Alcoba\u00e7a presenta una Tarifa Especial pensada para que pueda relajarse y rejuvenecer durante su estancia! Reserve directamente en nuestro sitio web y disfrute de un descuento en estancias m\u00ednimas de 3 noches (en todas las tipolog\u00edas de alojamiento). &nbsp; \u00a1Reserve ahora directamente a trav\u00e9s de nuestro sitio web!<\/p>\n","protected":false},"author":296,"featured_media":0,"parent":1075,"menu_order":7,"comment_status":"closed","ping_status":"closed","template":"","meta":{"footnotes":""},"class_list":["post-2534","page","type-page","status-publish","hentry"],"yoast_head":"<!-- This site is optimized with the Yoast SEO plugin v26.9 - https:\/\/yoast.com\/product\/yoast-seo-wordpress\/ -->\n<title>Tarifa especial de 3 noches - Your Hotel &amp; Spa Alcoba\u00e7a<\/title>\n<meta name=\"description\" content=\"Aprovecha la tarifa especial en Your Hotel &amp; Spa Alcoba\u00e7a. Descuento de hasta el 12 % en estancias de 3 noches o m\u00e1s. \u00a1Reserva ya!\" \/>\n<meta name=\"robots\" content=\"index, follow, max-snippet:-1, max-image-preview:large, max-video-preview:-1\" \/>\n<link rel=\"canonical\" href=\"https:\/\/www.yourhotelspa.com\/es\/ofertas\/tarifa-especial-3-noches\/\" \/>\n<meta property=\"og:locale\" content=\"es_ES\" \/>\n<meta property=\"og:type\" content=\"article\" \/>\n<meta property=\"og:title\" content=\"Tarifa especial de 3 noches - Your Hotel &amp; Spa Alcoba\u00e7a\" \/>\n<meta property=\"og:description\" content=\"Aprovecha la tarifa especial en Your Hotel &amp; Spa Alcoba\u00e7a. Descuento de hasta el 12 % en estancias de 3 noches o m\u00e1s. \u00a1Reserva ya!\" \/>\n<meta property=\"og:url\" content=\"https:\/\/www.yourhotelspa.com\/es\/ofertas\/tarifa-especial-3-noches\/\" \/>\n<meta property=\"og:site_name\" content=\"Your Hotel &amp; Spa Alcoba\u00e7a\" \/>\n<meta property=\"article:modified_time\" content=\"2026-04-24T14:13:13+00:00\" \/>\n<meta name=\"twitter:card\" content=\"summary_large_image\" \/>\n<meta name=\"twitter:label1\" content=\"Tiempo de lectura\" \/>\n\t<meta name=\"twitter:data1\" content=\"1 minuto\" \/>\n<script type=\"application\/ld+json\" class=\"yoast-schema-graph\">{\"@context\":\"https:\/\/schema.org\",\"@graph\":[{\"@type\":\"WebPage\",\"@id\":\"https:\/\/www.yourhotelspa.com\/es\/ofertas\/tarifa-especial-3-noches\/\",\"url\":\"https:\/\/www.yourhotelspa.com\/es\/ofertas\/tarifa-especial-3-noches\/\",\"name\":\"Tarifa especial de 3 noches - Your Hotel & Spa Alcoba\u00e7a\",\"isPartOf\":{\"@id\":\"https:\/\/www.yourhotelspa.com\/es\/#website\"},\"datePublished\":\"2026-04-24T13:47:27+00:00\",\"dateModified\":\"2026-04-24T14:13:13+00:00\",\"description\":\"Aprovecha la tarifa especial en Your Hotel & Spa Alcoba\u00e7a. Descuento de hasta el 12 % en estancias de 3 noches o m\u00e1s. \u00a1Reserva ya!\",\"breadcrumb\":{\"@id\":\"https:\/\/www.yourhotelspa.com\/es\/ofertas\/tarifa-especial-3-noches\/#breadcrumb\"},\"inLanguage\":\"es\",\"potentialAction\":[{\"@type\":\"ReadAction\",\"target\":[\"https:\/\/www.yourhotelspa.com\/es\/ofertas\/tarifa-especial-3-noches\/\"]}]},{\"@type\":\"BreadcrumbList\",\"@id\":\"https:\/\/www.yourhotelspa.com\/es\/ofertas\/tarifa-especial-3-noches\/#breadcrumb\",\"itemListElement\":[{\"@type\":\"ListItem\",\"position\":1,\"name\":\"Home\",\"item\":\"https:\/\/www.yourhotelspa.com\/es\/\"},{\"@type\":\"ListItem\",\"position\":2,\"name\":\"Ofertas\",\"item\":\"https:\/\/www.yourhotelspa.com\/es\/ofertas\/\"},{\"@type\":\"ListItem\",\"position\":3,\"name\":\"3 NOCHES CON DESCUENTO \u2013 HASTA 12%\"}]},{\"@type\":\"WebSite\",\"@id\":\"https:\/\/www.yourhotelspa.com\/es\/#website\",\"url\":\"https:\/\/www.yourhotelspa.com\/es\/\",\"name\":\"Your Hotel & Spa Alcoba\u00e7a\",\"description\":\"Just another ms.decms.eu site\",\"potentialAction\":[{\"@type\":\"SearchAction\",\"target\":{\"@type\":\"EntryPoint\",\"urlTemplate\":\"https:\/\/www.yourhotelspa.com\/es\/?s={search_term_string}\"},\"query-input\":{\"@type\":\"PropertyValueSpecification\",\"valueRequired\":true,\"valueName\":\"search_term_string\"}}],\"inLanguage\":\"es\"}]}<\/script>\n<!-- \/ Yoast SEO plugin. -->","yoast_head_json":{"title":"Tarifa especial de 3 noches - Your Hotel & Spa Alcoba\u00e7a","description":"Aprovecha la tarifa especial en Your Hotel & Spa Alcoba\u00e7a. Descuento de hasta el 12 % en estancias de 3 noches o m\u00e1s. \u00a1Reserva ya!","robots":{"index":"index","follow":"follow","max-snippet":"max-snippet:-1","max-image-preview":"max-image-preview:large","max-video-preview":"max-video-preview:-1"},"canonical":"https:\/\/www.yourhotelspa.com\/es\/ofertas\/tarifa-especial-3-noches\/","og_locale":"es_ES","og_type":"article","og_title":"Tarifa especial de 3 noches - Your Hotel & Spa Alcoba\u00e7a","og_description":"Aprovecha la tarifa especial en Your Hotel & Spa Alcoba\u00e7a. Descuento de hasta el 12 % en estancias de 3 noches o m\u00e1s. \u00a1Reserva ya!","og_url":"https:\/\/www.yourhotelspa.com\/es\/ofertas\/tarifa-especial-3-noches\/","og_site_name":"Your Hotel & Spa Alcoba\u00e7a","article_modified_time":"2026-04-24T14:13:13+00:00","twitter_card":"summary_large_image","twitter_misc":{"Tiempo de lectura":"1 minuto"},"schema":{"@context":"https:\/\/schema.org","@graph":[{"@type":"WebPage","@id":"https:\/\/www.yourhotelspa.com\/es\/ofertas\/tarifa-especial-3-noches\/","url":"https:\/\/www.yourhotelspa.com\/es\/ofertas\/tarifa-especial-3-noches\/","name":"Tarifa especial de 3 noches - Your Hotel & Spa Alcoba\u00e7a","isPartOf":{"@id":"https:\/\/www.yourhotelspa.com\/es\/#website"},"datePublished":"2026-04-24T13:47:27+00:00","dateModified":"2026-04-24T14:13:13+00:00","description":"Aprovecha la tarifa especial en Your Hotel & Spa Alcoba\u00e7a. Descuento de hasta el 12 % en estancias de 3 noches o m\u00e1s. \u00a1Reserva ya!","breadcrumb":{"@id":"https:\/\/www.yourhotelspa.com\/es\/ofertas\/tarifa-especial-3-noches\/#breadcrumb"},"inLanguage":"es","potentialAction":[{"@type":"ReadAction","target":["https:\/\/www.yourhotelspa.com\/es\/ofertas\/tarifa-especial-3-noches\/"]}]},{"@type":"BreadcrumbList","@id":"https:\/\/www.yourhotelspa.com\/es\/ofertas\/tarifa-especial-3-noches\/#breadcrumb","itemListElement":[{"@type":"ListItem","position":1,"name":"Home","item":"https:\/\/www.yourhotelspa.com\/es\/"},{"@type":"ListItem","position":2,"name":"Ofertas","item":"https:\/\/www.yourhotelspa.com\/es\/ofertas\/"},{"@type":"ListItem","position":3,"name":"3 NOCHES CON DESCUENTO \u2013 HASTA 12%"}]},{"@type":"WebSite","@id":"https:\/\/www.yourhotelspa.com\/es\/#website","url":"https:\/\/www.yourhotelspa.com\/es\/","name":"Your Hotel & Spa Alcoba\u00e7a","description":"Just another ms.decms.eu site","potentialAction":[{"@type":"SearchAction","target":{"@type":"EntryPoint","urlTemplate":"https:\/\/www.yourhotelspa.com\/es\/?s={search_term_string}"},"query-input":{"@type":"PropertyValueSpecification","valueRequired":true,"valueName":"search_term_string"}}],"inLanguage":"es"}]}},"acf":[],"_links":{"self":[{"href":"https:\/\/www.yourhotelspa.com\/es\/wp-json\/wp\/v2\/pages\/2534","targetHints":{"allow":["GET"]}}],"collection":[{"href":"https:\/\/www.yourhotelspa.com\/es\/wp-json\/wp\/v2\/pages"}],"about":[{"href":"https:\/\/www.yourhotelspa.com\/es\/wp-json\/wp\/v2\/types\/page"}],"author":[{"embeddable":true,"href":"https:\/\/www.yourhotelspa.com\/es\/wp-json\/wp\/v2\/users\/296"}],"replies":[{"embeddable":true,"href":"https:\/\/www.yourhotelspa.com\/es\/wp-json\/wp\/v2\/comments?post=2534"}],"version-history":[{"count":0,"href":"https:\/\/www.yourhotelspa.com\/es\/wp-json\/wp\/v2\/pages\/2534\/revisions"}],"up":[{"embeddable":true,"href":"https:\/\/www.yourhotelspa.com\/es\/wp-json\/wp\/v2\/pages\/1075"}],"wp:attachment":[{"href":"https:\/\/www.yourhotelspa.com\/es\/wp-json\/wp\/v2\/media?parent=2534"}],"curies":[{"name":"wp","href":"https:\/\/api.w.org\/{rel}","templated":true}]}}