{"id":2538,"date":"2026-04-27T10:53:38","date_gmt":"2026-04-27T10:53:38","guid":{"rendered":"https:\/\/www.yourhotelspa.com\/?page_id=2538"},"modified":"2026-04-27T11:13:08","modified_gmt":"2026-04-27T11:13:08","slug":"oferta-de-1-noche","status":"publish","type":"page","link":"https:\/\/www.yourhotelspa.com\/es\/ofertas\/oferta-de-1-noche\/","title":{"rendered":"Oferta de 1 Noche"},"content":{"rendered":"<p>Con la <strong>Tarifa de Larga Estancia<\/strong> tendr\u00e1 la oportunidad de descubrir las maravillas de la Regi\u00f3n Oeste, desde su: Patrimonio Hist\u00f3rico (Monasterio de Alcoba\u00e7a, Monasterio de Batalha, Convento de Tomar, Castillo de \u00d3bidos) hasta su Patrimonio Natural (Nazar\u00e9, S\u00e3o Martinho, Serra dos Candeeiros) en una experiencia \u00fanica y completa.<\/p>\n<p>Reserve <strong>5 noches<\/strong> y Your Hotel &amp; Spa Alcoba\u00e7a le <strong>ofrece una de ellas<\/strong> (v\u00e1lido para todas las tipolog\u00edas de alojamiento) &#8211; \u00a1No pierda esta oportunidad!<\/p>\n<p>&nbsp;<\/p>\n<p>\u00a1<strong><a href=\"https:\/\/www.secure-hotel-booking.com\/smart\/Your-Hotel-Spa-Alcobaca\/JJDF\/en\/?_ga=2.236988800.1464899290.1647854456-1490617000.1635417023\">Reserve ahora<\/a><\/strong> directamente a trav\u00e9s de nuestra <strong><a href=\"https:\/\/www.secure-hotel-booking.com\/smart\/Your-Hotel-Spa-Alcobaca\/JJDF\/en\/?_ga=2.236988800.1464899290.1647854456-1490617000.1635417023\">sitio web<\/a><\/strong>!<\/p>\n","protected":false},"excerpt":{"rendered":"<p>Con la Tarifa de Larga Estancia tendr\u00e1 la oportunidad de descubrir las maravillas de la Regi\u00f3n Oeste, desde su: Patrimonio Hist\u00f3rico (Monasterio de Alcoba\u00e7a, Monasterio de Batalha, Convento de Tomar, Castillo de \u00d3bidos) hasta su Patrimonio Natural (Nazar\u00e9, S\u00e3o Martinho, Serra dos Candeeiros) en una experiencia \u00fanica y completa. Reserve 5 noches y Your Hotel [&hellip;]<\/p>\n","protected":false},"author":296,"featured_media":0,"parent":1075,"menu_order":8,"comment_status":"closed","ping_status":"closed","template":"","meta":{"footnotes":""},"class_list":["post-2538","page","type-page","status-publish","hentry"],"yoast_head":"<!-- This site is optimized with the Yoast SEO plugin v26.9 - https:\/\/yoast.com\/product\/yoast-seo-wordpress\/ -->\n<title>Tarifa Especial - Oferta de 1 Noche - Your Hotel &amp; Spa Alcoba\u00e7a<\/title>\n<meta name=\"description\" content=\"Con la Tarifa Especial de Larga Estancia, Your Hotel &amp; Spa Alcoba\u00e7a le ofrece 1 noche. \u00a1Aproveche esta tarifa especial y reserve ya con nosotros!\" \/>\n<meta name=\"robots\" content=\"index, follow, max-snippet:-1, max-image-preview:large, max-video-preview:-1\" \/>\n<link rel=\"canonical\" href=\"https:\/\/www.yourhotelspa.com\/es\/ofertas\/oferta-de-1-noche\/\" \/>\n<meta property=\"og:locale\" content=\"es_ES\" \/>\n<meta property=\"og:type\" content=\"article\" \/>\n<meta property=\"og:title\" content=\"Tarifa Especial - Oferta de 1 Noche - Your Hotel &amp; Spa Alcoba\u00e7a\" \/>\n<meta property=\"og:description\" content=\"Con la Tarifa Especial de Larga Estancia, Your Hotel &amp; Spa Alcoba\u00e7a le ofrece 1 noche. \u00a1Aproveche esta tarifa especial y reserve ya con nosotros!\" \/>\n<meta property=\"og:url\" content=\"https:\/\/www.yourhotelspa.com\/es\/ofertas\/oferta-de-1-noche\/\" \/>\n<meta property=\"og:site_name\" content=\"Your Hotel &amp; Spa Alcoba\u00e7a\" \/>\n<meta property=\"article:modified_time\" content=\"2026-04-27T11:13:08+00:00\" \/>\n<meta name=\"twitter:card\" content=\"summary_large_image\" \/>\n<meta name=\"twitter:label1\" content=\"Tiempo de lectura\" \/>\n\t<meta name=\"twitter:data1\" content=\"1 minuto\" \/>\n<script type=\"application\/ld+json\" class=\"yoast-schema-graph\">{\"@context\":\"https:\/\/schema.org\",\"@graph\":[{\"@type\":\"WebPage\",\"@id\":\"https:\/\/www.yourhotelspa.com\/es\/ofertas\/oferta-de-1-noche\/\",\"url\":\"https:\/\/www.yourhotelspa.com\/es\/ofertas\/oferta-de-1-noche\/\",\"name\":\"Tarifa Especial - Oferta de 1 Noche - Your Hotel & Spa Alcoba\u00e7a\",\"isPartOf\":{\"@id\":\"https:\/\/www.yourhotelspa.com\/es\/#website\"},\"datePublished\":\"2026-04-27T10:53:38+00:00\",\"dateModified\":\"2026-04-27T11:13:08+00:00\",\"description\":\"Con la Tarifa Especial de Larga Estancia, Your Hotel & Spa Alcoba\u00e7a le ofrece 1 noche. \u00a1Aproveche esta tarifa especial y reserve ya con nosotros!\",\"breadcrumb\":{\"@id\":\"https:\/\/www.yourhotelspa.com\/es\/ofertas\/oferta-de-1-noche\/#breadcrumb\"},\"inLanguage\":\"es\",\"potentialAction\":[{\"@type\":\"ReadAction\",\"target\":[\"https:\/\/www.yourhotelspa.com\/es\/ofertas\/oferta-de-1-noche\/\"]}]},{\"@type\":\"BreadcrumbList\",\"@id\":\"https:\/\/www.yourhotelspa.com\/es\/ofertas\/oferta-de-1-noche\/#breadcrumb\",\"itemListElement\":[{\"@type\":\"ListItem\",\"position\":1,\"name\":\"Home\",\"item\":\"https:\/\/www.yourhotelspa.com\/es\/\"},{\"@type\":\"ListItem\",\"position\":2,\"name\":\"Ofertas\",\"item\":\"https:\/\/www.yourhotelspa.com\/es\/ofertas\/\"},{\"@type\":\"ListItem\",\"position\":3,\"name\":\"Oferta de 1 Noche\"}]},{\"@type\":\"WebSite\",\"@id\":\"https:\/\/www.yourhotelspa.com\/es\/#website\",\"url\":\"https:\/\/www.yourhotelspa.com\/es\/\",\"name\":\"Your Hotel & Spa Alcoba\u00e7a\",\"description\":\"Just another ms.decms.eu site\",\"potentialAction\":[{\"@type\":\"SearchAction\",\"target\":{\"@type\":\"EntryPoint\",\"urlTemplate\":\"https:\/\/www.yourhotelspa.com\/es\/?s={search_term_string}\"},\"query-input\":{\"@type\":\"PropertyValueSpecification\",\"valueRequired\":true,\"valueName\":\"search_term_string\"}}],\"inLanguage\":\"es\"}]}<\/script>\n<!-- \/ Yoast SEO plugin. -->","yoast_head_json":{"title":"Tarifa Especial - Oferta de 1 Noche - Your Hotel & Spa Alcoba\u00e7a","description":"Con la Tarifa Especial de Larga Estancia, Your Hotel & Spa Alcoba\u00e7a le ofrece 1 noche. \u00a1Aproveche esta tarifa especial y reserve ya con nosotros!","robots":{"index":"index","follow":"follow","max-snippet":"max-snippet:-1","max-image-preview":"max-image-preview:large","max-video-preview":"max-video-preview:-1"},"canonical":"https:\/\/www.yourhotelspa.com\/es\/ofertas\/oferta-de-1-noche\/","og_locale":"es_ES","og_type":"article","og_title":"Tarifa Especial - Oferta de 1 Noche - Your Hotel & Spa Alcoba\u00e7a","og_description":"Con la Tarifa Especial de Larga Estancia, Your Hotel & Spa Alcoba\u00e7a le ofrece 1 noche. \u00a1Aproveche esta tarifa especial y reserve ya con nosotros!","og_url":"https:\/\/www.yourhotelspa.com\/es\/ofertas\/oferta-de-1-noche\/","og_site_name":"Your Hotel & Spa Alcoba\u00e7a","article_modified_time":"2026-04-27T11:13:08+00:00","twitter_card":"summary_large_image","twitter_misc":{"Tiempo de lectura":"1 minuto"},"schema":{"@context":"https:\/\/schema.org","@graph":[{"@type":"WebPage","@id":"https:\/\/www.yourhotelspa.com\/es\/ofertas\/oferta-de-1-noche\/","url":"https:\/\/www.yourhotelspa.com\/es\/ofertas\/oferta-de-1-noche\/","name":"Tarifa Especial - Oferta de 1 Noche - Your Hotel & Spa Alcoba\u00e7a","isPartOf":{"@id":"https:\/\/www.yourhotelspa.com\/es\/#website"},"datePublished":"2026-04-27T10:53:38+00:00","dateModified":"2026-04-27T11:13:08+00:00","description":"Con la Tarifa Especial de Larga Estancia, Your Hotel & Spa Alcoba\u00e7a le ofrece 1 noche. \u00a1Aproveche esta tarifa especial y reserve ya con nosotros!","breadcrumb":{"@id":"https:\/\/www.yourhotelspa.com\/es\/ofertas\/oferta-de-1-noche\/#breadcrumb"},"inLanguage":"es","potentialAction":[{"@type":"ReadAction","target":["https:\/\/www.yourhotelspa.com\/es\/ofertas\/oferta-de-1-noche\/"]}]},{"@type":"BreadcrumbList","@id":"https:\/\/www.yourhotelspa.com\/es\/ofertas\/oferta-de-1-noche\/#breadcrumb","itemListElement":[{"@type":"ListItem","position":1,"name":"Home","item":"https:\/\/www.yourhotelspa.com\/es\/"},{"@type":"ListItem","position":2,"name":"Ofertas","item":"https:\/\/www.yourhotelspa.com\/es\/ofertas\/"},{"@type":"ListItem","position":3,"name":"Oferta de 1 Noche"}]},{"@type":"WebSite","@id":"https:\/\/www.yourhotelspa.com\/es\/#website","url":"https:\/\/www.yourhotelspa.com\/es\/","name":"Your Hotel & Spa Alcoba\u00e7a","description":"Just another ms.decms.eu site","potentialAction":[{"@type":"SearchAction","target":{"@type":"EntryPoint","urlTemplate":"https:\/\/www.yourhotelspa.com\/es\/?s={search_term_string}"},"query-input":{"@type":"PropertyValueSpecification","valueRequired":true,"valueName":"search_term_string"}}],"inLanguage":"es"}]}},"acf":[],"_links":{"self":[{"href":"https:\/\/www.yourhotelspa.com\/es\/wp-json\/wp\/v2\/pages\/2538","targetHints":{"allow":["GET"]}}],"collection":[{"href":"https:\/\/www.yourhotelspa.com\/es\/wp-json\/wp\/v2\/pages"}],"about":[{"href":"https:\/\/www.yourhotelspa.com\/es\/wp-json\/wp\/v2\/types\/page"}],"author":[{"embeddable":true,"href":"https:\/\/www.yourhotelspa.com\/es\/wp-json\/wp\/v2\/users\/296"}],"replies":[{"embeddable":true,"href":"https:\/\/www.yourhotelspa.com\/es\/wp-json\/wp\/v2\/comments?post=2538"}],"version-history":[{"count":0,"href":"https:\/\/www.yourhotelspa.com\/es\/wp-json\/wp\/v2\/pages\/2538\/revisions"}],"up":[{"embeddable":true,"href":"https:\/\/www.yourhotelspa.com\/es\/wp-json\/wp\/v2\/pages\/1075"}],"wp:attachment":[{"href":"https:\/\/www.yourhotelspa.com\/es\/wp-json\/wp\/v2\/media?parent=2538"}],"curies":[{"name":"wp","href":"https:\/\/api.w.org\/{rel}","templated":true}]}}