{"id":2543,"date":"2026-04-27T11:29:17","date_gmt":"2026-04-27T11:29:17","guid":{"rendered":"https:\/\/www.yourhotelspa.com\/?page_id=2543"},"modified":"2026-04-27T11:35:57","modified_gmt":"2026-04-27T11:35:57","slug":"reserva-anticipada","status":"publish","type":"page","link":"https:\/\/www.yourhotelspa.com\/es\/ofertas\/reserva-anticipada\/","title":{"rendered":"Reserva Anticipada \u2013 Hasta 15% de Descuento"},"content":{"rendered":"<p data-start=\"364\" data-end=\"633\">En Your Hotel &amp; Spa Alcoba\u00e7a, planificar con antelaci\u00f3n ofrece <strong>ventajas exclusivas<\/strong>.<br data-start=\"463\" data-end=\"466\" \/>Al realizar su reserva directamente en nuestro sitio web con al menos <strong>45 d\u00edas de antelaci\u00f3n<\/strong>, disfrute de condiciones especiales en todas las tipolog\u00edas de alojamiento.<\/p>\n<p data-start=\"635\" data-end=\"700\">Aproveche esta oportunidad y asegure su estancia al mejor precio.<\/p>\n<p>&nbsp;<\/p>\n<p>\u00a1<a href=\"https:\/\/www.secure-hotel-booking.com\/smart\/Your-Hotel-Spa-Alcobaca\/JJDF\/en\/?_ga=2.236988800.1464899290.1647854456-1490617000.1635417023\"><strong>Reserve ahora<\/strong><\/a> directamente a trav\u00e9s de nuestro <strong><a href=\"https:\/\/www.secure-hotel-booking.com\/smart\/Your-Hotel-Spa-Alcobaca\/JJDF\/en\/?_ga=2.236988800.1464899290.1647854456-1490617000.1635417023\">sitio web<\/a><\/strong>!<\/p>\n","protected":false},"excerpt":{"rendered":"<p>En Your Hotel &amp; Spa Alcoba\u00e7a, planificar con antelaci\u00f3n ofrece ventajas exclusivas.Al realizar su reserva directamente en nuestro sitio web con al menos 45 d\u00edas de antelaci\u00f3n, disfrute de condiciones especiales en todas las tipolog\u00edas de alojamiento. Aproveche esta oportunidad y asegure su estancia al mejor precio. &nbsp; \u00a1Reserve ahora directamente a trav\u00e9s de nuestro [&hellip;]<\/p>\n","protected":false},"author":296,"featured_media":0,"parent":1075,"menu_order":9,"comment_status":"closed","ping_status":"closed","template":"","meta":{"footnotes":""},"class_list":["post-2543","page","type-page","status-publish","hentry"],"yoast_head":"<!-- This site is optimized with the Yoast SEO plugin v26.9 - https:\/\/yoast.com\/product\/yoast-seo-wordpress\/ -->\n<title>Reserva Anticipada \u2013 Hasta 15% de Descuento - Your Hotel &amp; Spa Alcoba\u00e7a<\/title>\n<meta name=\"description\" content=\"Aproveche la reserva anticipada en Your Hotel &amp; Spa Alcoba\u00e7a y obtenga hasta un 15% de descuento. Reserve con 45 d\u00edas de antelaci\u00f3n y asegure el mejor precio.\" \/>\n<meta name=\"robots\" content=\"index, follow, max-snippet:-1, max-image-preview:large, max-video-preview:-1\" \/>\n<link rel=\"canonical\" href=\"https:\/\/www.yourhotelspa.com\/es\/ofertas\/reserva-anticipada\/\" \/>\n<meta property=\"og:locale\" content=\"es_ES\" \/>\n<meta property=\"og:type\" content=\"article\" \/>\n<meta property=\"og:title\" content=\"Reserva Anticipada \u2013 Hasta 15% de Descuento - Your Hotel &amp; Spa Alcoba\u00e7a\" \/>\n<meta property=\"og:description\" content=\"Aproveche la reserva anticipada en Your Hotel &amp; Spa Alcoba\u00e7a y obtenga hasta un 15% de descuento. Reserve con 45 d\u00edas de antelaci\u00f3n y asegure el mejor precio.\" \/>\n<meta property=\"og:url\" content=\"https:\/\/www.yourhotelspa.com\/es\/ofertas\/reserva-anticipada\/\" \/>\n<meta property=\"og:site_name\" content=\"Your Hotel &amp; Spa Alcoba\u00e7a\" \/>\n<meta property=\"article:modified_time\" content=\"2026-04-27T11:35:57+00:00\" \/>\n<meta name=\"twitter:card\" content=\"summary_large_image\" \/>\n<meta name=\"twitter:label1\" content=\"Tiempo de lectura\" \/>\n\t<meta name=\"twitter:data1\" content=\"1 minuto\" \/>\n<script type=\"application\/ld+json\" class=\"yoast-schema-graph\">{\"@context\":\"https:\/\/schema.org\",\"@graph\":[{\"@type\":\"WebPage\",\"@id\":\"https:\/\/www.yourhotelspa.com\/es\/ofertas\/reserva-anticipada\/\",\"url\":\"https:\/\/www.yourhotelspa.com\/es\/ofertas\/reserva-anticipada\/\",\"name\":\"Reserva Anticipada \u2013 Hasta 15% de Descuento - Your Hotel & Spa Alcoba\u00e7a\",\"isPartOf\":{\"@id\":\"https:\/\/www.yourhotelspa.com\/es\/#website\"},\"datePublished\":\"2026-04-27T11:29:17+00:00\",\"dateModified\":\"2026-04-27T11:35:57+00:00\",\"description\":\"Aproveche la reserva anticipada en Your Hotel & Spa Alcoba\u00e7a y obtenga hasta un 15% de descuento. Reserve con 45 d\u00edas de antelaci\u00f3n y asegure el mejor precio.\",\"breadcrumb\":{\"@id\":\"https:\/\/www.yourhotelspa.com\/es\/ofertas\/reserva-anticipada\/#breadcrumb\"},\"inLanguage\":\"es\",\"potentialAction\":[{\"@type\":\"ReadAction\",\"target\":[\"https:\/\/www.yourhotelspa.com\/es\/ofertas\/reserva-anticipada\/\"]}]},{\"@type\":\"BreadcrumbList\",\"@id\":\"https:\/\/www.yourhotelspa.com\/es\/ofertas\/reserva-anticipada\/#breadcrumb\",\"itemListElement\":[{\"@type\":\"ListItem\",\"position\":1,\"name\":\"Home\",\"item\":\"https:\/\/www.yourhotelspa.com\/es\/\"},{\"@type\":\"ListItem\",\"position\":2,\"name\":\"Ofertas\",\"item\":\"https:\/\/www.yourhotelspa.com\/es\/ofertas\/\"},{\"@type\":\"ListItem\",\"position\":3,\"name\":\"Reserva Anticipada \u2013 Hasta 15% de Descuento\"}]},{\"@type\":\"WebSite\",\"@id\":\"https:\/\/www.yourhotelspa.com\/es\/#website\",\"url\":\"https:\/\/www.yourhotelspa.com\/es\/\",\"name\":\"Your Hotel & Spa Alcoba\u00e7a\",\"description\":\"Just another ms.decms.eu site\",\"potentialAction\":[{\"@type\":\"SearchAction\",\"target\":{\"@type\":\"EntryPoint\",\"urlTemplate\":\"https:\/\/www.yourhotelspa.com\/es\/?s={search_term_string}\"},\"query-input\":{\"@type\":\"PropertyValueSpecification\",\"valueRequired\":true,\"valueName\":\"search_term_string\"}}],\"inLanguage\":\"es\"}]}<\/script>\n<!-- \/ Yoast SEO plugin. -->","yoast_head_json":{"title":"Reserva Anticipada \u2013 Hasta 15% de Descuento - Your Hotel & Spa Alcoba\u00e7a","description":"Aproveche la reserva anticipada en Your Hotel & Spa Alcoba\u00e7a y obtenga hasta un 15% de descuento. Reserve con 45 d\u00edas de antelaci\u00f3n y asegure el mejor precio.","robots":{"index":"index","follow":"follow","max-snippet":"max-snippet:-1","max-image-preview":"max-image-preview:large","max-video-preview":"max-video-preview:-1"},"canonical":"https:\/\/www.yourhotelspa.com\/es\/ofertas\/reserva-anticipada\/","og_locale":"es_ES","og_type":"article","og_title":"Reserva Anticipada \u2013 Hasta 15% de Descuento - Your Hotel & Spa Alcoba\u00e7a","og_description":"Aproveche la reserva anticipada en Your Hotel & Spa Alcoba\u00e7a y obtenga hasta un 15% de descuento. Reserve con 45 d\u00edas de antelaci\u00f3n y asegure el mejor precio.","og_url":"https:\/\/www.yourhotelspa.com\/es\/ofertas\/reserva-anticipada\/","og_site_name":"Your Hotel & Spa Alcoba\u00e7a","article_modified_time":"2026-04-27T11:35:57+00:00","twitter_card":"summary_large_image","twitter_misc":{"Tiempo de lectura":"1 minuto"},"schema":{"@context":"https:\/\/schema.org","@graph":[{"@type":"WebPage","@id":"https:\/\/www.yourhotelspa.com\/es\/ofertas\/reserva-anticipada\/","url":"https:\/\/www.yourhotelspa.com\/es\/ofertas\/reserva-anticipada\/","name":"Reserva Anticipada \u2013 Hasta 15% de Descuento - Your Hotel & Spa Alcoba\u00e7a","isPartOf":{"@id":"https:\/\/www.yourhotelspa.com\/es\/#website"},"datePublished":"2026-04-27T11:29:17+00:00","dateModified":"2026-04-27T11:35:57+00:00","description":"Aproveche la reserva anticipada en Your Hotel & Spa Alcoba\u00e7a y obtenga hasta un 15% de descuento. Reserve con 45 d\u00edas de antelaci\u00f3n y asegure el mejor precio.","breadcrumb":{"@id":"https:\/\/www.yourhotelspa.com\/es\/ofertas\/reserva-anticipada\/#breadcrumb"},"inLanguage":"es","potentialAction":[{"@type":"ReadAction","target":["https:\/\/www.yourhotelspa.com\/es\/ofertas\/reserva-anticipada\/"]}]},{"@type":"BreadcrumbList","@id":"https:\/\/www.yourhotelspa.com\/es\/ofertas\/reserva-anticipada\/#breadcrumb","itemListElement":[{"@type":"ListItem","position":1,"name":"Home","item":"https:\/\/www.yourhotelspa.com\/es\/"},{"@type":"ListItem","position":2,"name":"Ofertas","item":"https:\/\/www.yourhotelspa.com\/es\/ofertas\/"},{"@type":"ListItem","position":3,"name":"Reserva Anticipada \u2013 Hasta 15% de Descuento"}]},{"@type":"WebSite","@id":"https:\/\/www.yourhotelspa.com\/es\/#website","url":"https:\/\/www.yourhotelspa.com\/es\/","name":"Your Hotel & Spa Alcoba\u00e7a","description":"Just another ms.decms.eu site","potentialAction":[{"@type":"SearchAction","target":{"@type":"EntryPoint","urlTemplate":"https:\/\/www.yourhotelspa.com\/es\/?s={search_term_string}"},"query-input":{"@type":"PropertyValueSpecification","valueRequired":true,"valueName":"search_term_string"}}],"inLanguage":"es"}]}},"acf":[],"_links":{"self":[{"href":"https:\/\/www.yourhotelspa.com\/es\/wp-json\/wp\/v2\/pages\/2543","targetHints":{"allow":["GET"]}}],"collection":[{"href":"https:\/\/www.yourhotelspa.com\/es\/wp-json\/wp\/v2\/pages"}],"about":[{"href":"https:\/\/www.yourhotelspa.com\/es\/wp-json\/wp\/v2\/types\/page"}],"author":[{"embeddable":true,"href":"https:\/\/www.yourhotelspa.com\/es\/wp-json\/wp\/v2\/users\/296"}],"replies":[{"embeddable":true,"href":"https:\/\/www.yourhotelspa.com\/es\/wp-json\/wp\/v2\/comments?post=2543"}],"version-history":[{"count":0,"href":"https:\/\/www.yourhotelspa.com\/es\/wp-json\/wp\/v2\/pages\/2543\/revisions"}],"up":[{"embeddable":true,"href":"https:\/\/www.yourhotelspa.com\/es\/wp-json\/wp\/v2\/pages\/1075"}],"wp:attachment":[{"href":"https:\/\/www.yourhotelspa.com\/es\/wp-json\/wp\/v2\/media?parent=2543"}],"curies":[{"name":"wp","href":"https:\/\/api.w.org\/{rel}","templated":true}]}}