{"id":2554,"date":"2026-04-27T15:22:21","date_gmt":"2026-04-27T15:22:21","guid":{"rendered":"https:\/\/www.yourhotelspa.com\/?page_id=2554"},"modified":"2026-04-27T15:27:23","modified_gmt":"2026-04-27T15:27:23","slug":"fisioterapia-termal","status":"publish","type":"page","link":"https:\/\/www.yourhotelspa.com\/es\/termas-da-piedade\/fisioterapia-termal\/","title":{"rendered":"Fisioterapia Termal"},"content":{"rendered":"<p>Las Termas da Piedade y <a href=\"https:\/\/www.physioclem.pt\/pt\">Physioclem<\/a> se han unido para ofrecerle lo mejor en cuidados terap\u00e9uticos. Esta alianza combina el poder de las aguas termales con la eficacia comprobada de la fisioterapia, proporcionando una experiencia \u00fanica de rehabilitaci\u00f3n y bienestar.<\/p>\n<p>&nbsp;<\/p>\n<p>La <strong>Fisioterapia Termal<\/strong> combina de forma sin\u00e9rgica las t\u00e9cnicas terap\u00e9uticas de la fisioterapia con las propiedades \u00fanicas de las aguas termales, creando un enfoque natural e integral para la recuperaci\u00f3n y la mejora de la calidad de vida. Este tratamiento optimiza los resultados al aprovechar el poder terap\u00e9utico de las aguas para beneficiar una amplia gama de condiciones de salud.<\/p>\n<p>Entre las <strong>\u00e1reas cl\u00ednicas<\/strong> m\u00e1s beneficiadas destacan:<\/p>\n<ul>\n<li data-section-id=\"nhdt6j\" data-start=\"720\" data-end=\"755\">Fisioterapia Musculoesquel\u00e9tica<\/li>\n<li data-section-id=\"6rb254\" data-start=\"756\" data-end=\"784\">Fisioterapia Neurol\u00f3gica<\/li>\n<li data-section-id=\"16yh9rb\" data-start=\"785\" data-end=\"814\">Fisioterapia Respiratoria<\/li>\n<li data-section-id=\"186nskg\" data-start=\"815\" data-end=\"839\">Fisioterapia P\u00e9lvica<\/li>\n<li data-section-id=\"jsitn2\" data-start=\"840\" data-end=\"874\">Fisioterapia en Medio Acu\u00e1tico<\/li>\n<li data-section-id=\"g9qtef\" data-start=\"875\" data-end=\"908\">Fisioterapia Dermatofuncional<\/li>\n<li data-section-id=\"1419fh2\" data-start=\"909\" data-end=\"936\">Fisioterapia Oncol\u00f3gica<\/li>\n<li data-section-id=\"1xwakie\" data-start=\"937\" data-end=\"958\">Ejercicio Cl\u00ednico<\/li>\n<\/ul>\n<p>&nbsp;<\/p>\n<p>Este enfoque combina de forma armoniosa los beneficios \u00fanicos de las aguas termales con una atenci\u00f3n personalizada, asegurando resultados de excelencia. Estos tratamientos sirven como complemento a la terapia termal tradicional, contribuyendo a mejorar la movilidad, la funcionalidad y, en consecuencia, la calidad de vida.<\/p>\n<p><strong>El plan de tratamientos se define siempre en consulta con el fisioterapeuta, asegurando un seguimiento adaptado a las necesidades individuales.<\/strong><\/p>\n","protected":false},"excerpt":{"rendered":"<p>Las Termas da Piedade y Physioclem se han unido para ofrecerle lo mejor en cuidados terap\u00e9uticos. Esta alianza combina el poder de las aguas termales con la eficacia comprobada de la fisioterapia, proporcionando una experiencia \u00fanica de rehabilitaci\u00f3n y bienestar. &nbsp; La Fisioterapia Termal combina de forma sin\u00e9rgica las t\u00e9cnicas terap\u00e9uticas de la fisioterapia con [&hellip;]<\/p>\n","protected":false},"author":296,"featured_media":0,"parent":634,"menu_order":2,"comment_status":"closed","ping_status":"closed","template":"","meta":{"footnotes":""},"class_list":["post-2554","page","type-page","status-publish","hentry"],"yoast_head":"<!-- This site is optimized with the Yoast SEO plugin v26.9 - https:\/\/yoast.com\/product\/yoast-seo-wordpress\/ -->\n<title>Fisioterapia Termal - Your Hotel &amp; Spa Alcoba\u00e7a<\/title>\n<meta name=\"robots\" content=\"index, follow, max-snippet:-1, max-image-preview:large, max-video-preview:-1\" \/>\n<link rel=\"canonical\" href=\"https:\/\/www.yourhotelspa.com\/es\/termas-da-piedade\/fisioterapia-termal\/\" \/>\n<meta property=\"og:locale\" content=\"es_ES\" \/>\n<meta property=\"og:type\" content=\"article\" \/>\n<meta property=\"og:title\" content=\"Fisioterapia Termal - Your Hotel &amp; Spa Alcoba\u00e7a\" \/>\n<meta property=\"og:description\" content=\"Las Termas da Piedade y Physioclem se han unido para ofrecerle lo mejor en cuidados terap\u00e9uticos. Esta alianza combina el poder de las aguas termales con la eficacia comprobada de la fisioterapia, proporcionando una experiencia \u00fanica de rehabilitaci\u00f3n y bienestar. &nbsp; La Fisioterapia Termal combina de forma sin\u00e9rgica las t\u00e9cnicas terap\u00e9uticas de la fisioterapia con [&hellip;]\" \/>\n<meta property=\"og:url\" content=\"https:\/\/www.yourhotelspa.com\/es\/termas-da-piedade\/fisioterapia-termal\/\" \/>\n<meta property=\"og:site_name\" content=\"Your Hotel &amp; Spa Alcoba\u00e7a\" \/>\n<meta property=\"article:modified_time\" content=\"2026-04-27T15:27:23+00:00\" \/>\n<meta name=\"twitter:card\" content=\"summary_large_image\" \/>\n<meta name=\"twitter:label1\" content=\"Tiempo de lectura\" \/>\n\t<meta name=\"twitter:data1\" content=\"2 minutos\" \/>\n<script type=\"application\/ld+json\" class=\"yoast-schema-graph\">{\"@context\":\"https:\/\/schema.org\",\"@graph\":[{\"@type\":\"WebPage\",\"@id\":\"https:\/\/www.yourhotelspa.com\/es\/termas-da-piedade\/fisioterapia-termal\/\",\"url\":\"https:\/\/www.yourhotelspa.com\/es\/termas-da-piedade\/fisioterapia-termal\/\",\"name\":\"Fisioterapia Termal - Your Hotel & Spa Alcoba\u00e7a\",\"isPartOf\":{\"@id\":\"https:\/\/www.yourhotelspa.com\/es\/#website\"},\"datePublished\":\"2026-04-27T15:22:21+00:00\",\"dateModified\":\"2026-04-27T15:27:23+00:00\",\"breadcrumb\":{\"@id\":\"https:\/\/www.yourhotelspa.com\/es\/termas-da-piedade\/fisioterapia-termal\/#breadcrumb\"},\"inLanguage\":\"es\",\"potentialAction\":[{\"@type\":\"ReadAction\",\"target\":[\"https:\/\/www.yourhotelspa.com\/es\/termas-da-piedade\/fisioterapia-termal\/\"]}]},{\"@type\":\"BreadcrumbList\",\"@id\":\"https:\/\/www.yourhotelspa.com\/es\/termas-da-piedade\/fisioterapia-termal\/#breadcrumb\",\"itemListElement\":[{\"@type\":\"ListItem\",\"position\":1,\"name\":\"Home\",\"item\":\"https:\/\/www.yourhotelspa.com\/es\/\"},{\"@type\":\"ListItem\",\"position\":2,\"name\":\"Termas da piedade\",\"item\":\"https:\/\/www.yourhotelspa.com\/es\/termas-da-piedade\/\"},{\"@type\":\"ListItem\",\"position\":3,\"name\":\"Fisioterapia Termal\"}]},{\"@type\":\"WebSite\",\"@id\":\"https:\/\/www.yourhotelspa.com\/es\/#website\",\"url\":\"https:\/\/www.yourhotelspa.com\/es\/\",\"name\":\"Your Hotel & Spa Alcoba\u00e7a\",\"description\":\"Just another ms.decms.eu site\",\"potentialAction\":[{\"@type\":\"SearchAction\",\"target\":{\"@type\":\"EntryPoint\",\"urlTemplate\":\"https:\/\/www.yourhotelspa.com\/es\/?s={search_term_string}\"},\"query-input\":{\"@type\":\"PropertyValueSpecification\",\"valueRequired\":true,\"valueName\":\"search_term_string\"}}],\"inLanguage\":\"es\"}]}<\/script>\n<!-- \/ Yoast SEO plugin. -->","yoast_head_json":{"title":"Fisioterapia Termal - Your Hotel & Spa Alcoba\u00e7a","robots":{"index":"index","follow":"follow","max-snippet":"max-snippet:-1","max-image-preview":"max-image-preview:large","max-video-preview":"max-video-preview:-1"},"canonical":"https:\/\/www.yourhotelspa.com\/es\/termas-da-piedade\/fisioterapia-termal\/","og_locale":"es_ES","og_type":"article","og_title":"Fisioterapia Termal - Your Hotel & Spa Alcoba\u00e7a","og_description":"Las Termas da Piedade y Physioclem se han unido para ofrecerle lo mejor en cuidados terap\u00e9uticos. Esta alianza combina el poder de las aguas termales con la eficacia comprobada de la fisioterapia, proporcionando una experiencia \u00fanica de rehabilitaci\u00f3n y bienestar. &nbsp; La Fisioterapia Termal combina de forma sin\u00e9rgica las t\u00e9cnicas terap\u00e9uticas de la fisioterapia con [&hellip;]","og_url":"https:\/\/www.yourhotelspa.com\/es\/termas-da-piedade\/fisioterapia-termal\/","og_site_name":"Your Hotel & Spa Alcoba\u00e7a","article_modified_time":"2026-04-27T15:27:23+00:00","twitter_card":"summary_large_image","twitter_misc":{"Tiempo de lectura":"2 minutos"},"schema":{"@context":"https:\/\/schema.org","@graph":[{"@type":"WebPage","@id":"https:\/\/www.yourhotelspa.com\/es\/termas-da-piedade\/fisioterapia-termal\/","url":"https:\/\/www.yourhotelspa.com\/es\/termas-da-piedade\/fisioterapia-termal\/","name":"Fisioterapia Termal - Your Hotel & Spa Alcoba\u00e7a","isPartOf":{"@id":"https:\/\/www.yourhotelspa.com\/es\/#website"},"datePublished":"2026-04-27T15:22:21+00:00","dateModified":"2026-04-27T15:27:23+00:00","breadcrumb":{"@id":"https:\/\/www.yourhotelspa.com\/es\/termas-da-piedade\/fisioterapia-termal\/#breadcrumb"},"inLanguage":"es","potentialAction":[{"@type":"ReadAction","target":["https:\/\/www.yourhotelspa.com\/es\/termas-da-piedade\/fisioterapia-termal\/"]}]},{"@type":"BreadcrumbList","@id":"https:\/\/www.yourhotelspa.com\/es\/termas-da-piedade\/fisioterapia-termal\/#breadcrumb","itemListElement":[{"@type":"ListItem","position":1,"name":"Home","item":"https:\/\/www.yourhotelspa.com\/es\/"},{"@type":"ListItem","position":2,"name":"Termas da piedade","item":"https:\/\/www.yourhotelspa.com\/es\/termas-da-piedade\/"},{"@type":"ListItem","position":3,"name":"Fisioterapia Termal"}]},{"@type":"WebSite","@id":"https:\/\/www.yourhotelspa.com\/es\/#website","url":"https:\/\/www.yourhotelspa.com\/es\/","name":"Your Hotel & Spa Alcoba\u00e7a","description":"Just another ms.decms.eu site","potentialAction":[{"@type":"SearchAction","target":{"@type":"EntryPoint","urlTemplate":"https:\/\/www.yourhotelspa.com\/es\/?s={search_term_string}"},"query-input":{"@type":"PropertyValueSpecification","valueRequired":true,"valueName":"search_term_string"}}],"inLanguage":"es"}]}},"acf":[],"_links":{"self":[{"href":"https:\/\/www.yourhotelspa.com\/es\/wp-json\/wp\/v2\/pages\/2554","targetHints":{"allow":["GET"]}}],"collection":[{"href":"https:\/\/www.yourhotelspa.com\/es\/wp-json\/wp\/v2\/pages"}],"about":[{"href":"https:\/\/www.yourhotelspa.com\/es\/wp-json\/wp\/v2\/types\/page"}],"author":[{"embeddable":true,"href":"https:\/\/www.yourhotelspa.com\/es\/wp-json\/wp\/v2\/users\/296"}],"replies":[{"embeddable":true,"href":"https:\/\/www.yourhotelspa.com\/es\/wp-json\/wp\/v2\/comments?post=2554"}],"version-history":[{"count":0,"href":"https:\/\/www.yourhotelspa.com\/es\/wp-json\/wp\/v2\/pages\/2554\/revisions"}],"up":[{"embeddable":true,"href":"https:\/\/www.yourhotelspa.com\/es\/wp-json\/wp\/v2\/pages\/634"}],"wp:attachment":[{"href":"https:\/\/www.yourhotelspa.com\/es\/wp-json\/wp\/v2\/media?parent=2554"}],"curies":[{"name":"wp","href":"https:\/\/api.w.org\/{rel}","templated":true}]}}