{"id":2569,"date":"2026-04-27T17:36:16","date_gmt":"2026-04-27T17:36:16","guid":{"rendered":"https:\/\/www.yourhotelspa.com\/?page_id=2569"},"modified":"2026-04-27T17:36:50","modified_gmt":"2026-04-27T17:36:50","slug":"sao-martinho-do-porto","status":"publish","type":"page","link":"https:\/\/www.yourhotelspa.com\/es\/entorno\/sao-martinho-do-porto\/","title":{"rendered":"S\u00e3o Martinho do Porto"},"content":{"rendered":"<p data-start=\"15\" data-end=\"485\">S\u00e3o Martinho do Porto, una encantadora villa costera, es conocida por su bah\u00eda en forma de concha, considerada una de las m\u00e1s bellas de Portugal. Este refugio tranquilo combina la serenidad del mar con una fuerte tradici\u00f3n pesquera, siendo un destino ideal tanto para relajarse como para explorar la autenticidad de la regi\u00f3n. A lo largo de los a\u00f1os, tambi\u00e9n se ha convertido en un lugar privilegiado para familias, gracias a sus aguas tranquilas y su ambiente acogedor.<\/p>\n<p data-start=\"487\" data-end=\"651\">Puntos de inter\u00e9s: Bah\u00eda de S\u00e3o Martinho do Porto, Faro de S\u00e3o Martinho do Porto, Capilla de Santo Ant\u00f3nio, Sierra de los Mangues, Playa de Gralha, entre otros\u2026<\/p>\n","protected":false},"excerpt":{"rendered":"<p>S\u00e3o Martinho do Porto, una encantadora villa costera, es conocida por su bah\u00eda en forma de concha, considerada una de las m\u00e1s bellas de Portugal. Este refugio tranquilo combina la serenidad del mar con una fuerte tradici\u00f3n pesquera, siendo un destino ideal tanto para relajarse como para explorar la autenticidad de la regi\u00f3n. A lo [&hellip;]<\/p>\n","protected":false},"author":296,"featured_media":0,"parent":747,"menu_order":1,"comment_status":"closed","ping_status":"closed","template":"template-children_carousel.php","meta":{"footnotes":""},"class_list":["post-2569","page","type-page","status-publish","hentry"],"yoast_head":"<!-- This site is optimized with the Yoast SEO plugin v26.9 - https:\/\/yoast.com\/product\/yoast-seo-wordpress\/ -->\n<title>S\u00e3o Martinho do Porto - Your Hotel &amp; Spa Alcoba\u00e7a<\/title>\n<meta name=\"robots\" content=\"index, follow, max-snippet:-1, max-image-preview:large, max-video-preview:-1\" \/>\n<link rel=\"canonical\" href=\"https:\/\/www.yourhotelspa.com\/es\/entorno\/sao-martinho-do-porto\/\" \/>\n<meta property=\"og:locale\" content=\"es_ES\" \/>\n<meta property=\"og:type\" content=\"article\" \/>\n<meta property=\"og:title\" content=\"S\u00e3o Martinho do Porto - Your Hotel &amp; Spa Alcoba\u00e7a\" \/>\n<meta property=\"og:description\" content=\"S\u00e3o Martinho do Porto, una encantadora villa costera, es conocida por su bah\u00eda en forma de concha, considerada una de las m\u00e1s bellas de Portugal. Este refugio tranquilo combina la serenidad del mar con una fuerte tradici\u00f3n pesquera, siendo un destino ideal tanto para relajarse como para explorar la autenticidad de la regi\u00f3n. A lo [&hellip;]\" \/>\n<meta property=\"og:url\" content=\"https:\/\/www.yourhotelspa.com\/es\/entorno\/sao-martinho-do-porto\/\" \/>\n<meta property=\"og:site_name\" content=\"Your Hotel &amp; Spa Alcoba\u00e7a\" \/>\n<meta property=\"article:modified_time\" content=\"2026-04-27T17:36:50+00:00\" \/>\n<meta name=\"twitter:card\" content=\"summary_large_image\" \/>\n<meta name=\"twitter:label1\" content=\"Tiempo de lectura\" \/>\n\t<meta name=\"twitter:data1\" content=\"1 minuto\" \/>\n<script type=\"application\/ld+json\" class=\"yoast-schema-graph\">{\"@context\":\"https:\/\/schema.org\",\"@graph\":[{\"@type\":\"WebPage\",\"@id\":\"https:\/\/www.yourhotelspa.com\/es\/entorno\/sao-martinho-do-porto\/\",\"url\":\"https:\/\/www.yourhotelspa.com\/es\/entorno\/sao-martinho-do-porto\/\",\"name\":\"S\u00e3o Martinho do Porto - Your Hotel & Spa Alcoba\u00e7a\",\"isPartOf\":{\"@id\":\"https:\/\/www.yourhotelspa.com\/es\/#website\"},\"datePublished\":\"2026-04-27T17:36:16+00:00\",\"dateModified\":\"2026-04-27T17:36:50+00:00\",\"breadcrumb\":{\"@id\":\"https:\/\/www.yourhotelspa.com\/es\/entorno\/sao-martinho-do-porto\/#breadcrumb\"},\"inLanguage\":\"es\",\"potentialAction\":[{\"@type\":\"ReadAction\",\"target\":[\"https:\/\/www.yourhotelspa.com\/es\/entorno\/sao-martinho-do-porto\/\"]}]},{\"@type\":\"BreadcrumbList\",\"@id\":\"https:\/\/www.yourhotelspa.com\/es\/entorno\/sao-martinho-do-porto\/#breadcrumb\",\"itemListElement\":[{\"@type\":\"ListItem\",\"position\":1,\"name\":\"Home\",\"item\":\"https:\/\/www.yourhotelspa.com\/es\/\"},{\"@type\":\"ListItem\",\"position\":2,\"name\":\"Entorno\",\"item\":\"https:\/\/www.yourhotelspa.com\/es\/entorno\/\"},{\"@type\":\"ListItem\",\"position\":3,\"name\":\"S\u00e3o Martinho do Porto\"}]},{\"@type\":\"WebSite\",\"@id\":\"https:\/\/www.yourhotelspa.com\/es\/#website\",\"url\":\"https:\/\/www.yourhotelspa.com\/es\/\",\"name\":\"Your Hotel & Spa Alcoba\u00e7a\",\"description\":\"Just another ms.decms.eu site\",\"potentialAction\":[{\"@type\":\"SearchAction\",\"target\":{\"@type\":\"EntryPoint\",\"urlTemplate\":\"https:\/\/www.yourhotelspa.com\/es\/?s={search_term_string}\"},\"query-input\":{\"@type\":\"PropertyValueSpecification\",\"valueRequired\":true,\"valueName\":\"search_term_string\"}}],\"inLanguage\":\"es\"}]}<\/script>\n<!-- \/ Yoast SEO plugin. -->","yoast_head_json":{"title":"S\u00e3o Martinho do Porto - Your Hotel & Spa Alcoba\u00e7a","robots":{"index":"index","follow":"follow","max-snippet":"max-snippet:-1","max-image-preview":"max-image-preview:large","max-video-preview":"max-video-preview:-1"},"canonical":"https:\/\/www.yourhotelspa.com\/es\/entorno\/sao-martinho-do-porto\/","og_locale":"es_ES","og_type":"article","og_title":"S\u00e3o Martinho do Porto - Your Hotel & Spa Alcoba\u00e7a","og_description":"S\u00e3o Martinho do Porto, una encantadora villa costera, es conocida por su bah\u00eda en forma de concha, considerada una de las m\u00e1s bellas de Portugal. Este refugio tranquilo combina la serenidad del mar con una fuerte tradici\u00f3n pesquera, siendo un destino ideal tanto para relajarse como para explorar la autenticidad de la regi\u00f3n. A lo [&hellip;]","og_url":"https:\/\/www.yourhotelspa.com\/es\/entorno\/sao-martinho-do-porto\/","og_site_name":"Your Hotel & Spa Alcoba\u00e7a","article_modified_time":"2026-04-27T17:36:50+00:00","twitter_card":"summary_large_image","twitter_misc":{"Tiempo de lectura":"1 minuto"},"schema":{"@context":"https:\/\/schema.org","@graph":[{"@type":"WebPage","@id":"https:\/\/www.yourhotelspa.com\/es\/entorno\/sao-martinho-do-porto\/","url":"https:\/\/www.yourhotelspa.com\/es\/entorno\/sao-martinho-do-porto\/","name":"S\u00e3o Martinho do Porto - Your Hotel & Spa Alcoba\u00e7a","isPartOf":{"@id":"https:\/\/www.yourhotelspa.com\/es\/#website"},"datePublished":"2026-04-27T17:36:16+00:00","dateModified":"2026-04-27T17:36:50+00:00","breadcrumb":{"@id":"https:\/\/www.yourhotelspa.com\/es\/entorno\/sao-martinho-do-porto\/#breadcrumb"},"inLanguage":"es","potentialAction":[{"@type":"ReadAction","target":["https:\/\/www.yourhotelspa.com\/es\/entorno\/sao-martinho-do-porto\/"]}]},{"@type":"BreadcrumbList","@id":"https:\/\/www.yourhotelspa.com\/es\/entorno\/sao-martinho-do-porto\/#breadcrumb","itemListElement":[{"@type":"ListItem","position":1,"name":"Home","item":"https:\/\/www.yourhotelspa.com\/es\/"},{"@type":"ListItem","position":2,"name":"Entorno","item":"https:\/\/www.yourhotelspa.com\/es\/entorno\/"},{"@type":"ListItem","position":3,"name":"S\u00e3o Martinho do Porto"}]},{"@type":"WebSite","@id":"https:\/\/www.yourhotelspa.com\/es\/#website","url":"https:\/\/www.yourhotelspa.com\/es\/","name":"Your Hotel & Spa Alcoba\u00e7a","description":"Just another ms.decms.eu site","potentialAction":[{"@type":"SearchAction","target":{"@type":"EntryPoint","urlTemplate":"https:\/\/www.yourhotelspa.com\/es\/?s={search_term_string}"},"query-input":{"@type":"PropertyValueSpecification","valueRequired":true,"valueName":"search_term_string"}}],"inLanguage":"es"}]}},"acf":[],"_links":{"self":[{"href":"https:\/\/www.yourhotelspa.com\/es\/wp-json\/wp\/v2\/pages\/2569","targetHints":{"allow":["GET"]}}],"collection":[{"href":"https:\/\/www.yourhotelspa.com\/es\/wp-json\/wp\/v2\/pages"}],"about":[{"href":"https:\/\/www.yourhotelspa.com\/es\/wp-json\/wp\/v2\/types\/page"}],"author":[{"embeddable":true,"href":"https:\/\/www.yourhotelspa.com\/es\/wp-json\/wp\/v2\/users\/296"}],"replies":[{"embeddable":true,"href":"https:\/\/www.yourhotelspa.com\/es\/wp-json\/wp\/v2\/comments?post=2569"}],"version-history":[{"count":0,"href":"https:\/\/www.yourhotelspa.com\/es\/wp-json\/wp\/v2\/pages\/2569\/revisions"}],"up":[{"embeddable":true,"href":"https:\/\/www.yourhotelspa.com\/es\/wp-json\/wp\/v2\/pages\/747"}],"wp:attachment":[{"href":"https:\/\/www.yourhotelspa.com\/es\/wp-json\/wp\/v2\/media?parent=2569"}],"curies":[{"name":"wp","href":"https:\/\/api.w.org\/{rel}","templated":true}]}}