{"id":50,"date":"2020-07-02T12:59:59","date_gmt":"2020-07-02T12:59:59","guid":{"rendered":"http:\/\/your-hotel-spa-alcobaca.ms.decms.eu\/?page_id=50"},"modified":"2024-07-29T13:58:28","modified_gmt":"2024-07-29T13:58:28","slug":"suite","status":"publish","type":"page","link":"https:\/\/www.yourhotelspa.com\/es\/habitaciones\/suite\/","title":{"rendered":"Suite"},"content":{"rendered":"<p>Elegante y confortable las Suites tienen una decoraci\u00f3n distintiva de todas las dem\u00e1s habitaciones del hotel y tienen la capacidad para:<\/p>\n<ul>\n<li>1 adulto;<\/li>\n<li>2 adultos;<\/li>\n<li>2 adultos y 1 beb\u00e9 o 1 ni\u00f1o;<\/li>\n<li>2 adultos y 2 beb\u00e9s o 2 ni\u00f1os;<\/li>\n<li>2 adultos y 1 beb\u00e9 y 1 ni\u00f1o;<\/li>\n<li>3 adultos y 1 ni\u00f1o;<\/li>\n<li>3 adultos.<\/li>\n<\/ul>\n<p>Se componen de un dormitorio y una sala de estar equipada con un sof\u00e1, hervidor el\u00e9ctrico, TV LCD y escritorio.<\/p>\n","protected":false},"excerpt":{"rendered":"<p>Elegante y confortable las Suites tienen una decoraci\u00f3n distintiva de todas las dem\u00e1s habitaciones del hotel y tienen la capacidad para: 1 adulto; 2 adultos; 2 adultos y 1 beb\u00e9 o 1 ni\u00f1o; 2 adultos y 2 beb\u00e9s o 2 ni\u00f1os; 2 adultos y 1 beb\u00e9 y 1 ni\u00f1o; 3 adultos y 1 ni\u00f1o; 3 [&hellip;]<\/p>\n","protected":false},"author":4,"featured_media":0,"parent":21,"menu_order":50,"comment_status":"closed","ping_status":"closed","template":"template-single-room.php","meta":{"footnotes":""},"class_list":["post-50","page","type-page","status-publish","hentry"],"yoast_head":"<!-- This site is optimized with the Yoast SEO plugin v26.9 - https:\/\/yoast.com\/product\/yoast-seo-wordpress\/ -->\n<title>Suite - Your Hotel &amp; Spa Alcoba\u00e7a<\/title>\n<meta name=\"robots\" content=\"index, follow, max-snippet:-1, max-image-preview:large, max-video-preview:-1\" \/>\n<link rel=\"canonical\" href=\"https:\/\/www.yourhotelspa.com\/es\/habitaciones\/suite\/\" \/>\n<meta property=\"og:locale\" content=\"es_ES\" \/>\n<meta property=\"og:type\" content=\"article\" \/>\n<meta property=\"og:title\" content=\"Suite - Your Hotel &amp; Spa Alcoba\u00e7a\" \/>\n<meta property=\"og:description\" content=\"Elegante y confortable las Suites tienen una decoraci\u00f3n distintiva de todas las dem\u00e1s habitaciones del hotel y tienen la capacidad para: 1 adulto; 2 adultos; 2 adultos y 1 beb\u00e9 o 1 ni\u00f1o; 2 adultos y 2 beb\u00e9s o 2 ni\u00f1os; 2 adultos y 1 beb\u00e9 y 1 ni\u00f1o; 3 adultos y 1 ni\u00f1o; 3 [&hellip;]\" \/>\n<meta property=\"og:url\" content=\"https:\/\/www.yourhotelspa.com\/es\/habitaciones\/suite\/\" \/>\n<meta property=\"og:site_name\" content=\"Your Hotel &amp; Spa Alcoba\u00e7a\" \/>\n<meta property=\"article:modified_time\" content=\"2024-07-29T13:58:28+00:00\" \/>\n<meta name=\"twitter:card\" content=\"summary_large_image\" \/>\n<meta name=\"twitter:label1\" content=\"Tiempo de lectura\" \/>\n\t<meta name=\"twitter:data1\" content=\"1 minuto\" \/>\n<script type=\"application\/ld+json\" class=\"yoast-schema-graph\">{\"@context\":\"https:\/\/schema.org\",\"@graph\":[{\"@type\":\"WebPage\",\"@id\":\"https:\/\/www.yourhotelspa.com\/es\/habitaciones\/suite\/\",\"url\":\"https:\/\/www.yourhotelspa.com\/es\/habitaciones\/suite\/\",\"name\":\"Suite - Your Hotel & Spa Alcoba\u00e7a\",\"isPartOf\":{\"@id\":\"https:\/\/www.yourhotelspa.com\/es\/#website\"},\"datePublished\":\"2020-07-02T12:59:59+00:00\",\"dateModified\":\"2024-07-29T13:58:28+00:00\",\"breadcrumb\":{\"@id\":\"https:\/\/www.yourhotelspa.com\/es\/habitaciones\/suite\/#breadcrumb\"},\"inLanguage\":\"es\",\"potentialAction\":[{\"@type\":\"ReadAction\",\"target\":[\"https:\/\/www.yourhotelspa.com\/es\/habitaciones\/suite\/\"]}]},{\"@type\":\"BreadcrumbList\",\"@id\":\"https:\/\/www.yourhotelspa.com\/es\/habitaciones\/suite\/#breadcrumb\",\"itemListElement\":[{\"@type\":\"ListItem\",\"position\":1,\"name\":\"Home\",\"item\":\"https:\/\/www.yourhotelspa.com\/es\/\"},{\"@type\":\"ListItem\",\"position\":2,\"name\":\"Habitaciones\",\"item\":\"https:\/\/www.yourhotelspa.com\/es\/habitaciones\/\"},{\"@type\":\"ListItem\",\"position\":3,\"name\":\"Suite\"}]},{\"@type\":\"WebSite\",\"@id\":\"https:\/\/www.yourhotelspa.com\/es\/#website\",\"url\":\"https:\/\/www.yourhotelspa.com\/es\/\",\"name\":\"Your Hotel & Spa Alcoba\u00e7a\",\"description\":\"Just another ms.decms.eu site\",\"potentialAction\":[{\"@type\":\"SearchAction\",\"target\":{\"@type\":\"EntryPoint\",\"urlTemplate\":\"https:\/\/www.yourhotelspa.com\/es\/?s={search_term_string}\"},\"query-input\":{\"@type\":\"PropertyValueSpecification\",\"valueRequired\":true,\"valueName\":\"search_term_string\"}}],\"inLanguage\":\"es\"}]}<\/script>\n<!-- \/ Yoast SEO plugin. -->","yoast_head_json":{"title":"Suite - Your Hotel & Spa Alcoba\u00e7a","robots":{"index":"index","follow":"follow","max-snippet":"max-snippet:-1","max-image-preview":"max-image-preview:large","max-video-preview":"max-video-preview:-1"},"canonical":"https:\/\/www.yourhotelspa.com\/es\/habitaciones\/suite\/","og_locale":"es_ES","og_type":"article","og_title":"Suite - Your Hotel & Spa Alcoba\u00e7a","og_description":"Elegante y confortable las Suites tienen una decoraci\u00f3n distintiva de todas las dem\u00e1s habitaciones del hotel y tienen la capacidad para: 1 adulto; 2 adultos; 2 adultos y 1 beb\u00e9 o 1 ni\u00f1o; 2 adultos y 2 beb\u00e9s o 2 ni\u00f1os; 2 adultos y 1 beb\u00e9 y 1 ni\u00f1o; 3 adultos y 1 ni\u00f1o; 3 [&hellip;]","og_url":"https:\/\/www.yourhotelspa.com\/es\/habitaciones\/suite\/","og_site_name":"Your Hotel & Spa Alcoba\u00e7a","article_modified_time":"2024-07-29T13:58:28+00:00","twitter_card":"summary_large_image","twitter_misc":{"Tiempo de lectura":"1 minuto"},"schema":{"@context":"https:\/\/schema.org","@graph":[{"@type":"WebPage","@id":"https:\/\/www.yourhotelspa.com\/es\/habitaciones\/suite\/","url":"https:\/\/www.yourhotelspa.com\/es\/habitaciones\/suite\/","name":"Suite - Your Hotel & Spa Alcoba\u00e7a","isPartOf":{"@id":"https:\/\/www.yourhotelspa.com\/es\/#website"},"datePublished":"2020-07-02T12:59:59+00:00","dateModified":"2024-07-29T13:58:28+00:00","breadcrumb":{"@id":"https:\/\/www.yourhotelspa.com\/es\/habitaciones\/suite\/#breadcrumb"},"inLanguage":"es","potentialAction":[{"@type":"ReadAction","target":["https:\/\/www.yourhotelspa.com\/es\/habitaciones\/suite\/"]}]},{"@type":"BreadcrumbList","@id":"https:\/\/www.yourhotelspa.com\/es\/habitaciones\/suite\/#breadcrumb","itemListElement":[{"@type":"ListItem","position":1,"name":"Home","item":"https:\/\/www.yourhotelspa.com\/es\/"},{"@type":"ListItem","position":2,"name":"Habitaciones","item":"https:\/\/www.yourhotelspa.com\/es\/habitaciones\/"},{"@type":"ListItem","position":3,"name":"Suite"}]},{"@type":"WebSite","@id":"https:\/\/www.yourhotelspa.com\/es\/#website","url":"https:\/\/www.yourhotelspa.com\/es\/","name":"Your Hotel & Spa Alcoba\u00e7a","description":"Just another ms.decms.eu site","potentialAction":[{"@type":"SearchAction","target":{"@type":"EntryPoint","urlTemplate":"https:\/\/www.yourhotelspa.com\/es\/?s={search_term_string}"},"query-input":{"@type":"PropertyValueSpecification","valueRequired":true,"valueName":"search_term_string"}}],"inLanguage":"es"}]}},"acf":[],"_links":{"self":[{"href":"https:\/\/www.yourhotelspa.com\/es\/wp-json\/wp\/v2\/pages\/50","targetHints":{"allow":["GET"]}}],"collection":[{"href":"https:\/\/www.yourhotelspa.com\/es\/wp-json\/wp\/v2\/pages"}],"about":[{"href":"https:\/\/www.yourhotelspa.com\/es\/wp-json\/wp\/v2\/types\/page"}],"author":[{"embeddable":true,"href":"https:\/\/www.yourhotelspa.com\/es\/wp-json\/wp\/v2\/users\/4"}],"replies":[{"embeddable":true,"href":"https:\/\/www.yourhotelspa.com\/es\/wp-json\/wp\/v2\/comments?post=50"}],"version-history":[{"count":0,"href":"https:\/\/www.yourhotelspa.com\/es\/wp-json\/wp\/v2\/pages\/50\/revisions"}],"up":[{"embeddable":true,"href":"https:\/\/www.yourhotelspa.com\/es\/wp-json\/wp\/v2\/pages\/21"}],"wp:attachment":[{"href":"https:\/\/www.yourhotelspa.com\/es\/wp-json\/wp\/v2\/media?parent=50"}],"curies":[{"name":"wp","href":"https:\/\/api.w.org\/{rel}","templated":true}]}}