{"id":601,"date":"2020-07-17T08:25:18","date_gmt":"2020-07-17T08:25:18","guid":{"rendered":"http:\/\/your-hotel-spa-alcobaca.ms.decms.eu\/?page_id=601"},"modified":"2025-08-06T17:28:00","modified_gmt":"2025-08-06T17:28:00","slug":"spa","status":"publish","type":"page","link":"https:\/\/www.yourhotelspa.com\/es\/spa\/","title":{"rendered":"Spa Termal"},"content":{"rendered":"<p style=\"font-weight: 400\">Hay lugares donde el tiempo se ralentiza, el silencio abraza y cada detalle acoge. El Spa Termal es ese refugio de serenidad,<strong> una experiencia sublime de relajaci\u00f3n<\/strong>, donde cuerpo y mente se encuentran en equilibrio, salud y bienestar. En este espacio de armon\u00eda y privacidad, todo invita a la pausa. A dejar las prisas atr\u00e1s. A reencontrarse consigo mismo.<\/p>\n<p style=\"font-weight: 400\">El Spa Termal est\u00e1 abierto al p\u00fablico en general. No se permite el acceso a menores de 16 a\u00f1os (cons\u00faltenos para casos excepcionales). El acceso a mujeres embarazadas est\u00e1 sujeto a condiciones espec\u00edficas.<\/p>\n<p style=\"font-weight: 400\">Le informamos que\u00a0<u>todos<\/u>\u00a0los servicios del Spa requieren cita previa.<\/p>\n<p><strong><a href=\"https:\/\/www.yourhotelspa.com\/wp-content\/uploads\/sites\/180\/2025\/08\/MAN-42-02-Regulamento-Interno-do-Spa-EN-ALCO.pdf\" target=\"_blank\" rel=\"noopener noreferrer\">Consulte aqu\u00ed el regulamento interno del Spa.<\/a><\/strong><\/p>\n","protected":false},"excerpt":{"rendered":"<p>Hay lugares donde el tiempo se ralentiza, el silencio abraza y cada detalle acoge. El Spa Termal es ese refugio de serenidad, una experiencia sublime de relajaci\u00f3n, donde cuerpo y mente se encuentran en equilibrio, salud y bienestar. En este espacio de armon\u00eda y privacidad, todo invita a la pausa. A dejar las prisas atr\u00e1s. [&hellip;]<\/p>\n","protected":false},"author":4,"featured_media":0,"parent":0,"menu_order":40,"comment_status":"closed","ping_status":"closed","template":"template-wellness.php","meta":{"footnotes":""},"class_list":["post-601","page","type-page","status-publish","hentry"],"yoast_head":"<!-- This site is optimized with the Yoast SEO plugin v26.9 - https:\/\/yoast.com\/product\/yoast-seo-wordpress\/ -->\n<title>Spa Termal - Your Hotel &amp; Spa Alcoba\u00e7a<\/title>\n<meta name=\"robots\" content=\"index, follow, max-snippet:-1, max-image-preview:large, max-video-preview:-1\" \/>\n<link rel=\"canonical\" href=\"https:\/\/www.yourhotelspa.com\/es\/spa\/\" \/>\n<meta property=\"og:locale\" content=\"es_ES\" \/>\n<meta property=\"og:type\" content=\"article\" \/>\n<meta property=\"og:title\" content=\"Spa Termal - Your Hotel &amp; Spa Alcoba\u00e7a\" \/>\n<meta property=\"og:description\" content=\"Hay lugares donde el tiempo se ralentiza, el silencio abraza y cada detalle acoge. El Spa Termal es ese refugio de serenidad, una experiencia sublime de relajaci\u00f3n, donde cuerpo y mente se encuentran en equilibrio, salud y bienestar. En este espacio de armon\u00eda y privacidad, todo invita a la pausa. A dejar las prisas atr\u00e1s. [&hellip;]\" \/>\n<meta property=\"og:url\" content=\"https:\/\/www.yourhotelspa.com\/es\/spa\/\" \/>\n<meta property=\"og:site_name\" content=\"Your Hotel &amp; Spa Alcoba\u00e7a\" \/>\n<meta property=\"article:modified_time\" content=\"2025-08-06T17:28:00+00:00\" \/>\n<meta name=\"twitter:card\" content=\"summary_large_image\" \/>\n<meta name=\"twitter:label1\" content=\"Tiempo de lectura\" \/>\n\t<meta name=\"twitter:data1\" content=\"1 minuto\" \/>\n<script type=\"application\/ld+json\" class=\"yoast-schema-graph\">{\"@context\":\"https:\/\/schema.org\",\"@graph\":[{\"@type\":\"WebPage\",\"@id\":\"https:\/\/www.yourhotelspa.com\/es\/spa\/\",\"url\":\"https:\/\/www.yourhotelspa.com\/es\/spa\/\",\"name\":\"Spa Termal - Your Hotel & Spa Alcoba\u00e7a\",\"isPartOf\":{\"@id\":\"https:\/\/www.yourhotelspa.com\/es\/#website\"},\"datePublished\":\"2020-07-17T08:25:18+00:00\",\"dateModified\":\"2025-08-06T17:28:00+00:00\",\"breadcrumb\":{\"@id\":\"https:\/\/www.yourhotelspa.com\/es\/spa\/#breadcrumb\"},\"inLanguage\":\"es\",\"potentialAction\":[{\"@type\":\"ReadAction\",\"target\":[\"https:\/\/www.yourhotelspa.com\/es\/spa\/\"]}]},{\"@type\":\"BreadcrumbList\",\"@id\":\"https:\/\/www.yourhotelspa.com\/es\/spa\/#breadcrumb\",\"itemListElement\":[{\"@type\":\"ListItem\",\"position\":1,\"name\":\"Home\",\"item\":\"https:\/\/www.yourhotelspa.com\/es\/\"},{\"@type\":\"ListItem\",\"position\":2,\"name\":\"Spa Termal\"}]},{\"@type\":\"WebSite\",\"@id\":\"https:\/\/www.yourhotelspa.com\/es\/#website\",\"url\":\"https:\/\/www.yourhotelspa.com\/es\/\",\"name\":\"Your Hotel & Spa Alcoba\u00e7a\",\"description\":\"Just another ms.decms.eu site\",\"potentialAction\":[{\"@type\":\"SearchAction\",\"target\":{\"@type\":\"EntryPoint\",\"urlTemplate\":\"https:\/\/www.yourhotelspa.com\/es\/?s={search_term_string}\"},\"query-input\":{\"@type\":\"PropertyValueSpecification\",\"valueRequired\":true,\"valueName\":\"search_term_string\"}}],\"inLanguage\":\"es\"}]}<\/script>\n<!-- \/ Yoast SEO plugin. -->","yoast_head_json":{"title":"Spa Termal - Your Hotel & Spa Alcoba\u00e7a","robots":{"index":"index","follow":"follow","max-snippet":"max-snippet:-1","max-image-preview":"max-image-preview:large","max-video-preview":"max-video-preview:-1"},"canonical":"https:\/\/www.yourhotelspa.com\/es\/spa\/","og_locale":"es_ES","og_type":"article","og_title":"Spa Termal - Your Hotel & Spa Alcoba\u00e7a","og_description":"Hay lugares donde el tiempo se ralentiza, el silencio abraza y cada detalle acoge. El Spa Termal es ese refugio de serenidad, una experiencia sublime de relajaci\u00f3n, donde cuerpo y mente se encuentran en equilibrio, salud y bienestar. En este espacio de armon\u00eda y privacidad, todo invita a la pausa. A dejar las prisas atr\u00e1s. [&hellip;]","og_url":"https:\/\/www.yourhotelspa.com\/es\/spa\/","og_site_name":"Your Hotel & Spa Alcoba\u00e7a","article_modified_time":"2025-08-06T17:28:00+00:00","twitter_card":"summary_large_image","twitter_misc":{"Tiempo de lectura":"1 minuto"},"schema":{"@context":"https:\/\/schema.org","@graph":[{"@type":"WebPage","@id":"https:\/\/www.yourhotelspa.com\/es\/spa\/","url":"https:\/\/www.yourhotelspa.com\/es\/spa\/","name":"Spa Termal - Your Hotel & Spa Alcoba\u00e7a","isPartOf":{"@id":"https:\/\/www.yourhotelspa.com\/es\/#website"},"datePublished":"2020-07-17T08:25:18+00:00","dateModified":"2025-08-06T17:28:00+00:00","breadcrumb":{"@id":"https:\/\/www.yourhotelspa.com\/es\/spa\/#breadcrumb"},"inLanguage":"es","potentialAction":[{"@type":"ReadAction","target":["https:\/\/www.yourhotelspa.com\/es\/spa\/"]}]},{"@type":"BreadcrumbList","@id":"https:\/\/www.yourhotelspa.com\/es\/spa\/#breadcrumb","itemListElement":[{"@type":"ListItem","position":1,"name":"Home","item":"https:\/\/www.yourhotelspa.com\/es\/"},{"@type":"ListItem","position":2,"name":"Spa Termal"}]},{"@type":"WebSite","@id":"https:\/\/www.yourhotelspa.com\/es\/#website","url":"https:\/\/www.yourhotelspa.com\/es\/","name":"Your Hotel & Spa Alcoba\u00e7a","description":"Just another ms.decms.eu site","potentialAction":[{"@type":"SearchAction","target":{"@type":"EntryPoint","urlTemplate":"https:\/\/www.yourhotelspa.com\/es\/?s={search_term_string}"},"query-input":{"@type":"PropertyValueSpecification","valueRequired":true,"valueName":"search_term_string"}}],"inLanguage":"es"}]}},"acf":[],"_links":{"self":[{"href":"https:\/\/www.yourhotelspa.com\/es\/wp-json\/wp\/v2\/pages\/601","targetHints":{"allow":["GET"]}}],"collection":[{"href":"https:\/\/www.yourhotelspa.com\/es\/wp-json\/wp\/v2\/pages"}],"about":[{"href":"https:\/\/www.yourhotelspa.com\/es\/wp-json\/wp\/v2\/types\/page"}],"author":[{"embeddable":true,"href":"https:\/\/www.yourhotelspa.com\/es\/wp-json\/wp\/v2\/users\/4"}],"replies":[{"embeddable":true,"href":"https:\/\/www.yourhotelspa.com\/es\/wp-json\/wp\/v2\/comments?post=601"}],"version-history":[{"count":0,"href":"https:\/\/www.yourhotelspa.com\/es\/wp-json\/wp\/v2\/pages\/601\/revisions"}],"wp:attachment":[{"href":"https:\/\/www.yourhotelspa.com\/es\/wp-json\/wp\/v2\/media?parent=601"}],"curies":[{"name":"wp","href":"https:\/\/api.w.org\/{rel}","templated":true}]}}