{"id":611,"date":"2020-07-29T14:26:00","date_gmt":"2020-07-29T14:26:00","guid":{"rendered":"http:\/\/your-hotel-spa-alcobaca.ms.decms.eu\/?page_id=611"},"modified":"2025-08-12T15:39:17","modified_gmt":"2025-08-12T15:39:17","slug":"menu-de-tratamientos","status":"publish","type":"page","link":"https:\/\/www.yourhotelspa.com\/es\/spa\/menu-de-tratamientos\/","title":{"rendered":"Men\u00fa de Tratamientos"},"content":{"rendered":"<p>Sum\u00e9rgete en un viaje de relajaci\u00f3n profunda, donde cada ritual ha sido dise\u00f1ado para armonizar cuerpo, mente y alma.<br data-start=\"361\" data-end=\"364\" \/>Elige tu momento de paz y d\u00e9jate envolver por una experiencia sublime de cuidado y bienestar.<\/p>\n<p>&nbsp;<\/p>\n<p>Nuestros servicios:<\/p>\n<ul>\n<li><strong>Rituales de Masaje de Autor<\/strong><br \/>\n&#8211; Your Spa Relajante (25 min | 50 min)<br \/>\n&#8211; Revitalizante (25 min | 50 min)<br \/>\n&#8211; Drenante (50 min)<br \/>\n&#8211; Descanso de Algas (50 min)<br \/>\n&#8211; Armon\u00eda de Piedras Calientes (75 min)<br \/>\n&#8211; Tres Lavandas (90 min)<\/li>\n<li><strong>Rituales Faciales<\/strong><br \/>\n&#8211; Hidrataci\u00f3n (25 min)<br \/>\n&#8211; Regeneraci\u00f3n (50 min)<br \/>\n&#8211; Rejuvenecimiento Profundo (75 min)<\/li>\n<li><strong>Rituales Sensoriales<\/strong><br \/>\n&#8211; Reflexolog\u00eda Revitalizante (45 min)<br \/>\n&#8211; Ritual Pureza Vichy (25 min)<br \/>\n&#8211; Velas Arom\u00e1ticas (50 min)<br \/>\n&#8211; Spa Peeling (45 min)<br \/>\n&#8211; Encanto de Cacao (90 min)<br \/>\n&#8211; Refugio de Serenidad (90 min)<br \/>\n&#8211; Esencial Premium (120 min)<\/li>\n<li><strong>Complementos a Su Experiencia<\/strong><br \/>\n&#8211; Ducha Jet (15 min)<br \/>\n&#8211; Ba\u00f1o Termal Arom\u00e1tico (20 min)<br \/>\n&#8211; Ba\u00f1o Termal Hidratante (20 min)<br \/>\n&#8211; Camilla de Sal del Himalaya (25 min)<br \/>\n&#8211; Camilla de Flotaci\u00f3n Zen (25 min)<\/li>\n<li><strong>Circuito de Hidroterapia Termal <\/strong>(60 min)<\/li>\n<li><strong>Spa Nocturno<br \/>\n<\/strong>&#8211; Circuito de Hidroterapia Termal Nocturno (60 min)<br \/>\n&#8211; Masaje Relajante Nocturno Your Spa (25 min | 50 min)<\/li>\n<\/ul>\n<p><strong>Explore nuestro men\u00fa completo con todos los detalles y precios:<br \/>\n<a href=\"https:\/\/www.yourhotelspa.com\/wp-content\/uploads\/sites\/180\/2025\/08\/MAN-37-07-Menu-de-Tratamentos-ING-ALCO.pdf\">Men\u00fa Completo del Spa Termal<\/a><\/strong><\/p>\n","protected":false},"excerpt":{"rendered":"<p>Sum\u00e9rgete en un viaje de relajaci\u00f3n profunda, donde cada ritual ha sido dise\u00f1ado para armonizar cuerpo, mente y alma.Elige tu momento de paz y d\u00e9jate envolver por una experiencia sublime de cuidado y bienestar. &nbsp; Nuestros servicios: Rituales de Masaje de Autor &#8211; Your Spa Relajante (25 min | 50 min) &#8211; Revitalizante (25 min [&hellip;]<\/p>\n","protected":false},"author":4,"featured_media":0,"parent":601,"menu_order":0,"comment_status":"closed","ping_status":"closed","template":"template-treatment.php","meta":{"footnotes":""},"class_list":["post-611","page","type-page","status-publish","hentry"],"yoast_head":"<!-- This site is optimized with the Yoast SEO plugin v26.9 - https:\/\/yoast.com\/product\/yoast-seo-wordpress\/ -->\n<title>Men\u00fa de Tratamientos - Your Hotel &amp; Spa Alcoba\u00e7a<\/title>\n<meta name=\"robots\" content=\"index, follow, max-snippet:-1, max-image-preview:large, max-video-preview:-1\" \/>\n<link rel=\"canonical\" href=\"https:\/\/www.yourhotelspa.com\/es\/spa\/menu-de-tratamientos\/\" \/>\n<meta property=\"og:locale\" content=\"es_ES\" \/>\n<meta property=\"og:type\" content=\"article\" \/>\n<meta property=\"og:title\" content=\"Men\u00fa de Tratamientos - Your Hotel &amp; Spa Alcoba\u00e7a\" \/>\n<meta property=\"og:description\" content=\"Sum\u00e9rgete en un viaje de relajaci\u00f3n profunda, donde cada ritual ha sido dise\u00f1ado para armonizar cuerpo, mente y alma.Elige tu momento de paz y d\u00e9jate envolver por una experiencia sublime de cuidado y bienestar. &nbsp; Nuestros servicios: Rituales de Masaje de Autor &#8211; Your Spa Relajante (25 min | 50 min) &#8211; Revitalizante (25 min [&hellip;]\" \/>\n<meta property=\"og:url\" content=\"https:\/\/www.yourhotelspa.com\/es\/spa\/menu-de-tratamientos\/\" \/>\n<meta property=\"og:site_name\" content=\"Your Hotel &amp; Spa Alcoba\u00e7a\" \/>\n<meta property=\"article:modified_time\" content=\"2025-08-12T15:39:17+00:00\" \/>\n<meta name=\"twitter:card\" content=\"summary_large_image\" \/>\n<meta name=\"twitter:label1\" content=\"Tiempo de lectura\" \/>\n\t<meta name=\"twitter:data1\" content=\"2 minutos\" \/>\n<script type=\"application\/ld+json\" class=\"yoast-schema-graph\">{\"@context\":\"https:\/\/schema.org\",\"@graph\":[{\"@type\":\"WebPage\",\"@id\":\"https:\/\/www.yourhotelspa.com\/es\/spa\/menu-de-tratamientos\/\",\"url\":\"https:\/\/www.yourhotelspa.com\/es\/spa\/menu-de-tratamientos\/\",\"name\":\"Men\u00fa de Tratamientos - Your Hotel & Spa Alcoba\u00e7a\",\"isPartOf\":{\"@id\":\"https:\/\/www.yourhotelspa.com\/es\/#website\"},\"datePublished\":\"2020-07-29T14:26:00+00:00\",\"dateModified\":\"2025-08-12T15:39:17+00:00\",\"breadcrumb\":{\"@id\":\"https:\/\/www.yourhotelspa.com\/es\/spa\/menu-de-tratamientos\/#breadcrumb\"},\"inLanguage\":\"es\",\"potentialAction\":[{\"@type\":\"ReadAction\",\"target\":[\"https:\/\/www.yourhotelspa.com\/es\/spa\/menu-de-tratamientos\/\"]}]},{\"@type\":\"BreadcrumbList\",\"@id\":\"https:\/\/www.yourhotelspa.com\/es\/spa\/menu-de-tratamientos\/#breadcrumb\",\"itemListElement\":[{\"@type\":\"ListItem\",\"position\":1,\"name\":\"Home\",\"item\":\"https:\/\/www.yourhotelspa.com\/es\/\"},{\"@type\":\"ListItem\",\"position\":2,\"name\":\"Spa Termal\",\"item\":\"https:\/\/www.yourhotelspa.com\/es\/spa\/\"},{\"@type\":\"ListItem\",\"position\":3,\"name\":\"Men\u00fa de Tratamientos\"}]},{\"@type\":\"WebSite\",\"@id\":\"https:\/\/www.yourhotelspa.com\/es\/#website\",\"url\":\"https:\/\/www.yourhotelspa.com\/es\/\",\"name\":\"Your Hotel & Spa Alcoba\u00e7a\",\"description\":\"Just another ms.decms.eu site\",\"potentialAction\":[{\"@type\":\"SearchAction\",\"target\":{\"@type\":\"EntryPoint\",\"urlTemplate\":\"https:\/\/www.yourhotelspa.com\/es\/?s={search_term_string}\"},\"query-input\":{\"@type\":\"PropertyValueSpecification\",\"valueRequired\":true,\"valueName\":\"search_term_string\"}}],\"inLanguage\":\"es\"}]}<\/script>\n<!-- \/ Yoast SEO plugin. -->","yoast_head_json":{"title":"Men\u00fa de Tratamientos - Your Hotel & Spa Alcoba\u00e7a","robots":{"index":"index","follow":"follow","max-snippet":"max-snippet:-1","max-image-preview":"max-image-preview:large","max-video-preview":"max-video-preview:-1"},"canonical":"https:\/\/www.yourhotelspa.com\/es\/spa\/menu-de-tratamientos\/","og_locale":"es_ES","og_type":"article","og_title":"Men\u00fa de Tratamientos - Your Hotel & Spa Alcoba\u00e7a","og_description":"Sum\u00e9rgete en un viaje de relajaci\u00f3n profunda, donde cada ritual ha sido dise\u00f1ado para armonizar cuerpo, mente y alma.Elige tu momento de paz y d\u00e9jate envolver por una experiencia sublime de cuidado y bienestar. &nbsp; Nuestros servicios: Rituales de Masaje de Autor &#8211; Your Spa Relajante (25 min | 50 min) &#8211; Revitalizante (25 min [&hellip;]","og_url":"https:\/\/www.yourhotelspa.com\/es\/spa\/menu-de-tratamientos\/","og_site_name":"Your Hotel & Spa Alcoba\u00e7a","article_modified_time":"2025-08-12T15:39:17+00:00","twitter_card":"summary_large_image","twitter_misc":{"Tiempo de lectura":"2 minutos"},"schema":{"@context":"https:\/\/schema.org","@graph":[{"@type":"WebPage","@id":"https:\/\/www.yourhotelspa.com\/es\/spa\/menu-de-tratamientos\/","url":"https:\/\/www.yourhotelspa.com\/es\/spa\/menu-de-tratamientos\/","name":"Men\u00fa de Tratamientos - Your Hotel & Spa Alcoba\u00e7a","isPartOf":{"@id":"https:\/\/www.yourhotelspa.com\/es\/#website"},"datePublished":"2020-07-29T14:26:00+00:00","dateModified":"2025-08-12T15:39:17+00:00","breadcrumb":{"@id":"https:\/\/www.yourhotelspa.com\/es\/spa\/menu-de-tratamientos\/#breadcrumb"},"inLanguage":"es","potentialAction":[{"@type":"ReadAction","target":["https:\/\/www.yourhotelspa.com\/es\/spa\/menu-de-tratamientos\/"]}]},{"@type":"BreadcrumbList","@id":"https:\/\/www.yourhotelspa.com\/es\/spa\/menu-de-tratamientos\/#breadcrumb","itemListElement":[{"@type":"ListItem","position":1,"name":"Home","item":"https:\/\/www.yourhotelspa.com\/es\/"},{"@type":"ListItem","position":2,"name":"Spa Termal","item":"https:\/\/www.yourhotelspa.com\/es\/spa\/"},{"@type":"ListItem","position":3,"name":"Men\u00fa de Tratamientos"}]},{"@type":"WebSite","@id":"https:\/\/www.yourhotelspa.com\/es\/#website","url":"https:\/\/www.yourhotelspa.com\/es\/","name":"Your Hotel & Spa Alcoba\u00e7a","description":"Just another ms.decms.eu site","potentialAction":[{"@type":"SearchAction","target":{"@type":"EntryPoint","urlTemplate":"https:\/\/www.yourhotelspa.com\/es\/?s={search_term_string}"},"query-input":{"@type":"PropertyValueSpecification","valueRequired":true,"valueName":"search_term_string"}}],"inLanguage":"es"}]}},"acf":[],"_links":{"self":[{"href":"https:\/\/www.yourhotelspa.com\/es\/wp-json\/wp\/v2\/pages\/611","targetHints":{"allow":["GET"]}}],"collection":[{"href":"https:\/\/www.yourhotelspa.com\/es\/wp-json\/wp\/v2\/pages"}],"about":[{"href":"https:\/\/www.yourhotelspa.com\/es\/wp-json\/wp\/v2\/types\/page"}],"author":[{"embeddable":true,"href":"https:\/\/www.yourhotelspa.com\/es\/wp-json\/wp\/v2\/users\/4"}],"replies":[{"embeddable":true,"href":"https:\/\/www.yourhotelspa.com\/es\/wp-json\/wp\/v2\/comments?post=611"}],"version-history":[{"count":0,"href":"https:\/\/www.yourhotelspa.com\/es\/wp-json\/wp\/v2\/pages\/611\/revisions"}],"up":[{"embeddable":true,"href":"https:\/\/www.yourhotelspa.com\/es\/wp-json\/wp\/v2\/pages\/601"}],"wp:attachment":[{"href":"https:\/\/www.yourhotelspa.com\/es\/wp-json\/wp\/v2\/media?parent=611"}],"curies":[{"name":"wp","href":"https:\/\/api.w.org\/{rel}","templated":true}]}}