{"id":630,"date":"2020-07-29T15:44:12","date_gmt":"2020-07-29T15:44:12","guid":{"rendered":"http:\/\/your-hotel-spa-alcobaca.ms.decms.eu\/?page_id=630"},"modified":"2025-12-18T11:13:02","modified_gmt":"2025-12-18T11:13:02","slug":"vouchers-oferta","status":"publish","type":"page","link":"https:\/\/www.yourhotelspa.com\/es\/spa\/vouchers-oferta\/","title":{"rendered":"Vales Regalo"},"content":{"rendered":"<p>\u00bfQuiere agasajar a alguien especial? Puede elegir uno o varios de nuestros servicios y personalizar su Vale. El Vale puede comprarse directamente en el hotel, enviarse por correo postal o por correo electr\u00f3nico.<\/p>\n<p>Procedimientos para los Vales enviados por correo postal o electr\u00f3nico:<\/p>\n<ul>\n<li>Elija los servicios que desea adquirir y env\u00ede su solicitud a la siguiente direcci\u00f3n de correo electr\u00f3nico: beyondspa@yourhotelspa.com;<\/li>\n<li>Comunique el nombre de la persona a la que se entregar\u00e1 el Vale, si desea que sea personalizado;<\/li>\n<li>Facilite los datos de facturaci\u00f3n (Nombre, Direcci\u00f3n y Identificaci\u00f3n Fiscal);<\/li>\n<li>Realizar el pago por Entidad\/Referencia (que le indicaremos si desea proceder a la compra del Vale);<\/li>\n<li>El Vale s\u00f3lo se activar\u00e1\/s\u00f3lo podr\u00e1 utilizarse una vez que se haya cobrado correctamente y se haya enviado nuestra factura-recibo. Si no se completa el pago, el vale se cancelar\u00e1 autom\u00e1ticamente;<\/li>\n<li>Tras la confirmaci\u00f3n por parte de nuestro Departamento de Contabilidad, se enviar\u00e1 la respectiva factura-recibo por correo electr\u00f3nico o postal, seg\u00fan su indicaci\u00f3n, y a partir de ese momento el Vale estar\u00e1 activo;<\/li>\n<li>Para los Vales f\u00edsicos recogidos en el mostrador, si desea envoltorio de regalo (caja de regalo), tendr\u00e1 un coste adicional de 1,50 euros por unidad;<\/li>\n<li>El env\u00edo de vales por correo implica un coste adicional de 2,50 \u20ac por unidad o 3,50 \u20ac por 2 a 5 unidades. El envoltorio (caja de regalo) no est\u00e1 incluido;<\/li>\n<li>Los Vales tienen una validez de 12 meses y no pueden utilizarse los s\u00e1bados por la tarde, los domingos por la ma\u00f1ana ni Fechas festivas.<\/li>\n<\/ul>\n","protected":false},"excerpt":{"rendered":"<p>\u00bfQuiere agasajar a alguien especial? Puede elegir uno o varios de nuestros servicios y personalizar su Vale. El Vale puede comprarse directamente en el hotel, enviarse por correo postal o por correo electr\u00f3nico. Procedimientos para los Vales enviados por correo postal o electr\u00f3nico: Elija los servicios que desea adquirir y env\u00ede su solicitud a la [&hellip;]<\/p>\n","protected":false},"author":4,"featured_media":0,"parent":601,"menu_order":4,"comment_status":"closed","ping_status":"closed","template":"template-treatment.php","meta":{"footnotes":""},"class_list":["post-630","page","type-page","status-publish","hentry"],"yoast_head":"<!-- This site is optimized with the Yoast SEO plugin v26.9 - https:\/\/yoast.com\/product\/yoast-seo-wordpress\/ -->\n<title>Vales Regalo - Your Hotel &amp; Spa Alcoba\u00e7a<\/title>\n<meta name=\"robots\" content=\"index, follow, max-snippet:-1, max-image-preview:large, max-video-preview:-1\" \/>\n<link rel=\"canonical\" href=\"https:\/\/www.yourhotelspa.com\/es\/spa\/vouchers-oferta\/\" \/>\n<meta property=\"og:locale\" content=\"es_ES\" \/>\n<meta property=\"og:type\" content=\"article\" \/>\n<meta property=\"og:title\" content=\"Vales Regalo - Your Hotel &amp; Spa Alcoba\u00e7a\" \/>\n<meta property=\"og:description\" content=\"\u00bfQuiere agasajar a alguien especial? Puede elegir uno o varios de nuestros servicios y personalizar su Vale. El Vale puede comprarse directamente en el hotel, enviarse por correo postal o por correo electr\u00f3nico. Procedimientos para los Vales enviados por correo postal o electr\u00f3nico: Elija los servicios que desea adquirir y env\u00ede su solicitud a la [&hellip;]\" \/>\n<meta property=\"og:url\" content=\"https:\/\/www.yourhotelspa.com\/es\/spa\/vouchers-oferta\/\" \/>\n<meta property=\"og:site_name\" content=\"Your Hotel &amp; Spa Alcoba\u00e7a\" \/>\n<meta property=\"article:modified_time\" content=\"2025-12-18T11:13:02+00:00\" \/>\n<meta name=\"twitter:card\" content=\"summary_large_image\" \/>\n<meta name=\"twitter:label1\" content=\"Tiempo de lectura\" \/>\n\t<meta name=\"twitter:data1\" content=\"2 minutos\" \/>\n<script type=\"application\/ld+json\" class=\"yoast-schema-graph\">{\"@context\":\"https:\/\/schema.org\",\"@graph\":[{\"@type\":\"WebPage\",\"@id\":\"https:\/\/www.yourhotelspa.com\/es\/spa\/vouchers-oferta\/\",\"url\":\"https:\/\/www.yourhotelspa.com\/es\/spa\/vouchers-oferta\/\",\"name\":\"Vales Regalo - Your Hotel & Spa Alcoba\u00e7a\",\"isPartOf\":{\"@id\":\"https:\/\/www.yourhotelspa.com\/es\/#website\"},\"datePublished\":\"2020-07-29T15:44:12+00:00\",\"dateModified\":\"2025-12-18T11:13:02+00:00\",\"breadcrumb\":{\"@id\":\"https:\/\/www.yourhotelspa.com\/es\/spa\/vouchers-oferta\/#breadcrumb\"},\"inLanguage\":\"es\",\"potentialAction\":[{\"@type\":\"ReadAction\",\"target\":[\"https:\/\/www.yourhotelspa.com\/es\/spa\/vouchers-oferta\/\"]}]},{\"@type\":\"BreadcrumbList\",\"@id\":\"https:\/\/www.yourhotelspa.com\/es\/spa\/vouchers-oferta\/#breadcrumb\",\"itemListElement\":[{\"@type\":\"ListItem\",\"position\":1,\"name\":\"Home\",\"item\":\"https:\/\/www.yourhotelspa.com\/es\/\"},{\"@type\":\"ListItem\",\"position\":2,\"name\":\"Spa Termal\",\"item\":\"https:\/\/www.yourhotelspa.com\/es\/spa\/\"},{\"@type\":\"ListItem\",\"position\":3,\"name\":\"Vales Regalo\"}]},{\"@type\":\"WebSite\",\"@id\":\"https:\/\/www.yourhotelspa.com\/es\/#website\",\"url\":\"https:\/\/www.yourhotelspa.com\/es\/\",\"name\":\"Your Hotel & Spa Alcoba\u00e7a\",\"description\":\"Just another ms.decms.eu site\",\"potentialAction\":[{\"@type\":\"SearchAction\",\"target\":{\"@type\":\"EntryPoint\",\"urlTemplate\":\"https:\/\/www.yourhotelspa.com\/es\/?s={search_term_string}\"},\"query-input\":{\"@type\":\"PropertyValueSpecification\",\"valueRequired\":true,\"valueName\":\"search_term_string\"}}],\"inLanguage\":\"es\"}]}<\/script>\n<!-- \/ Yoast SEO plugin. -->","yoast_head_json":{"title":"Vales Regalo - Your Hotel & Spa Alcoba\u00e7a","robots":{"index":"index","follow":"follow","max-snippet":"max-snippet:-1","max-image-preview":"max-image-preview:large","max-video-preview":"max-video-preview:-1"},"canonical":"https:\/\/www.yourhotelspa.com\/es\/spa\/vouchers-oferta\/","og_locale":"es_ES","og_type":"article","og_title":"Vales Regalo - Your Hotel & Spa Alcoba\u00e7a","og_description":"\u00bfQuiere agasajar a alguien especial? Puede elegir uno o varios de nuestros servicios y personalizar su Vale. El Vale puede comprarse directamente en el hotel, enviarse por correo postal o por correo electr\u00f3nico. Procedimientos para los Vales enviados por correo postal o electr\u00f3nico: Elija los servicios que desea adquirir y env\u00ede su solicitud a la [&hellip;]","og_url":"https:\/\/www.yourhotelspa.com\/es\/spa\/vouchers-oferta\/","og_site_name":"Your Hotel & Spa Alcoba\u00e7a","article_modified_time":"2025-12-18T11:13:02+00:00","twitter_card":"summary_large_image","twitter_misc":{"Tiempo de lectura":"2 minutos"},"schema":{"@context":"https:\/\/schema.org","@graph":[{"@type":"WebPage","@id":"https:\/\/www.yourhotelspa.com\/es\/spa\/vouchers-oferta\/","url":"https:\/\/www.yourhotelspa.com\/es\/spa\/vouchers-oferta\/","name":"Vales Regalo - Your Hotel & Spa Alcoba\u00e7a","isPartOf":{"@id":"https:\/\/www.yourhotelspa.com\/es\/#website"},"datePublished":"2020-07-29T15:44:12+00:00","dateModified":"2025-12-18T11:13:02+00:00","breadcrumb":{"@id":"https:\/\/www.yourhotelspa.com\/es\/spa\/vouchers-oferta\/#breadcrumb"},"inLanguage":"es","potentialAction":[{"@type":"ReadAction","target":["https:\/\/www.yourhotelspa.com\/es\/spa\/vouchers-oferta\/"]}]},{"@type":"BreadcrumbList","@id":"https:\/\/www.yourhotelspa.com\/es\/spa\/vouchers-oferta\/#breadcrumb","itemListElement":[{"@type":"ListItem","position":1,"name":"Home","item":"https:\/\/www.yourhotelspa.com\/es\/"},{"@type":"ListItem","position":2,"name":"Spa Termal","item":"https:\/\/www.yourhotelspa.com\/es\/spa\/"},{"@type":"ListItem","position":3,"name":"Vales Regalo"}]},{"@type":"WebSite","@id":"https:\/\/www.yourhotelspa.com\/es\/#website","url":"https:\/\/www.yourhotelspa.com\/es\/","name":"Your Hotel & Spa Alcoba\u00e7a","description":"Just another ms.decms.eu site","potentialAction":[{"@type":"SearchAction","target":{"@type":"EntryPoint","urlTemplate":"https:\/\/www.yourhotelspa.com\/es\/?s={search_term_string}"},"query-input":{"@type":"PropertyValueSpecification","valueRequired":true,"valueName":"search_term_string"}}],"inLanguage":"es"}]}},"acf":[],"_links":{"self":[{"href":"https:\/\/www.yourhotelspa.com\/es\/wp-json\/wp\/v2\/pages\/630","targetHints":{"allow":["GET"]}}],"collection":[{"href":"https:\/\/www.yourhotelspa.com\/es\/wp-json\/wp\/v2\/pages"}],"about":[{"href":"https:\/\/www.yourhotelspa.com\/es\/wp-json\/wp\/v2\/types\/page"}],"author":[{"embeddable":true,"href":"https:\/\/www.yourhotelspa.com\/es\/wp-json\/wp\/v2\/users\/4"}],"replies":[{"embeddable":true,"href":"https:\/\/www.yourhotelspa.com\/es\/wp-json\/wp\/v2\/comments?post=630"}],"version-history":[{"count":0,"href":"https:\/\/www.yourhotelspa.com\/es\/wp-json\/wp\/v2\/pages\/630\/revisions"}],"up":[{"embeddable":true,"href":"https:\/\/www.yourhotelspa.com\/es\/wp-json\/wp\/v2\/pages\/601"}],"wp:attachment":[{"href":"https:\/\/www.yourhotelspa.com\/es\/wp-json\/wp\/v2\/media?parent=630"}],"curies":[{"name":"wp","href":"https:\/\/api.w.org\/{rel}","templated":true}]}}