{"id":638,"date":"2020-07-30T07:45:23","date_gmt":"2020-07-30T07:45:23","guid":{"rendered":"http:\/\/your-hotel-spa-alcobaca.ms.decms.eu\/?page_id=638"},"modified":"2020-07-30T07:45:23","modified_gmt":"2020-07-30T07:45:23","slug":"historia-de-las-termas-da-piedade","status":"publish","type":"page","link":"https:\/\/www.yourhotelspa.com\/es\/termas-da-piedade\/historia-de-las-termas-da-piedade\/","title":{"rendered":"Historia de las Termas da Piedade"},"content":{"rendered":"<p>Se desconoce el momento en el que se empez\u00f3 a aprovechar el agua da Piedade con fines terap\u00e9uticos. Seg\u00fan algunos estudios, estos manantiales habr\u00edan sido explorados durante la romanizaci\u00f3n.<\/p>\n<p>Es considerado el primer establecimiento termal, creado por las \u00f3rdenes religiosas de Cister en tiempos del Cardenal-Rey D. Enrique I, cuando se tomaban ba\u00f1os curativos en este lugar.<\/p>\n<p>Durante el siglo XX la entidad fue concedida a varios propietarios hasta llegar a la actual sociedad Termas da Piedade Lda., que desde 1981 ha remodelado el sector hotelero. Las aguas da Piedade estaban muy solicitadas para acabar con dolores del aparato digestivo, piel e inflamaciones musculares. Sin embargo, en 1997 la actividad termal asociada a la utilizaci\u00f3n de las aguas de la Piedade fue interrumpida por modificaciones en las caracter\u00edsticas del agua. A pesar de este par\u00f3n, Your Hotel &#038; Spa fue creado teniendo en cuenta que en el futuro tendr\u00eda las aguas termales.<\/p>\n<p>El objetivo de incrementar la actividad termal con la utilizaci\u00f3n de las aguas da Piedade se mantuvo a lo largo de los a\u00f1os hasta que en 2019 las Termas da Piedade volvieron a surgir y se fundieron con el spa ya existente, pasando a ser un spa termal que ahora utiliza las aguas centenarias da Piedade<\/p>\n","protected":false},"excerpt":{"rendered":"<p>Se desconoce el momento en el que se empez\u00f3 a aprovechar el agua da Piedade con fines terap\u00e9uticos. Seg\u00fan algunos estudios, estos manantiales habr\u00edan sido explorados durante la romanizaci\u00f3n. Es considerado el primer establecimiento termal, creado por las \u00f3rdenes religiosas de Cister en tiempos del Cardenal-Rey D. Enrique I, cuando se tomaban ba\u00f1os curativos en [&hellip;]<\/p>\n","protected":false},"author":4,"featured_media":0,"parent":634,"menu_order":7,"comment_status":"closed","ping_status":"closed","template":"template-treatment.php","meta":{"footnotes":""},"class_list":["post-638","page","type-page","status-publish","hentry"],"yoast_head":"<!-- This site is optimized with the Yoast SEO plugin v26.9 - https:\/\/yoast.com\/product\/yoast-seo-wordpress\/ -->\n<title>Historia de las Termas da Piedade - Your Hotel &amp; Spa Alcoba\u00e7a<\/title>\n<meta name=\"robots\" content=\"index, follow, max-snippet:-1, max-image-preview:large, max-video-preview:-1\" \/>\n<link rel=\"canonical\" href=\"https:\/\/www.yourhotelspa.com\/es\/termas-da-piedade\/historia-de-las-termas-da-piedade\/\" \/>\n<meta property=\"og:locale\" content=\"es_ES\" \/>\n<meta property=\"og:type\" content=\"article\" \/>\n<meta property=\"og:title\" content=\"Historia de las Termas da Piedade - Your Hotel &amp; Spa Alcoba\u00e7a\" \/>\n<meta property=\"og:description\" content=\"Se desconoce el momento en el que se empez\u00f3 a aprovechar el agua da Piedade con fines terap\u00e9uticos. Seg\u00fan algunos estudios, estos manantiales habr\u00edan sido explorados durante la romanizaci\u00f3n. Es considerado el primer establecimiento termal, creado por las \u00f3rdenes religiosas de Cister en tiempos del Cardenal-Rey D. Enrique I, cuando se tomaban ba\u00f1os curativos en [&hellip;]\" \/>\n<meta property=\"og:url\" content=\"https:\/\/www.yourhotelspa.com\/es\/termas-da-piedade\/historia-de-las-termas-da-piedade\/\" \/>\n<meta property=\"og:site_name\" content=\"Your Hotel &amp; Spa Alcoba\u00e7a\" \/>\n<meta name=\"twitter:card\" content=\"summary_large_image\" \/>\n<meta name=\"twitter:label1\" content=\"Tiempo de lectura\" \/>\n\t<meta name=\"twitter:data1\" content=\"1 minuto\" \/>\n<script type=\"application\/ld+json\" class=\"yoast-schema-graph\">{\"@context\":\"https:\/\/schema.org\",\"@graph\":[{\"@type\":\"WebPage\",\"@id\":\"https:\/\/www.yourhotelspa.com\/es\/termas-da-piedade\/historia-de-las-termas-da-piedade\/\",\"url\":\"https:\/\/www.yourhotelspa.com\/es\/termas-da-piedade\/historia-de-las-termas-da-piedade\/\",\"name\":\"Historia de las Termas da Piedade - Your Hotel & Spa Alcoba\u00e7a\",\"isPartOf\":{\"@id\":\"https:\/\/www.yourhotelspa.com\/es\/#website\"},\"datePublished\":\"2020-07-30T07:45:23+00:00\",\"breadcrumb\":{\"@id\":\"https:\/\/www.yourhotelspa.com\/es\/termas-da-piedade\/historia-de-las-termas-da-piedade\/#breadcrumb\"},\"inLanguage\":\"es\",\"potentialAction\":[{\"@type\":\"ReadAction\",\"target\":[\"https:\/\/www.yourhotelspa.com\/es\/termas-da-piedade\/historia-de-las-termas-da-piedade\/\"]}]},{\"@type\":\"BreadcrumbList\",\"@id\":\"https:\/\/www.yourhotelspa.com\/es\/termas-da-piedade\/historia-de-las-termas-da-piedade\/#breadcrumb\",\"itemListElement\":[{\"@type\":\"ListItem\",\"position\":1,\"name\":\"Home\",\"item\":\"https:\/\/www.yourhotelspa.com\/es\/\"},{\"@type\":\"ListItem\",\"position\":2,\"name\":\"Termas da piedade\",\"item\":\"https:\/\/www.yourhotelspa.com\/es\/termas-da-piedade\/\"},{\"@type\":\"ListItem\",\"position\":3,\"name\":\"Historia de las Termas da Piedade\"}]},{\"@type\":\"WebSite\",\"@id\":\"https:\/\/www.yourhotelspa.com\/es\/#website\",\"url\":\"https:\/\/www.yourhotelspa.com\/es\/\",\"name\":\"Your Hotel & Spa Alcoba\u00e7a\",\"description\":\"Just another ms.decms.eu site\",\"potentialAction\":[{\"@type\":\"SearchAction\",\"target\":{\"@type\":\"EntryPoint\",\"urlTemplate\":\"https:\/\/www.yourhotelspa.com\/es\/?s={search_term_string}\"},\"query-input\":{\"@type\":\"PropertyValueSpecification\",\"valueRequired\":true,\"valueName\":\"search_term_string\"}}],\"inLanguage\":\"es\"}]}<\/script>\n<!-- \/ Yoast SEO plugin. -->","yoast_head_json":{"title":"Historia de las Termas da Piedade - Your Hotel & Spa Alcoba\u00e7a","robots":{"index":"index","follow":"follow","max-snippet":"max-snippet:-1","max-image-preview":"max-image-preview:large","max-video-preview":"max-video-preview:-1"},"canonical":"https:\/\/www.yourhotelspa.com\/es\/termas-da-piedade\/historia-de-las-termas-da-piedade\/","og_locale":"es_ES","og_type":"article","og_title":"Historia de las Termas da Piedade - Your Hotel & Spa Alcoba\u00e7a","og_description":"Se desconoce el momento en el que se empez\u00f3 a aprovechar el agua da Piedade con fines terap\u00e9uticos. Seg\u00fan algunos estudios, estos manantiales habr\u00edan sido explorados durante la romanizaci\u00f3n. Es considerado el primer establecimiento termal, creado por las \u00f3rdenes religiosas de Cister en tiempos del Cardenal-Rey D. Enrique I, cuando se tomaban ba\u00f1os curativos en [&hellip;]","og_url":"https:\/\/www.yourhotelspa.com\/es\/termas-da-piedade\/historia-de-las-termas-da-piedade\/","og_site_name":"Your Hotel & Spa Alcoba\u00e7a","twitter_card":"summary_large_image","twitter_misc":{"Tiempo de lectura":"1 minuto"},"schema":{"@context":"https:\/\/schema.org","@graph":[{"@type":"WebPage","@id":"https:\/\/www.yourhotelspa.com\/es\/termas-da-piedade\/historia-de-las-termas-da-piedade\/","url":"https:\/\/www.yourhotelspa.com\/es\/termas-da-piedade\/historia-de-las-termas-da-piedade\/","name":"Historia de las Termas da Piedade - Your Hotel & Spa Alcoba\u00e7a","isPartOf":{"@id":"https:\/\/www.yourhotelspa.com\/es\/#website"},"datePublished":"2020-07-30T07:45:23+00:00","breadcrumb":{"@id":"https:\/\/www.yourhotelspa.com\/es\/termas-da-piedade\/historia-de-las-termas-da-piedade\/#breadcrumb"},"inLanguage":"es","potentialAction":[{"@type":"ReadAction","target":["https:\/\/www.yourhotelspa.com\/es\/termas-da-piedade\/historia-de-las-termas-da-piedade\/"]}]},{"@type":"BreadcrumbList","@id":"https:\/\/www.yourhotelspa.com\/es\/termas-da-piedade\/historia-de-las-termas-da-piedade\/#breadcrumb","itemListElement":[{"@type":"ListItem","position":1,"name":"Home","item":"https:\/\/www.yourhotelspa.com\/es\/"},{"@type":"ListItem","position":2,"name":"Termas da piedade","item":"https:\/\/www.yourhotelspa.com\/es\/termas-da-piedade\/"},{"@type":"ListItem","position":3,"name":"Historia de las Termas da Piedade"}]},{"@type":"WebSite","@id":"https:\/\/www.yourhotelspa.com\/es\/#website","url":"https:\/\/www.yourhotelspa.com\/es\/","name":"Your Hotel & Spa Alcoba\u00e7a","description":"Just another ms.decms.eu site","potentialAction":[{"@type":"SearchAction","target":{"@type":"EntryPoint","urlTemplate":"https:\/\/www.yourhotelspa.com\/es\/?s={search_term_string}"},"query-input":{"@type":"PropertyValueSpecification","valueRequired":true,"valueName":"search_term_string"}}],"inLanguage":"es"}]}},"acf":[],"_links":{"self":[{"href":"https:\/\/www.yourhotelspa.com\/es\/wp-json\/wp\/v2\/pages\/638","targetHints":{"allow":["GET"]}}],"collection":[{"href":"https:\/\/www.yourhotelspa.com\/es\/wp-json\/wp\/v2\/pages"}],"about":[{"href":"https:\/\/www.yourhotelspa.com\/es\/wp-json\/wp\/v2\/types\/page"}],"author":[{"embeddable":true,"href":"https:\/\/www.yourhotelspa.com\/es\/wp-json\/wp\/v2\/users\/4"}],"replies":[{"embeddable":true,"href":"https:\/\/www.yourhotelspa.com\/es\/wp-json\/wp\/v2\/comments?post=638"}],"version-history":[{"count":0,"href":"https:\/\/www.yourhotelspa.com\/es\/wp-json\/wp\/v2\/pages\/638\/revisions"}],"up":[{"embeddable":true,"href":"https:\/\/www.yourhotelspa.com\/es\/wp-json\/wp\/v2\/pages\/634"}],"wp:attachment":[{"href":"https:\/\/www.yourhotelspa.com\/es\/wp-json\/wp\/v2\/media?parent=638"}],"curies":[{"name":"wp","href":"https:\/\/api.w.org\/{rel}","templated":true}]}}