{"id":642,"date":"2020-07-30T08:17:23","date_gmt":"2020-07-30T08:17:23","guid":{"rendered":"http:\/\/your-hotel-spa-alcobaca.ms.decms.eu\/?page_id=642"},"modified":"2026-04-27T15:30:03","modified_gmt":"2026-04-27T15:30:03","slug":"menu-de-tratamientos-termales","status":"publish","type":"page","link":"https:\/\/www.yourhotelspa.com\/es\/termas-da-piedade\/menu-de-tratamientos-termales\/","title":{"rendered":"Men\u00fa de tratamientos termales"},"content":{"rendered":"<p>Nuestros Servicios termales:<\/p>\n<ul>\n<li>Consultas de: Hidrolog\u00eda \/ Fisioterapia \/ Nutrici\u00f3n<\/li>\n<li>Acompa\u00f1amiento M\u00e9dico<\/li>\n<li>Ingesta de Agua Termal<\/li>\n<li><a href=\"https:\/\/www.yourhotelspa.com\/es\/termas-da-piedade\/hidroterapia-de-colon\/\">Hidroterapia de Colon<\/a><\/li>\n<li>Hidroterapia Termal<\/li>\n<li><a href=\"https:\/\/www.yourhotelspa.com\/es\/termas-da-piedade\/fisioterapia-termal\/\">Fisioterapia Termal<\/a><\/li>\n<li>Ba\u00f1os Termales<\/li>\n<li>Duchas Termales<\/li>\n<li>Drenajes<\/li>\n<li>Masajes<\/li>\n<li>Camillas de Relajaci\u00f3n<\/li>\n<\/ul>\n<p><a href=\"https:\/\/www.yourhotelspa.com\/wp-content\/uploads\/sites\/180\/2025\/09\/MAN-57-07-Menu-de-Tratamentos-Termas-da-Piedade-EN-ALCO.pdf\">Vea aqu\u00ed la Carta Completa de Tratamientos de Termas da Piedade<\/a><\/p>\n","protected":false},"excerpt":{"rendered":"<p>Nuestros Servicios termales: Consultas de: Hidrolog\u00eda \/ Fisioterapia \/ Nutrici\u00f3n Acompa\u00f1amiento M\u00e9dico Ingesta de Agua Termal Hidroterapia de Colon Hidroterapia Termal Fisioterapia Termal Ba\u00f1os Termales Duchas Termales Drenajes Masajes Camillas de Relajaci\u00f3n Vea aqu\u00ed la Carta Completa de Tratamientos de Termas da Piedade<\/p>\n","protected":false},"author":4,"featured_media":0,"parent":634,"menu_order":1,"comment_status":"closed","ping_status":"closed","template":"template-treatment.php","meta":{"footnotes":""},"class_list":["post-642","page","type-page","status-publish","hentry"],"yoast_head":"<!-- This site is optimized with the Yoast SEO plugin v26.9 - https:\/\/yoast.com\/product\/yoast-seo-wordpress\/ -->\n<title>Men\u00fa de tratamientos termales - Your Hotel &amp; Spa Alcoba\u00e7a<\/title>\n<meta name=\"robots\" content=\"index, follow, max-snippet:-1, max-image-preview:large, max-video-preview:-1\" \/>\n<link rel=\"canonical\" href=\"https:\/\/www.yourhotelspa.com\/es\/termas-da-piedade\/menu-de-tratamientos-termales\/\" \/>\n<meta property=\"og:locale\" content=\"es_ES\" \/>\n<meta property=\"og:type\" content=\"article\" \/>\n<meta property=\"og:title\" content=\"Men\u00fa de tratamientos termales - Your Hotel &amp; Spa Alcoba\u00e7a\" \/>\n<meta property=\"og:description\" content=\"Nuestros Servicios termales: Consultas de: Hidrolog\u00eda \/ Fisioterapia \/ Nutrici\u00f3n Acompa\u00f1amiento M\u00e9dico Ingesta de Agua Termal Hidroterapia de Colon Hidroterapia Termal Fisioterapia Termal Ba\u00f1os Termales Duchas Termales Drenajes Masajes Camillas de Relajaci\u00f3n Vea aqu\u00ed la Carta Completa de Tratamientos de Termas da Piedade\" \/>\n<meta property=\"og:url\" content=\"https:\/\/www.yourhotelspa.com\/es\/termas-da-piedade\/menu-de-tratamientos-termales\/\" \/>\n<meta property=\"og:site_name\" content=\"Your Hotel &amp; Spa Alcoba\u00e7a\" \/>\n<meta property=\"article:modified_time\" content=\"2026-04-27T15:30:03+00:00\" \/>\n<meta name=\"twitter:card\" content=\"summary_large_image\" \/>\n<meta name=\"twitter:label1\" content=\"Tiempo de lectura\" \/>\n\t<meta name=\"twitter:data1\" content=\"1 minuto\" \/>\n<script type=\"application\/ld+json\" class=\"yoast-schema-graph\">{\"@context\":\"https:\/\/schema.org\",\"@graph\":[{\"@type\":\"WebPage\",\"@id\":\"https:\/\/www.yourhotelspa.com\/es\/termas-da-piedade\/menu-de-tratamientos-termales\/\",\"url\":\"https:\/\/www.yourhotelspa.com\/es\/termas-da-piedade\/menu-de-tratamientos-termales\/\",\"name\":\"Men\u00fa de tratamientos termales - Your Hotel & Spa Alcoba\u00e7a\",\"isPartOf\":{\"@id\":\"https:\/\/www.yourhotelspa.com\/es\/#website\"},\"datePublished\":\"2020-07-30T08:17:23+00:00\",\"dateModified\":\"2026-04-27T15:30:03+00:00\",\"breadcrumb\":{\"@id\":\"https:\/\/www.yourhotelspa.com\/es\/termas-da-piedade\/menu-de-tratamientos-termales\/#breadcrumb\"},\"inLanguage\":\"es\",\"potentialAction\":[{\"@type\":\"ReadAction\",\"target\":[\"https:\/\/www.yourhotelspa.com\/es\/termas-da-piedade\/menu-de-tratamientos-termales\/\"]}]},{\"@type\":\"BreadcrumbList\",\"@id\":\"https:\/\/www.yourhotelspa.com\/es\/termas-da-piedade\/menu-de-tratamientos-termales\/#breadcrumb\",\"itemListElement\":[{\"@type\":\"ListItem\",\"position\":1,\"name\":\"Home\",\"item\":\"https:\/\/www.yourhotelspa.com\/es\/\"},{\"@type\":\"ListItem\",\"position\":2,\"name\":\"Termas da piedade\",\"item\":\"https:\/\/www.yourhotelspa.com\/es\/termas-da-piedade\/\"},{\"@type\":\"ListItem\",\"position\":3,\"name\":\"Men\u00fa de tratamientos termales\"}]},{\"@type\":\"WebSite\",\"@id\":\"https:\/\/www.yourhotelspa.com\/es\/#website\",\"url\":\"https:\/\/www.yourhotelspa.com\/es\/\",\"name\":\"Your Hotel & Spa Alcoba\u00e7a\",\"description\":\"Just another ms.decms.eu site\",\"potentialAction\":[{\"@type\":\"SearchAction\",\"target\":{\"@type\":\"EntryPoint\",\"urlTemplate\":\"https:\/\/www.yourhotelspa.com\/es\/?s={search_term_string}\"},\"query-input\":{\"@type\":\"PropertyValueSpecification\",\"valueRequired\":true,\"valueName\":\"search_term_string\"}}],\"inLanguage\":\"es\"}]}<\/script>\n<!-- \/ Yoast SEO plugin. -->","yoast_head_json":{"title":"Men\u00fa de tratamientos termales - Your Hotel & Spa Alcoba\u00e7a","robots":{"index":"index","follow":"follow","max-snippet":"max-snippet:-1","max-image-preview":"max-image-preview:large","max-video-preview":"max-video-preview:-1"},"canonical":"https:\/\/www.yourhotelspa.com\/es\/termas-da-piedade\/menu-de-tratamientos-termales\/","og_locale":"es_ES","og_type":"article","og_title":"Men\u00fa de tratamientos termales - Your Hotel & Spa Alcoba\u00e7a","og_description":"Nuestros Servicios termales: Consultas de: Hidrolog\u00eda \/ Fisioterapia \/ Nutrici\u00f3n Acompa\u00f1amiento M\u00e9dico Ingesta de Agua Termal Hidroterapia de Colon Hidroterapia Termal Fisioterapia Termal Ba\u00f1os Termales Duchas Termales Drenajes Masajes Camillas de Relajaci\u00f3n Vea aqu\u00ed la Carta Completa de Tratamientos de Termas da Piedade","og_url":"https:\/\/www.yourhotelspa.com\/es\/termas-da-piedade\/menu-de-tratamientos-termales\/","og_site_name":"Your Hotel & Spa Alcoba\u00e7a","article_modified_time":"2026-04-27T15:30:03+00:00","twitter_card":"summary_large_image","twitter_misc":{"Tiempo de lectura":"1 minuto"},"schema":{"@context":"https:\/\/schema.org","@graph":[{"@type":"WebPage","@id":"https:\/\/www.yourhotelspa.com\/es\/termas-da-piedade\/menu-de-tratamientos-termales\/","url":"https:\/\/www.yourhotelspa.com\/es\/termas-da-piedade\/menu-de-tratamientos-termales\/","name":"Men\u00fa de tratamientos termales - Your Hotel & Spa Alcoba\u00e7a","isPartOf":{"@id":"https:\/\/www.yourhotelspa.com\/es\/#website"},"datePublished":"2020-07-30T08:17:23+00:00","dateModified":"2026-04-27T15:30:03+00:00","breadcrumb":{"@id":"https:\/\/www.yourhotelspa.com\/es\/termas-da-piedade\/menu-de-tratamientos-termales\/#breadcrumb"},"inLanguage":"es","potentialAction":[{"@type":"ReadAction","target":["https:\/\/www.yourhotelspa.com\/es\/termas-da-piedade\/menu-de-tratamientos-termales\/"]}]},{"@type":"BreadcrumbList","@id":"https:\/\/www.yourhotelspa.com\/es\/termas-da-piedade\/menu-de-tratamientos-termales\/#breadcrumb","itemListElement":[{"@type":"ListItem","position":1,"name":"Home","item":"https:\/\/www.yourhotelspa.com\/es\/"},{"@type":"ListItem","position":2,"name":"Termas da piedade","item":"https:\/\/www.yourhotelspa.com\/es\/termas-da-piedade\/"},{"@type":"ListItem","position":3,"name":"Men\u00fa de tratamientos termales"}]},{"@type":"WebSite","@id":"https:\/\/www.yourhotelspa.com\/es\/#website","url":"https:\/\/www.yourhotelspa.com\/es\/","name":"Your Hotel & Spa Alcoba\u00e7a","description":"Just another ms.decms.eu site","potentialAction":[{"@type":"SearchAction","target":{"@type":"EntryPoint","urlTemplate":"https:\/\/www.yourhotelspa.com\/es\/?s={search_term_string}"},"query-input":{"@type":"PropertyValueSpecification","valueRequired":true,"valueName":"search_term_string"}}],"inLanguage":"es"}]}},"acf":[],"_links":{"self":[{"href":"https:\/\/www.yourhotelspa.com\/es\/wp-json\/wp\/v2\/pages\/642","targetHints":{"allow":["GET"]}}],"collection":[{"href":"https:\/\/www.yourhotelspa.com\/es\/wp-json\/wp\/v2\/pages"}],"about":[{"href":"https:\/\/www.yourhotelspa.com\/es\/wp-json\/wp\/v2\/types\/page"}],"author":[{"embeddable":true,"href":"https:\/\/www.yourhotelspa.com\/es\/wp-json\/wp\/v2\/users\/4"}],"replies":[{"embeddable":true,"href":"https:\/\/www.yourhotelspa.com\/es\/wp-json\/wp\/v2\/comments?post=642"}],"version-history":[{"count":0,"href":"https:\/\/www.yourhotelspa.com\/es\/wp-json\/wp\/v2\/pages\/642\/revisions"}],"up":[{"embeddable":true,"href":"https:\/\/www.yourhotelspa.com\/es\/wp-json\/wp\/v2\/pages\/634"}],"wp:attachment":[{"href":"https:\/\/www.yourhotelspa.com\/es\/wp-json\/wp\/v2\/media?parent=642"}],"curies":[{"name":"wp","href":"https:\/\/api.w.org\/{rel}","templated":true}]}}