{"id":648,"date":"2020-07-30T08:47:39","date_gmt":"2020-07-30T08:47:39","guid":{"rendered":"http:\/\/your-hotel-spa-alcobaca.ms.decms.eu\/?page_id=648"},"modified":"2026-04-27T16:03:19","modified_gmt":"2026-04-27T16:03:19","slug":"patologias-musculoesqueleticas","status":"publish","type":"page","link":"https:\/\/www.yourhotelspa.com\/es\/termas-da-piedade\/patologias-musculoesqueleticas\/","title":{"rendered":"Patolog\u00edas musculoesquel\u00e9ticas"},"content":{"rendered":"<p>Los tratamientos musculoesquel\u00e9ticos en las Termas da Piedade est\u00e1n dirigidos al cuidado de afecciones que afectan a huesos, m\u00fasculos, articulaciones y ligamentos. Aprovechando las propiedades terap\u00e9uticas \u00fanicas de las aguas termales, estos tratamientos ayudan a aliviar el dolor, reducir la inflamaci\u00f3n y mejorar la movilidad y la funcionalidad corporal.<\/p>\n<p>&nbsp;<\/p>\n<p><strong>Pueden beneficiarse especialmente personas con:\u00a0<\/strong><\/p>\n<ul>\n<li data-section-id=\"16pmjju\" data-start=\"426\" data-end=\"438\">Artritis;<\/li>\n<li data-section-id=\"17vdegr\" data-start=\"439\" data-end=\"451\">Artrosis;<\/li>\n<li data-section-id=\"1owo8xd\" data-start=\"452\" data-end=\"468\">Cervicalgias;<\/li>\n<li data-section-id=\"gjn834\" data-start=\"469\" data-end=\"486\">Epicondilitis;<\/li>\n<li data-section-id=\"1hki4i1\" data-start=\"487\" data-end=\"503\">Espondilitis;<\/li>\n<li data-section-id=\"ki8av2\" data-start=\"504\" data-end=\"520\">Fibromialgia;<\/li>\n<li data-section-id=\"122dwjz\" data-start=\"521\" data-end=\"535\">Lumbalgias;<\/li>\n<li data-section-id=\"9ipmbs\" data-start=\"536\" data-end=\"562\">Patolog\u00edas Articulares;<\/li>\n<li data-section-id=\"fytjsj\" data-start=\"563\" data-end=\"577\">Tendinitis;<\/li>\n<li data-section-id=\"10kczns\" data-start=\"578\" data-end=\"642\">Secuelas de lesiones traum\u00e1ticas, como fracturas o esguinces.<\/li>\n<\/ul>\n<p>&nbsp;<\/p>\n<p><strong>Algunas t\u00e9cnicas que ayudan a combatir estos trastornos:<\/strong><\/p>\n<ul>\n<li data-section-id=\"59uaz0\" data-start=\"704\" data-end=\"862\"><strong>Hidroterapia Termal<\/strong> (uso del agua termal para la prevenci\u00f3n, tratamiento o rehabilitaci\u00f3n, gracias a sus propiedades mec\u00e1nicas, fisicoqu\u00edmicas y t\u00e9rmicas);<\/li>\n<li data-section-id=\"1mbtxlk\" data-start=\"863\" data-end=\"1102\"><strong>Ducha Vichy<\/strong> (tratamiento que combina t\u00e9cnicas de masaje manual con chorros de agua termal caliente a lo largo de todo el cuerpo, combinando los beneficios de la temperatura y la presi\u00f3n para disminuir la rigidez y mejorar la movilidad);<\/li>\n<li data-section-id=\"nxwru5\" data-start=\"1103\" data-end=\"1265\"><strong>Ducha de Chorros<\/strong> (aplicaci\u00f3n de agua termal a presi\u00f3n para estimular la circulaci\u00f3n sangu\u00ednea, aliviar la tensi\u00f3n muscular y promover la relajaci\u00f3n articular);<\/li>\n<li data-section-id=\"1ic2ofz\" data-start=\"1266\" data-end=\"1408\"><strong>Ba\u00f1os Termales<\/strong> (inmersi\u00f3n en aguas ricas en minerales, aliviando el dolor, reduciendo la inflamaci\u00f3n y promoviendo la relajaci\u00f3n muscular);<\/li>\n<li data-section-id=\"1ieyoyb\" data-start=\"1409\" data-end=\"1670\"><strong>Fisioterapia Termal<\/strong> (ejercicios terap\u00e9uticos en medio acu\u00e1tico, realizados en nuestra piscina con agua termal. Esta actividad presenta beneficios adicionales para las articulaciones, mejorando la rehabilitaci\u00f3n motora y fortaleciendo la estructura muscular);<\/li>\n<li data-section-id=\"1dwumf\" data-start=\"1671\" data-end=\"1895\"><strong>Masaje Terap\u00e9utico<\/strong> (masaje localizado que utiliza maniobras adecuadas a las zonas de mayor molestia. Se utiliza generalmente en \u00e1reas de tensi\u00f3n y contracci\u00f3n muscular, promoviendo su relajaci\u00f3n y corrigiendo la postura);<\/li>\n<li data-section-id=\"1ter2en\" data-start=\"1896\" data-end=\"2072\"><strong>Camilla de Relajaci\u00f3n<\/strong> (proporciona una experiencia \u00fanica y relajante al combinar flotaci\u00f3n climatizada con chorros de agua o los beneficios de la sal caliente del Himalaya);<\/li>\n<li data-section-id=\"1uzc0fn\" data-start=\"2073\" data-end=\"2287\"><strong>Drenaje Linf\u00e1tico<\/strong> (masaje suave en una zona espec\u00edfica, realizado mediante movimientos coordinados. circulaci\u00f3n linf\u00e1tica y el sistema inmunitario, proporcionando una sensaci\u00f3n de alivio y relajaci\u00f3n).<\/li>\n<\/ul>\n<p>&nbsp;<\/p>\n<p>Adem\u00e1s de tratar los s\u00edntomas, la terapia termal promueve el bienestar general. Estos tratamientos mejoran la condici\u00f3n cl\u00ednica musculoesquel\u00e9tica, reduciendo el dolor y la inflamaci\u00f3n, y contribuyendo a una vida m\u00e1s activa y din\u00e1mica.<\/p>\n","protected":false},"excerpt":{"rendered":"<p>Los tratamientos musculoesquel\u00e9ticos en las Termas da Piedade est\u00e1n dirigidos al cuidado de afecciones que afectan a huesos, m\u00fasculos, articulaciones y ligamentos. Aprovechando las propiedades terap\u00e9uticas \u00fanicas de las aguas termales, estos tratamientos ayudan a aliviar el dolor, reducir la inflamaci\u00f3n y mejorar la movilidad y la funcionalidad corporal. &nbsp; Pueden beneficiarse especialmente personas con:\u00a0 [&hellip;]<\/p>\n","protected":false},"author":4,"featured_media":0,"parent":634,"menu_order":4,"comment_status":"closed","ping_status":"closed","template":"template-treatment.php","meta":{"footnotes":""},"class_list":["post-648","page","type-page","status-publish","hentry"],"yoast_head":"<!-- This site is optimized with the Yoast SEO plugin v26.9 - https:\/\/yoast.com\/product\/yoast-seo-wordpress\/ -->\n<title>Patolog\u00edas musculoesquel\u00e9ticas - Your Hotel &amp; Spa Alcoba\u00e7a<\/title>\n<meta name=\"robots\" content=\"index, follow, max-snippet:-1, max-image-preview:large, max-video-preview:-1\" \/>\n<link rel=\"canonical\" href=\"https:\/\/www.yourhotelspa.com\/es\/termas-da-piedade\/patologias-musculoesqueleticas\/\" \/>\n<meta property=\"og:locale\" content=\"es_ES\" \/>\n<meta property=\"og:type\" content=\"article\" \/>\n<meta property=\"og:title\" content=\"Patolog\u00edas musculoesquel\u00e9ticas - Your Hotel &amp; Spa Alcoba\u00e7a\" \/>\n<meta property=\"og:description\" content=\"Los tratamientos musculoesquel\u00e9ticos en las Termas da Piedade est\u00e1n dirigidos al cuidado de afecciones que afectan a huesos, m\u00fasculos, articulaciones y ligamentos. Aprovechando las propiedades terap\u00e9uticas \u00fanicas de las aguas termales, estos tratamientos ayudan a aliviar el dolor, reducir la inflamaci\u00f3n y mejorar la movilidad y la funcionalidad corporal. &nbsp; Pueden beneficiarse especialmente personas con:\u00a0 [&hellip;]\" \/>\n<meta property=\"og:url\" content=\"https:\/\/www.yourhotelspa.com\/es\/termas-da-piedade\/patologias-musculoesqueleticas\/\" \/>\n<meta property=\"og:site_name\" content=\"Your Hotel &amp; Spa Alcoba\u00e7a\" \/>\n<meta property=\"article:modified_time\" content=\"2026-04-27T16:03:19+00:00\" \/>\n<meta name=\"twitter:card\" content=\"summary_large_image\" \/>\n<meta name=\"twitter:label1\" content=\"Tiempo de lectura\" \/>\n\t<meta name=\"twitter:data1\" content=\"2 minutos\" \/>\n<script type=\"application\/ld+json\" class=\"yoast-schema-graph\">{\"@context\":\"https:\/\/schema.org\",\"@graph\":[{\"@type\":\"WebPage\",\"@id\":\"https:\/\/www.yourhotelspa.com\/es\/termas-da-piedade\/patologias-musculoesqueleticas\/\",\"url\":\"https:\/\/www.yourhotelspa.com\/es\/termas-da-piedade\/patologias-musculoesqueleticas\/\",\"name\":\"Patolog\u00edas musculoesquel\u00e9ticas - Your Hotel & Spa Alcoba\u00e7a\",\"isPartOf\":{\"@id\":\"https:\/\/www.yourhotelspa.com\/es\/#website\"},\"datePublished\":\"2020-07-30T08:47:39+00:00\",\"dateModified\":\"2026-04-27T16:03:19+00:00\",\"breadcrumb\":{\"@id\":\"https:\/\/www.yourhotelspa.com\/es\/termas-da-piedade\/patologias-musculoesqueleticas\/#breadcrumb\"},\"inLanguage\":\"es\",\"potentialAction\":[{\"@type\":\"ReadAction\",\"target\":[\"https:\/\/www.yourhotelspa.com\/es\/termas-da-piedade\/patologias-musculoesqueleticas\/\"]}]},{\"@type\":\"BreadcrumbList\",\"@id\":\"https:\/\/www.yourhotelspa.com\/es\/termas-da-piedade\/patologias-musculoesqueleticas\/#breadcrumb\",\"itemListElement\":[{\"@type\":\"ListItem\",\"position\":1,\"name\":\"Home\",\"item\":\"https:\/\/www.yourhotelspa.com\/es\/\"},{\"@type\":\"ListItem\",\"position\":2,\"name\":\"Termas da piedade\",\"item\":\"https:\/\/www.yourhotelspa.com\/es\/termas-da-piedade\/\"},{\"@type\":\"ListItem\",\"position\":3,\"name\":\"Patolog\u00edas musculoesquel\u00e9ticas\"}]},{\"@type\":\"WebSite\",\"@id\":\"https:\/\/www.yourhotelspa.com\/es\/#website\",\"url\":\"https:\/\/www.yourhotelspa.com\/es\/\",\"name\":\"Your Hotel & Spa Alcoba\u00e7a\",\"description\":\"Just another ms.decms.eu site\",\"potentialAction\":[{\"@type\":\"SearchAction\",\"target\":{\"@type\":\"EntryPoint\",\"urlTemplate\":\"https:\/\/www.yourhotelspa.com\/es\/?s={search_term_string}\"},\"query-input\":{\"@type\":\"PropertyValueSpecification\",\"valueRequired\":true,\"valueName\":\"search_term_string\"}}],\"inLanguage\":\"es\"}]}<\/script>\n<!-- \/ Yoast SEO plugin. -->","yoast_head_json":{"title":"Patolog\u00edas musculoesquel\u00e9ticas - Your Hotel & Spa Alcoba\u00e7a","robots":{"index":"index","follow":"follow","max-snippet":"max-snippet:-1","max-image-preview":"max-image-preview:large","max-video-preview":"max-video-preview:-1"},"canonical":"https:\/\/www.yourhotelspa.com\/es\/termas-da-piedade\/patologias-musculoesqueleticas\/","og_locale":"es_ES","og_type":"article","og_title":"Patolog\u00edas musculoesquel\u00e9ticas - Your Hotel & Spa Alcoba\u00e7a","og_description":"Los tratamientos musculoesquel\u00e9ticos en las Termas da Piedade est\u00e1n dirigidos al cuidado de afecciones que afectan a huesos, m\u00fasculos, articulaciones y ligamentos. Aprovechando las propiedades terap\u00e9uticas \u00fanicas de las aguas termales, estos tratamientos ayudan a aliviar el dolor, reducir la inflamaci\u00f3n y mejorar la movilidad y la funcionalidad corporal. &nbsp; Pueden beneficiarse especialmente personas con:\u00a0 [&hellip;]","og_url":"https:\/\/www.yourhotelspa.com\/es\/termas-da-piedade\/patologias-musculoesqueleticas\/","og_site_name":"Your Hotel & Spa Alcoba\u00e7a","article_modified_time":"2026-04-27T16:03:19+00:00","twitter_card":"summary_large_image","twitter_misc":{"Tiempo de lectura":"2 minutos"},"schema":{"@context":"https:\/\/schema.org","@graph":[{"@type":"WebPage","@id":"https:\/\/www.yourhotelspa.com\/es\/termas-da-piedade\/patologias-musculoesqueleticas\/","url":"https:\/\/www.yourhotelspa.com\/es\/termas-da-piedade\/patologias-musculoesqueleticas\/","name":"Patolog\u00edas musculoesquel\u00e9ticas - Your Hotel & Spa Alcoba\u00e7a","isPartOf":{"@id":"https:\/\/www.yourhotelspa.com\/es\/#website"},"datePublished":"2020-07-30T08:47:39+00:00","dateModified":"2026-04-27T16:03:19+00:00","breadcrumb":{"@id":"https:\/\/www.yourhotelspa.com\/es\/termas-da-piedade\/patologias-musculoesqueleticas\/#breadcrumb"},"inLanguage":"es","potentialAction":[{"@type":"ReadAction","target":["https:\/\/www.yourhotelspa.com\/es\/termas-da-piedade\/patologias-musculoesqueleticas\/"]}]},{"@type":"BreadcrumbList","@id":"https:\/\/www.yourhotelspa.com\/es\/termas-da-piedade\/patologias-musculoesqueleticas\/#breadcrumb","itemListElement":[{"@type":"ListItem","position":1,"name":"Home","item":"https:\/\/www.yourhotelspa.com\/es\/"},{"@type":"ListItem","position":2,"name":"Termas da piedade","item":"https:\/\/www.yourhotelspa.com\/es\/termas-da-piedade\/"},{"@type":"ListItem","position":3,"name":"Patolog\u00edas musculoesquel\u00e9ticas"}]},{"@type":"WebSite","@id":"https:\/\/www.yourhotelspa.com\/es\/#website","url":"https:\/\/www.yourhotelspa.com\/es\/","name":"Your Hotel & Spa Alcoba\u00e7a","description":"Just another ms.decms.eu site","potentialAction":[{"@type":"SearchAction","target":{"@type":"EntryPoint","urlTemplate":"https:\/\/www.yourhotelspa.com\/es\/?s={search_term_string}"},"query-input":{"@type":"PropertyValueSpecification","valueRequired":true,"valueName":"search_term_string"}}],"inLanguage":"es"}]}},"acf":[],"_links":{"self":[{"href":"https:\/\/www.yourhotelspa.com\/es\/wp-json\/wp\/v2\/pages\/648","targetHints":{"allow":["GET"]}}],"collection":[{"href":"https:\/\/www.yourhotelspa.com\/es\/wp-json\/wp\/v2\/pages"}],"about":[{"href":"https:\/\/www.yourhotelspa.com\/es\/wp-json\/wp\/v2\/types\/page"}],"author":[{"embeddable":true,"href":"https:\/\/www.yourhotelspa.com\/es\/wp-json\/wp\/v2\/users\/4"}],"replies":[{"embeddable":true,"href":"https:\/\/www.yourhotelspa.com\/es\/wp-json\/wp\/v2\/comments?post=648"}],"version-history":[{"count":0,"href":"https:\/\/www.yourhotelspa.com\/es\/wp-json\/wp\/v2\/pages\/648\/revisions"}],"up":[{"embeddable":true,"href":"https:\/\/www.yourhotelspa.com\/es\/wp-json\/wp\/v2\/pages\/634"}],"wp:attachment":[{"href":"https:\/\/www.yourhotelspa.com\/es\/wp-json\/wp\/v2\/media?parent=648"}],"curies":[{"name":"wp","href":"https:\/\/api.w.org\/{rel}","templated":true}]}}