{"id":651,"date":"2020-07-30T08:48:41","date_gmt":"2020-07-30T08:48:41","guid":{"rendered":"http:\/\/your-hotel-spa-alcobaca.ms.decms.eu\/?page_id=651"},"modified":"2026-04-27T15:48:56","modified_gmt":"2026-04-27T15:48:56","slug":"aparato-digestivo","status":"publish","type":"page","link":"https:\/\/www.yourhotelspa.com\/es\/termas-da-piedade\/aparato-digestivo\/","title":{"rendered":"Aparato digestivo"},"content":{"rendered":"<p>Los tratamientos para el sistema digestivo en las Termas da Piedade est\u00e1n especialmente indicados para aliviar afecciones que afectan al tracto gastrointestinal. Utilizando las propiedades terap\u00e9uticas \u00fanicas de nuestras aguas termales, estos tratamientos ayudan a regular el tr\u00e1nsito intestinal, aliviar molestias g\u00e1stricas y promover el equilibrio y el buen funcionamiento del sistema digestivo.<\/p>\n<p>&nbsp;<\/p>\n<p><strong>Trastornos digestivos:<\/strong><\/p>\n<ul>\n<li data-section-id=\"16hj1s2\" data-start=\"440\" data-end=\"451\">C\u00f3licos;<\/li>\n<li data-section-id=\"pyv3kw\" data-start=\"452\" data-end=\"463\">Diarrea;<\/li>\n<li data-section-id=\"1sfbz6e\" data-start=\"464\" data-end=\"491\">Discinesia Hepatobiliar;<\/li>\n<li data-section-id=\"uzwa8x\" data-start=\"492\" data-end=\"516\">Distensi\u00f3n Abdominal;<\/li>\n<li data-section-id=\"f0m74k\" data-start=\"517\" data-end=\"549\">Dolor Abdominal Inespec\u00edfico;<\/li>\n<li data-section-id=\"1j8ks4e\" data-start=\"550\" data-end=\"564\">Duodenitis;<\/li>\n<li data-section-id=\"1f5llzi\" data-start=\"565\" data-end=\"580\">Flatulencia;<\/li>\n<li data-section-id=\"1lrvyxo\" data-start=\"581\" data-end=\"594\">Gastritis;<\/li>\n<li data-section-id=\"1hej206\" data-start=\"595\" data-end=\"625\">Intolerancias Alimentarias;<\/li>\n<li data-section-id=\"jbcooh\" data-start=\"626\" data-end=\"643\">Estre\u00f1imiento;<\/li>\n<li data-section-id=\"eicmpn\" data-start=\"644\" data-end=\"676\">S\u00edndrome del Colon Irritable;<\/li>\n<li data-section-id=\"1exvreg\" data-start=\"677\" data-end=\"688\">\u00dalceras.<\/li>\n<\/ul>\n<p>&nbsp;<\/p>\n<p><strong>Algunas t\u00e9cnicas que ayudan a combatir estos trastornos:<\/strong><\/p>\n<ul>\n<li><a href=\"https:\/\/www.yourhotelspa.com\/es\/termas-da-piedade\/hidroterapia-de-colon\/\"><strong>Hidroterapia de Colon con Agua Termal <\/strong><\/a>(procedimiento que, a trav\u00e9s de la acci\u00f3n mec\u00e1nica del agua en el intestino y de los beneficios propios del agua termal, presenta efectos de limpieza, contribuyendo al equilibrio del sistema digestivo y, de forma sin\u00e9rgica, del organismdeo);<\/li>\n<li><strong>Hidropin\u00eda<\/strong> (ingesti\u00f3n de agua termal).<\/li>\n<\/ul>\n<p>&nbsp;<\/p>\n<p>El agua termal de las Termas da Piedade, con sus propiedades terap\u00e9uticas \u00fanicas (rica en minerales), es ideal para tratar problemas digestivos, ayudando a restaurar el equilibrio intestinal y a promover el bienestar g\u00e1strico.<\/p>\n","protected":false},"excerpt":{"rendered":"<p>Los tratamientos para el sistema digestivo en las Termas da Piedade est\u00e1n especialmente indicados para aliviar afecciones que afectan al tracto gastrointestinal. Utilizando las propiedades terap\u00e9uticas \u00fanicas de nuestras aguas termales, estos tratamientos ayudan a regular el tr\u00e1nsito intestinal, aliviar molestias g\u00e1stricas y promover el equilibrio y el buen funcionamiento del sistema digestivo. &nbsp; Trastornos [&hellip;]<\/p>\n","protected":false},"author":4,"featured_media":0,"parent":634,"menu_order":3,"comment_status":"closed","ping_status":"closed","template":"template-special-offers.php","meta":{"footnotes":""},"class_list":["post-651","page","type-page","status-publish","hentry"],"yoast_head":"<!-- This site is optimized with the Yoast SEO plugin v26.9 - https:\/\/yoast.com\/product\/yoast-seo-wordpress\/ -->\n<title>Aparato digestivo - Your Hotel &amp; Spa Alcoba\u00e7a<\/title>\n<meta name=\"robots\" content=\"index, follow, max-snippet:-1, max-image-preview:large, max-video-preview:-1\" \/>\n<link rel=\"canonical\" href=\"https:\/\/www.yourhotelspa.com\/es\/termas-da-piedade\/aparato-digestivo\/\" \/>\n<meta property=\"og:locale\" content=\"es_ES\" \/>\n<meta property=\"og:type\" content=\"article\" \/>\n<meta property=\"og:title\" content=\"Aparato digestivo - Your Hotel &amp; Spa Alcoba\u00e7a\" \/>\n<meta property=\"og:description\" content=\"Los tratamientos para el sistema digestivo en las Termas da Piedade est\u00e1n especialmente indicados para aliviar afecciones que afectan al tracto gastrointestinal. Utilizando las propiedades terap\u00e9uticas \u00fanicas de nuestras aguas termales, estos tratamientos ayudan a regular el tr\u00e1nsito intestinal, aliviar molestias g\u00e1stricas y promover el equilibrio y el buen funcionamiento del sistema digestivo. &nbsp; Trastornos [&hellip;]\" \/>\n<meta property=\"og:url\" content=\"https:\/\/www.yourhotelspa.com\/es\/termas-da-piedade\/aparato-digestivo\/\" \/>\n<meta property=\"og:site_name\" content=\"Your Hotel &amp; Spa Alcoba\u00e7a\" \/>\n<meta property=\"article:modified_time\" content=\"2026-04-27T15:48:56+00:00\" \/>\n<meta name=\"twitter:card\" content=\"summary_large_image\" \/>\n<meta name=\"twitter:label1\" content=\"Tiempo de lectura\" \/>\n\t<meta name=\"twitter:data1\" content=\"1 minuto\" \/>\n<script type=\"application\/ld+json\" class=\"yoast-schema-graph\">{\"@context\":\"https:\/\/schema.org\",\"@graph\":[{\"@type\":\"WebPage\",\"@id\":\"https:\/\/www.yourhotelspa.com\/es\/termas-da-piedade\/aparato-digestivo\/\",\"url\":\"https:\/\/www.yourhotelspa.com\/es\/termas-da-piedade\/aparato-digestivo\/\",\"name\":\"Aparato digestivo - Your Hotel & Spa Alcoba\u00e7a\",\"isPartOf\":{\"@id\":\"https:\/\/www.yourhotelspa.com\/es\/#website\"},\"datePublished\":\"2020-07-30T08:48:41+00:00\",\"dateModified\":\"2026-04-27T15:48:56+00:00\",\"breadcrumb\":{\"@id\":\"https:\/\/www.yourhotelspa.com\/es\/termas-da-piedade\/aparato-digestivo\/#breadcrumb\"},\"inLanguage\":\"es\",\"potentialAction\":[{\"@type\":\"ReadAction\",\"target\":[\"https:\/\/www.yourhotelspa.com\/es\/termas-da-piedade\/aparato-digestivo\/\"]}]},{\"@type\":\"BreadcrumbList\",\"@id\":\"https:\/\/www.yourhotelspa.com\/es\/termas-da-piedade\/aparato-digestivo\/#breadcrumb\",\"itemListElement\":[{\"@type\":\"ListItem\",\"position\":1,\"name\":\"Home\",\"item\":\"https:\/\/www.yourhotelspa.com\/es\/\"},{\"@type\":\"ListItem\",\"position\":2,\"name\":\"Termas da piedade\",\"item\":\"https:\/\/www.yourhotelspa.com\/es\/termas-da-piedade\/\"},{\"@type\":\"ListItem\",\"position\":3,\"name\":\"Aparato digestivo\"}]},{\"@type\":\"WebSite\",\"@id\":\"https:\/\/www.yourhotelspa.com\/es\/#website\",\"url\":\"https:\/\/www.yourhotelspa.com\/es\/\",\"name\":\"Your Hotel & Spa Alcoba\u00e7a\",\"description\":\"Just another ms.decms.eu site\",\"potentialAction\":[{\"@type\":\"SearchAction\",\"target\":{\"@type\":\"EntryPoint\",\"urlTemplate\":\"https:\/\/www.yourhotelspa.com\/es\/?s={search_term_string}\"},\"query-input\":{\"@type\":\"PropertyValueSpecification\",\"valueRequired\":true,\"valueName\":\"search_term_string\"}}],\"inLanguage\":\"es\"}]}<\/script>\n<!-- \/ Yoast SEO plugin. -->","yoast_head_json":{"title":"Aparato digestivo - Your Hotel & Spa Alcoba\u00e7a","robots":{"index":"index","follow":"follow","max-snippet":"max-snippet:-1","max-image-preview":"max-image-preview:large","max-video-preview":"max-video-preview:-1"},"canonical":"https:\/\/www.yourhotelspa.com\/es\/termas-da-piedade\/aparato-digestivo\/","og_locale":"es_ES","og_type":"article","og_title":"Aparato digestivo - Your Hotel & Spa Alcoba\u00e7a","og_description":"Los tratamientos para el sistema digestivo en las Termas da Piedade est\u00e1n especialmente indicados para aliviar afecciones que afectan al tracto gastrointestinal. Utilizando las propiedades terap\u00e9uticas \u00fanicas de nuestras aguas termales, estos tratamientos ayudan a regular el tr\u00e1nsito intestinal, aliviar molestias g\u00e1stricas y promover el equilibrio y el buen funcionamiento del sistema digestivo. &nbsp; Trastornos [&hellip;]","og_url":"https:\/\/www.yourhotelspa.com\/es\/termas-da-piedade\/aparato-digestivo\/","og_site_name":"Your Hotel & Spa Alcoba\u00e7a","article_modified_time":"2026-04-27T15:48:56+00:00","twitter_card":"summary_large_image","twitter_misc":{"Tiempo de lectura":"1 minuto"},"schema":{"@context":"https:\/\/schema.org","@graph":[{"@type":"WebPage","@id":"https:\/\/www.yourhotelspa.com\/es\/termas-da-piedade\/aparato-digestivo\/","url":"https:\/\/www.yourhotelspa.com\/es\/termas-da-piedade\/aparato-digestivo\/","name":"Aparato digestivo - Your Hotel & Spa Alcoba\u00e7a","isPartOf":{"@id":"https:\/\/www.yourhotelspa.com\/es\/#website"},"datePublished":"2020-07-30T08:48:41+00:00","dateModified":"2026-04-27T15:48:56+00:00","breadcrumb":{"@id":"https:\/\/www.yourhotelspa.com\/es\/termas-da-piedade\/aparato-digestivo\/#breadcrumb"},"inLanguage":"es","potentialAction":[{"@type":"ReadAction","target":["https:\/\/www.yourhotelspa.com\/es\/termas-da-piedade\/aparato-digestivo\/"]}]},{"@type":"BreadcrumbList","@id":"https:\/\/www.yourhotelspa.com\/es\/termas-da-piedade\/aparato-digestivo\/#breadcrumb","itemListElement":[{"@type":"ListItem","position":1,"name":"Home","item":"https:\/\/www.yourhotelspa.com\/es\/"},{"@type":"ListItem","position":2,"name":"Termas da piedade","item":"https:\/\/www.yourhotelspa.com\/es\/termas-da-piedade\/"},{"@type":"ListItem","position":3,"name":"Aparato digestivo"}]},{"@type":"WebSite","@id":"https:\/\/www.yourhotelspa.com\/es\/#website","url":"https:\/\/www.yourhotelspa.com\/es\/","name":"Your Hotel & Spa Alcoba\u00e7a","description":"Just another ms.decms.eu site","potentialAction":[{"@type":"SearchAction","target":{"@type":"EntryPoint","urlTemplate":"https:\/\/www.yourhotelspa.com\/es\/?s={search_term_string}"},"query-input":{"@type":"PropertyValueSpecification","valueRequired":true,"valueName":"search_term_string"}}],"inLanguage":"es"}]}},"acf":[],"_links":{"self":[{"href":"https:\/\/www.yourhotelspa.com\/es\/wp-json\/wp\/v2\/pages\/651","targetHints":{"allow":["GET"]}}],"collection":[{"href":"https:\/\/www.yourhotelspa.com\/es\/wp-json\/wp\/v2\/pages"}],"about":[{"href":"https:\/\/www.yourhotelspa.com\/es\/wp-json\/wp\/v2\/types\/page"}],"author":[{"embeddable":true,"href":"https:\/\/www.yourhotelspa.com\/es\/wp-json\/wp\/v2\/users\/4"}],"replies":[{"embeddable":true,"href":"https:\/\/www.yourhotelspa.com\/es\/wp-json\/wp\/v2\/comments?post=651"}],"version-history":[{"count":0,"href":"https:\/\/www.yourhotelspa.com\/es\/wp-json\/wp\/v2\/pages\/651\/revisions"}],"up":[{"embeddable":true,"href":"https:\/\/www.yourhotelspa.com\/es\/wp-json\/wp\/v2\/pages\/634"}],"wp:attachment":[{"href":"https:\/\/www.yourhotelspa.com\/es\/wp-json\/wp\/v2\/media?parent=651"}],"curies":[{"name":"wp","href":"https:\/\/api.w.org\/{rel}","templated":true}]}}