{"id":654,"date":"2020-07-30T08:52:29","date_gmt":"2020-07-30T08:52:29","guid":{"rendered":"http:\/\/your-hotel-spa-alcobaca.ms.decms.eu\/?page_id=654"},"modified":"2026-04-27T17:12:45","modified_gmt":"2026-04-27T17:12:45","slug":"afecciones-dermatologicas","status":"publish","type":"page","link":"https:\/\/www.yourhotelspa.com\/es\/termas-da-piedade\/afecciones-dermatologicas\/","title":{"rendered":"Afecciones dermatol\u00f3gicas"},"content":{"rendered":"<p>Las aguas de las Termas da Piedade, gracias a sus propiedades regenerativas y antiinflamatorias, ofrecen m\u00faltiples beneficios para la salud y el tratamiento de patolog\u00edas de la piel.<\/p>\n<p>Adem\u00e1s de reducir la inflamaci\u00f3n y la irritaci\u00f3n, los minerales presentes en el agua ayudan a hidratar profundamente la piel, estimular la regeneraci\u00f3n celular y fortalecer la barrera cut\u00e1nea. Los enfoques terap\u00e9uticos en las Termas da Piedade proporcionan confort, alivio y una piel m\u00e1s saludable.<\/p>\n<p>&nbsp;<\/p>\n<p><strong>Este servicio est\u00e1 indicado para aliviar los s\u00edntomas de condiciones como:<\/strong><\/p>\n<ul>\n<li data-section-id=\"17svpxq\" data-start=\"575\" data-end=\"587\">Alergias;<\/li>\n<li data-section-id=\"1hzc9cp\" data-start=\"588\" data-end=\"610\">Dermatitis At\u00f3pica;<\/li>\n<li data-section-id=\"tek7dw\" data-start=\"611\" data-end=\"621\">Eccema;<\/li>\n<li data-section-id=\"y9pouv\" data-start=\"622\" data-end=\"635\">Psoriasis;<\/li>\n<li data-section-id=\"1bzw1fi\" data-start=\"636\" data-end=\"681\">Otras enfermedades inflamatorias cut\u00e1neas.<\/li>\n<\/ul>\n<p>&nbsp;<\/p>\n<p><strong>Algunas t\u00e9cnicas que ayudan a combatir estos s\u00edntomas:<\/strong><\/p>\n<ul>\n<li><strong>T\u00e9cnicas de Inmersi\u00f3n:<br \/>\n<\/strong>&#8211; Hidromasaje;<br \/>\n&#8211; Ba\u00f1os Termales;<br \/>\n&#8211; Circuito de Hidroterapia Termal (acceso a piscina de hidromasaje y jacuzzi con agua termal, sauna, ba\u00f1o turco, pediluvio, paseo de lluvias y cubo de agua fr\u00eda).<\/li>\n<\/ul>\n<p>&nbsp;<\/p>\n<ul>\n<li><strong>T\u00e9cnicas de Ducha:<br \/>\n<\/strong>&#8211; Vichy General con Masaje;<br \/>\n&#8211; Ducha de Chorros \/ Ducha de Contraste.<\/li>\n<\/ul>\n<p>&nbsp;<\/p>\n<p>Las Termas da Piedade, con su agua, ofrecen m\u00faltiples beneficios. Adem\u00e1s de ayudar en el tratamiento de afecciones dermatol\u00f3gicas, proporcionan alivio de irritaciones y trastornos cut\u00e1neos, promoviendo la regeneraci\u00f3n de la piel y un bienestar duradero.<\/p>\n","protected":false},"excerpt":{"rendered":"<p>Las aguas de las Termas da Piedade, gracias a sus propiedades regenerativas y antiinflamatorias, ofrecen m\u00faltiples beneficios para la salud y el tratamiento de patolog\u00edas de la piel. Adem\u00e1s de reducir la inflamaci\u00f3n y la irritaci\u00f3n, los minerales presentes en el agua ayudan a hidratar profundamente la piel, estimular la regeneraci\u00f3n celular y fortalecer la [&hellip;]<\/p>\n","protected":false},"author":4,"featured_media":0,"parent":634,"menu_order":5,"comment_status":"closed","ping_status":"closed","template":"template-treatment.php","meta":{"footnotes":""},"class_list":["post-654","page","type-page","status-publish","hentry"],"yoast_head":"<!-- This site is optimized with the Yoast SEO plugin v26.9 - https:\/\/yoast.com\/product\/yoast-seo-wordpress\/ -->\n<title>Afecciones dermatol\u00f3gicas - Your Hotel &amp; Spa Alcoba\u00e7a<\/title>\n<meta name=\"robots\" content=\"index, follow, max-snippet:-1, max-image-preview:large, max-video-preview:-1\" \/>\n<link rel=\"canonical\" href=\"https:\/\/www.yourhotelspa.com\/es\/termas-da-piedade\/afecciones-dermatologicas\/\" \/>\n<meta property=\"og:locale\" content=\"es_ES\" \/>\n<meta property=\"og:type\" content=\"article\" \/>\n<meta property=\"og:title\" content=\"Afecciones dermatol\u00f3gicas - Your Hotel &amp; Spa Alcoba\u00e7a\" \/>\n<meta property=\"og:description\" content=\"Las aguas de las Termas da Piedade, gracias a sus propiedades regenerativas y antiinflamatorias, ofrecen m\u00faltiples beneficios para la salud y el tratamiento de patolog\u00edas de la piel. Adem\u00e1s de reducir la inflamaci\u00f3n y la irritaci\u00f3n, los minerales presentes en el agua ayudan a hidratar profundamente la piel, estimular la regeneraci\u00f3n celular y fortalecer la [&hellip;]\" \/>\n<meta property=\"og:url\" content=\"https:\/\/www.yourhotelspa.com\/es\/termas-da-piedade\/afecciones-dermatologicas\/\" \/>\n<meta property=\"og:site_name\" content=\"Your Hotel &amp; Spa Alcoba\u00e7a\" \/>\n<meta property=\"article:modified_time\" content=\"2026-04-27T17:12:45+00:00\" \/>\n<meta name=\"twitter:card\" content=\"summary_large_image\" \/>\n<meta name=\"twitter:label1\" content=\"Tiempo de lectura\" \/>\n\t<meta name=\"twitter:data1\" content=\"2 minutos\" \/>\n<script type=\"application\/ld+json\" class=\"yoast-schema-graph\">{\"@context\":\"https:\/\/schema.org\",\"@graph\":[{\"@type\":\"WebPage\",\"@id\":\"https:\/\/www.yourhotelspa.com\/es\/termas-da-piedade\/afecciones-dermatologicas\/\",\"url\":\"https:\/\/www.yourhotelspa.com\/es\/termas-da-piedade\/afecciones-dermatologicas\/\",\"name\":\"Afecciones dermatol\u00f3gicas - Your Hotel & Spa Alcoba\u00e7a\",\"isPartOf\":{\"@id\":\"https:\/\/www.yourhotelspa.com\/es\/#website\"},\"datePublished\":\"2020-07-30T08:52:29+00:00\",\"dateModified\":\"2026-04-27T17:12:45+00:00\",\"breadcrumb\":{\"@id\":\"https:\/\/www.yourhotelspa.com\/es\/termas-da-piedade\/afecciones-dermatologicas\/#breadcrumb\"},\"inLanguage\":\"es\",\"potentialAction\":[{\"@type\":\"ReadAction\",\"target\":[\"https:\/\/www.yourhotelspa.com\/es\/termas-da-piedade\/afecciones-dermatologicas\/\"]}]},{\"@type\":\"BreadcrumbList\",\"@id\":\"https:\/\/www.yourhotelspa.com\/es\/termas-da-piedade\/afecciones-dermatologicas\/#breadcrumb\",\"itemListElement\":[{\"@type\":\"ListItem\",\"position\":1,\"name\":\"Home\",\"item\":\"https:\/\/www.yourhotelspa.com\/es\/\"},{\"@type\":\"ListItem\",\"position\":2,\"name\":\"Termas da piedade\",\"item\":\"https:\/\/www.yourhotelspa.com\/es\/termas-da-piedade\/\"},{\"@type\":\"ListItem\",\"position\":3,\"name\":\"Afecciones dermatol\u00f3gicas\"}]},{\"@type\":\"WebSite\",\"@id\":\"https:\/\/www.yourhotelspa.com\/es\/#website\",\"url\":\"https:\/\/www.yourhotelspa.com\/es\/\",\"name\":\"Your Hotel & Spa Alcoba\u00e7a\",\"description\":\"Just another ms.decms.eu site\",\"potentialAction\":[{\"@type\":\"SearchAction\",\"target\":{\"@type\":\"EntryPoint\",\"urlTemplate\":\"https:\/\/www.yourhotelspa.com\/es\/?s={search_term_string}\"},\"query-input\":{\"@type\":\"PropertyValueSpecification\",\"valueRequired\":true,\"valueName\":\"search_term_string\"}}],\"inLanguage\":\"es\"}]}<\/script>\n<!-- \/ Yoast SEO plugin. -->","yoast_head_json":{"title":"Afecciones dermatol\u00f3gicas - Your Hotel & Spa Alcoba\u00e7a","robots":{"index":"index","follow":"follow","max-snippet":"max-snippet:-1","max-image-preview":"max-image-preview:large","max-video-preview":"max-video-preview:-1"},"canonical":"https:\/\/www.yourhotelspa.com\/es\/termas-da-piedade\/afecciones-dermatologicas\/","og_locale":"es_ES","og_type":"article","og_title":"Afecciones dermatol\u00f3gicas - Your Hotel & Spa Alcoba\u00e7a","og_description":"Las aguas de las Termas da Piedade, gracias a sus propiedades regenerativas y antiinflamatorias, ofrecen m\u00faltiples beneficios para la salud y el tratamiento de patolog\u00edas de la piel. Adem\u00e1s de reducir la inflamaci\u00f3n y la irritaci\u00f3n, los minerales presentes en el agua ayudan a hidratar profundamente la piel, estimular la regeneraci\u00f3n celular y fortalecer la [&hellip;]","og_url":"https:\/\/www.yourhotelspa.com\/es\/termas-da-piedade\/afecciones-dermatologicas\/","og_site_name":"Your Hotel & Spa Alcoba\u00e7a","article_modified_time":"2026-04-27T17:12:45+00:00","twitter_card":"summary_large_image","twitter_misc":{"Tiempo de lectura":"2 minutos"},"schema":{"@context":"https:\/\/schema.org","@graph":[{"@type":"WebPage","@id":"https:\/\/www.yourhotelspa.com\/es\/termas-da-piedade\/afecciones-dermatologicas\/","url":"https:\/\/www.yourhotelspa.com\/es\/termas-da-piedade\/afecciones-dermatologicas\/","name":"Afecciones dermatol\u00f3gicas - Your Hotel & Spa Alcoba\u00e7a","isPartOf":{"@id":"https:\/\/www.yourhotelspa.com\/es\/#website"},"datePublished":"2020-07-30T08:52:29+00:00","dateModified":"2026-04-27T17:12:45+00:00","breadcrumb":{"@id":"https:\/\/www.yourhotelspa.com\/es\/termas-da-piedade\/afecciones-dermatologicas\/#breadcrumb"},"inLanguage":"es","potentialAction":[{"@type":"ReadAction","target":["https:\/\/www.yourhotelspa.com\/es\/termas-da-piedade\/afecciones-dermatologicas\/"]}]},{"@type":"BreadcrumbList","@id":"https:\/\/www.yourhotelspa.com\/es\/termas-da-piedade\/afecciones-dermatologicas\/#breadcrumb","itemListElement":[{"@type":"ListItem","position":1,"name":"Home","item":"https:\/\/www.yourhotelspa.com\/es\/"},{"@type":"ListItem","position":2,"name":"Termas da piedade","item":"https:\/\/www.yourhotelspa.com\/es\/termas-da-piedade\/"},{"@type":"ListItem","position":3,"name":"Afecciones dermatol\u00f3gicas"}]},{"@type":"WebSite","@id":"https:\/\/www.yourhotelspa.com\/es\/#website","url":"https:\/\/www.yourhotelspa.com\/es\/","name":"Your Hotel & Spa Alcoba\u00e7a","description":"Just another ms.decms.eu site","potentialAction":[{"@type":"SearchAction","target":{"@type":"EntryPoint","urlTemplate":"https:\/\/www.yourhotelspa.com\/es\/?s={search_term_string}"},"query-input":{"@type":"PropertyValueSpecification","valueRequired":true,"valueName":"search_term_string"}}],"inLanguage":"es"}]}},"acf":[],"_links":{"self":[{"href":"https:\/\/www.yourhotelspa.com\/es\/wp-json\/wp\/v2\/pages\/654","targetHints":{"allow":["GET"]}}],"collection":[{"href":"https:\/\/www.yourhotelspa.com\/es\/wp-json\/wp\/v2\/pages"}],"about":[{"href":"https:\/\/www.yourhotelspa.com\/es\/wp-json\/wp\/v2\/types\/page"}],"author":[{"embeddable":true,"href":"https:\/\/www.yourhotelspa.com\/es\/wp-json\/wp\/v2\/users\/4"}],"replies":[{"embeddable":true,"href":"https:\/\/www.yourhotelspa.com\/es\/wp-json\/wp\/v2\/comments?post=654"}],"version-history":[{"count":0,"href":"https:\/\/www.yourhotelspa.com\/es\/wp-json\/wp\/v2\/pages\/654\/revisions"}],"up":[{"embeddable":true,"href":"https:\/\/www.yourhotelspa.com\/es\/wp-json\/wp\/v2\/pages\/634"}],"wp:attachment":[{"href":"https:\/\/www.yourhotelspa.com\/es\/wp-json\/wp\/v2\/media?parent=654"}],"curies":[{"name":"wp","href":"https:\/\/api.w.org\/{rel}","templated":true}]}}