{"id":662,"date":"2020-07-30T09:00:27","date_gmt":"2020-07-30T09:00:27","guid":{"rendered":"http:\/\/your-hotel-spa-alcobaca.ms.decms.eu\/?page_id=662"},"modified":"2020-07-30T09:00:27","modified_gmt":"2020-07-30T09:00:27","slug":"hidroterapia-de-colon","status":"publish","type":"page","link":"https:\/\/www.yourhotelspa.com\/es\/termas-da-piedade\/hidroterapia-de-colon\/","title":{"rendered":"Hidroterapia de colon"},"content":{"rendered":"<p>La hidroterapia de colon consiste en purificar y desintoxicar el intestino.<br \/>\nDespu\u00e9s de una limpieza profunda, se introduce agua termal que, adem\u00e1s de ser un poderoso desinfectante y anular \/ neutralizar cualquier infecci\u00f3n o inflamaci\u00f3n presente en las paredes intestinales, elimina algunos microorganismos (bacterias) da\u00f1inos para la salud del intestino.<br \/>\nEl agua termal tambi\u00e9n es un excelente regenerador celular.<br \/>\nAl realizar este tratamiento, su sistema inmunol\u00f3gico se fortalecer\u00e1.<br \/>\nEsta es una terapia segura, c\u00f3moda e indolora limpia y desintoxica profundamente las membranas mucosas, liberando desechos estacionados, toxinas, exceso de mucosidad y par\u00e1sitos. Durante la sesi\u00f3n, la persona se acuesta en una posici\u00f3n c\u00f3moda mientras el agua atraviesa el colon y se preserva su dignidad por completo.<\/p>\n","protected":false},"excerpt":{"rendered":"<p>La hidroterapia de colon consiste en purificar y desintoxicar el intestino. Despu\u00e9s de una limpieza profunda, se introduce agua termal que, adem\u00e1s de ser un poderoso desinfectante y anular \/ neutralizar cualquier infecci\u00f3n o inflamaci\u00f3n presente en las paredes intestinales, elimina algunos microorganismos (bacterias) da\u00f1inos para la salud del intestino. El agua termal tambi\u00e9n es [&hellip;]<\/p>\n","protected":false},"author":4,"featured_media":0,"parent":634,"menu_order":2,"comment_status":"closed","ping_status":"closed","template":"template-treatment.php","meta":{"footnotes":""},"class_list":["post-662","page","type-page","status-publish","hentry"],"yoast_head":"<!-- This site is optimized with the Yoast SEO plugin v26.9 - https:\/\/yoast.com\/product\/yoast-seo-wordpress\/ -->\n<title>Hidroterapia de colon - Your Hotel &amp; Spa Alcoba\u00e7a<\/title>\n<meta name=\"robots\" content=\"index, follow, max-snippet:-1, max-image-preview:large, max-video-preview:-1\" \/>\n<link rel=\"canonical\" href=\"https:\/\/www.yourhotelspa.com\/es\/termas-da-piedade\/hidroterapia-de-colon\/\" \/>\n<meta property=\"og:locale\" content=\"es_ES\" \/>\n<meta property=\"og:type\" content=\"article\" \/>\n<meta property=\"og:title\" content=\"Hidroterapia de colon - Your Hotel &amp; Spa Alcoba\u00e7a\" \/>\n<meta property=\"og:description\" content=\"La hidroterapia de colon consiste en purificar y desintoxicar el intestino. Despu\u00e9s de una limpieza profunda, se introduce agua termal que, adem\u00e1s de ser un poderoso desinfectante y anular \/ neutralizar cualquier infecci\u00f3n o inflamaci\u00f3n presente en las paredes intestinales, elimina algunos microorganismos (bacterias) da\u00f1inos para la salud del intestino. El agua termal tambi\u00e9n es [&hellip;]\" \/>\n<meta property=\"og:url\" content=\"https:\/\/www.yourhotelspa.com\/es\/termas-da-piedade\/hidroterapia-de-colon\/\" \/>\n<meta property=\"og:site_name\" content=\"Your Hotel &amp; Spa Alcoba\u00e7a\" \/>\n<meta name=\"twitter:card\" content=\"summary_large_image\" \/>\n<meta name=\"twitter:label1\" content=\"Tiempo de lectura\" \/>\n\t<meta name=\"twitter:data1\" content=\"1 minuto\" \/>\n<script type=\"application\/ld+json\" class=\"yoast-schema-graph\">{\"@context\":\"https:\/\/schema.org\",\"@graph\":[{\"@type\":\"WebPage\",\"@id\":\"https:\/\/www.yourhotelspa.com\/es\/termas-da-piedade\/hidroterapia-de-colon\/\",\"url\":\"https:\/\/www.yourhotelspa.com\/es\/termas-da-piedade\/hidroterapia-de-colon\/\",\"name\":\"Hidroterapia de colon - Your Hotel & Spa Alcoba\u00e7a\",\"isPartOf\":{\"@id\":\"https:\/\/www.yourhotelspa.com\/es\/#website\"},\"datePublished\":\"2020-07-30T09:00:27+00:00\",\"breadcrumb\":{\"@id\":\"https:\/\/www.yourhotelspa.com\/es\/termas-da-piedade\/hidroterapia-de-colon\/#breadcrumb\"},\"inLanguage\":\"es\",\"potentialAction\":[{\"@type\":\"ReadAction\",\"target\":[\"https:\/\/www.yourhotelspa.com\/es\/termas-da-piedade\/hidroterapia-de-colon\/\"]}]},{\"@type\":\"BreadcrumbList\",\"@id\":\"https:\/\/www.yourhotelspa.com\/es\/termas-da-piedade\/hidroterapia-de-colon\/#breadcrumb\",\"itemListElement\":[{\"@type\":\"ListItem\",\"position\":1,\"name\":\"Home\",\"item\":\"https:\/\/www.yourhotelspa.com\/es\/\"},{\"@type\":\"ListItem\",\"position\":2,\"name\":\"Termas da piedade\",\"item\":\"https:\/\/www.yourhotelspa.com\/es\/termas-da-piedade\/\"},{\"@type\":\"ListItem\",\"position\":3,\"name\":\"Hidroterapia de colon\"}]},{\"@type\":\"WebSite\",\"@id\":\"https:\/\/www.yourhotelspa.com\/es\/#website\",\"url\":\"https:\/\/www.yourhotelspa.com\/es\/\",\"name\":\"Your Hotel & Spa Alcoba\u00e7a\",\"description\":\"Just another ms.decms.eu site\",\"potentialAction\":[{\"@type\":\"SearchAction\",\"target\":{\"@type\":\"EntryPoint\",\"urlTemplate\":\"https:\/\/www.yourhotelspa.com\/es\/?s={search_term_string}\"},\"query-input\":{\"@type\":\"PropertyValueSpecification\",\"valueRequired\":true,\"valueName\":\"search_term_string\"}}],\"inLanguage\":\"es\"}]}<\/script>\n<!-- \/ Yoast SEO plugin. -->","yoast_head_json":{"title":"Hidroterapia de colon - Your Hotel & Spa Alcoba\u00e7a","robots":{"index":"index","follow":"follow","max-snippet":"max-snippet:-1","max-image-preview":"max-image-preview:large","max-video-preview":"max-video-preview:-1"},"canonical":"https:\/\/www.yourhotelspa.com\/es\/termas-da-piedade\/hidroterapia-de-colon\/","og_locale":"es_ES","og_type":"article","og_title":"Hidroterapia de colon - Your Hotel & Spa Alcoba\u00e7a","og_description":"La hidroterapia de colon consiste en purificar y desintoxicar el intestino. Despu\u00e9s de una limpieza profunda, se introduce agua termal que, adem\u00e1s de ser un poderoso desinfectante y anular \/ neutralizar cualquier infecci\u00f3n o inflamaci\u00f3n presente en las paredes intestinales, elimina algunos microorganismos (bacterias) da\u00f1inos para la salud del intestino. El agua termal tambi\u00e9n es [&hellip;]","og_url":"https:\/\/www.yourhotelspa.com\/es\/termas-da-piedade\/hidroterapia-de-colon\/","og_site_name":"Your Hotel & Spa Alcoba\u00e7a","twitter_card":"summary_large_image","twitter_misc":{"Tiempo de lectura":"1 minuto"},"schema":{"@context":"https:\/\/schema.org","@graph":[{"@type":"WebPage","@id":"https:\/\/www.yourhotelspa.com\/es\/termas-da-piedade\/hidroterapia-de-colon\/","url":"https:\/\/www.yourhotelspa.com\/es\/termas-da-piedade\/hidroterapia-de-colon\/","name":"Hidroterapia de colon - Your Hotel & Spa Alcoba\u00e7a","isPartOf":{"@id":"https:\/\/www.yourhotelspa.com\/es\/#website"},"datePublished":"2020-07-30T09:00:27+00:00","breadcrumb":{"@id":"https:\/\/www.yourhotelspa.com\/es\/termas-da-piedade\/hidroterapia-de-colon\/#breadcrumb"},"inLanguage":"es","potentialAction":[{"@type":"ReadAction","target":["https:\/\/www.yourhotelspa.com\/es\/termas-da-piedade\/hidroterapia-de-colon\/"]}]},{"@type":"BreadcrumbList","@id":"https:\/\/www.yourhotelspa.com\/es\/termas-da-piedade\/hidroterapia-de-colon\/#breadcrumb","itemListElement":[{"@type":"ListItem","position":1,"name":"Home","item":"https:\/\/www.yourhotelspa.com\/es\/"},{"@type":"ListItem","position":2,"name":"Termas da piedade","item":"https:\/\/www.yourhotelspa.com\/es\/termas-da-piedade\/"},{"@type":"ListItem","position":3,"name":"Hidroterapia de colon"}]},{"@type":"WebSite","@id":"https:\/\/www.yourhotelspa.com\/es\/#website","url":"https:\/\/www.yourhotelspa.com\/es\/","name":"Your Hotel & Spa Alcoba\u00e7a","description":"Just another ms.decms.eu site","potentialAction":[{"@type":"SearchAction","target":{"@type":"EntryPoint","urlTemplate":"https:\/\/www.yourhotelspa.com\/es\/?s={search_term_string}"},"query-input":{"@type":"PropertyValueSpecification","valueRequired":true,"valueName":"search_term_string"}}],"inLanguage":"es"}]}},"acf":[],"_links":{"self":[{"href":"https:\/\/www.yourhotelspa.com\/es\/wp-json\/wp\/v2\/pages\/662","targetHints":{"allow":["GET"]}}],"collection":[{"href":"https:\/\/www.yourhotelspa.com\/es\/wp-json\/wp\/v2\/pages"}],"about":[{"href":"https:\/\/www.yourhotelspa.com\/es\/wp-json\/wp\/v2\/types\/page"}],"author":[{"embeddable":true,"href":"https:\/\/www.yourhotelspa.com\/es\/wp-json\/wp\/v2\/users\/4"}],"replies":[{"embeddable":true,"href":"https:\/\/www.yourhotelspa.com\/es\/wp-json\/wp\/v2\/comments?post=662"}],"version-history":[{"count":0,"href":"https:\/\/www.yourhotelspa.com\/es\/wp-json\/wp\/v2\/pages\/662\/revisions"}],"up":[{"embeddable":true,"href":"https:\/\/www.yourhotelspa.com\/es\/wp-json\/wp\/v2\/pages\/634"}],"wp:attachment":[{"href":"https:\/\/www.yourhotelspa.com\/es\/wp-json\/wp\/v2\/media?parent=662"}],"curies":[{"name":"wp","href":"https:\/\/api.w.org\/{rel}","templated":true}]}}