{"id":696,"date":"2020-07-30T16:11:21","date_gmt":"2020-07-30T16:11:21","guid":{"rendered":"http:\/\/your-hotel-spa-alcobaca.ms.decms.eu\/?page_id=696"},"modified":"2025-05-02T16:29:58","modified_gmt":"2025-05-02T16:29:58","slug":"premios","status":"publish","type":"page","link":"https:\/\/www.yourhotelspa.com\/es\/restaurante-sentidos\/premios\/","title":{"rendered":"Premios"},"content":{"rendered":"<p style=\"text-align: left\">Your Hotel &amp; Spa Alcoba\u00e7a ha hecho un fuerte compromiso con el restaurante Sentidos con participaci\u00f3n en varios concursos y showcookings, no solo en la regi\u00f3n sino tambi\u00e9n a nivel nacional, demostrando as\u00ed lo mejor que la Regi\u00f3n Oeste tiene para ofrecer, promoviendo no solo el restaurante Direcciones, pero toda la regi\u00f3n<\/p>\n<p style=\"text-align: center\"><strong>2025<br \/>\n<\/strong><em>Concurso Festival del Chocolate de \u00d3bidos (Categor\u00eda Mejor Men\u00fa) &#8211; Diploma de Plata<\/em><\/p>\n<p style=\"text-align: center\"><strong>2022<br \/>\n<\/strong><em>Concurso J\u00f3venes Talentos de la Gastronom\u00eda 2022 (Categor\u00eda Innovaci\u00f3n con Bacalao Noruego) &#8211; Top 3<\/em><\/p>\n<p style=\"text-align: center\"><strong>2018<br \/>\n<\/strong><em>Concurso Gastronomia com Vinho do Porto 2018 &#8211; Diploma de Bronce<\/em><br \/>\n<em>Revolta do Bacalhau 2018 &#8211; Diploma de Plata<\/em><\/p>\n<p style=\"text-align: center\"><strong>2017<br \/>\n<\/strong><em>X Concurso Vinhos Verdes &amp; Gastronomia 2017 &#8211; Diploma de Bronce<\/em><br \/>\n<em>Revolta do Bacalhau 2017 &#8211; Diploma de Plata<\/em><\/p>\n<p style=\"text-align: center\"><strong>2016<\/strong><br \/>\n<em>IX Concurso Vinhos Verdes &amp; Gastronomia 2016 &#8211; Diploma de Bronce<\/em><br \/>\n<em>Revolta do Bacalhau 2016 &#8211; Diploma de Plata<\/em><\/p>\n<p style=\"text-align: center\"><strong>2015<\/strong><br \/>\n<em>IX Concurso Nacional de Gastronomia com Vinho do Porto e Douro 2015 &#8211; Medalla de Plata<\/em><\/p>\n<p>&nbsp;<\/p>\n","protected":false},"excerpt":{"rendered":"<p>Your Hotel &amp; Spa Alcoba\u00e7a ha hecho un fuerte compromiso con el restaurante Sentidos con participaci\u00f3n en varios concursos y showcookings, no solo en la regi\u00f3n sino tambi\u00e9n a nivel nacional, demostrando as\u00ed lo mejor que la Regi\u00f3n Oeste tiene para ofrecer, promoviendo no solo el restaurante Direcciones, pero toda la regi\u00f3n 2025 Concurso Festival [&hellip;]<\/p>\n","protected":false},"author":4,"featured_media":0,"parent":691,"menu_order":10,"comment_status":"closed","ping_status":"closed","template":"","meta":{"footnotes":""},"class_list":["post-696","page","type-page","status-publish","hentry"],"yoast_head":"<!-- This site is optimized with the Yoast SEO plugin v26.9 - https:\/\/yoast.com\/product\/yoast-seo-wordpress\/ -->\n<title>Premios - Your Hotel &amp; Spa Alcoba\u00e7a<\/title>\n<meta name=\"robots\" content=\"index, follow, max-snippet:-1, max-image-preview:large, max-video-preview:-1\" \/>\n<link rel=\"canonical\" href=\"https:\/\/www.yourhotelspa.com\/es\/restaurante-sentidos\/premios\/\" \/>\n<meta property=\"og:locale\" content=\"es_ES\" \/>\n<meta property=\"og:type\" content=\"article\" \/>\n<meta property=\"og:title\" content=\"Premios - Your Hotel &amp; Spa Alcoba\u00e7a\" \/>\n<meta property=\"og:description\" content=\"Your Hotel &amp; Spa Alcoba\u00e7a ha hecho un fuerte compromiso con el restaurante Sentidos con participaci\u00f3n en varios concursos y showcookings, no solo en la regi\u00f3n sino tambi\u00e9n a nivel nacional, demostrando as\u00ed lo mejor que la Regi\u00f3n Oeste tiene para ofrecer, promoviendo no solo el restaurante Direcciones, pero toda la regi\u00f3n 2025 Concurso Festival [&hellip;]\" \/>\n<meta property=\"og:url\" content=\"https:\/\/www.yourhotelspa.com\/es\/restaurante-sentidos\/premios\/\" \/>\n<meta property=\"og:site_name\" content=\"Your Hotel &amp; Spa Alcoba\u00e7a\" \/>\n<meta property=\"article:modified_time\" content=\"2025-05-02T16:29:58+00:00\" \/>\n<meta name=\"twitter:card\" content=\"summary_large_image\" \/>\n<meta name=\"twitter:label1\" content=\"Tiempo de lectura\" \/>\n\t<meta name=\"twitter:data1\" content=\"1 minuto\" \/>\n<script type=\"application\/ld+json\" class=\"yoast-schema-graph\">{\"@context\":\"https:\/\/schema.org\",\"@graph\":[{\"@type\":\"WebPage\",\"@id\":\"https:\/\/www.yourhotelspa.com\/es\/restaurante-sentidos\/premios\/\",\"url\":\"https:\/\/www.yourhotelspa.com\/es\/restaurante-sentidos\/premios\/\",\"name\":\"Premios - Your Hotel & Spa Alcoba\u00e7a\",\"isPartOf\":{\"@id\":\"https:\/\/www.yourhotelspa.com\/es\/#website\"},\"datePublished\":\"2020-07-30T16:11:21+00:00\",\"dateModified\":\"2025-05-02T16:29:58+00:00\",\"breadcrumb\":{\"@id\":\"https:\/\/www.yourhotelspa.com\/es\/restaurante-sentidos\/premios\/#breadcrumb\"},\"inLanguage\":\"es\",\"potentialAction\":[{\"@type\":\"ReadAction\",\"target\":[\"https:\/\/www.yourhotelspa.com\/es\/restaurante-sentidos\/premios\/\"]}]},{\"@type\":\"BreadcrumbList\",\"@id\":\"https:\/\/www.yourhotelspa.com\/es\/restaurante-sentidos\/premios\/#breadcrumb\",\"itemListElement\":[{\"@type\":\"ListItem\",\"position\":1,\"name\":\"Home\",\"item\":\"https:\/\/www.yourhotelspa.com\/es\/\"},{\"@type\":\"ListItem\",\"position\":2,\"name\":\"Restaurante Sentidos\",\"item\":\"https:\/\/www.yourhotelspa.com\/es\/restaurante-sentidos\/\"},{\"@type\":\"ListItem\",\"position\":3,\"name\":\"Premios\"}]},{\"@type\":\"WebSite\",\"@id\":\"https:\/\/www.yourhotelspa.com\/es\/#website\",\"url\":\"https:\/\/www.yourhotelspa.com\/es\/\",\"name\":\"Your Hotel & Spa Alcoba\u00e7a\",\"description\":\"Just another ms.decms.eu site\",\"potentialAction\":[{\"@type\":\"SearchAction\",\"target\":{\"@type\":\"EntryPoint\",\"urlTemplate\":\"https:\/\/www.yourhotelspa.com\/es\/?s={search_term_string}\"},\"query-input\":{\"@type\":\"PropertyValueSpecification\",\"valueRequired\":true,\"valueName\":\"search_term_string\"}}],\"inLanguage\":\"es\"}]}<\/script>\n<!-- \/ Yoast SEO plugin. -->","yoast_head_json":{"title":"Premios - Your Hotel & Spa Alcoba\u00e7a","robots":{"index":"index","follow":"follow","max-snippet":"max-snippet:-1","max-image-preview":"max-image-preview:large","max-video-preview":"max-video-preview:-1"},"canonical":"https:\/\/www.yourhotelspa.com\/es\/restaurante-sentidos\/premios\/","og_locale":"es_ES","og_type":"article","og_title":"Premios - Your Hotel & Spa Alcoba\u00e7a","og_description":"Your Hotel &amp; Spa Alcoba\u00e7a ha hecho un fuerte compromiso con el restaurante Sentidos con participaci\u00f3n en varios concursos y showcookings, no solo en la regi\u00f3n sino tambi\u00e9n a nivel nacional, demostrando as\u00ed lo mejor que la Regi\u00f3n Oeste tiene para ofrecer, promoviendo no solo el restaurante Direcciones, pero toda la regi\u00f3n 2025 Concurso Festival [&hellip;]","og_url":"https:\/\/www.yourhotelspa.com\/es\/restaurante-sentidos\/premios\/","og_site_name":"Your Hotel & Spa Alcoba\u00e7a","article_modified_time":"2025-05-02T16:29:58+00:00","twitter_card":"summary_large_image","twitter_misc":{"Tiempo de lectura":"1 minuto"},"schema":{"@context":"https:\/\/schema.org","@graph":[{"@type":"WebPage","@id":"https:\/\/www.yourhotelspa.com\/es\/restaurante-sentidos\/premios\/","url":"https:\/\/www.yourhotelspa.com\/es\/restaurante-sentidos\/premios\/","name":"Premios - Your Hotel & Spa Alcoba\u00e7a","isPartOf":{"@id":"https:\/\/www.yourhotelspa.com\/es\/#website"},"datePublished":"2020-07-30T16:11:21+00:00","dateModified":"2025-05-02T16:29:58+00:00","breadcrumb":{"@id":"https:\/\/www.yourhotelspa.com\/es\/restaurante-sentidos\/premios\/#breadcrumb"},"inLanguage":"es","potentialAction":[{"@type":"ReadAction","target":["https:\/\/www.yourhotelspa.com\/es\/restaurante-sentidos\/premios\/"]}]},{"@type":"BreadcrumbList","@id":"https:\/\/www.yourhotelspa.com\/es\/restaurante-sentidos\/premios\/#breadcrumb","itemListElement":[{"@type":"ListItem","position":1,"name":"Home","item":"https:\/\/www.yourhotelspa.com\/es\/"},{"@type":"ListItem","position":2,"name":"Restaurante Sentidos","item":"https:\/\/www.yourhotelspa.com\/es\/restaurante-sentidos\/"},{"@type":"ListItem","position":3,"name":"Premios"}]},{"@type":"WebSite","@id":"https:\/\/www.yourhotelspa.com\/es\/#website","url":"https:\/\/www.yourhotelspa.com\/es\/","name":"Your Hotel & Spa Alcoba\u00e7a","description":"Just another ms.decms.eu site","potentialAction":[{"@type":"SearchAction","target":{"@type":"EntryPoint","urlTemplate":"https:\/\/www.yourhotelspa.com\/es\/?s={search_term_string}"},"query-input":{"@type":"PropertyValueSpecification","valueRequired":true,"valueName":"search_term_string"}}],"inLanguage":"es"}]}},"acf":[],"_links":{"self":[{"href":"https:\/\/www.yourhotelspa.com\/es\/wp-json\/wp\/v2\/pages\/696","targetHints":{"allow":["GET"]}}],"collection":[{"href":"https:\/\/www.yourhotelspa.com\/es\/wp-json\/wp\/v2\/pages"}],"about":[{"href":"https:\/\/www.yourhotelspa.com\/es\/wp-json\/wp\/v2\/types\/page"}],"author":[{"embeddable":true,"href":"https:\/\/www.yourhotelspa.com\/es\/wp-json\/wp\/v2\/users\/4"}],"replies":[{"embeddable":true,"href":"https:\/\/www.yourhotelspa.com\/es\/wp-json\/wp\/v2\/comments?post=696"}],"version-history":[{"count":0,"href":"https:\/\/www.yourhotelspa.com\/es\/wp-json\/wp\/v2\/pages\/696\/revisions"}],"up":[{"embeddable":true,"href":"https:\/\/www.yourhotelspa.com\/es\/wp-json\/wp\/v2\/pages\/691"}],"wp:attachment":[{"href":"https:\/\/www.yourhotelspa.com\/es\/wp-json\/wp\/v2\/media?parent=696"}],"curies":[{"name":"wp","href":"https:\/\/api.w.org\/{rel}","templated":true}]}}