{"id":703,"date":"2020-07-31T09:16:13","date_gmt":"2020-07-31T09:16:13","guid":{"rendered":"http:\/\/your-hotel-spa-alcobaca.ms.decms.eu\/?page_id=703"},"modified":"2021-02-19T16:39:34","modified_gmt":"2021-02-19T16:39:34","slug":"salas-de-reuniones","status":"publish","type":"page","link":"https:\/\/www.yourhotelspa.com\/es\/salas-de-reuniones\/","title":{"rendered":"Salas de reuniones"},"content":{"rendered":"<p>Cuando hablamos de empresa, el Your Hotel &amp; Spa Alcoba\u00e7a cuenta con el mejor equipo para planificar, coordinar y llevar a cabo eventos con \u00e9xito. Le damos el apoyo necesario en la organizaci\u00f3n de sus eventos. Las salas de reuniones y espacios al aire libre son uno de los principales activos del Hotel, el evento puede ser una conferencia, un banquete, una sencilla reuni\u00f3n, incentivos, ciclo de conferencias, presentaci\u00f3n de productos,una fiesta.<\/p>\n","protected":false},"excerpt":{"rendered":"<p>Cuando hablamos de empresa, el Your Hotel &amp; Spa Alcoba\u00e7a cuenta con el mejor equipo para planificar, coordinar y llevar a cabo eventos con \u00e9xito. Le damos el apoyo necesario en la organizaci\u00f3n de sus eventos. Las salas de reuniones y espacios al aire libre son uno de los principales activos del Hotel, el evento [&hellip;]<\/p>\n","protected":false},"author":4,"featured_media":0,"parent":0,"menu_order":60,"comment_status":"closed","ping_status":"closed","template":"template-meetings.php","meta":{"footnotes":""},"class_list":["post-703","page","type-page","status-publish","hentry"],"yoast_head":"<!-- This site is optimized with the Yoast SEO plugin v26.9 - https:\/\/yoast.com\/product\/yoast-seo-wordpress\/ -->\n<title>Salas de reuniones - Your Hotel &amp; Spa Alcoba\u00e7a<\/title>\n<meta name=\"robots\" content=\"index, follow, max-snippet:-1, max-image-preview:large, max-video-preview:-1\" \/>\n<link rel=\"canonical\" href=\"https:\/\/www.yourhotelspa.com\/es\/salas-de-reuniones\/\" \/>\n<meta property=\"og:locale\" content=\"es_ES\" \/>\n<meta property=\"og:type\" content=\"article\" \/>\n<meta property=\"og:title\" content=\"Salas de reuniones - Your Hotel &amp; Spa Alcoba\u00e7a\" \/>\n<meta property=\"og:description\" content=\"Cuando hablamos de empresa, el Your Hotel &amp; Spa Alcoba\u00e7a cuenta con el mejor equipo para planificar, coordinar y llevar a cabo eventos con \u00e9xito. Le damos el apoyo necesario en la organizaci\u00f3n de sus eventos. Las salas de reuniones y espacios al aire libre son uno de los principales activos del Hotel, el evento [&hellip;]\" \/>\n<meta property=\"og:url\" content=\"https:\/\/www.yourhotelspa.com\/es\/salas-de-reuniones\/\" \/>\n<meta property=\"og:site_name\" content=\"Your Hotel &amp; Spa Alcoba\u00e7a\" \/>\n<meta property=\"article:modified_time\" content=\"2021-02-19T16:39:34+00:00\" \/>\n<meta name=\"twitter:card\" content=\"summary_large_image\" \/>\n<script type=\"application\/ld+json\" class=\"yoast-schema-graph\">{\"@context\":\"https:\/\/schema.org\",\"@graph\":[{\"@type\":\"WebPage\",\"@id\":\"https:\/\/www.yourhotelspa.com\/es\/salas-de-reuniones\/\",\"url\":\"https:\/\/www.yourhotelspa.com\/es\/salas-de-reuniones\/\",\"name\":\"Salas de reuniones - Your Hotel & Spa Alcoba\u00e7a\",\"isPartOf\":{\"@id\":\"https:\/\/www.yourhotelspa.com\/es\/#website\"},\"datePublished\":\"2020-07-31T09:16:13+00:00\",\"dateModified\":\"2021-02-19T16:39:34+00:00\",\"breadcrumb\":{\"@id\":\"https:\/\/www.yourhotelspa.com\/es\/salas-de-reuniones\/#breadcrumb\"},\"inLanguage\":\"es\",\"potentialAction\":[{\"@type\":\"ReadAction\",\"target\":[\"https:\/\/www.yourhotelspa.com\/es\/salas-de-reuniones\/\"]}]},{\"@type\":\"BreadcrumbList\",\"@id\":\"https:\/\/www.yourhotelspa.com\/es\/salas-de-reuniones\/#breadcrumb\",\"itemListElement\":[{\"@type\":\"ListItem\",\"position\":1,\"name\":\"Home\",\"item\":\"https:\/\/www.yourhotelspa.com\/es\/\"},{\"@type\":\"ListItem\",\"position\":2,\"name\":\"Salas de reuniones\"}]},{\"@type\":\"WebSite\",\"@id\":\"https:\/\/www.yourhotelspa.com\/es\/#website\",\"url\":\"https:\/\/www.yourhotelspa.com\/es\/\",\"name\":\"Your Hotel & Spa Alcoba\u00e7a\",\"description\":\"Just another ms.decms.eu site\",\"potentialAction\":[{\"@type\":\"SearchAction\",\"target\":{\"@type\":\"EntryPoint\",\"urlTemplate\":\"https:\/\/www.yourhotelspa.com\/es\/?s={search_term_string}\"},\"query-input\":{\"@type\":\"PropertyValueSpecification\",\"valueRequired\":true,\"valueName\":\"search_term_string\"}}],\"inLanguage\":\"es\"}]}<\/script>\n<!-- \/ Yoast SEO plugin. -->","yoast_head_json":{"title":"Salas de reuniones - Your Hotel & Spa Alcoba\u00e7a","robots":{"index":"index","follow":"follow","max-snippet":"max-snippet:-1","max-image-preview":"max-image-preview:large","max-video-preview":"max-video-preview:-1"},"canonical":"https:\/\/www.yourhotelspa.com\/es\/salas-de-reuniones\/","og_locale":"es_ES","og_type":"article","og_title":"Salas de reuniones - Your Hotel & Spa Alcoba\u00e7a","og_description":"Cuando hablamos de empresa, el Your Hotel &amp; Spa Alcoba\u00e7a cuenta con el mejor equipo para planificar, coordinar y llevar a cabo eventos con \u00e9xito. Le damos el apoyo necesario en la organizaci\u00f3n de sus eventos. Las salas de reuniones y espacios al aire libre son uno de los principales activos del Hotel, el evento [&hellip;]","og_url":"https:\/\/www.yourhotelspa.com\/es\/salas-de-reuniones\/","og_site_name":"Your Hotel & Spa Alcoba\u00e7a","article_modified_time":"2021-02-19T16:39:34+00:00","twitter_card":"summary_large_image","schema":{"@context":"https:\/\/schema.org","@graph":[{"@type":"WebPage","@id":"https:\/\/www.yourhotelspa.com\/es\/salas-de-reuniones\/","url":"https:\/\/www.yourhotelspa.com\/es\/salas-de-reuniones\/","name":"Salas de reuniones - Your Hotel & Spa Alcoba\u00e7a","isPartOf":{"@id":"https:\/\/www.yourhotelspa.com\/es\/#website"},"datePublished":"2020-07-31T09:16:13+00:00","dateModified":"2021-02-19T16:39:34+00:00","breadcrumb":{"@id":"https:\/\/www.yourhotelspa.com\/es\/salas-de-reuniones\/#breadcrumb"},"inLanguage":"es","potentialAction":[{"@type":"ReadAction","target":["https:\/\/www.yourhotelspa.com\/es\/salas-de-reuniones\/"]}]},{"@type":"BreadcrumbList","@id":"https:\/\/www.yourhotelspa.com\/es\/salas-de-reuniones\/#breadcrumb","itemListElement":[{"@type":"ListItem","position":1,"name":"Home","item":"https:\/\/www.yourhotelspa.com\/es\/"},{"@type":"ListItem","position":2,"name":"Salas de reuniones"}]},{"@type":"WebSite","@id":"https:\/\/www.yourhotelspa.com\/es\/#website","url":"https:\/\/www.yourhotelspa.com\/es\/","name":"Your Hotel & Spa Alcoba\u00e7a","description":"Just another ms.decms.eu site","potentialAction":[{"@type":"SearchAction","target":{"@type":"EntryPoint","urlTemplate":"https:\/\/www.yourhotelspa.com\/es\/?s={search_term_string}"},"query-input":{"@type":"PropertyValueSpecification","valueRequired":true,"valueName":"search_term_string"}}],"inLanguage":"es"}]}},"acf":[],"_links":{"self":[{"href":"https:\/\/www.yourhotelspa.com\/es\/wp-json\/wp\/v2\/pages\/703","targetHints":{"allow":["GET"]}}],"collection":[{"href":"https:\/\/www.yourhotelspa.com\/es\/wp-json\/wp\/v2\/pages"}],"about":[{"href":"https:\/\/www.yourhotelspa.com\/es\/wp-json\/wp\/v2\/types\/page"}],"author":[{"embeddable":true,"href":"https:\/\/www.yourhotelspa.com\/es\/wp-json\/wp\/v2\/users\/4"}],"replies":[{"embeddable":true,"href":"https:\/\/www.yourhotelspa.com\/es\/wp-json\/wp\/v2\/comments?post=703"}],"version-history":[{"count":0,"href":"https:\/\/www.yourhotelspa.com\/es\/wp-json\/wp\/v2\/pages\/703\/revisions"}],"wp:attachment":[{"href":"https:\/\/www.yourhotelspa.com\/es\/wp-json\/wp\/v2\/media?parent=703"}],"curies":[{"name":"wp","href":"https:\/\/api.w.org\/{rel}","templated":true}]}}