{"id":753,"date":"2020-07-31T13:31:27","date_gmt":"2020-07-31T13:31:27","guid":{"rendered":"http:\/\/your-hotel-spa-alcobaca.ms.decms.eu\/?page_id=753"},"modified":"2024-06-17T11:21:41","modified_gmt":"2024-06-17T11:21:41","slug":"nazare","status":"publish","type":"page","link":"https:\/\/www.yourhotelspa.com\/es\/entorno\/nazare\/","title":{"rendered":"Nazar\u00e9"},"content":{"rendered":"<p>Nazar\u00e9, ciudad conocida por sus tradiciones mar\u00edtimas y culturales, es famosa por las olas gigantes que atraen a surfistas de todo el mundo. En lo alto de un acantilado, el S\u00edtio da Nazar\u00e9 ofrece unas vistas impresionantes y alberga el Santuario de Nuestra Se\u00f1ora de Nazar\u00e9. El Fuerte de S\u00e3o Miguel Arcanjo, con su museo del surf, ofrece una vista privilegiada de las olas. Las calles tradicionales y los restaurantes con cocina local, como pescado fresco y marisco, completan el encanto de este pueblo.<\/p>\n<p>Puntos de inter\u00e9s: Fuerte de S\u00e3o Miguel Arcanjo, Museo de los Pescadores, Secadero de Pescado, Capilla de Santo Ant\u00f3nio, Ascensor da Nazar\u00e9, Ermida da Mem\u00f3ria, Santuario de Nossa Senhora da Nazar\u00e9, entre otros&#8230;<\/p>\n","protected":false},"excerpt":{"rendered":"<p>Nazar\u00e9, ciudad conocida por sus tradiciones mar\u00edtimas y culturales, es famosa por las olas gigantes que atraen a surfistas de todo el mundo. En lo alto de un acantilado, el S\u00edtio da Nazar\u00e9 ofrece unas vistas impresionantes y alberga el Santuario de Nuestra Se\u00f1ora de Nazar\u00e9. El Fuerte de S\u00e3o Miguel Arcanjo, con su museo [&hellip;]<\/p>\n","protected":false},"author":4,"featured_media":0,"parent":747,"menu_order":1,"comment_status":"closed","ping_status":"closed","template":"template-children_carousel.php","meta":{"footnotes":""},"class_list":["post-753","page","type-page","status-publish","hentry"],"yoast_head":"<!-- This site is optimized with the Yoast SEO plugin v26.9 - https:\/\/yoast.com\/product\/yoast-seo-wordpress\/ -->\n<title>Nazar\u00e9 - Your Hotel &amp; Spa Alcoba\u00e7a<\/title>\n<meta name=\"robots\" content=\"index, follow, max-snippet:-1, max-image-preview:large, max-video-preview:-1\" \/>\n<link rel=\"canonical\" href=\"https:\/\/www.yourhotelspa.com\/es\/entorno\/nazare\/\" \/>\n<meta property=\"og:locale\" content=\"es_ES\" \/>\n<meta property=\"og:type\" content=\"article\" \/>\n<meta property=\"og:title\" content=\"Nazar\u00e9 - Your Hotel &amp; Spa Alcoba\u00e7a\" \/>\n<meta property=\"og:description\" content=\"Nazar\u00e9, ciudad conocida por sus tradiciones mar\u00edtimas y culturales, es famosa por las olas gigantes que atraen a surfistas de todo el mundo. En lo alto de un acantilado, el S\u00edtio da Nazar\u00e9 ofrece unas vistas impresionantes y alberga el Santuario de Nuestra Se\u00f1ora de Nazar\u00e9. El Fuerte de S\u00e3o Miguel Arcanjo, con su museo [&hellip;]\" \/>\n<meta property=\"og:url\" content=\"https:\/\/www.yourhotelspa.com\/es\/entorno\/nazare\/\" \/>\n<meta property=\"og:site_name\" content=\"Your Hotel &amp; Spa Alcoba\u00e7a\" \/>\n<meta property=\"article:modified_time\" content=\"2024-06-17T11:21:41+00:00\" \/>\n<meta name=\"twitter:card\" content=\"summary_large_image\" \/>\n<meta name=\"twitter:label1\" content=\"Tiempo de lectura\" \/>\n\t<meta name=\"twitter:data1\" content=\"1 minuto\" \/>\n<script type=\"application\/ld+json\" class=\"yoast-schema-graph\">{\"@context\":\"https:\/\/schema.org\",\"@graph\":[{\"@type\":\"WebPage\",\"@id\":\"https:\/\/www.yourhotelspa.com\/es\/entorno\/nazare\/\",\"url\":\"https:\/\/www.yourhotelspa.com\/es\/entorno\/nazare\/\",\"name\":\"Nazar\u00e9 - Your Hotel & Spa Alcoba\u00e7a\",\"isPartOf\":{\"@id\":\"https:\/\/www.yourhotelspa.com\/es\/#website\"},\"datePublished\":\"2020-07-31T13:31:27+00:00\",\"dateModified\":\"2024-06-17T11:21:41+00:00\",\"breadcrumb\":{\"@id\":\"https:\/\/www.yourhotelspa.com\/es\/entorno\/nazare\/#breadcrumb\"},\"inLanguage\":\"es\",\"potentialAction\":[{\"@type\":\"ReadAction\",\"target\":[\"https:\/\/www.yourhotelspa.com\/es\/entorno\/nazare\/\"]}]},{\"@type\":\"BreadcrumbList\",\"@id\":\"https:\/\/www.yourhotelspa.com\/es\/entorno\/nazare\/#breadcrumb\",\"itemListElement\":[{\"@type\":\"ListItem\",\"position\":1,\"name\":\"Home\",\"item\":\"https:\/\/www.yourhotelspa.com\/es\/\"},{\"@type\":\"ListItem\",\"position\":2,\"name\":\"Entorno\",\"item\":\"https:\/\/www.yourhotelspa.com\/es\/entorno\/\"},{\"@type\":\"ListItem\",\"position\":3,\"name\":\"Nazar\u00e9\"}]},{\"@type\":\"WebSite\",\"@id\":\"https:\/\/www.yourhotelspa.com\/es\/#website\",\"url\":\"https:\/\/www.yourhotelspa.com\/es\/\",\"name\":\"Your Hotel & Spa Alcoba\u00e7a\",\"description\":\"Just another ms.decms.eu site\",\"potentialAction\":[{\"@type\":\"SearchAction\",\"target\":{\"@type\":\"EntryPoint\",\"urlTemplate\":\"https:\/\/www.yourhotelspa.com\/es\/?s={search_term_string}\"},\"query-input\":{\"@type\":\"PropertyValueSpecification\",\"valueRequired\":true,\"valueName\":\"search_term_string\"}}],\"inLanguage\":\"es\"}]}<\/script>\n<!-- \/ Yoast SEO plugin. -->","yoast_head_json":{"title":"Nazar\u00e9 - Your Hotel & Spa Alcoba\u00e7a","robots":{"index":"index","follow":"follow","max-snippet":"max-snippet:-1","max-image-preview":"max-image-preview:large","max-video-preview":"max-video-preview:-1"},"canonical":"https:\/\/www.yourhotelspa.com\/es\/entorno\/nazare\/","og_locale":"es_ES","og_type":"article","og_title":"Nazar\u00e9 - Your Hotel & Spa Alcoba\u00e7a","og_description":"Nazar\u00e9, ciudad conocida por sus tradiciones mar\u00edtimas y culturales, es famosa por las olas gigantes que atraen a surfistas de todo el mundo. En lo alto de un acantilado, el S\u00edtio da Nazar\u00e9 ofrece unas vistas impresionantes y alberga el Santuario de Nuestra Se\u00f1ora de Nazar\u00e9. El Fuerte de S\u00e3o Miguel Arcanjo, con su museo [&hellip;]","og_url":"https:\/\/www.yourhotelspa.com\/es\/entorno\/nazare\/","og_site_name":"Your Hotel & Spa Alcoba\u00e7a","article_modified_time":"2024-06-17T11:21:41+00:00","twitter_card":"summary_large_image","twitter_misc":{"Tiempo de lectura":"1 minuto"},"schema":{"@context":"https:\/\/schema.org","@graph":[{"@type":"WebPage","@id":"https:\/\/www.yourhotelspa.com\/es\/entorno\/nazare\/","url":"https:\/\/www.yourhotelspa.com\/es\/entorno\/nazare\/","name":"Nazar\u00e9 - Your Hotel & Spa Alcoba\u00e7a","isPartOf":{"@id":"https:\/\/www.yourhotelspa.com\/es\/#website"},"datePublished":"2020-07-31T13:31:27+00:00","dateModified":"2024-06-17T11:21:41+00:00","breadcrumb":{"@id":"https:\/\/www.yourhotelspa.com\/es\/entorno\/nazare\/#breadcrumb"},"inLanguage":"es","potentialAction":[{"@type":"ReadAction","target":["https:\/\/www.yourhotelspa.com\/es\/entorno\/nazare\/"]}]},{"@type":"BreadcrumbList","@id":"https:\/\/www.yourhotelspa.com\/es\/entorno\/nazare\/#breadcrumb","itemListElement":[{"@type":"ListItem","position":1,"name":"Home","item":"https:\/\/www.yourhotelspa.com\/es\/"},{"@type":"ListItem","position":2,"name":"Entorno","item":"https:\/\/www.yourhotelspa.com\/es\/entorno\/"},{"@type":"ListItem","position":3,"name":"Nazar\u00e9"}]},{"@type":"WebSite","@id":"https:\/\/www.yourhotelspa.com\/es\/#website","url":"https:\/\/www.yourhotelspa.com\/es\/","name":"Your Hotel & Spa Alcoba\u00e7a","description":"Just another ms.decms.eu site","potentialAction":[{"@type":"SearchAction","target":{"@type":"EntryPoint","urlTemplate":"https:\/\/www.yourhotelspa.com\/es\/?s={search_term_string}"},"query-input":{"@type":"PropertyValueSpecification","valueRequired":true,"valueName":"search_term_string"}}],"inLanguage":"es"}]}},"acf":[],"_links":{"self":[{"href":"https:\/\/www.yourhotelspa.com\/es\/wp-json\/wp\/v2\/pages\/753","targetHints":{"allow":["GET"]}}],"collection":[{"href":"https:\/\/www.yourhotelspa.com\/es\/wp-json\/wp\/v2\/pages"}],"about":[{"href":"https:\/\/www.yourhotelspa.com\/es\/wp-json\/wp\/v2\/types\/page"}],"author":[{"embeddable":true,"href":"https:\/\/www.yourhotelspa.com\/es\/wp-json\/wp\/v2\/users\/4"}],"replies":[{"embeddable":true,"href":"https:\/\/www.yourhotelspa.com\/es\/wp-json\/wp\/v2\/comments?post=753"}],"version-history":[{"count":0,"href":"https:\/\/www.yourhotelspa.com\/es\/wp-json\/wp\/v2\/pages\/753\/revisions"}],"up":[{"embeddable":true,"href":"https:\/\/www.yourhotelspa.com\/es\/wp-json\/wp\/v2\/pages\/747"}],"wp:attachment":[{"href":"https:\/\/www.yourhotelspa.com\/es\/wp-json\/wp\/v2\/media?parent=753"}],"curies":[{"name":"wp","href":"https:\/\/api.w.org\/{rel}","templated":true}]}}