{"id":755,"date":"2020-07-31T13:33:11","date_gmt":"2020-07-31T13:33:11","guid":{"rendered":"http:\/\/your-hotel-spa-alcobaca.ms.decms.eu\/?page_id=755"},"modified":"2024-06-17T11:30:46","modified_gmt":"2024-06-17T11:30:46","slug":"obidos","status":"publish","type":"page","link":"https:\/\/www.yourhotelspa.com\/es\/entorno\/obidos\/","title":{"rendered":"\u00d3bidos"},"content":{"rendered":"<p>\u00d3bidos, pintoresca ciudad medieval, es conocida por sus murallas bien conservadas y sus calles estrechas con casas blancas decoradas con flores. Destaca por su imponente castillo, que ahora funciona como casa de hu\u00e9spedes, y por la encantadora librer\u00eda de la Iglesia de Santiago. La ciudad es famosa por sus eventos culturales, como el Festival Internacional del Chocolate, la Aldea de Navidad y la Feria Medieval. La ginjinha de \u00d3bidos, un licor de guindas servido en tazas de chocolate, es una especialidad local de la que disfrutan los visitantes.<\/p>\n<p>Puntos de inter\u00e9s: Iglesia de Santiago, Porta da Vila, Pillory de \u00d3bidos, Castillo de \u00d3bidos, Acueducto de Usseira, Columpio de \u00d3bidos, Museo Municipal de \u00d3bidos, Iglesia de Santa Mar\u00eda, Iglesia de S\u00e3o Pedro, entre otros&#8230;<\/p>\n","protected":false},"excerpt":{"rendered":"<p>\u00d3bidos, pintoresca ciudad medieval, es conocida por sus murallas bien conservadas y sus calles estrechas con casas blancas decoradas con flores. Destaca por su imponente castillo, que ahora funciona como casa de hu\u00e9spedes, y por la encantadora librer\u00eda de la Iglesia de Santiago. La ciudad es famosa por sus eventos culturales, como el Festival Internacional [&hellip;]<\/p>\n","protected":false},"author":4,"featured_media":0,"parent":747,"menu_order":2,"comment_status":"closed","ping_status":"closed","template":"template-children_carousel.php","meta":{"footnotes":""},"class_list":["post-755","page","type-page","status-publish","hentry"],"yoast_head":"<!-- This site is optimized with the Yoast SEO plugin v26.9 - https:\/\/yoast.com\/product\/yoast-seo-wordpress\/ -->\n<title>\u00d3bidos - Your Hotel &amp; Spa Alcoba\u00e7a<\/title>\n<meta name=\"robots\" content=\"index, follow, max-snippet:-1, max-image-preview:large, max-video-preview:-1\" \/>\n<link rel=\"canonical\" href=\"https:\/\/www.yourhotelspa.com\/es\/entorno\/obidos\/\" \/>\n<meta property=\"og:locale\" content=\"es_ES\" \/>\n<meta property=\"og:type\" content=\"article\" \/>\n<meta property=\"og:title\" content=\"\u00d3bidos - Your Hotel &amp; Spa Alcoba\u00e7a\" \/>\n<meta property=\"og:description\" content=\"\u00d3bidos, pintoresca ciudad medieval, es conocida por sus murallas bien conservadas y sus calles estrechas con casas blancas decoradas con flores. Destaca por su imponente castillo, que ahora funciona como casa de hu\u00e9spedes, y por la encantadora librer\u00eda de la Iglesia de Santiago. La ciudad es famosa por sus eventos culturales, como el Festival Internacional [&hellip;]\" \/>\n<meta property=\"og:url\" content=\"https:\/\/www.yourhotelspa.com\/es\/entorno\/obidos\/\" \/>\n<meta property=\"og:site_name\" content=\"Your Hotel &amp; Spa Alcoba\u00e7a\" \/>\n<meta property=\"article:modified_time\" content=\"2024-06-17T11:30:46+00:00\" \/>\n<meta name=\"twitter:card\" content=\"summary_large_image\" \/>\n<meta name=\"twitter:label1\" content=\"Tiempo de lectura\" \/>\n\t<meta name=\"twitter:data1\" content=\"1 minuto\" \/>\n<script type=\"application\/ld+json\" class=\"yoast-schema-graph\">{\"@context\":\"https:\/\/schema.org\",\"@graph\":[{\"@type\":\"WebPage\",\"@id\":\"https:\/\/www.yourhotelspa.com\/es\/entorno\/obidos\/\",\"url\":\"https:\/\/www.yourhotelspa.com\/es\/entorno\/obidos\/\",\"name\":\"\u00d3bidos - Your Hotel & Spa Alcoba\u00e7a\",\"isPartOf\":{\"@id\":\"https:\/\/www.yourhotelspa.com\/es\/#website\"},\"datePublished\":\"2020-07-31T13:33:11+00:00\",\"dateModified\":\"2024-06-17T11:30:46+00:00\",\"breadcrumb\":{\"@id\":\"https:\/\/www.yourhotelspa.com\/es\/entorno\/obidos\/#breadcrumb\"},\"inLanguage\":\"es\",\"potentialAction\":[{\"@type\":\"ReadAction\",\"target\":[\"https:\/\/www.yourhotelspa.com\/es\/entorno\/obidos\/\"]}]},{\"@type\":\"BreadcrumbList\",\"@id\":\"https:\/\/www.yourhotelspa.com\/es\/entorno\/obidos\/#breadcrumb\",\"itemListElement\":[{\"@type\":\"ListItem\",\"position\":1,\"name\":\"Home\",\"item\":\"https:\/\/www.yourhotelspa.com\/es\/\"},{\"@type\":\"ListItem\",\"position\":2,\"name\":\"Entorno\",\"item\":\"https:\/\/www.yourhotelspa.com\/es\/entorno\/\"},{\"@type\":\"ListItem\",\"position\":3,\"name\":\"\u00d3bidos\"}]},{\"@type\":\"WebSite\",\"@id\":\"https:\/\/www.yourhotelspa.com\/es\/#website\",\"url\":\"https:\/\/www.yourhotelspa.com\/es\/\",\"name\":\"Your Hotel & Spa Alcoba\u00e7a\",\"description\":\"Just another ms.decms.eu site\",\"potentialAction\":[{\"@type\":\"SearchAction\",\"target\":{\"@type\":\"EntryPoint\",\"urlTemplate\":\"https:\/\/www.yourhotelspa.com\/es\/?s={search_term_string}\"},\"query-input\":{\"@type\":\"PropertyValueSpecification\",\"valueRequired\":true,\"valueName\":\"search_term_string\"}}],\"inLanguage\":\"es\"}]}<\/script>\n<!-- \/ Yoast SEO plugin. -->","yoast_head_json":{"title":"\u00d3bidos - Your Hotel & Spa Alcoba\u00e7a","robots":{"index":"index","follow":"follow","max-snippet":"max-snippet:-1","max-image-preview":"max-image-preview:large","max-video-preview":"max-video-preview:-1"},"canonical":"https:\/\/www.yourhotelspa.com\/es\/entorno\/obidos\/","og_locale":"es_ES","og_type":"article","og_title":"\u00d3bidos - Your Hotel & Spa Alcoba\u00e7a","og_description":"\u00d3bidos, pintoresca ciudad medieval, es conocida por sus murallas bien conservadas y sus calles estrechas con casas blancas decoradas con flores. Destaca por su imponente castillo, que ahora funciona como casa de hu\u00e9spedes, y por la encantadora librer\u00eda de la Iglesia de Santiago. La ciudad es famosa por sus eventos culturales, como el Festival Internacional [&hellip;]","og_url":"https:\/\/www.yourhotelspa.com\/es\/entorno\/obidos\/","og_site_name":"Your Hotel & Spa Alcoba\u00e7a","article_modified_time":"2024-06-17T11:30:46+00:00","twitter_card":"summary_large_image","twitter_misc":{"Tiempo de lectura":"1 minuto"},"schema":{"@context":"https:\/\/schema.org","@graph":[{"@type":"WebPage","@id":"https:\/\/www.yourhotelspa.com\/es\/entorno\/obidos\/","url":"https:\/\/www.yourhotelspa.com\/es\/entorno\/obidos\/","name":"\u00d3bidos - Your Hotel & Spa Alcoba\u00e7a","isPartOf":{"@id":"https:\/\/www.yourhotelspa.com\/es\/#website"},"datePublished":"2020-07-31T13:33:11+00:00","dateModified":"2024-06-17T11:30:46+00:00","breadcrumb":{"@id":"https:\/\/www.yourhotelspa.com\/es\/entorno\/obidos\/#breadcrumb"},"inLanguage":"es","potentialAction":[{"@type":"ReadAction","target":["https:\/\/www.yourhotelspa.com\/es\/entorno\/obidos\/"]}]},{"@type":"BreadcrumbList","@id":"https:\/\/www.yourhotelspa.com\/es\/entorno\/obidos\/#breadcrumb","itemListElement":[{"@type":"ListItem","position":1,"name":"Home","item":"https:\/\/www.yourhotelspa.com\/es\/"},{"@type":"ListItem","position":2,"name":"Entorno","item":"https:\/\/www.yourhotelspa.com\/es\/entorno\/"},{"@type":"ListItem","position":3,"name":"\u00d3bidos"}]},{"@type":"WebSite","@id":"https:\/\/www.yourhotelspa.com\/es\/#website","url":"https:\/\/www.yourhotelspa.com\/es\/","name":"Your Hotel & Spa Alcoba\u00e7a","description":"Just another ms.decms.eu site","potentialAction":[{"@type":"SearchAction","target":{"@type":"EntryPoint","urlTemplate":"https:\/\/www.yourhotelspa.com\/es\/?s={search_term_string}"},"query-input":{"@type":"PropertyValueSpecification","valueRequired":true,"valueName":"search_term_string"}}],"inLanguage":"es"}]}},"acf":[],"_links":{"self":[{"href":"https:\/\/www.yourhotelspa.com\/es\/wp-json\/wp\/v2\/pages\/755","targetHints":{"allow":["GET"]}}],"collection":[{"href":"https:\/\/www.yourhotelspa.com\/es\/wp-json\/wp\/v2\/pages"}],"about":[{"href":"https:\/\/www.yourhotelspa.com\/es\/wp-json\/wp\/v2\/types\/page"}],"author":[{"embeddable":true,"href":"https:\/\/www.yourhotelspa.com\/es\/wp-json\/wp\/v2\/users\/4"}],"replies":[{"embeddable":true,"href":"https:\/\/www.yourhotelspa.com\/es\/wp-json\/wp\/v2\/comments?post=755"}],"version-history":[{"count":0,"href":"https:\/\/www.yourhotelspa.com\/es\/wp-json\/wp\/v2\/pages\/755\/revisions"}],"up":[{"embeddable":true,"href":"https:\/\/www.yourhotelspa.com\/es\/wp-json\/wp\/v2\/pages\/747"}],"wp:attachment":[{"href":"https:\/\/www.yourhotelspa.com\/es\/wp-json\/wp\/v2\/media?parent=755"}],"curies":[{"name":"wp","href":"https:\/\/api.w.org\/{rel}","templated":true}]}}