{"id":765,"date":"2020-07-31T13:37:00","date_gmt":"2020-07-31T13:37:00","guid":{"rendered":"http:\/\/your-hotel-spa-alcobaca.ms.decms.eu\/?page_id=765"},"modified":"2024-06-17T12:10:40","modified_gmt":"2024-06-17T12:10:40","slug":"tomar","status":"publish","type":"page","link":"https:\/\/www.yourhotelspa.com\/es\/entorno\/tomar\/","title":{"rendered":"Tomar"},"content":{"rendered":"<p>Tomar, ciudad conocida por el Convento de Cristo, impresionante conjunto hist\u00f3rico y Patrimonio de la Humanidad de la UNESCO vinculado a los templarios. La ciudad posee un encanto medieval con calles estrechas, plazas encantadoras y un rico patrimonio cultural. El centro hist\u00f3rico incluye la Iglesia de S\u00e3o Jo\u00e3o Baptista y la Sinagoga de Tomar, una de las m\u00e1s antiguas de Portugal. Tomar tambi\u00e9n es famosa por la Festa dos Tabuleiros, una tradici\u00f3n \u00fanica y colorida que se celebra cada cuatro a\u00f1os.<\/p>\n<p>Puntos de inter\u00e9s: Convento de Cristo, Castillo Templario, Iglesia de Santa Mar\u00eda do Olival, Acueducto del Convento de Cristo, Iglesia de San Juan Bautista, Sinagoga de Tomar, Museo de las Cerillas, Convento de Santa Iria, entre otros&#8230;<\/p>\n","protected":false},"excerpt":{"rendered":"<p>Tomar, ciudad conocida por el Convento de Cristo, impresionante conjunto hist\u00f3rico y Patrimonio de la Humanidad de la UNESCO vinculado a los templarios. La ciudad posee un encanto medieval con calles estrechas, plazas encantadoras y un rico patrimonio cultural. El centro hist\u00f3rico incluye la Iglesia de S\u00e3o Jo\u00e3o Baptista y la Sinagoga de Tomar, una [&hellip;]<\/p>\n","protected":false},"author":4,"featured_media":0,"parent":747,"menu_order":5,"comment_status":"closed","ping_status":"closed","template":"template-children_carousel.php","meta":{"footnotes":""},"class_list":["post-765","page","type-page","status-publish","hentry"],"yoast_head":"<!-- This site is optimized with the Yoast SEO plugin v26.9 - https:\/\/yoast.com\/product\/yoast-seo-wordpress\/ -->\n<title>Tomar - Your Hotel &amp; Spa Alcoba\u00e7a<\/title>\n<meta name=\"robots\" content=\"index, follow, max-snippet:-1, max-image-preview:large, max-video-preview:-1\" \/>\n<link rel=\"canonical\" href=\"https:\/\/www.yourhotelspa.com\/es\/entorno\/tomar\/\" \/>\n<meta property=\"og:locale\" content=\"es_ES\" \/>\n<meta property=\"og:type\" content=\"article\" \/>\n<meta property=\"og:title\" content=\"Tomar - Your Hotel &amp; Spa Alcoba\u00e7a\" \/>\n<meta property=\"og:description\" content=\"Tomar, ciudad conocida por el Convento de Cristo, impresionante conjunto hist\u00f3rico y Patrimonio de la Humanidad de la UNESCO vinculado a los templarios. La ciudad posee un encanto medieval con calles estrechas, plazas encantadoras y un rico patrimonio cultural. El centro hist\u00f3rico incluye la Iglesia de S\u00e3o Jo\u00e3o Baptista y la Sinagoga de Tomar, una [&hellip;]\" \/>\n<meta property=\"og:url\" content=\"https:\/\/www.yourhotelspa.com\/es\/entorno\/tomar\/\" \/>\n<meta property=\"og:site_name\" content=\"Your Hotel &amp; Spa Alcoba\u00e7a\" \/>\n<meta property=\"article:modified_time\" content=\"2024-06-17T12:10:40+00:00\" \/>\n<meta name=\"twitter:card\" content=\"summary_large_image\" \/>\n<meta name=\"twitter:label1\" content=\"Tiempo de lectura\" \/>\n\t<meta name=\"twitter:data1\" content=\"1 minuto\" \/>\n<script type=\"application\/ld+json\" class=\"yoast-schema-graph\">{\"@context\":\"https:\/\/schema.org\",\"@graph\":[{\"@type\":\"WebPage\",\"@id\":\"https:\/\/www.yourhotelspa.com\/es\/entorno\/tomar\/\",\"url\":\"https:\/\/www.yourhotelspa.com\/es\/entorno\/tomar\/\",\"name\":\"Tomar - Your Hotel & Spa Alcoba\u00e7a\",\"isPartOf\":{\"@id\":\"https:\/\/www.yourhotelspa.com\/es\/#website\"},\"datePublished\":\"2020-07-31T13:37:00+00:00\",\"dateModified\":\"2024-06-17T12:10:40+00:00\",\"breadcrumb\":{\"@id\":\"https:\/\/www.yourhotelspa.com\/es\/entorno\/tomar\/#breadcrumb\"},\"inLanguage\":\"es\",\"potentialAction\":[{\"@type\":\"ReadAction\",\"target\":[\"https:\/\/www.yourhotelspa.com\/es\/entorno\/tomar\/\"]}]},{\"@type\":\"BreadcrumbList\",\"@id\":\"https:\/\/www.yourhotelspa.com\/es\/entorno\/tomar\/#breadcrumb\",\"itemListElement\":[{\"@type\":\"ListItem\",\"position\":1,\"name\":\"Home\",\"item\":\"https:\/\/www.yourhotelspa.com\/es\/\"},{\"@type\":\"ListItem\",\"position\":2,\"name\":\"Entorno\",\"item\":\"https:\/\/www.yourhotelspa.com\/es\/entorno\/\"},{\"@type\":\"ListItem\",\"position\":3,\"name\":\"Tomar\"}]},{\"@type\":\"WebSite\",\"@id\":\"https:\/\/www.yourhotelspa.com\/es\/#website\",\"url\":\"https:\/\/www.yourhotelspa.com\/es\/\",\"name\":\"Your Hotel & Spa Alcoba\u00e7a\",\"description\":\"Just another ms.decms.eu site\",\"potentialAction\":[{\"@type\":\"SearchAction\",\"target\":{\"@type\":\"EntryPoint\",\"urlTemplate\":\"https:\/\/www.yourhotelspa.com\/es\/?s={search_term_string}\"},\"query-input\":{\"@type\":\"PropertyValueSpecification\",\"valueRequired\":true,\"valueName\":\"search_term_string\"}}],\"inLanguage\":\"es\"}]}<\/script>\n<!-- \/ Yoast SEO plugin. -->","yoast_head_json":{"title":"Tomar - Your Hotel & Spa Alcoba\u00e7a","robots":{"index":"index","follow":"follow","max-snippet":"max-snippet:-1","max-image-preview":"max-image-preview:large","max-video-preview":"max-video-preview:-1"},"canonical":"https:\/\/www.yourhotelspa.com\/es\/entorno\/tomar\/","og_locale":"es_ES","og_type":"article","og_title":"Tomar - Your Hotel & Spa Alcoba\u00e7a","og_description":"Tomar, ciudad conocida por el Convento de Cristo, impresionante conjunto hist\u00f3rico y Patrimonio de la Humanidad de la UNESCO vinculado a los templarios. La ciudad posee un encanto medieval con calles estrechas, plazas encantadoras y un rico patrimonio cultural. El centro hist\u00f3rico incluye la Iglesia de S\u00e3o Jo\u00e3o Baptista y la Sinagoga de Tomar, una [&hellip;]","og_url":"https:\/\/www.yourhotelspa.com\/es\/entorno\/tomar\/","og_site_name":"Your Hotel & Spa Alcoba\u00e7a","article_modified_time":"2024-06-17T12:10:40+00:00","twitter_card":"summary_large_image","twitter_misc":{"Tiempo de lectura":"1 minuto"},"schema":{"@context":"https:\/\/schema.org","@graph":[{"@type":"WebPage","@id":"https:\/\/www.yourhotelspa.com\/es\/entorno\/tomar\/","url":"https:\/\/www.yourhotelspa.com\/es\/entorno\/tomar\/","name":"Tomar - Your Hotel & Spa Alcoba\u00e7a","isPartOf":{"@id":"https:\/\/www.yourhotelspa.com\/es\/#website"},"datePublished":"2020-07-31T13:37:00+00:00","dateModified":"2024-06-17T12:10:40+00:00","breadcrumb":{"@id":"https:\/\/www.yourhotelspa.com\/es\/entorno\/tomar\/#breadcrumb"},"inLanguage":"es","potentialAction":[{"@type":"ReadAction","target":["https:\/\/www.yourhotelspa.com\/es\/entorno\/tomar\/"]}]},{"@type":"BreadcrumbList","@id":"https:\/\/www.yourhotelspa.com\/es\/entorno\/tomar\/#breadcrumb","itemListElement":[{"@type":"ListItem","position":1,"name":"Home","item":"https:\/\/www.yourhotelspa.com\/es\/"},{"@type":"ListItem","position":2,"name":"Entorno","item":"https:\/\/www.yourhotelspa.com\/es\/entorno\/"},{"@type":"ListItem","position":3,"name":"Tomar"}]},{"@type":"WebSite","@id":"https:\/\/www.yourhotelspa.com\/es\/#website","url":"https:\/\/www.yourhotelspa.com\/es\/","name":"Your Hotel & Spa Alcoba\u00e7a","description":"Just another ms.decms.eu site","potentialAction":[{"@type":"SearchAction","target":{"@type":"EntryPoint","urlTemplate":"https:\/\/www.yourhotelspa.com\/es\/?s={search_term_string}"},"query-input":{"@type":"PropertyValueSpecification","valueRequired":true,"valueName":"search_term_string"}}],"inLanguage":"es"}]}},"acf":[],"_links":{"self":[{"href":"https:\/\/www.yourhotelspa.com\/es\/wp-json\/wp\/v2\/pages\/765","targetHints":{"allow":["GET"]}}],"collection":[{"href":"https:\/\/www.yourhotelspa.com\/es\/wp-json\/wp\/v2\/pages"}],"about":[{"href":"https:\/\/www.yourhotelspa.com\/es\/wp-json\/wp\/v2\/types\/page"}],"author":[{"embeddable":true,"href":"https:\/\/www.yourhotelspa.com\/es\/wp-json\/wp\/v2\/users\/4"}],"replies":[{"embeddable":true,"href":"https:\/\/www.yourhotelspa.com\/es\/wp-json\/wp\/v2\/comments?post=765"}],"version-history":[{"count":0,"href":"https:\/\/www.yourhotelspa.com\/es\/wp-json\/wp\/v2\/pages\/765\/revisions"}],"up":[{"embeddable":true,"href":"https:\/\/www.yourhotelspa.com\/es\/wp-json\/wp\/v2\/pages\/747"}],"wp:attachment":[{"href":"https:\/\/www.yourhotelspa.com\/es\/wp-json\/wp\/v2\/media?parent=765"}],"curies":[{"name":"wp","href":"https:\/\/api.w.org\/{rel}","templated":true}]}}