{"id":1004,"date":"2020-09-01T10:29:05","date_gmt":"2020-09-01T10:29:05","guid":{"rendered":"http:\/\/your-hotel-spa-alcobaca.ms.decms.eu\/?page_id=1004"},"modified":"2020-09-15T13:12:42","modified_gmt":"2020-09-15T13:12:42","slug":"contacts","status":"publish","type":"page","link":"https:\/\/www.yourhotelspa.com\/fr\/senses-restaurant\/contacts\/","title":{"rendered":"Contacts"},"content":{"rendered":"<p><strong>Horaires<\/strong>:<\/p>\n<ul>\n<li>Petit d\u00e9jeuner entre 07:30h et 10: 30h<\/li>\n<li>D\u00e9jeuner entre 12:30h et 14:30h<\/li>\n<li>Repas entre 19:30h et 21:30h (sauf le vendredi et le samedi qui ferme \u00e0 22h00)<\/li>\n<\/ul>\n<p>Le restaurant est ouvert au grand public.<\/p>\n<p><strong>Pour les r\u00e9servations et plus d&rsquo;informations<\/strong><br \/>\nTel.: <a href=\"tel:00351 262 505 370\">+351 262 505 370<\/a><br \/>\nE-mail: <a href=\"mailto:reservas@yourhotelspa.com\">reservas@yourhotelspa.com<\/a><\/p>\n","protected":false},"excerpt":{"rendered":"<p>Horaires: Petit d\u00e9jeuner entre 07:30h et 10: 30h D\u00e9jeuner entre 12:30h et 14:30h Repas entre 19:30h et 21:30h (sauf le vendredi et le samedi qui ferme \u00e0 22h00) Le restaurant est ouvert au grand public. Pour les r\u00e9servations et plus d&rsquo;informations Tel.: +351 262 505 370 E-mail: reservas@yourhotelspa.com<\/p>\n","protected":false},"author":4,"featured_media":0,"parent":690,"menu_order":11,"comment_status":"closed","ping_status":"closed","template":"","meta":{"footnotes":""},"class_list":["post-1004","page","type-page","status-publish","hentry"],"yoast_head":"<!-- This site is optimized with the Yoast SEO plugin v26.9 - https:\/\/yoast.com\/product\/yoast-seo-wordpress\/ -->\n<title>Contacts - Your Hotel &amp; Spa Alcoba\u00e7a<\/title>\n<meta name=\"robots\" content=\"index, follow, max-snippet:-1, max-image-preview:large, max-video-preview:-1\" \/>\n<link rel=\"canonical\" href=\"https:\/\/www.yourhotelspa.com\/fr\/senses-restaurant\/contacts\/\" \/>\n<meta property=\"og:locale\" content=\"fr_FR\" \/>\n<meta property=\"og:type\" content=\"article\" \/>\n<meta property=\"og:title\" content=\"Contacts - Your Hotel &amp; Spa Alcoba\u00e7a\" \/>\n<meta property=\"og:description\" content=\"Horaires: Petit d\u00e9jeuner entre 07:30h et 10: 30h D\u00e9jeuner entre 12:30h et 14:30h Repas entre 19:30h et 21:30h (sauf le vendredi et le samedi qui ferme \u00e0 22h00) Le restaurant est ouvert au grand public. Pour les r\u00e9servations et plus d&rsquo;informations Tel.: +351 262 505 370 E-mail: reservas@yourhotelspa.com\" \/>\n<meta property=\"og:url\" content=\"https:\/\/www.yourhotelspa.com\/fr\/senses-restaurant\/contacts\/\" \/>\n<meta property=\"og:site_name\" content=\"Your Hotel &amp; Spa Alcoba\u00e7a\" \/>\n<meta property=\"article:modified_time\" content=\"2020-09-15T13:12:42+00:00\" \/>\n<meta name=\"twitter:card\" content=\"summary_large_image\" \/>\n<script type=\"application\/ld+json\" class=\"yoast-schema-graph\">{\"@context\":\"https:\/\/schema.org\",\"@graph\":[{\"@type\":\"WebPage\",\"@id\":\"https:\/\/www.yourhotelspa.com\/fr\/senses-restaurant\/contacts\/\",\"url\":\"https:\/\/www.yourhotelspa.com\/fr\/senses-restaurant\/contacts\/\",\"name\":\"Contacts - Your Hotel & Spa Alcoba\u00e7a\",\"isPartOf\":{\"@id\":\"https:\/\/www.yourhotelspa.com\/fr\/#website\"},\"datePublished\":\"2020-09-01T10:29:05+00:00\",\"dateModified\":\"2020-09-15T13:12:42+00:00\",\"breadcrumb\":{\"@id\":\"https:\/\/www.yourhotelspa.com\/fr\/senses-restaurant\/contacts\/#breadcrumb\"},\"inLanguage\":\"fr-FR\",\"potentialAction\":[{\"@type\":\"ReadAction\",\"target\":[\"https:\/\/www.yourhotelspa.com\/fr\/senses-restaurant\/contacts\/\"]}]},{\"@type\":\"BreadcrumbList\",\"@id\":\"https:\/\/www.yourhotelspa.com\/fr\/senses-restaurant\/contacts\/#breadcrumb\",\"itemListElement\":[{\"@type\":\"ListItem\",\"position\":1,\"name\":\"Home\",\"item\":\"https:\/\/www.yourhotelspa.com\/fr\/\"},{\"@type\":\"ListItem\",\"position\":2,\"name\":\"Sentidos Restaurant\",\"item\":\"https:\/\/www.yourhotelspa.com\/fr\/senses-restaurant\/\"},{\"@type\":\"ListItem\",\"position\":3,\"name\":\"Contacts\"}]},{\"@type\":\"WebSite\",\"@id\":\"https:\/\/www.yourhotelspa.com\/fr\/#website\",\"url\":\"https:\/\/www.yourhotelspa.com\/fr\/\",\"name\":\"Your Hotel & Spa Alcoba\u00e7a\",\"description\":\"Just another ms.decms.eu site\",\"potentialAction\":[{\"@type\":\"SearchAction\",\"target\":{\"@type\":\"EntryPoint\",\"urlTemplate\":\"https:\/\/www.yourhotelspa.com\/fr\/?s={search_term_string}\"},\"query-input\":{\"@type\":\"PropertyValueSpecification\",\"valueRequired\":true,\"valueName\":\"search_term_string\"}}],\"inLanguage\":\"fr-FR\"}]}<\/script>\n<!-- \/ Yoast SEO plugin. -->","yoast_head_json":{"title":"Contacts - Your Hotel & Spa Alcoba\u00e7a","robots":{"index":"index","follow":"follow","max-snippet":"max-snippet:-1","max-image-preview":"max-image-preview:large","max-video-preview":"max-video-preview:-1"},"canonical":"https:\/\/www.yourhotelspa.com\/fr\/senses-restaurant\/contacts\/","og_locale":"fr_FR","og_type":"article","og_title":"Contacts - Your Hotel & Spa Alcoba\u00e7a","og_description":"Horaires: Petit d\u00e9jeuner entre 07:30h et 10: 30h D\u00e9jeuner entre 12:30h et 14:30h Repas entre 19:30h et 21:30h (sauf le vendredi et le samedi qui ferme \u00e0 22h00) Le restaurant est ouvert au grand public. Pour les r\u00e9servations et plus d&rsquo;informations Tel.: +351 262 505 370 E-mail: reservas@yourhotelspa.com","og_url":"https:\/\/www.yourhotelspa.com\/fr\/senses-restaurant\/contacts\/","og_site_name":"Your Hotel & Spa Alcoba\u00e7a","article_modified_time":"2020-09-15T13:12:42+00:00","twitter_card":"summary_large_image","schema":{"@context":"https:\/\/schema.org","@graph":[{"@type":"WebPage","@id":"https:\/\/www.yourhotelspa.com\/fr\/senses-restaurant\/contacts\/","url":"https:\/\/www.yourhotelspa.com\/fr\/senses-restaurant\/contacts\/","name":"Contacts - Your Hotel & Spa Alcoba\u00e7a","isPartOf":{"@id":"https:\/\/www.yourhotelspa.com\/fr\/#website"},"datePublished":"2020-09-01T10:29:05+00:00","dateModified":"2020-09-15T13:12:42+00:00","breadcrumb":{"@id":"https:\/\/www.yourhotelspa.com\/fr\/senses-restaurant\/contacts\/#breadcrumb"},"inLanguage":"fr-FR","potentialAction":[{"@type":"ReadAction","target":["https:\/\/www.yourhotelspa.com\/fr\/senses-restaurant\/contacts\/"]}]},{"@type":"BreadcrumbList","@id":"https:\/\/www.yourhotelspa.com\/fr\/senses-restaurant\/contacts\/#breadcrumb","itemListElement":[{"@type":"ListItem","position":1,"name":"Home","item":"https:\/\/www.yourhotelspa.com\/fr\/"},{"@type":"ListItem","position":2,"name":"Sentidos Restaurant","item":"https:\/\/www.yourhotelspa.com\/fr\/senses-restaurant\/"},{"@type":"ListItem","position":3,"name":"Contacts"}]},{"@type":"WebSite","@id":"https:\/\/www.yourhotelspa.com\/fr\/#website","url":"https:\/\/www.yourhotelspa.com\/fr\/","name":"Your Hotel & Spa Alcoba\u00e7a","description":"Just another ms.decms.eu site","potentialAction":[{"@type":"SearchAction","target":{"@type":"EntryPoint","urlTemplate":"https:\/\/www.yourhotelspa.com\/fr\/?s={search_term_string}"},"query-input":{"@type":"PropertyValueSpecification","valueRequired":true,"valueName":"search_term_string"}}],"inLanguage":"fr-FR"}]}},"acf":[],"_links":{"self":[{"href":"https:\/\/www.yourhotelspa.com\/fr\/wp-json\/wp\/v2\/pages\/1004","targetHints":{"allow":["GET"]}}],"collection":[{"href":"https:\/\/www.yourhotelspa.com\/fr\/wp-json\/wp\/v2\/pages"}],"about":[{"href":"https:\/\/www.yourhotelspa.com\/fr\/wp-json\/wp\/v2\/types\/page"}],"author":[{"embeddable":true,"href":"https:\/\/www.yourhotelspa.com\/fr\/wp-json\/wp\/v2\/users\/4"}],"replies":[{"embeddable":true,"href":"https:\/\/www.yourhotelspa.com\/fr\/wp-json\/wp\/v2\/comments?post=1004"}],"version-history":[{"count":0,"href":"https:\/\/www.yourhotelspa.com\/fr\/wp-json\/wp\/v2\/pages\/1004\/revisions"}],"up":[{"embeddable":true,"href":"https:\/\/www.yourhotelspa.com\/fr\/wp-json\/wp\/v2\/pages\/690"}],"wp:attachment":[{"href":"https:\/\/www.yourhotelspa.com\/fr\/wp-json\/wp\/v2\/media?parent=1004"}],"curies":[{"name":"wp","href":"https:\/\/api.w.org\/{rel}","templated":true}]}}