{"id":1052,"date":"2020-09-02T14:10:18","date_gmt":"2020-09-02T14:10:18","guid":{"rendered":"http:\/\/your-hotel-spa-alcobaca.ms.decms.eu\/?page_id=1052"},"modified":"2023-04-18T09:44:31","modified_gmt":"2023-04-18T09:44:31","slug":"resolucao-alternativa-de-litigios-de-consumo","status":"publish","type":"page","link":"https:\/\/www.yourhotelspa.com\/fr\/avis-et-certifications\/resolucao-alternativa-de-litigios-de-consumo\/","title":{"rendered":"R\u00e8glement Extrajudiciaire des Litiges de Consommation"},"content":{"rendered":"<p>Qu&rsquo;est-ce que le R\u00e8glement Extrajudiciaire des Litiges de Consommation?<\/p>\n<p>Le R\u00e8glement Extrajudiciaire des Litiges est la possibilit\u00e9 qu&rsquo;ont tous les consommateurs de s&rsquo;adresser \u00e0 des entit\u00e9s officielles qui les aideront \u00e0 r\u00e9soudre un conflit ou les guideront \u00e0 travers celui-ci avant qu&rsquo;ils n&rsquo;entament une proc\u00e9dure devant les tribunaux.<br \/>\nEn g\u00e9n\u00e9ral, la proc\u00e9dure est la suivante : le client demande \u00e0 un tiers impartial d&rsquo;agir en tant qu&rsquo;interm\u00e9diaire entre lui et l&rsquo;entreprise qui fait l&rsquo;objet de sa plainte. L&rsquo;interm\u00e9diaire peut sugg\u00e9rer une solution \u00e0 votre plainte, imposer une solution aux deux parties ou r\u00e9unir les parties pour trouver une solution.<\/p>\n<p>L&rsquo;Union europ\u00e9enne a mis en place un site web destin\u00e9 \u00e0 aider les consommateurs \u00e0 d\u00e9poser une plainte pour tout litige dans lequel ils sont impliqu\u00e9s. Dans ce contexte, Your Hotel &amp; Spa Alcoba\u00e7a fournit toutes les informations pour que vous puissiez exercer votre droit de r\u00e9clamation aupr\u00e8s d&rsquo;une entit\u00e9 officielle, tierce et impartiale dans le processus, qui vous aidera \u00e0 r\u00e9soudre le litige en question.<\/p>\n<p>Ainsi, si vous n&rsquo;\u00eates pas satisfait de l&rsquo;acquisition de l&rsquo;un de nos services ou d&rsquo;une solution pr\u00e9sent\u00e9e par nous, pour r\u00e9soudre la situation, vous pouvez acc\u00e9der \u00e0 ce <a href=\"https:\/\/ec.europa.eu\/consumers\/odr\/main\/index.cfm?event=main.home.chooseLanguage\">site officiel<\/a> et exposer votre plainte ou prendre contact avec l&rsquo;une des entit\u00e9s de r\u00e9solution alternative des litiges de consommation, parmi lesquelles nous pouvons vous sugg\u00e9rer :<\/p>\n<p>CNIACC &#8211; Centro Nacional de Informa\u00e7\u00e3o e Arbitragem de Conflitos de Consumo<br \/>\nRua D. Afonso Henriques, 1<br \/>\n4700-030 Braga<\/p>\n<p>Telefone:<a href=\"00351253619107\">+351 253 619 107<\/a><br \/>\nE-mail: <a href=\"mailto:geral@cniacc.pt\">geral@cniacc.pt<\/a><br \/>\nWeb: <a href=\"http:\/\/www.cniacc.pt\/\" target=\"_blank\" rel=\"noopener noreferrer\">www.cniacc.pt<\/a><\/p>\n","protected":false},"excerpt":{"rendered":"<p>Qu&rsquo;est-ce que le R\u00e8glement Extrajudiciaire des Litiges de Consommation? Le R\u00e8glement Extrajudiciaire des Litiges est la possibilit\u00e9 qu&rsquo;ont tous les consommateurs de s&rsquo;adresser \u00e0 des entit\u00e9s officielles qui les aideront \u00e0 r\u00e9soudre un conflit ou les guideront \u00e0 travers celui-ci avant qu&rsquo;ils n&rsquo;entament une proc\u00e9dure devant les tribunaux. En g\u00e9n\u00e9ral, la proc\u00e9dure est la suivante [&hellip;]<\/p>\n","protected":false},"author":4,"featured_media":0,"parent":1018,"menu_order":16,"comment_status":"closed","ping_status":"closed","template":"","meta":{"footnotes":""},"class_list":["post-1052","page","type-page","status-publish","hentry"],"yoast_head":"<!-- This site is optimized with the Yoast SEO plugin v26.9 - https:\/\/yoast.com\/product\/yoast-seo-wordpress\/ -->\n<title>R\u00e8glement Extrajudiciaire des Litiges de Consommation - Your Hotel &amp; Spa Alcoba\u00e7a<\/title>\n<meta name=\"robots\" content=\"index, follow, max-snippet:-1, max-image-preview:large, max-video-preview:-1\" \/>\n<link rel=\"canonical\" href=\"https:\/\/www.yourhotelspa.com\/fr\/avis-et-certifications\/resolucao-alternativa-de-litigios-de-consumo\/\" \/>\n<meta property=\"og:locale\" content=\"fr_FR\" \/>\n<meta property=\"og:type\" content=\"article\" \/>\n<meta property=\"og:title\" content=\"R\u00e8glement Extrajudiciaire des Litiges de Consommation - Your Hotel &amp; Spa Alcoba\u00e7a\" \/>\n<meta property=\"og:description\" content=\"Qu&rsquo;est-ce que le R\u00e8glement Extrajudiciaire des Litiges de Consommation? Le R\u00e8glement Extrajudiciaire des Litiges est la possibilit\u00e9 qu&rsquo;ont tous les consommateurs de s&rsquo;adresser \u00e0 des entit\u00e9s officielles qui les aideront \u00e0 r\u00e9soudre un conflit ou les guideront \u00e0 travers celui-ci avant qu&rsquo;ils n&rsquo;entament une proc\u00e9dure devant les tribunaux. En g\u00e9n\u00e9ral, la proc\u00e9dure est la suivante [&hellip;]\" \/>\n<meta property=\"og:url\" content=\"https:\/\/www.yourhotelspa.com\/fr\/avis-et-certifications\/resolucao-alternativa-de-litigios-de-consumo\/\" \/>\n<meta property=\"og:site_name\" content=\"Your Hotel &amp; Spa Alcoba\u00e7a\" \/>\n<meta property=\"article:modified_time\" content=\"2023-04-18T09:44:31+00:00\" \/>\n<meta name=\"twitter:card\" content=\"summary_large_image\" \/>\n<meta name=\"twitter:label1\" content=\"Dur\u00e9e de lecture estim\u00e9e\" \/>\n\t<meta name=\"twitter:data1\" content=\"2 minutes\" \/>\n<script type=\"application\/ld+json\" class=\"yoast-schema-graph\">{\"@context\":\"https:\/\/schema.org\",\"@graph\":[{\"@type\":\"WebPage\",\"@id\":\"https:\/\/www.yourhotelspa.com\/fr\/avis-et-certifications\/resolucao-alternativa-de-litigios-de-consumo\/\",\"url\":\"https:\/\/www.yourhotelspa.com\/fr\/avis-et-certifications\/resolucao-alternativa-de-litigios-de-consumo\/\",\"name\":\"R\u00e8glement Extrajudiciaire des Litiges de Consommation - Your Hotel & Spa Alcoba\u00e7a\",\"isPartOf\":{\"@id\":\"https:\/\/www.yourhotelspa.com\/fr\/#website\"},\"datePublished\":\"2020-09-02T14:10:18+00:00\",\"dateModified\":\"2023-04-18T09:44:31+00:00\",\"breadcrumb\":{\"@id\":\"https:\/\/www.yourhotelspa.com\/fr\/avis-et-certifications\/resolucao-alternativa-de-litigios-de-consumo\/#breadcrumb\"},\"inLanguage\":\"fr-FR\",\"potentialAction\":[{\"@type\":\"ReadAction\",\"target\":[\"https:\/\/www.yourhotelspa.com\/fr\/avis-et-certifications\/resolucao-alternativa-de-litigios-de-consumo\/\"]}]},{\"@type\":\"BreadcrumbList\",\"@id\":\"https:\/\/www.yourhotelspa.com\/fr\/avis-et-certifications\/resolucao-alternativa-de-litigios-de-consumo\/#breadcrumb\",\"itemListElement\":[{\"@type\":\"ListItem\",\"position\":1,\"name\":\"Home\",\"item\":\"https:\/\/www.yourhotelspa.com\/fr\/\"},{\"@type\":\"ListItem\",\"position\":2,\"name\":\"Avis et certifications\",\"item\":\"https:\/\/www.yourhotelspa.com\/fr\/avis-et-certifications\/\"},{\"@type\":\"ListItem\",\"position\":3,\"name\":\"R\u00e8glement Extrajudiciaire des Litiges de Consommation\"}]},{\"@type\":\"WebSite\",\"@id\":\"https:\/\/www.yourhotelspa.com\/fr\/#website\",\"url\":\"https:\/\/www.yourhotelspa.com\/fr\/\",\"name\":\"Your Hotel & Spa Alcoba\u00e7a\",\"description\":\"Just another ms.decms.eu site\",\"potentialAction\":[{\"@type\":\"SearchAction\",\"target\":{\"@type\":\"EntryPoint\",\"urlTemplate\":\"https:\/\/www.yourhotelspa.com\/fr\/?s={search_term_string}\"},\"query-input\":{\"@type\":\"PropertyValueSpecification\",\"valueRequired\":true,\"valueName\":\"search_term_string\"}}],\"inLanguage\":\"fr-FR\"}]}<\/script>\n<!-- \/ Yoast SEO plugin. -->","yoast_head_json":{"title":"R\u00e8glement Extrajudiciaire des Litiges de Consommation - Your Hotel & Spa Alcoba\u00e7a","robots":{"index":"index","follow":"follow","max-snippet":"max-snippet:-1","max-image-preview":"max-image-preview:large","max-video-preview":"max-video-preview:-1"},"canonical":"https:\/\/www.yourhotelspa.com\/fr\/avis-et-certifications\/resolucao-alternativa-de-litigios-de-consumo\/","og_locale":"fr_FR","og_type":"article","og_title":"R\u00e8glement Extrajudiciaire des Litiges de Consommation - Your Hotel & Spa Alcoba\u00e7a","og_description":"Qu&rsquo;est-ce que le R\u00e8glement Extrajudiciaire des Litiges de Consommation? Le R\u00e8glement Extrajudiciaire des Litiges est la possibilit\u00e9 qu&rsquo;ont tous les consommateurs de s&rsquo;adresser \u00e0 des entit\u00e9s officielles qui les aideront \u00e0 r\u00e9soudre un conflit ou les guideront \u00e0 travers celui-ci avant qu&rsquo;ils n&rsquo;entament une proc\u00e9dure devant les tribunaux. En g\u00e9n\u00e9ral, la proc\u00e9dure est la suivante [&hellip;]","og_url":"https:\/\/www.yourhotelspa.com\/fr\/avis-et-certifications\/resolucao-alternativa-de-litigios-de-consumo\/","og_site_name":"Your Hotel & Spa Alcoba\u00e7a","article_modified_time":"2023-04-18T09:44:31+00:00","twitter_card":"summary_large_image","twitter_misc":{"Dur\u00e9e de lecture estim\u00e9e":"2 minutes"},"schema":{"@context":"https:\/\/schema.org","@graph":[{"@type":"WebPage","@id":"https:\/\/www.yourhotelspa.com\/fr\/avis-et-certifications\/resolucao-alternativa-de-litigios-de-consumo\/","url":"https:\/\/www.yourhotelspa.com\/fr\/avis-et-certifications\/resolucao-alternativa-de-litigios-de-consumo\/","name":"R\u00e8glement Extrajudiciaire des Litiges de Consommation - Your Hotel & Spa Alcoba\u00e7a","isPartOf":{"@id":"https:\/\/www.yourhotelspa.com\/fr\/#website"},"datePublished":"2020-09-02T14:10:18+00:00","dateModified":"2023-04-18T09:44:31+00:00","breadcrumb":{"@id":"https:\/\/www.yourhotelspa.com\/fr\/avis-et-certifications\/resolucao-alternativa-de-litigios-de-consumo\/#breadcrumb"},"inLanguage":"fr-FR","potentialAction":[{"@type":"ReadAction","target":["https:\/\/www.yourhotelspa.com\/fr\/avis-et-certifications\/resolucao-alternativa-de-litigios-de-consumo\/"]}]},{"@type":"BreadcrumbList","@id":"https:\/\/www.yourhotelspa.com\/fr\/avis-et-certifications\/resolucao-alternativa-de-litigios-de-consumo\/#breadcrumb","itemListElement":[{"@type":"ListItem","position":1,"name":"Home","item":"https:\/\/www.yourhotelspa.com\/fr\/"},{"@type":"ListItem","position":2,"name":"Avis et certifications","item":"https:\/\/www.yourhotelspa.com\/fr\/avis-et-certifications\/"},{"@type":"ListItem","position":3,"name":"R\u00e8glement Extrajudiciaire des Litiges de Consommation"}]},{"@type":"WebSite","@id":"https:\/\/www.yourhotelspa.com\/fr\/#website","url":"https:\/\/www.yourhotelspa.com\/fr\/","name":"Your Hotel & Spa Alcoba\u00e7a","description":"Just another ms.decms.eu site","potentialAction":[{"@type":"SearchAction","target":{"@type":"EntryPoint","urlTemplate":"https:\/\/www.yourhotelspa.com\/fr\/?s={search_term_string}"},"query-input":{"@type":"PropertyValueSpecification","valueRequired":true,"valueName":"search_term_string"}}],"inLanguage":"fr-FR"}]}},"acf":[],"_links":{"self":[{"href":"https:\/\/www.yourhotelspa.com\/fr\/wp-json\/wp\/v2\/pages\/1052","targetHints":{"allow":["GET"]}}],"collection":[{"href":"https:\/\/www.yourhotelspa.com\/fr\/wp-json\/wp\/v2\/pages"}],"about":[{"href":"https:\/\/www.yourhotelspa.com\/fr\/wp-json\/wp\/v2\/types\/page"}],"author":[{"embeddable":true,"href":"https:\/\/www.yourhotelspa.com\/fr\/wp-json\/wp\/v2\/users\/4"}],"replies":[{"embeddable":true,"href":"https:\/\/www.yourhotelspa.com\/fr\/wp-json\/wp\/v2\/comments?post=1052"}],"version-history":[{"count":0,"href":"https:\/\/www.yourhotelspa.com\/fr\/wp-json\/wp\/v2\/pages\/1052\/revisions"}],"up":[{"embeddable":true,"href":"https:\/\/www.yourhotelspa.com\/fr\/wp-json\/wp\/v2\/pages\/1018"}],"wp:attachment":[{"href":"https:\/\/www.yourhotelspa.com\/fr\/wp-json\/wp\/v2\/media?parent=1052"}],"curies":[{"name":"wp","href":"https:\/\/api.w.org\/{rel}","templated":true}]}}