{"id":2532,"date":"2026-04-24T11:37:51","date_gmt":"2026-04-24T11:37:51","guid":{"rendered":"https:\/\/www.yourhotelspa.com\/?page_id=2532"},"modified":"2026-04-24T11:52:44","modified_gmt":"2026-04-24T11:52:44","slug":"spa","status":"publish","type":"page","link":"https:\/\/www.yourhotelspa.com\/fr\/offres\/spa\/","title":{"rendered":"Offre Spa d&rsquo;avril"},"content":{"rendered":"<h6>Tout au long du mois, profitez de notre offre exclusive:<\/h6>\n<p>\u27a5 <strong>1 DOUCHE VICHY (25 min) &amp; 1 BAIN D\u2019HYDROMASSAGE AROMATIQUE (20 min)<\/strong><\/p>\n<p>\u00bb \ud835\udc0c\ud835\udc00\ud835\udc08\ud835\udc0d\ud835\udc13\ud835\udc04\ud835\udc0d\ud835\udc00\ud835\udc0d\ud835\udc13: 70,00\u20ac<br \/>\n<del>\u00bb \ud835\udc00\ud835\udc15\ud835\udc00\ud835\udc0d\ud835\udc13: 85,00\u20ac<\/del><del><\/del><\/p>\n<p><strong>DOUCHE VICHY:<\/strong> laissez-vous envelopper par l\u2019\u00e9nergie revitalisante de notre eau thermale, o\u00f9 les jets parcourent le corps en un mouvement continu, offrant un massage naturel et profond\u00e9ment relaxant. Ce rituel stimule la circulation, soulage les tensions musculaires et procure une sensation unique de renouveau et de bien-\u00eatre.<\/p>\n<p><strong>BAIN D\u2019HYDROMASSAGE AROMATIQUE: <\/strong>une immersion relaxante dans l\u2019eau thermale et des ar\u00f4mes d\u00e9licats, qui revitalisent le corps et apaisent l\u2019esprit.<\/p>\n<p>&nbsp;<\/p>\n<p>&#8211; Consultez le menu complet ici (disponible en <a href=\"https:\/\/www.yourhotelspa.com\/wp-content\/uploads\/sites\/180\/2025\/08\/MAN-37-07-Menu-de-Tratamentos-ING-ALCO.pdf\">anglais<\/a> et en <a href=\"https:\/\/www.yourhotelspa.com\/wp-content\/uploads\/sites\/180\/2025\/08\/MAN-35-07-Menu-de-Tratamentos-PT-ALCO.pdf\">portugais<\/a>) &#8211;<\/p>\n","protected":false},"excerpt":{"rendered":"<p>Tout au long du mois, profitez de notre offre exclusive: \u27a5 1 DOUCHE VICHY (25 min) &amp; 1 BAIN D\u2019HYDROMASSAGE AROMATIQUE (20 min) \u00bb \ud835\udc0c\ud835\udc00\ud835\udc08\ud835\udc0d\ud835\udc13\ud835\udc04\ud835\udc0d\ud835\udc00\ud835\udc0d\ud835\udc13: 70,00\u20ac \u00bb \ud835\udc00\ud835\udc15\ud835\udc00\ud835\udc0d\ud835\udc13: 85,00\u20ac DOUCHE VICHY: laissez-vous envelopper par l\u2019\u00e9nergie revitalisante de notre eau thermale, o\u00f9 les jets parcourent le corps en un mouvement continu, offrant un massage naturel et [&hellip;]<\/p>\n","protected":false},"author":296,"featured_media":0,"parent":1074,"menu_order":5,"comment_status":"closed","ping_status":"closed","template":"","meta":{"footnotes":""},"class_list":["post-2532","page","type-page","status-publish","hentry"],"yoast_head":"<!-- This site is optimized with the Yoast SEO plugin v26.9 - https:\/\/yoast.com\/product\/yoast-seo-wordpress\/ -->\n<title>Offre Spa d&#039;avril - Your Hotel &amp; Spa Alcoba\u00e7a<\/title>\n<meta name=\"robots\" content=\"index, follow, max-snippet:-1, max-image-preview:large, max-video-preview:-1\" \/>\n<link rel=\"canonical\" href=\"https:\/\/www.yourhotelspa.com\/fr\/offres\/spa\/\" \/>\n<meta property=\"og:locale\" content=\"fr_FR\" \/>\n<meta property=\"og:type\" content=\"article\" \/>\n<meta property=\"og:title\" content=\"Offre Spa d&#039;avril - Your Hotel &amp; Spa Alcoba\u00e7a\" \/>\n<meta property=\"og:description\" content=\"Tout au long du mois, profitez de notre offre exclusive: \u27a5 1 DOUCHE VICHY (25 min) &amp; 1 BAIN D\u2019HYDROMASSAGE AROMATIQUE (20 min) \u00bb \ud835\udc0c\ud835\udc00\ud835\udc08\ud835\udc0d\ud835\udc13\ud835\udc04\ud835\udc0d\ud835\udc00\ud835\udc0d\ud835\udc13: 70,00\u20ac \u00bb \ud835\udc00\ud835\udc15\ud835\udc00\ud835\udc0d\ud835\udc13: 85,00\u20ac DOUCHE VICHY: laissez-vous envelopper par l\u2019\u00e9nergie revitalisante de notre eau thermale, o\u00f9 les jets parcourent le corps en un mouvement continu, offrant un massage naturel et [&hellip;]\" \/>\n<meta property=\"og:url\" content=\"https:\/\/www.yourhotelspa.com\/fr\/offres\/spa\/\" \/>\n<meta property=\"og:site_name\" content=\"Your Hotel &amp; Spa Alcoba\u00e7a\" \/>\n<meta property=\"article:modified_time\" content=\"2026-04-24T11:52:44+00:00\" \/>\n<meta name=\"twitter:card\" content=\"summary_large_image\" \/>\n<meta name=\"twitter:label1\" content=\"Dur\u00e9e de lecture estim\u00e9e\" \/>\n\t<meta name=\"twitter:data1\" content=\"1 minute\" \/>\n<script type=\"application\/ld+json\" class=\"yoast-schema-graph\">{\"@context\":\"https:\/\/schema.org\",\"@graph\":[{\"@type\":\"WebPage\",\"@id\":\"https:\/\/www.yourhotelspa.com\/fr\/offres\/spa\/\",\"url\":\"https:\/\/www.yourhotelspa.com\/fr\/offres\/spa\/\",\"name\":\"Offre Spa d'avril - Your Hotel & Spa Alcoba\u00e7a\",\"isPartOf\":{\"@id\":\"https:\/\/www.yourhotelspa.com\/fr\/#website\"},\"datePublished\":\"2026-04-24T11:37:51+00:00\",\"dateModified\":\"2026-04-24T11:52:44+00:00\",\"breadcrumb\":{\"@id\":\"https:\/\/www.yourhotelspa.com\/fr\/offres\/spa\/#breadcrumb\"},\"inLanguage\":\"fr-FR\",\"potentialAction\":[{\"@type\":\"ReadAction\",\"target\":[\"https:\/\/www.yourhotelspa.com\/fr\/offres\/spa\/\"]}]},{\"@type\":\"BreadcrumbList\",\"@id\":\"https:\/\/www.yourhotelspa.com\/fr\/offres\/spa\/#breadcrumb\",\"itemListElement\":[{\"@type\":\"ListItem\",\"position\":1,\"name\":\"Home\",\"item\":\"https:\/\/www.yourhotelspa.com\/fr\/\"},{\"@type\":\"ListItem\",\"position\":2,\"name\":\"Offres\",\"item\":\"https:\/\/www.yourhotelspa.com\/fr\/offres\/\"},{\"@type\":\"ListItem\",\"position\":3,\"name\":\"Offre Spa d&#8217;avril\"}]},{\"@type\":\"WebSite\",\"@id\":\"https:\/\/www.yourhotelspa.com\/fr\/#website\",\"url\":\"https:\/\/www.yourhotelspa.com\/fr\/\",\"name\":\"Your Hotel & Spa Alcoba\u00e7a\",\"description\":\"Just another ms.decms.eu site\",\"potentialAction\":[{\"@type\":\"SearchAction\",\"target\":{\"@type\":\"EntryPoint\",\"urlTemplate\":\"https:\/\/www.yourhotelspa.com\/fr\/?s={search_term_string}\"},\"query-input\":{\"@type\":\"PropertyValueSpecification\",\"valueRequired\":true,\"valueName\":\"search_term_string\"}}],\"inLanguage\":\"fr-FR\"}]}<\/script>\n<!-- \/ Yoast SEO plugin. -->","yoast_head_json":{"title":"Offre Spa d'avril - Your Hotel & Spa Alcoba\u00e7a","robots":{"index":"index","follow":"follow","max-snippet":"max-snippet:-1","max-image-preview":"max-image-preview:large","max-video-preview":"max-video-preview:-1"},"canonical":"https:\/\/www.yourhotelspa.com\/fr\/offres\/spa\/","og_locale":"fr_FR","og_type":"article","og_title":"Offre Spa d'avril - Your Hotel & Spa Alcoba\u00e7a","og_description":"Tout au long du mois, profitez de notre offre exclusive: \u27a5 1 DOUCHE VICHY (25 min) &amp; 1 BAIN D\u2019HYDROMASSAGE AROMATIQUE (20 min) \u00bb \ud835\udc0c\ud835\udc00\ud835\udc08\ud835\udc0d\ud835\udc13\ud835\udc04\ud835\udc0d\ud835\udc00\ud835\udc0d\ud835\udc13: 70,00\u20ac \u00bb \ud835\udc00\ud835\udc15\ud835\udc00\ud835\udc0d\ud835\udc13: 85,00\u20ac DOUCHE VICHY: laissez-vous envelopper par l\u2019\u00e9nergie revitalisante de notre eau thermale, o\u00f9 les jets parcourent le corps en un mouvement continu, offrant un massage naturel et [&hellip;]","og_url":"https:\/\/www.yourhotelspa.com\/fr\/offres\/spa\/","og_site_name":"Your Hotel & Spa Alcoba\u00e7a","article_modified_time":"2026-04-24T11:52:44+00:00","twitter_card":"summary_large_image","twitter_misc":{"Dur\u00e9e de lecture estim\u00e9e":"1 minute"},"schema":{"@context":"https:\/\/schema.org","@graph":[{"@type":"WebPage","@id":"https:\/\/www.yourhotelspa.com\/fr\/offres\/spa\/","url":"https:\/\/www.yourhotelspa.com\/fr\/offres\/spa\/","name":"Offre Spa d'avril - Your Hotel & Spa Alcoba\u00e7a","isPartOf":{"@id":"https:\/\/www.yourhotelspa.com\/fr\/#website"},"datePublished":"2026-04-24T11:37:51+00:00","dateModified":"2026-04-24T11:52:44+00:00","breadcrumb":{"@id":"https:\/\/www.yourhotelspa.com\/fr\/offres\/spa\/#breadcrumb"},"inLanguage":"fr-FR","potentialAction":[{"@type":"ReadAction","target":["https:\/\/www.yourhotelspa.com\/fr\/offres\/spa\/"]}]},{"@type":"BreadcrumbList","@id":"https:\/\/www.yourhotelspa.com\/fr\/offres\/spa\/#breadcrumb","itemListElement":[{"@type":"ListItem","position":1,"name":"Home","item":"https:\/\/www.yourhotelspa.com\/fr\/"},{"@type":"ListItem","position":2,"name":"Offres","item":"https:\/\/www.yourhotelspa.com\/fr\/offres\/"},{"@type":"ListItem","position":3,"name":"Offre Spa d&#8217;avril"}]},{"@type":"WebSite","@id":"https:\/\/www.yourhotelspa.com\/fr\/#website","url":"https:\/\/www.yourhotelspa.com\/fr\/","name":"Your Hotel & Spa Alcoba\u00e7a","description":"Just another ms.decms.eu site","potentialAction":[{"@type":"SearchAction","target":{"@type":"EntryPoint","urlTemplate":"https:\/\/www.yourhotelspa.com\/fr\/?s={search_term_string}"},"query-input":{"@type":"PropertyValueSpecification","valueRequired":true,"valueName":"search_term_string"}}],"inLanguage":"fr-FR"}]}},"acf":[],"_links":{"self":[{"href":"https:\/\/www.yourhotelspa.com\/fr\/wp-json\/wp\/v2\/pages\/2532","targetHints":{"allow":["GET"]}}],"collection":[{"href":"https:\/\/www.yourhotelspa.com\/fr\/wp-json\/wp\/v2\/pages"}],"about":[{"href":"https:\/\/www.yourhotelspa.com\/fr\/wp-json\/wp\/v2\/types\/page"}],"author":[{"embeddable":true,"href":"https:\/\/www.yourhotelspa.com\/fr\/wp-json\/wp\/v2\/users\/296"}],"replies":[{"embeddable":true,"href":"https:\/\/www.yourhotelspa.com\/fr\/wp-json\/wp\/v2\/comments?post=2532"}],"version-history":[{"count":0,"href":"https:\/\/www.yourhotelspa.com\/fr\/wp-json\/wp\/v2\/pages\/2532\/revisions"}],"up":[{"embeddable":true,"href":"https:\/\/www.yourhotelspa.com\/fr\/wp-json\/wp\/v2\/pages\/1074"}],"wp:attachment":[{"href":"https:\/\/www.yourhotelspa.com\/fr\/wp-json\/wp\/v2\/media?parent=2532"}],"curies":[{"name":"wp","href":"https:\/\/api.w.org\/{rel}","templated":true}]}}