{"id":2536,"date":"2026-04-24T14:21:27","date_gmt":"2026-04-24T14:21:27","guid":{"rendered":"https:\/\/www.yourhotelspa.com\/?page_id=2536"},"modified":"2026-04-24T14:26:38","modified_gmt":"2026-04-24T14:26:38","slug":"tarif-special-3-nuits","status":"publish","type":"page","link":"https:\/\/www.yourhotelspa.com\/fr\/offres\/tarif-special-3-nuits\/","title":{"rendered":"3 NUITS AVEC R\u00c9DUCTION \u2013 JUSQU\u2019\u00c0 12%"},"content":{"rendered":"<p><span style=\"font-weight: 400\">Your Hotel &amp; Spa Alcoba\u00e7a vous propose un <strong>Tarif Sp\u00e9cia<\/strong>l pour vous permettre de vous d\u00e9tendre et de vous ressourcer pendant votre s\u00e9jour! R\u00e9servez directement sur notre site internet et profitez d\u2019une r\u00e9duction pour les <strong>s\u00e9jours de 3 nuits minimum<\/strong> (valable pour tous les types d\u2019h\u00e9bergement).<\/span><\/p>\n<p>&nbsp;<\/p>\n<p><strong><a href=\"https:\/\/www.secure-hotel-booking.com\/smart\/Your-Hotel-Spa-Alcobaca\/JJDF\/en\/?_ga=2.236988800.1464899290.1647854456-1490617000.1635417023\">R\u00e9servez<\/a> <\/strong>d\u00e8s maintenant directement sur notre <strong><a href=\"https:\/\/www.secure-hotel-booking.com\/smart\/Your-Hotel-Spa-Alcobaca\/JJDF\/en\/?_ga=2.236988800.1464899290.1647854456-1490617000.1635417023\">site internet<\/a><\/strong>!<\/p>\n","protected":false},"excerpt":{"rendered":"<p>Your Hotel &amp; Spa Alcoba\u00e7a vous propose un Tarif Sp\u00e9cial pour vous permettre de vous d\u00e9tendre et de vous ressourcer pendant votre s\u00e9jour! R\u00e9servez directement sur notre site internet et profitez d\u2019une r\u00e9duction pour les s\u00e9jours de 3 nuits minimum (valable pour tous les types d\u2019h\u00e9bergement). &nbsp; R\u00e9servez d\u00e8s maintenant directement sur notre site internet!<\/p>\n","protected":false},"author":296,"featured_media":0,"parent":1074,"menu_order":7,"comment_status":"closed","ping_status":"closed","template":"","meta":{"footnotes":""},"class_list":["post-2536","page","type-page","status-publish","hentry"],"yoast_head":"<!-- This site is optimized with the Yoast SEO plugin v26.9 - https:\/\/yoast.com\/product\/yoast-seo-wordpress\/ -->\n<title>Tarif Sp\u00e9cial 3 Nuits - Your Hotel &amp; Spa Alcoba\u00e7a<\/title>\n<meta name=\"description\" content=\"Profitez du tarif sp\u00e9cial de Your Hotel &amp; Spa Alcoba\u00e7a. Jusqu&#039;\u00e0 12 % de r\u00e9duction sur les s\u00e9jours de 3 nuits ou plus. R\u00e9servez d\u00e8s maintenant !\" \/>\n<meta name=\"robots\" content=\"index, follow, max-snippet:-1, max-image-preview:large, max-video-preview:-1\" \/>\n<link rel=\"canonical\" href=\"https:\/\/www.yourhotelspa.com\/fr\/offres\/tarif-special-3-nuits\/\" \/>\n<meta property=\"og:locale\" content=\"fr_FR\" \/>\n<meta property=\"og:type\" content=\"article\" \/>\n<meta property=\"og:title\" content=\"Tarif Sp\u00e9cial 3 Nuits - Your Hotel &amp; Spa Alcoba\u00e7a\" \/>\n<meta property=\"og:description\" content=\"Profitez du tarif sp\u00e9cial de Your Hotel &amp; Spa Alcoba\u00e7a. Jusqu&#039;\u00e0 12 % de r\u00e9duction sur les s\u00e9jours de 3 nuits ou plus. R\u00e9servez d\u00e8s maintenant !\" \/>\n<meta property=\"og:url\" content=\"https:\/\/www.yourhotelspa.com\/fr\/offres\/tarif-special-3-nuits\/\" \/>\n<meta property=\"og:site_name\" content=\"Your Hotel &amp; Spa Alcoba\u00e7a\" \/>\n<meta property=\"article:modified_time\" content=\"2026-04-24T14:26:38+00:00\" \/>\n<meta name=\"twitter:card\" content=\"summary_large_image\" \/>\n<meta name=\"twitter:label1\" content=\"Dur\u00e9e de lecture estim\u00e9e\" \/>\n\t<meta name=\"twitter:data1\" content=\"1 minute\" \/>\n<script type=\"application\/ld+json\" class=\"yoast-schema-graph\">{\"@context\":\"https:\/\/schema.org\",\"@graph\":[{\"@type\":\"WebPage\",\"@id\":\"https:\/\/www.yourhotelspa.com\/fr\/offres\/tarif-special-3-nuits\/\",\"url\":\"https:\/\/www.yourhotelspa.com\/fr\/offres\/tarif-special-3-nuits\/\",\"name\":\"Tarif Sp\u00e9cial 3 Nuits - Your Hotel & Spa Alcoba\u00e7a\",\"isPartOf\":{\"@id\":\"https:\/\/www.yourhotelspa.com\/fr\/#website\"},\"datePublished\":\"2026-04-24T14:21:27+00:00\",\"dateModified\":\"2026-04-24T14:26:38+00:00\",\"description\":\"Profitez du tarif sp\u00e9cial de Your Hotel & Spa Alcoba\u00e7a. Jusqu'\u00e0 12 % de r\u00e9duction sur les s\u00e9jours de 3 nuits ou plus. R\u00e9servez d\u00e8s maintenant !\",\"breadcrumb\":{\"@id\":\"https:\/\/www.yourhotelspa.com\/fr\/offres\/tarif-special-3-nuits\/#breadcrumb\"},\"inLanguage\":\"fr-FR\",\"potentialAction\":[{\"@type\":\"ReadAction\",\"target\":[\"https:\/\/www.yourhotelspa.com\/fr\/offres\/tarif-special-3-nuits\/\"]}]},{\"@type\":\"BreadcrumbList\",\"@id\":\"https:\/\/www.yourhotelspa.com\/fr\/offres\/tarif-special-3-nuits\/#breadcrumb\",\"itemListElement\":[{\"@type\":\"ListItem\",\"position\":1,\"name\":\"Home\",\"item\":\"https:\/\/www.yourhotelspa.com\/fr\/\"},{\"@type\":\"ListItem\",\"position\":2,\"name\":\"Offres\",\"item\":\"https:\/\/www.yourhotelspa.com\/fr\/offres\/\"},{\"@type\":\"ListItem\",\"position\":3,\"name\":\"3 NUITS AVEC R\u00c9DUCTION \u2013 JUSQU\u2019\u00c0 12%\"}]},{\"@type\":\"WebSite\",\"@id\":\"https:\/\/www.yourhotelspa.com\/fr\/#website\",\"url\":\"https:\/\/www.yourhotelspa.com\/fr\/\",\"name\":\"Your Hotel & Spa Alcoba\u00e7a\",\"description\":\"Just another ms.decms.eu site\",\"potentialAction\":[{\"@type\":\"SearchAction\",\"target\":{\"@type\":\"EntryPoint\",\"urlTemplate\":\"https:\/\/www.yourhotelspa.com\/fr\/?s={search_term_string}\"},\"query-input\":{\"@type\":\"PropertyValueSpecification\",\"valueRequired\":true,\"valueName\":\"search_term_string\"}}],\"inLanguage\":\"fr-FR\"}]}<\/script>\n<!-- \/ Yoast SEO plugin. -->","yoast_head_json":{"title":"Tarif Sp\u00e9cial 3 Nuits - Your Hotel & Spa Alcoba\u00e7a","description":"Profitez du tarif sp\u00e9cial de Your Hotel & Spa Alcoba\u00e7a. Jusqu'\u00e0 12 % de r\u00e9duction sur les s\u00e9jours de 3 nuits ou plus. R\u00e9servez d\u00e8s maintenant !","robots":{"index":"index","follow":"follow","max-snippet":"max-snippet:-1","max-image-preview":"max-image-preview:large","max-video-preview":"max-video-preview:-1"},"canonical":"https:\/\/www.yourhotelspa.com\/fr\/offres\/tarif-special-3-nuits\/","og_locale":"fr_FR","og_type":"article","og_title":"Tarif Sp\u00e9cial 3 Nuits - Your Hotel & Spa Alcoba\u00e7a","og_description":"Profitez du tarif sp\u00e9cial de Your Hotel & Spa Alcoba\u00e7a. Jusqu'\u00e0 12 % de r\u00e9duction sur les s\u00e9jours de 3 nuits ou plus. R\u00e9servez d\u00e8s maintenant !","og_url":"https:\/\/www.yourhotelspa.com\/fr\/offres\/tarif-special-3-nuits\/","og_site_name":"Your Hotel & Spa Alcoba\u00e7a","article_modified_time":"2026-04-24T14:26:38+00:00","twitter_card":"summary_large_image","twitter_misc":{"Dur\u00e9e de lecture estim\u00e9e":"1 minute"},"schema":{"@context":"https:\/\/schema.org","@graph":[{"@type":"WebPage","@id":"https:\/\/www.yourhotelspa.com\/fr\/offres\/tarif-special-3-nuits\/","url":"https:\/\/www.yourhotelspa.com\/fr\/offres\/tarif-special-3-nuits\/","name":"Tarif Sp\u00e9cial 3 Nuits - Your Hotel & Spa Alcoba\u00e7a","isPartOf":{"@id":"https:\/\/www.yourhotelspa.com\/fr\/#website"},"datePublished":"2026-04-24T14:21:27+00:00","dateModified":"2026-04-24T14:26:38+00:00","description":"Profitez du tarif sp\u00e9cial de Your Hotel & Spa Alcoba\u00e7a. Jusqu'\u00e0 12 % de r\u00e9duction sur les s\u00e9jours de 3 nuits ou plus. R\u00e9servez d\u00e8s maintenant !","breadcrumb":{"@id":"https:\/\/www.yourhotelspa.com\/fr\/offres\/tarif-special-3-nuits\/#breadcrumb"},"inLanguage":"fr-FR","potentialAction":[{"@type":"ReadAction","target":["https:\/\/www.yourhotelspa.com\/fr\/offres\/tarif-special-3-nuits\/"]}]},{"@type":"BreadcrumbList","@id":"https:\/\/www.yourhotelspa.com\/fr\/offres\/tarif-special-3-nuits\/#breadcrumb","itemListElement":[{"@type":"ListItem","position":1,"name":"Home","item":"https:\/\/www.yourhotelspa.com\/fr\/"},{"@type":"ListItem","position":2,"name":"Offres","item":"https:\/\/www.yourhotelspa.com\/fr\/offres\/"},{"@type":"ListItem","position":3,"name":"3 NUITS AVEC R\u00c9DUCTION \u2013 JUSQU\u2019\u00c0 12%"}]},{"@type":"WebSite","@id":"https:\/\/www.yourhotelspa.com\/fr\/#website","url":"https:\/\/www.yourhotelspa.com\/fr\/","name":"Your Hotel & Spa Alcoba\u00e7a","description":"Just another ms.decms.eu site","potentialAction":[{"@type":"SearchAction","target":{"@type":"EntryPoint","urlTemplate":"https:\/\/www.yourhotelspa.com\/fr\/?s={search_term_string}"},"query-input":{"@type":"PropertyValueSpecification","valueRequired":true,"valueName":"search_term_string"}}],"inLanguage":"fr-FR"}]}},"acf":[],"_links":{"self":[{"href":"https:\/\/www.yourhotelspa.com\/fr\/wp-json\/wp\/v2\/pages\/2536","targetHints":{"allow":["GET"]}}],"collection":[{"href":"https:\/\/www.yourhotelspa.com\/fr\/wp-json\/wp\/v2\/pages"}],"about":[{"href":"https:\/\/www.yourhotelspa.com\/fr\/wp-json\/wp\/v2\/types\/page"}],"author":[{"embeddable":true,"href":"https:\/\/www.yourhotelspa.com\/fr\/wp-json\/wp\/v2\/users\/296"}],"replies":[{"embeddable":true,"href":"https:\/\/www.yourhotelspa.com\/fr\/wp-json\/wp\/v2\/comments?post=2536"}],"version-history":[{"count":0,"href":"https:\/\/www.yourhotelspa.com\/fr\/wp-json\/wp\/v2\/pages\/2536\/revisions"}],"up":[{"embeddable":true,"href":"https:\/\/www.yourhotelspa.com\/fr\/wp-json\/wp\/v2\/pages\/1074"}],"wp:attachment":[{"href":"https:\/\/www.yourhotelspa.com\/fr\/wp-json\/wp\/v2\/media?parent=2536"}],"curies":[{"name":"wp","href":"https:\/\/api.w.org\/{rel}","templated":true}]}}