{"id":2539,"date":"2026-04-27T11:16:02","date_gmt":"2026-04-27T11:16:02","guid":{"rendered":"https:\/\/www.yourhotelspa.com\/?page_id=2539"},"modified":"2026-04-27T11:19:08","modified_gmt":"2026-04-27T11:19:08","slug":"offre-d1-nuit","status":"publish","type":"page","link":"https:\/\/www.yourhotelspa.com\/fr\/offres\/offre-d1-nuit\/","title":{"rendered":"Offre d\u20191 Nuit"},"content":{"rendered":"<p>Avec le <strong>Tarif Long S\u00e9jour<\/strong>, vous aurez l\u2019opportunit\u00e9 de d\u00e9couvrir les merveilles de la R\u00e9gion Ouest de: son Patrimoine Historique (Monast\u00e8re d\u2019Alcoba\u00e7a, Monast\u00e8re de Batalha, Couvent de Tomar, Ch\u00e2teau d\u2019\u00d3bidos) \u00e0 son Patrimoine Naturel (Nazar\u00e9, S\u00e3o Martinho, Serra dos Candeeiros) pour une exp\u00e9rience unique et compl\u00e8te!<\/p>\n<p>R\u00e9servez <strong>5 nuits<\/strong> et Your Hotel &amp; Spa Alcoba\u00e7a vous en <strong>offre une<\/strong> (valable pour toutes les typologies d\u2019h\u00e9bergement). Ne manquez pas cette opportunit\u00e9!<\/p>\n<p>&nbsp;<\/p>\n<p><strong><a href=\"https:\/\/www.secure-hotel-booking.com\/smart\/Your-Hotel-Spa-Alcobaca\/JJDF\/en\/?_ga=2.236988800.1464899290.1647854456-1490617000.1635417023\">R\u00e9servez<\/a> <\/strong>d\u00e8s maintenant directement sur notre <strong><a href=\"https:\/\/www.secure-hotel-booking.com\/smart\/Your-Hotel-Spa-Alcobaca\/JJDF\/en\/?_ga=2.236988800.1464899290.1647854456-1490617000.1635417023\">site internet<\/a><\/strong>!<\/p>\n","protected":false},"excerpt":{"rendered":"<p>Avec le Tarif Long S\u00e9jour, vous aurez l\u2019opportunit\u00e9 de d\u00e9couvrir les merveilles de la R\u00e9gion Ouest de: son Patrimoine Historique (Monast\u00e8re d\u2019Alcoba\u00e7a, Monast\u00e8re de Batalha, Couvent de Tomar, Ch\u00e2teau d\u2019\u00d3bidos) \u00e0 son Patrimoine Naturel (Nazar\u00e9, S\u00e3o Martinho, Serra dos Candeeiros) pour une exp\u00e9rience unique et compl\u00e8te! R\u00e9servez 5 nuits et Your Hotel &amp; Spa Alcoba\u00e7a [&hellip;]<\/p>\n","protected":false},"author":296,"featured_media":0,"parent":1074,"menu_order":8,"comment_status":"closed","ping_status":"closed","template":"","meta":{"footnotes":""},"class_list":["post-2539","page","type-page","status-publish","hentry"],"yoast_head":"<!-- This site is optimized with the Yoast SEO plugin v26.9 - https:\/\/yoast.com\/product\/yoast-seo-wordpress\/ -->\n<title>Tarif Sp\u00e9cial - Offre d\u20191 Nuit - Your Hotel &amp; Spa Alcoba\u00e7a<\/title>\n<meta name=\"description\" content=\"Avec le Tarif Sp\u00e9cial Long S\u00e9jour, Your Hotel &amp; Spa Alcoba\u00e7a vous offre 1 nuit. Profitez de ce tarif sp\u00e9cial et r\u00e9servez d\u00e8s maintenant avec nous !\" \/>\n<meta name=\"robots\" content=\"index, follow, max-snippet:-1, max-image-preview:large, max-video-preview:-1\" \/>\n<link rel=\"canonical\" href=\"https:\/\/www.yourhotelspa.com\/fr\/offres\/offre-d1-nuit\/\" \/>\n<meta property=\"og:locale\" content=\"fr_FR\" \/>\n<meta property=\"og:type\" content=\"article\" \/>\n<meta property=\"og:title\" content=\"Tarif Sp\u00e9cial - Offre d\u20191 Nuit - Your Hotel &amp; Spa Alcoba\u00e7a\" \/>\n<meta property=\"og:description\" content=\"Avec le Tarif Sp\u00e9cial Long S\u00e9jour, Your Hotel &amp; Spa Alcoba\u00e7a vous offre 1 nuit. Profitez de ce tarif sp\u00e9cial et r\u00e9servez d\u00e8s maintenant avec nous !\" \/>\n<meta property=\"og:url\" content=\"https:\/\/www.yourhotelspa.com\/fr\/offres\/offre-d1-nuit\/\" \/>\n<meta property=\"og:site_name\" content=\"Your Hotel &amp; Spa Alcoba\u00e7a\" \/>\n<meta property=\"article:modified_time\" content=\"2026-04-27T11:19:08+00:00\" \/>\n<meta name=\"twitter:card\" content=\"summary_large_image\" \/>\n<meta name=\"twitter:label1\" content=\"Dur\u00e9e de lecture estim\u00e9e\" \/>\n\t<meta name=\"twitter:data1\" content=\"1 minute\" \/>\n<script type=\"application\/ld+json\" class=\"yoast-schema-graph\">{\"@context\":\"https:\/\/schema.org\",\"@graph\":[{\"@type\":\"WebPage\",\"@id\":\"https:\/\/www.yourhotelspa.com\/fr\/offres\/offre-d1-nuit\/\",\"url\":\"https:\/\/www.yourhotelspa.com\/fr\/offres\/offre-d1-nuit\/\",\"name\":\"Tarif Sp\u00e9cial - Offre d\u20191 Nuit - Your Hotel & Spa Alcoba\u00e7a\",\"isPartOf\":{\"@id\":\"https:\/\/www.yourhotelspa.com\/fr\/#website\"},\"datePublished\":\"2026-04-27T11:16:02+00:00\",\"dateModified\":\"2026-04-27T11:19:08+00:00\",\"description\":\"Avec le Tarif Sp\u00e9cial Long S\u00e9jour, Your Hotel & Spa Alcoba\u00e7a vous offre 1 nuit. Profitez de ce tarif sp\u00e9cial et r\u00e9servez d\u00e8s maintenant avec nous !\",\"breadcrumb\":{\"@id\":\"https:\/\/www.yourhotelspa.com\/fr\/offres\/offre-d1-nuit\/#breadcrumb\"},\"inLanguage\":\"fr-FR\",\"potentialAction\":[{\"@type\":\"ReadAction\",\"target\":[\"https:\/\/www.yourhotelspa.com\/fr\/offres\/offre-d1-nuit\/\"]}]},{\"@type\":\"BreadcrumbList\",\"@id\":\"https:\/\/www.yourhotelspa.com\/fr\/offres\/offre-d1-nuit\/#breadcrumb\",\"itemListElement\":[{\"@type\":\"ListItem\",\"position\":1,\"name\":\"Home\",\"item\":\"https:\/\/www.yourhotelspa.com\/fr\/\"},{\"@type\":\"ListItem\",\"position\":2,\"name\":\"Offres\",\"item\":\"https:\/\/www.yourhotelspa.com\/fr\/offres\/\"},{\"@type\":\"ListItem\",\"position\":3,\"name\":\"Offre d\u20191 Nuit\"}]},{\"@type\":\"WebSite\",\"@id\":\"https:\/\/www.yourhotelspa.com\/fr\/#website\",\"url\":\"https:\/\/www.yourhotelspa.com\/fr\/\",\"name\":\"Your Hotel & Spa Alcoba\u00e7a\",\"description\":\"Just another ms.decms.eu site\",\"potentialAction\":[{\"@type\":\"SearchAction\",\"target\":{\"@type\":\"EntryPoint\",\"urlTemplate\":\"https:\/\/www.yourhotelspa.com\/fr\/?s={search_term_string}\"},\"query-input\":{\"@type\":\"PropertyValueSpecification\",\"valueRequired\":true,\"valueName\":\"search_term_string\"}}],\"inLanguage\":\"fr-FR\"}]}<\/script>\n<!-- \/ Yoast SEO plugin. -->","yoast_head_json":{"title":"Tarif Sp\u00e9cial - Offre d\u20191 Nuit - Your Hotel & Spa Alcoba\u00e7a","description":"Avec le Tarif Sp\u00e9cial Long S\u00e9jour, Your Hotel & Spa Alcoba\u00e7a vous offre 1 nuit. Profitez de ce tarif sp\u00e9cial et r\u00e9servez d\u00e8s maintenant avec nous !","robots":{"index":"index","follow":"follow","max-snippet":"max-snippet:-1","max-image-preview":"max-image-preview:large","max-video-preview":"max-video-preview:-1"},"canonical":"https:\/\/www.yourhotelspa.com\/fr\/offres\/offre-d1-nuit\/","og_locale":"fr_FR","og_type":"article","og_title":"Tarif Sp\u00e9cial - Offre d\u20191 Nuit - Your Hotel & Spa Alcoba\u00e7a","og_description":"Avec le Tarif Sp\u00e9cial Long S\u00e9jour, Your Hotel & Spa Alcoba\u00e7a vous offre 1 nuit. Profitez de ce tarif sp\u00e9cial et r\u00e9servez d\u00e8s maintenant avec nous !","og_url":"https:\/\/www.yourhotelspa.com\/fr\/offres\/offre-d1-nuit\/","og_site_name":"Your Hotel & Spa Alcoba\u00e7a","article_modified_time":"2026-04-27T11:19:08+00:00","twitter_card":"summary_large_image","twitter_misc":{"Dur\u00e9e de lecture estim\u00e9e":"1 minute"},"schema":{"@context":"https:\/\/schema.org","@graph":[{"@type":"WebPage","@id":"https:\/\/www.yourhotelspa.com\/fr\/offres\/offre-d1-nuit\/","url":"https:\/\/www.yourhotelspa.com\/fr\/offres\/offre-d1-nuit\/","name":"Tarif Sp\u00e9cial - Offre d\u20191 Nuit - Your Hotel & Spa Alcoba\u00e7a","isPartOf":{"@id":"https:\/\/www.yourhotelspa.com\/fr\/#website"},"datePublished":"2026-04-27T11:16:02+00:00","dateModified":"2026-04-27T11:19:08+00:00","description":"Avec le Tarif Sp\u00e9cial Long S\u00e9jour, Your Hotel & Spa Alcoba\u00e7a vous offre 1 nuit. Profitez de ce tarif sp\u00e9cial et r\u00e9servez d\u00e8s maintenant avec nous !","breadcrumb":{"@id":"https:\/\/www.yourhotelspa.com\/fr\/offres\/offre-d1-nuit\/#breadcrumb"},"inLanguage":"fr-FR","potentialAction":[{"@type":"ReadAction","target":["https:\/\/www.yourhotelspa.com\/fr\/offres\/offre-d1-nuit\/"]}]},{"@type":"BreadcrumbList","@id":"https:\/\/www.yourhotelspa.com\/fr\/offres\/offre-d1-nuit\/#breadcrumb","itemListElement":[{"@type":"ListItem","position":1,"name":"Home","item":"https:\/\/www.yourhotelspa.com\/fr\/"},{"@type":"ListItem","position":2,"name":"Offres","item":"https:\/\/www.yourhotelspa.com\/fr\/offres\/"},{"@type":"ListItem","position":3,"name":"Offre d\u20191 Nuit"}]},{"@type":"WebSite","@id":"https:\/\/www.yourhotelspa.com\/fr\/#website","url":"https:\/\/www.yourhotelspa.com\/fr\/","name":"Your Hotel & Spa Alcoba\u00e7a","description":"Just another ms.decms.eu site","potentialAction":[{"@type":"SearchAction","target":{"@type":"EntryPoint","urlTemplate":"https:\/\/www.yourhotelspa.com\/fr\/?s={search_term_string}"},"query-input":{"@type":"PropertyValueSpecification","valueRequired":true,"valueName":"search_term_string"}}],"inLanguage":"fr-FR"}]}},"acf":[],"_links":{"self":[{"href":"https:\/\/www.yourhotelspa.com\/fr\/wp-json\/wp\/v2\/pages\/2539","targetHints":{"allow":["GET"]}}],"collection":[{"href":"https:\/\/www.yourhotelspa.com\/fr\/wp-json\/wp\/v2\/pages"}],"about":[{"href":"https:\/\/www.yourhotelspa.com\/fr\/wp-json\/wp\/v2\/types\/page"}],"author":[{"embeddable":true,"href":"https:\/\/www.yourhotelspa.com\/fr\/wp-json\/wp\/v2\/users\/296"}],"replies":[{"embeddable":true,"href":"https:\/\/www.yourhotelspa.com\/fr\/wp-json\/wp\/v2\/comments?post=2539"}],"version-history":[{"count":0,"href":"https:\/\/www.yourhotelspa.com\/fr\/wp-json\/wp\/v2\/pages\/2539\/revisions"}],"up":[{"embeddable":true,"href":"https:\/\/www.yourhotelspa.com\/fr\/wp-json\/wp\/v2\/pages\/1074"}],"wp:attachment":[{"href":"https:\/\/www.yourhotelspa.com\/fr\/wp-json\/wp\/v2\/media?parent=2539"}],"curies":[{"name":"wp","href":"https:\/\/api.w.org\/{rel}","templated":true}]}}