{"id":2544,"date":"2026-04-27T11:30:03","date_gmt":"2026-04-27T11:30:03","guid":{"rendered":"https:\/\/www.yourhotelspa.com\/?page_id=2544"},"modified":"2026-04-27T11:35:18","modified_gmt":"2026-04-27T11:35:18","slug":"reservation-anticipee","status":"publish","type":"page","link":"https:\/\/www.yourhotelspa.com\/fr\/offres\/reservation-anticipee\/","title":{"rendered":"R\u00e9servation Anticip\u00e9e \u2013 Jusqu\u2019\u00e0 15 % de R\u00e9duction"},"content":{"rendered":"<p data-start=\"767\" data-end=\"1013\">Au Your Hotel &amp; Spa Alcoba\u00e7a, planifier \u00e0 l\u2019avance offre des <strong>avantages exclusifs<\/strong>.<br data-start=\"863\" data-end=\"866\" \/>En r\u00e9servant directement sur notre site web au moins <strong>45 jours \u00e0 l\u2019avance<\/strong>, profitez de conditions sp\u00e9ciales sur toutes les typologies d\u2019h\u00e9bergement.<\/p>\n<p data-start=\"1015\" data-end=\"1086\">Profitez de cette opportunit\u00e9 et assurez votre s\u00e9jour au meilleur prix.<\/p>\n<p>&nbsp;<\/p>\n<p><strong><a href=\"https:\/\/www.secure-hotel-booking.com\/smart\/Your-Hotel-Spa-Alcobaca\/JJDF\/en\/?_ga=2.236988800.1464899290.1647854456-1490617000.1635417023\">R\u00e9servez<\/a> <\/strong>d\u00e8s maintenant directement sur notre <strong><a href=\"https:\/\/www.secure-hotel-booking.com\/smart\/Your-Hotel-Spa-Alcobaca\/JJDF\/en\/?_ga=2.236988800.1464899290.1647854456-1490617000.1635417023\">site internet<\/a><\/strong>!<\/p>\n","protected":false},"excerpt":{"rendered":"<p>Au Your Hotel &amp; Spa Alcoba\u00e7a, planifier \u00e0 l\u2019avance offre des avantages exclusifs.En r\u00e9servant directement sur notre site web au moins 45 jours \u00e0 l\u2019avance, profitez de conditions sp\u00e9ciales sur toutes les typologies d\u2019h\u00e9bergement. Profitez de cette opportunit\u00e9 et assurez votre s\u00e9jour au meilleur prix. &nbsp; R\u00e9servez d\u00e8s maintenant directement sur notre site internet!<\/p>\n","protected":false},"author":296,"featured_media":0,"parent":1074,"menu_order":9,"comment_status":"closed","ping_status":"closed","template":"","meta":{"footnotes":""},"class_list":["post-2544","page","type-page","status-publish","hentry"],"yoast_head":"<!-- This site is optimized with the Yoast SEO plugin v26.9 - https:\/\/yoast.com\/product\/yoast-seo-wordpress\/ -->\n<title>R\u00e9servation Anticip\u00e9e \u2013 Jusqu\u2019\u00e0 15 % de R\u00e9duction - Your Hotel &amp; Spa Alcoba\u00e7a<\/title>\n<meta name=\"description\" content=\"Profitez de la r\u00e9servation anticip\u00e9e au Your Hotel &amp; Spa Alcoba\u00e7a et b\u00e9n\u00e9ficiez jusqu\u2019\u00e0 15% de r\u00e9duction. R\u00e9servez 45 jours \u00e0 l\u2019avance au meilleur prix.\" \/>\n<meta name=\"robots\" content=\"index, follow, max-snippet:-1, max-image-preview:large, max-video-preview:-1\" \/>\n<link rel=\"canonical\" href=\"https:\/\/www.yourhotelspa.com\/fr\/offres\/reservation-anticipee\/\" \/>\n<meta property=\"og:locale\" content=\"fr_FR\" \/>\n<meta property=\"og:type\" content=\"article\" \/>\n<meta property=\"og:title\" content=\"R\u00e9servation Anticip\u00e9e \u2013 Jusqu\u2019\u00e0 15 % de R\u00e9duction - Your Hotel &amp; Spa Alcoba\u00e7a\" \/>\n<meta property=\"og:description\" content=\"Profitez de la r\u00e9servation anticip\u00e9e au Your Hotel &amp; Spa Alcoba\u00e7a et b\u00e9n\u00e9ficiez jusqu\u2019\u00e0 15% de r\u00e9duction. R\u00e9servez 45 jours \u00e0 l\u2019avance au meilleur prix.\" \/>\n<meta property=\"og:url\" content=\"https:\/\/www.yourhotelspa.com\/fr\/offres\/reservation-anticipee\/\" \/>\n<meta property=\"og:site_name\" content=\"Your Hotel &amp; Spa Alcoba\u00e7a\" \/>\n<meta property=\"article:modified_time\" content=\"2026-04-27T11:35:18+00:00\" \/>\n<meta name=\"twitter:card\" content=\"summary_large_image\" \/>\n<meta name=\"twitter:label1\" content=\"Dur\u00e9e de lecture estim\u00e9e\" \/>\n\t<meta name=\"twitter:data1\" content=\"1 minute\" \/>\n<script type=\"application\/ld+json\" class=\"yoast-schema-graph\">{\"@context\":\"https:\/\/schema.org\",\"@graph\":[{\"@type\":\"WebPage\",\"@id\":\"https:\/\/www.yourhotelspa.com\/fr\/offres\/reservation-anticipee\/\",\"url\":\"https:\/\/www.yourhotelspa.com\/fr\/offres\/reservation-anticipee\/\",\"name\":\"R\u00e9servation Anticip\u00e9e \u2013 Jusqu\u2019\u00e0 15 % de R\u00e9duction - Your Hotel & Spa Alcoba\u00e7a\",\"isPartOf\":{\"@id\":\"https:\/\/www.yourhotelspa.com\/fr\/#website\"},\"datePublished\":\"2026-04-27T11:30:03+00:00\",\"dateModified\":\"2026-04-27T11:35:18+00:00\",\"description\":\"Profitez de la r\u00e9servation anticip\u00e9e au Your Hotel & Spa Alcoba\u00e7a et b\u00e9n\u00e9ficiez jusqu\u2019\u00e0 15% de r\u00e9duction. R\u00e9servez 45 jours \u00e0 l\u2019avance au meilleur prix.\",\"breadcrumb\":{\"@id\":\"https:\/\/www.yourhotelspa.com\/fr\/offres\/reservation-anticipee\/#breadcrumb\"},\"inLanguage\":\"fr-FR\",\"potentialAction\":[{\"@type\":\"ReadAction\",\"target\":[\"https:\/\/www.yourhotelspa.com\/fr\/offres\/reservation-anticipee\/\"]}]},{\"@type\":\"BreadcrumbList\",\"@id\":\"https:\/\/www.yourhotelspa.com\/fr\/offres\/reservation-anticipee\/#breadcrumb\",\"itemListElement\":[{\"@type\":\"ListItem\",\"position\":1,\"name\":\"Home\",\"item\":\"https:\/\/www.yourhotelspa.com\/fr\/\"},{\"@type\":\"ListItem\",\"position\":2,\"name\":\"Offres\",\"item\":\"https:\/\/www.yourhotelspa.com\/fr\/offres\/\"},{\"@type\":\"ListItem\",\"position\":3,\"name\":\"R\u00e9servation Anticip\u00e9e \u2013 Jusqu\u2019\u00e0 15 % de R\u00e9duction\"}]},{\"@type\":\"WebSite\",\"@id\":\"https:\/\/www.yourhotelspa.com\/fr\/#website\",\"url\":\"https:\/\/www.yourhotelspa.com\/fr\/\",\"name\":\"Your Hotel & Spa Alcoba\u00e7a\",\"description\":\"Just another ms.decms.eu site\",\"potentialAction\":[{\"@type\":\"SearchAction\",\"target\":{\"@type\":\"EntryPoint\",\"urlTemplate\":\"https:\/\/www.yourhotelspa.com\/fr\/?s={search_term_string}\"},\"query-input\":{\"@type\":\"PropertyValueSpecification\",\"valueRequired\":true,\"valueName\":\"search_term_string\"}}],\"inLanguage\":\"fr-FR\"}]}<\/script>\n<!-- \/ Yoast SEO plugin. -->","yoast_head_json":{"title":"R\u00e9servation Anticip\u00e9e \u2013 Jusqu\u2019\u00e0 15 % de R\u00e9duction - Your Hotel & Spa Alcoba\u00e7a","description":"Profitez de la r\u00e9servation anticip\u00e9e au Your Hotel & Spa Alcoba\u00e7a et b\u00e9n\u00e9ficiez jusqu\u2019\u00e0 15% de r\u00e9duction. R\u00e9servez 45 jours \u00e0 l\u2019avance au meilleur prix.","robots":{"index":"index","follow":"follow","max-snippet":"max-snippet:-1","max-image-preview":"max-image-preview:large","max-video-preview":"max-video-preview:-1"},"canonical":"https:\/\/www.yourhotelspa.com\/fr\/offres\/reservation-anticipee\/","og_locale":"fr_FR","og_type":"article","og_title":"R\u00e9servation Anticip\u00e9e \u2013 Jusqu\u2019\u00e0 15 % de R\u00e9duction - Your Hotel & Spa Alcoba\u00e7a","og_description":"Profitez de la r\u00e9servation anticip\u00e9e au Your Hotel & Spa Alcoba\u00e7a et b\u00e9n\u00e9ficiez jusqu\u2019\u00e0 15% de r\u00e9duction. R\u00e9servez 45 jours \u00e0 l\u2019avance au meilleur prix.","og_url":"https:\/\/www.yourhotelspa.com\/fr\/offres\/reservation-anticipee\/","og_site_name":"Your Hotel & Spa Alcoba\u00e7a","article_modified_time":"2026-04-27T11:35:18+00:00","twitter_card":"summary_large_image","twitter_misc":{"Dur\u00e9e de lecture estim\u00e9e":"1 minute"},"schema":{"@context":"https:\/\/schema.org","@graph":[{"@type":"WebPage","@id":"https:\/\/www.yourhotelspa.com\/fr\/offres\/reservation-anticipee\/","url":"https:\/\/www.yourhotelspa.com\/fr\/offres\/reservation-anticipee\/","name":"R\u00e9servation Anticip\u00e9e \u2013 Jusqu\u2019\u00e0 15 % de R\u00e9duction - Your Hotel & Spa Alcoba\u00e7a","isPartOf":{"@id":"https:\/\/www.yourhotelspa.com\/fr\/#website"},"datePublished":"2026-04-27T11:30:03+00:00","dateModified":"2026-04-27T11:35:18+00:00","description":"Profitez de la r\u00e9servation anticip\u00e9e au Your Hotel & Spa Alcoba\u00e7a et b\u00e9n\u00e9ficiez jusqu\u2019\u00e0 15% de r\u00e9duction. R\u00e9servez 45 jours \u00e0 l\u2019avance au meilleur prix.","breadcrumb":{"@id":"https:\/\/www.yourhotelspa.com\/fr\/offres\/reservation-anticipee\/#breadcrumb"},"inLanguage":"fr-FR","potentialAction":[{"@type":"ReadAction","target":["https:\/\/www.yourhotelspa.com\/fr\/offres\/reservation-anticipee\/"]}]},{"@type":"BreadcrumbList","@id":"https:\/\/www.yourhotelspa.com\/fr\/offres\/reservation-anticipee\/#breadcrumb","itemListElement":[{"@type":"ListItem","position":1,"name":"Home","item":"https:\/\/www.yourhotelspa.com\/fr\/"},{"@type":"ListItem","position":2,"name":"Offres","item":"https:\/\/www.yourhotelspa.com\/fr\/offres\/"},{"@type":"ListItem","position":3,"name":"R\u00e9servation Anticip\u00e9e \u2013 Jusqu\u2019\u00e0 15 % de R\u00e9duction"}]},{"@type":"WebSite","@id":"https:\/\/www.yourhotelspa.com\/fr\/#website","url":"https:\/\/www.yourhotelspa.com\/fr\/","name":"Your Hotel & Spa Alcoba\u00e7a","description":"Just another ms.decms.eu site","potentialAction":[{"@type":"SearchAction","target":{"@type":"EntryPoint","urlTemplate":"https:\/\/www.yourhotelspa.com\/fr\/?s={search_term_string}"},"query-input":{"@type":"PropertyValueSpecification","valueRequired":true,"valueName":"search_term_string"}}],"inLanguage":"fr-FR"}]}},"acf":[],"_links":{"self":[{"href":"https:\/\/www.yourhotelspa.com\/fr\/wp-json\/wp\/v2\/pages\/2544","targetHints":{"allow":["GET"]}}],"collection":[{"href":"https:\/\/www.yourhotelspa.com\/fr\/wp-json\/wp\/v2\/pages"}],"about":[{"href":"https:\/\/www.yourhotelspa.com\/fr\/wp-json\/wp\/v2\/types\/page"}],"author":[{"embeddable":true,"href":"https:\/\/www.yourhotelspa.com\/fr\/wp-json\/wp\/v2\/users\/296"}],"replies":[{"embeddable":true,"href":"https:\/\/www.yourhotelspa.com\/fr\/wp-json\/wp\/v2\/comments?post=2544"}],"version-history":[{"count":0,"href":"https:\/\/www.yourhotelspa.com\/fr\/wp-json\/wp\/v2\/pages\/2544\/revisions"}],"up":[{"embeddable":true,"href":"https:\/\/www.yourhotelspa.com\/fr\/wp-json\/wp\/v2\/pages\/1074"}],"wp:attachment":[{"href":"https:\/\/www.yourhotelspa.com\/fr\/wp-json\/wp\/v2\/media?parent=2544"}],"curies":[{"name":"wp","href":"https:\/\/api.w.org\/{rel}","templated":true}]}}