{"id":2556,"date":"2026-04-27T15:27:12","date_gmt":"2026-04-27T15:27:12","guid":{"rendered":"https:\/\/www.yourhotelspa.com\/?page_id=2556"},"modified":"2026-04-27T15:28:16","modified_gmt":"2026-04-27T15:28:16","slug":"physiotherapie-thermale","status":"publish","type":"page","link":"https:\/\/www.yourhotelspa.com\/fr\/termas-da-piedade\/physiotherapie-thermale\/","title":{"rendered":"Physioth\u00e9rapie Thermale"},"content":{"rendered":"<p>Les Termas da Piedade et <a href=\"https:\/\/www.physioclem.pt\/pt\">Physioclem<\/a> se sont associ\u00e9es pour vous offrir le meilleur des soins th\u00e9rapeutiques. Ce partenariat combine la puissance des eaux thermales avec l\u2019efficacit\u00e9 \u00e9prouv\u00e9e de la physioth\u00e9rapie, offrant une exp\u00e9rience unique de r\u00e9\u00e9ducation et de bien-\u00eatre.<\/p>\n<p>&nbsp;<\/p>\n<p>La <strong>Physioth\u00e9rapie Thermale<\/strong> combine de mani\u00e8re synergique les techniques th\u00e9rapeutiques de la physioth\u00e9rapie avec les propri\u00e9t\u00e9s uniques des eaux thermales, cr\u00e9ant une approche naturelle et globale pour la r\u00e9cup\u00e9ration et l\u2019am\u00e9lioration de la qualit\u00e9 de vie. Ce traitement optimise les r\u00e9sultats en tirant parti du pouvoir th\u00e9rapeutique des eaux pour traiter un large \u00e9ventail de pathologies.<\/p>\n<p>Parmi les <strong>domaines cliniques<\/strong> les plus concern\u00e9s, on distingue:<\/p>\n<ul>\n<li data-section-id=\"vtcw7a\" data-start=\"2183\" data-end=\"2222\">Physioth\u00e9rapie Musculo-squelettique<\/li>\n<li data-section-id=\"1lzku3t\" data-start=\"2223\" data-end=\"2254\">Physioth\u00e9rapie Neurologique<\/li>\n<li data-section-id=\"1ij2lot\" data-start=\"2255\" data-end=\"2286\">Physioth\u00e9rapie Respiratoire<\/li>\n<li data-section-id=\"1ep0bvk\" data-start=\"2287\" data-end=\"2315\">Physioth\u00e9rapie Pelvienne<\/li>\n<li data-section-id=\"1ycask\" data-start=\"2316\" data-end=\"2354\">Physioth\u00e9rapie en Milieu Aquatique<\/li>\n<li data-section-id=\"165pl1w\" data-start=\"2355\" data-end=\"2394\">Physioth\u00e9rapie Dermatofonctionnelle<\/li>\n<li data-section-id=\"1aojco7\" data-start=\"2395\" data-end=\"2425\">Physioth\u00e9rapie Oncologique<\/li>\n<li data-section-id=\"112hgdq\" data-start=\"2426\" data-end=\"2447\">Exercice Clinique<\/li>\n<\/ul>\n<p>&nbsp;<\/p>\n<p>Cette approche associe harmonieusement les bienfaits uniques des eaux thermales \u00e0 une prise en charge personnalis\u00e9e, garantissant des r\u00e9sultats d\u2019excellence. Ces traitements viennent en compl\u00e9ment de la th\u00e9rapie thermale traditionnelle, contribuant \u00e0 am\u00e9liorer la mobilit\u00e9, la fonctionnalit\u00e9 et, par cons\u00e9quent, la qualit\u00e9 de vie.<\/p>\n<p><strong>Le plan de traitement est toujours d\u00e9fini lors d\u2019une consultation avec le physioth\u00e9rapeute, garantissant un suivi adapt\u00e9 aux besoins individuels.<\/strong><\/p>\n","protected":false},"excerpt":{"rendered":"<p>Les Termas da Piedade et Physioclem se sont associ\u00e9es pour vous offrir le meilleur des soins th\u00e9rapeutiques. Ce partenariat combine la puissance des eaux thermales avec l\u2019efficacit\u00e9 \u00e9prouv\u00e9e de la physioth\u00e9rapie, offrant une exp\u00e9rience unique de r\u00e9\u00e9ducation et de bien-\u00eatre. &nbsp; La Physioth\u00e9rapie Thermale combine de mani\u00e8re synergique les techniques th\u00e9rapeutiques de la physioth\u00e9rapie avec [&hellip;]<\/p>\n","protected":false},"author":296,"featured_media":0,"parent":632,"menu_order":2,"comment_status":"closed","ping_status":"closed","template":"","meta":{"footnotes":""},"class_list":["post-2556","page","type-page","status-publish","hentry"],"yoast_head":"<!-- This site is optimized with the Yoast SEO plugin v26.9 - https:\/\/yoast.com\/product\/yoast-seo-wordpress\/ -->\n<title>Physioth\u00e9rapie Thermale - Your Hotel &amp; Spa Alcoba\u00e7a<\/title>\n<meta name=\"robots\" content=\"index, follow, max-snippet:-1, max-image-preview:large, max-video-preview:-1\" \/>\n<link rel=\"canonical\" href=\"https:\/\/www.yourhotelspa.com\/fr\/termas-da-piedade\/physiotherapie-thermale\/\" \/>\n<meta property=\"og:locale\" content=\"fr_FR\" \/>\n<meta property=\"og:type\" content=\"article\" \/>\n<meta property=\"og:title\" content=\"Physioth\u00e9rapie Thermale - Your Hotel &amp; Spa Alcoba\u00e7a\" \/>\n<meta property=\"og:description\" content=\"Les Termas da Piedade et Physioclem se sont associ\u00e9es pour vous offrir le meilleur des soins th\u00e9rapeutiques. Ce partenariat combine la puissance des eaux thermales avec l\u2019efficacit\u00e9 \u00e9prouv\u00e9e de la physioth\u00e9rapie, offrant une exp\u00e9rience unique de r\u00e9\u00e9ducation et de bien-\u00eatre. &nbsp; La Physioth\u00e9rapie Thermale combine de mani\u00e8re synergique les techniques th\u00e9rapeutiques de la physioth\u00e9rapie avec [&hellip;]\" \/>\n<meta property=\"og:url\" content=\"https:\/\/www.yourhotelspa.com\/fr\/termas-da-piedade\/physiotherapie-thermale\/\" \/>\n<meta property=\"og:site_name\" content=\"Your Hotel &amp; Spa Alcoba\u00e7a\" \/>\n<meta property=\"article:modified_time\" content=\"2026-04-27T15:28:16+00:00\" \/>\n<meta name=\"twitter:card\" content=\"summary_large_image\" \/>\n<meta name=\"twitter:label1\" content=\"Dur\u00e9e de lecture estim\u00e9e\" \/>\n\t<meta name=\"twitter:data1\" content=\"2 minutes\" \/>\n<script type=\"application\/ld+json\" class=\"yoast-schema-graph\">{\"@context\":\"https:\/\/schema.org\",\"@graph\":[{\"@type\":\"WebPage\",\"@id\":\"https:\/\/www.yourhotelspa.com\/fr\/termas-da-piedade\/physiotherapie-thermale\/\",\"url\":\"https:\/\/www.yourhotelspa.com\/fr\/termas-da-piedade\/physiotherapie-thermale\/\",\"name\":\"Physioth\u00e9rapie Thermale - Your Hotel & Spa Alcoba\u00e7a\",\"isPartOf\":{\"@id\":\"https:\/\/www.yourhotelspa.com\/fr\/#website\"},\"datePublished\":\"2026-04-27T15:27:12+00:00\",\"dateModified\":\"2026-04-27T15:28:16+00:00\",\"breadcrumb\":{\"@id\":\"https:\/\/www.yourhotelspa.com\/fr\/termas-da-piedade\/physiotherapie-thermale\/#breadcrumb\"},\"inLanguage\":\"fr-FR\",\"potentialAction\":[{\"@type\":\"ReadAction\",\"target\":[\"https:\/\/www.yourhotelspa.com\/fr\/termas-da-piedade\/physiotherapie-thermale\/\"]}]},{\"@type\":\"BreadcrumbList\",\"@id\":\"https:\/\/www.yourhotelspa.com\/fr\/termas-da-piedade\/physiotherapie-thermale\/#breadcrumb\",\"itemListElement\":[{\"@type\":\"ListItem\",\"position\":1,\"name\":\"Home\",\"item\":\"https:\/\/www.yourhotelspa.com\/fr\/\"},{\"@type\":\"ListItem\",\"position\":2,\"name\":\"Termas da piedade\",\"item\":\"https:\/\/www.yourhotelspa.com\/fr\/termas-da-piedade\/\"},{\"@type\":\"ListItem\",\"position\":3,\"name\":\"Physioth\u00e9rapie Thermale\"}]},{\"@type\":\"WebSite\",\"@id\":\"https:\/\/www.yourhotelspa.com\/fr\/#website\",\"url\":\"https:\/\/www.yourhotelspa.com\/fr\/\",\"name\":\"Your Hotel & Spa Alcoba\u00e7a\",\"description\":\"Just another ms.decms.eu site\",\"potentialAction\":[{\"@type\":\"SearchAction\",\"target\":{\"@type\":\"EntryPoint\",\"urlTemplate\":\"https:\/\/www.yourhotelspa.com\/fr\/?s={search_term_string}\"},\"query-input\":{\"@type\":\"PropertyValueSpecification\",\"valueRequired\":true,\"valueName\":\"search_term_string\"}}],\"inLanguage\":\"fr-FR\"}]}<\/script>\n<!-- \/ Yoast SEO plugin. -->","yoast_head_json":{"title":"Physioth\u00e9rapie Thermale - Your Hotel & Spa Alcoba\u00e7a","robots":{"index":"index","follow":"follow","max-snippet":"max-snippet:-1","max-image-preview":"max-image-preview:large","max-video-preview":"max-video-preview:-1"},"canonical":"https:\/\/www.yourhotelspa.com\/fr\/termas-da-piedade\/physiotherapie-thermale\/","og_locale":"fr_FR","og_type":"article","og_title":"Physioth\u00e9rapie Thermale - Your Hotel & Spa Alcoba\u00e7a","og_description":"Les Termas da Piedade et Physioclem se sont associ\u00e9es pour vous offrir le meilleur des soins th\u00e9rapeutiques. Ce partenariat combine la puissance des eaux thermales avec l\u2019efficacit\u00e9 \u00e9prouv\u00e9e de la physioth\u00e9rapie, offrant une exp\u00e9rience unique de r\u00e9\u00e9ducation et de bien-\u00eatre. &nbsp; La Physioth\u00e9rapie Thermale combine de mani\u00e8re synergique les techniques th\u00e9rapeutiques de la physioth\u00e9rapie avec [&hellip;]","og_url":"https:\/\/www.yourhotelspa.com\/fr\/termas-da-piedade\/physiotherapie-thermale\/","og_site_name":"Your Hotel & Spa Alcoba\u00e7a","article_modified_time":"2026-04-27T15:28:16+00:00","twitter_card":"summary_large_image","twitter_misc":{"Dur\u00e9e de lecture estim\u00e9e":"2 minutes"},"schema":{"@context":"https:\/\/schema.org","@graph":[{"@type":"WebPage","@id":"https:\/\/www.yourhotelspa.com\/fr\/termas-da-piedade\/physiotherapie-thermale\/","url":"https:\/\/www.yourhotelspa.com\/fr\/termas-da-piedade\/physiotherapie-thermale\/","name":"Physioth\u00e9rapie Thermale - Your Hotel & Spa Alcoba\u00e7a","isPartOf":{"@id":"https:\/\/www.yourhotelspa.com\/fr\/#website"},"datePublished":"2026-04-27T15:27:12+00:00","dateModified":"2026-04-27T15:28:16+00:00","breadcrumb":{"@id":"https:\/\/www.yourhotelspa.com\/fr\/termas-da-piedade\/physiotherapie-thermale\/#breadcrumb"},"inLanguage":"fr-FR","potentialAction":[{"@type":"ReadAction","target":["https:\/\/www.yourhotelspa.com\/fr\/termas-da-piedade\/physiotherapie-thermale\/"]}]},{"@type":"BreadcrumbList","@id":"https:\/\/www.yourhotelspa.com\/fr\/termas-da-piedade\/physiotherapie-thermale\/#breadcrumb","itemListElement":[{"@type":"ListItem","position":1,"name":"Home","item":"https:\/\/www.yourhotelspa.com\/fr\/"},{"@type":"ListItem","position":2,"name":"Termas da piedade","item":"https:\/\/www.yourhotelspa.com\/fr\/termas-da-piedade\/"},{"@type":"ListItem","position":3,"name":"Physioth\u00e9rapie Thermale"}]},{"@type":"WebSite","@id":"https:\/\/www.yourhotelspa.com\/fr\/#website","url":"https:\/\/www.yourhotelspa.com\/fr\/","name":"Your Hotel & Spa Alcoba\u00e7a","description":"Just another ms.decms.eu site","potentialAction":[{"@type":"SearchAction","target":{"@type":"EntryPoint","urlTemplate":"https:\/\/www.yourhotelspa.com\/fr\/?s={search_term_string}"},"query-input":{"@type":"PropertyValueSpecification","valueRequired":true,"valueName":"search_term_string"}}],"inLanguage":"fr-FR"}]}},"acf":[],"_links":{"self":[{"href":"https:\/\/www.yourhotelspa.com\/fr\/wp-json\/wp\/v2\/pages\/2556","targetHints":{"allow":["GET"]}}],"collection":[{"href":"https:\/\/www.yourhotelspa.com\/fr\/wp-json\/wp\/v2\/pages"}],"about":[{"href":"https:\/\/www.yourhotelspa.com\/fr\/wp-json\/wp\/v2\/types\/page"}],"author":[{"embeddable":true,"href":"https:\/\/www.yourhotelspa.com\/fr\/wp-json\/wp\/v2\/users\/296"}],"replies":[{"embeddable":true,"href":"https:\/\/www.yourhotelspa.com\/fr\/wp-json\/wp\/v2\/comments?post=2556"}],"version-history":[{"count":0,"href":"https:\/\/www.yourhotelspa.com\/fr\/wp-json\/wp\/v2\/pages\/2556\/revisions"}],"up":[{"embeddable":true,"href":"https:\/\/www.yourhotelspa.com\/fr\/wp-json\/wp\/v2\/pages\/632"}],"wp:attachment":[{"href":"https:\/\/www.yourhotelspa.com\/fr\/wp-json\/wp\/v2\/media?parent=2556"}],"curies":[{"name":"wp","href":"https:\/\/api.w.org\/{rel}","templated":true}]}}