{"id":2568,"date":"2026-04-27T17:36:06","date_gmt":"2026-04-27T17:36:06","guid":{"rendered":"https:\/\/www.yourhotelspa.com\/?page_id=2568"},"modified":"2026-04-27T17:37:07","modified_gmt":"2026-04-27T17:37:07","slug":"sao-martinho-do-porto","status":"publish","type":"page","link":"https:\/\/www.yourhotelspa.com\/fr\/alentours\/sao-martinho-do-porto\/","title":{"rendered":"S\u00e3o Martinho do Porto"},"content":{"rendered":"<p data-start=\"672\" data-end=\"1142\">S\u00e3o Martinho do Porto, charmante village c\u00f4tier, est connu pour sa baie en forme de coquille, consid\u00e9r\u00e9e comme l\u2019une des plus belles du Portugal. Ce refuge paisible combine la s\u00e9r\u00e9nit\u00e9 de la mer avec une forte tradition de p\u00eache, en faisant une destination id\u00e9ale tant pour se d\u00e9tendre que pour d\u00e9couvrir l\u2019authenticit\u00e9 de la r\u00e9gion. Au fil des ann\u00e9es, il est \u00e9galement devenu un lieu privil\u00e9gi\u00e9 pour les familles, gr\u00e2ce \u00e0 ses eaux calmes et \u00e0 son ambiance accueillante.<\/p>\n<p data-start=\"1144\" data-end=\"1306\">Points d\u2019int\u00e9r\u00eat: Baie de S\u00e3o Martinho do Porto, Phare de S\u00e3o Martinho do Porto, Chapelle de Santo Ant\u00f3nio, Serra dos Mangues, Plage de Gralha, entre autres\u2026<\/p>\n","protected":false},"excerpt":{"rendered":"<p>S\u00e3o Martinho do Porto, charmante village c\u00f4tier, est connu pour sa baie en forme de coquille, consid\u00e9r\u00e9e comme l\u2019une des plus belles du Portugal. Ce refuge paisible combine la s\u00e9r\u00e9nit\u00e9 de la mer avec une forte tradition de p\u00eache, en faisant une destination id\u00e9ale tant pour se d\u00e9tendre que pour d\u00e9couvrir l\u2019authenticit\u00e9 de la r\u00e9gion. [&hellip;]<\/p>\n","protected":false},"author":296,"featured_media":0,"parent":746,"menu_order":1,"comment_status":"closed","ping_status":"closed","template":"template-children_carousel.php","meta":{"footnotes":""},"class_list":["post-2568","page","type-page","status-publish","hentry"],"yoast_head":"<!-- This site is optimized with the Yoast SEO plugin v26.9 - https:\/\/yoast.com\/product\/yoast-seo-wordpress\/ -->\n<title>S\u00e3o Martinho do Porto - Your Hotel &amp; Spa Alcoba\u00e7a<\/title>\n<meta name=\"robots\" content=\"index, follow, max-snippet:-1, max-image-preview:large, max-video-preview:-1\" \/>\n<link rel=\"canonical\" href=\"https:\/\/www.yourhotelspa.com\/fr\/alentours\/sao-martinho-do-porto\/\" \/>\n<meta property=\"og:locale\" content=\"fr_FR\" \/>\n<meta property=\"og:type\" content=\"article\" \/>\n<meta property=\"og:title\" content=\"S\u00e3o Martinho do Porto - Your Hotel &amp; Spa Alcoba\u00e7a\" \/>\n<meta property=\"og:description\" content=\"S\u00e3o Martinho do Porto, charmante village c\u00f4tier, est connu pour sa baie en forme de coquille, consid\u00e9r\u00e9e comme l\u2019une des plus belles du Portugal. Ce refuge paisible combine la s\u00e9r\u00e9nit\u00e9 de la mer avec une forte tradition de p\u00eache, en faisant une destination id\u00e9ale tant pour se d\u00e9tendre que pour d\u00e9couvrir l\u2019authenticit\u00e9 de la r\u00e9gion. [&hellip;]\" \/>\n<meta property=\"og:url\" content=\"https:\/\/www.yourhotelspa.com\/fr\/alentours\/sao-martinho-do-porto\/\" \/>\n<meta property=\"og:site_name\" content=\"Your Hotel &amp; Spa Alcoba\u00e7a\" \/>\n<meta property=\"article:modified_time\" content=\"2026-04-27T17:37:07+00:00\" \/>\n<meta name=\"twitter:card\" content=\"summary_large_image\" \/>\n<meta name=\"twitter:label1\" content=\"Dur\u00e9e de lecture estim\u00e9e\" \/>\n\t<meta name=\"twitter:data1\" content=\"1 minute\" \/>\n<script type=\"application\/ld+json\" class=\"yoast-schema-graph\">{\"@context\":\"https:\/\/schema.org\",\"@graph\":[{\"@type\":\"WebPage\",\"@id\":\"https:\/\/www.yourhotelspa.com\/fr\/alentours\/sao-martinho-do-porto\/\",\"url\":\"https:\/\/www.yourhotelspa.com\/fr\/alentours\/sao-martinho-do-porto\/\",\"name\":\"S\u00e3o Martinho do Porto - Your Hotel & Spa Alcoba\u00e7a\",\"isPartOf\":{\"@id\":\"https:\/\/www.yourhotelspa.com\/fr\/#website\"},\"datePublished\":\"2026-04-27T17:36:06+00:00\",\"dateModified\":\"2026-04-27T17:37:07+00:00\",\"breadcrumb\":{\"@id\":\"https:\/\/www.yourhotelspa.com\/fr\/alentours\/sao-martinho-do-porto\/#breadcrumb\"},\"inLanguage\":\"fr-FR\",\"potentialAction\":[{\"@type\":\"ReadAction\",\"target\":[\"https:\/\/www.yourhotelspa.com\/fr\/alentours\/sao-martinho-do-porto\/\"]}]},{\"@type\":\"BreadcrumbList\",\"@id\":\"https:\/\/www.yourhotelspa.com\/fr\/alentours\/sao-martinho-do-porto\/#breadcrumb\",\"itemListElement\":[{\"@type\":\"ListItem\",\"position\":1,\"name\":\"Home\",\"item\":\"https:\/\/www.yourhotelspa.com\/fr\/\"},{\"@type\":\"ListItem\",\"position\":2,\"name\":\"Alentours\",\"item\":\"https:\/\/www.yourhotelspa.com\/fr\/alentours\/\"},{\"@type\":\"ListItem\",\"position\":3,\"name\":\"S\u00e3o Martinho do Porto\"}]},{\"@type\":\"WebSite\",\"@id\":\"https:\/\/www.yourhotelspa.com\/fr\/#website\",\"url\":\"https:\/\/www.yourhotelspa.com\/fr\/\",\"name\":\"Your Hotel & Spa Alcoba\u00e7a\",\"description\":\"Just another ms.decms.eu site\",\"potentialAction\":[{\"@type\":\"SearchAction\",\"target\":{\"@type\":\"EntryPoint\",\"urlTemplate\":\"https:\/\/www.yourhotelspa.com\/fr\/?s={search_term_string}\"},\"query-input\":{\"@type\":\"PropertyValueSpecification\",\"valueRequired\":true,\"valueName\":\"search_term_string\"}}],\"inLanguage\":\"fr-FR\"}]}<\/script>\n<!-- \/ Yoast SEO plugin. -->","yoast_head_json":{"title":"S\u00e3o Martinho do Porto - Your Hotel & Spa Alcoba\u00e7a","robots":{"index":"index","follow":"follow","max-snippet":"max-snippet:-1","max-image-preview":"max-image-preview:large","max-video-preview":"max-video-preview:-1"},"canonical":"https:\/\/www.yourhotelspa.com\/fr\/alentours\/sao-martinho-do-porto\/","og_locale":"fr_FR","og_type":"article","og_title":"S\u00e3o Martinho do Porto - Your Hotel & Spa Alcoba\u00e7a","og_description":"S\u00e3o Martinho do Porto, charmante village c\u00f4tier, est connu pour sa baie en forme de coquille, consid\u00e9r\u00e9e comme l\u2019une des plus belles du Portugal. Ce refuge paisible combine la s\u00e9r\u00e9nit\u00e9 de la mer avec une forte tradition de p\u00eache, en faisant une destination id\u00e9ale tant pour se d\u00e9tendre que pour d\u00e9couvrir l\u2019authenticit\u00e9 de la r\u00e9gion. [&hellip;]","og_url":"https:\/\/www.yourhotelspa.com\/fr\/alentours\/sao-martinho-do-porto\/","og_site_name":"Your Hotel & Spa Alcoba\u00e7a","article_modified_time":"2026-04-27T17:37:07+00:00","twitter_card":"summary_large_image","twitter_misc":{"Dur\u00e9e de lecture estim\u00e9e":"1 minute"},"schema":{"@context":"https:\/\/schema.org","@graph":[{"@type":"WebPage","@id":"https:\/\/www.yourhotelspa.com\/fr\/alentours\/sao-martinho-do-porto\/","url":"https:\/\/www.yourhotelspa.com\/fr\/alentours\/sao-martinho-do-porto\/","name":"S\u00e3o Martinho do Porto - Your Hotel & Spa Alcoba\u00e7a","isPartOf":{"@id":"https:\/\/www.yourhotelspa.com\/fr\/#website"},"datePublished":"2026-04-27T17:36:06+00:00","dateModified":"2026-04-27T17:37:07+00:00","breadcrumb":{"@id":"https:\/\/www.yourhotelspa.com\/fr\/alentours\/sao-martinho-do-porto\/#breadcrumb"},"inLanguage":"fr-FR","potentialAction":[{"@type":"ReadAction","target":["https:\/\/www.yourhotelspa.com\/fr\/alentours\/sao-martinho-do-porto\/"]}]},{"@type":"BreadcrumbList","@id":"https:\/\/www.yourhotelspa.com\/fr\/alentours\/sao-martinho-do-porto\/#breadcrumb","itemListElement":[{"@type":"ListItem","position":1,"name":"Home","item":"https:\/\/www.yourhotelspa.com\/fr\/"},{"@type":"ListItem","position":2,"name":"Alentours","item":"https:\/\/www.yourhotelspa.com\/fr\/alentours\/"},{"@type":"ListItem","position":3,"name":"S\u00e3o Martinho do Porto"}]},{"@type":"WebSite","@id":"https:\/\/www.yourhotelspa.com\/fr\/#website","url":"https:\/\/www.yourhotelspa.com\/fr\/","name":"Your Hotel & Spa Alcoba\u00e7a","description":"Just another ms.decms.eu site","potentialAction":[{"@type":"SearchAction","target":{"@type":"EntryPoint","urlTemplate":"https:\/\/www.yourhotelspa.com\/fr\/?s={search_term_string}"},"query-input":{"@type":"PropertyValueSpecification","valueRequired":true,"valueName":"search_term_string"}}],"inLanguage":"fr-FR"}]}},"acf":[],"_links":{"self":[{"href":"https:\/\/www.yourhotelspa.com\/fr\/wp-json\/wp\/v2\/pages\/2568","targetHints":{"allow":["GET"]}}],"collection":[{"href":"https:\/\/www.yourhotelspa.com\/fr\/wp-json\/wp\/v2\/pages"}],"about":[{"href":"https:\/\/www.yourhotelspa.com\/fr\/wp-json\/wp\/v2\/types\/page"}],"author":[{"embeddable":true,"href":"https:\/\/www.yourhotelspa.com\/fr\/wp-json\/wp\/v2\/users\/296"}],"replies":[{"embeddable":true,"href":"https:\/\/www.yourhotelspa.com\/fr\/wp-json\/wp\/v2\/comments?post=2568"}],"version-history":[{"count":0,"href":"https:\/\/www.yourhotelspa.com\/fr\/wp-json\/wp\/v2\/pages\/2568\/revisions"}],"up":[{"embeddable":true,"href":"https:\/\/www.yourhotelspa.com\/fr\/wp-json\/wp\/v2\/pages\/746"}],"wp:attachment":[{"href":"https:\/\/www.yourhotelspa.com\/fr\/wp-json\/wp\/v2\/media?parent=2568"}],"curies":[{"name":"wp","href":"https:\/\/api.w.org\/{rel}","templated":true}]}}