{"id":4,"date":"2020-06-30T09:02:47","date_gmt":"2020-06-30T09:02:47","guid":{"rendered":"http:\/\/your-hotel-spa-alcobaca.ms.decms.eu\/?page_id=4"},"modified":"2021-04-20T08:25:41","modified_gmt":"2021-04-20T08:25:41","slug":"your-hotel-spa-alcobaca","status":"publish","type":"page","link":"https:\/\/www.yourhotelspa.com\/fr\/","title":{"rendered":"Your Hotel &#038; Spa Alcoba\u00e7a"},"content":{"rendered":"<p>Situ\u00e9 \u00e0 proximit\u00e9 de la ville historique d\u00b4Alcoba\u00e7a, <strong>Your Hotel &amp; Spa Alcoba\u00e7a<\/strong> est un lieu de refuge et de tranquillit\u00e9 alliant l&rsquo;\u00e9quilibre de la nature environnant au confort d&rsquo;une unit\u00e9 r\u00e9nov\u00e9e qui vous accueille pour vous permettre de vivre une exp\u00e9rience unique dans la r\u00e9gion, qui ram\u00e8ne le concept de pur repos dans l&rsquo;ancien h\u00f4tel das Termas da Piedade.<br \/>\nLes escapes propos\u00e9es vous feront d\u00e9couvrir les nombreux endroits de charme locaux comme le fameux Monast\u00e8re de Santa Maria de Alcoba\u00e7a, le Monast\u00e8re de Batalha ou les plages de la r\u00e9gion: le Your Hotel &amp; Spa Alcoba\u00e7a a tout ce qui\u2019 il faut pour que vous laissiez le stress derri\u00e8re vous.<\/p>\n","protected":false},"excerpt":{"rendered":"<p>Situ\u00e9 \u00e0 proximit\u00e9 de la ville historique d\u00b4Alcoba\u00e7a, Your Hotel &amp; Spa Alcoba\u00e7a est un lieu de refuge et de tranquillit\u00e9 alliant l&rsquo;\u00e9quilibre de la nature environnant au confort d&rsquo;une unit\u00e9 r\u00e9nov\u00e9e qui vous accueille pour vous permettre de vivre une exp\u00e9rience unique dans la r\u00e9gion, qui ram\u00e8ne le concept de pur repos dans l&rsquo;ancien [&hellip;]<\/p>\n","protected":false},"author":4,"featured_media":0,"parent":0,"menu_order":0,"comment_status":"closed","ping_status":"open","template":"","meta":{"footnotes":""},"class_list":["post-4","page","type-page","status-publish","hentry"],"yoast_head":"<!-- This site is optimized with the Yoast SEO plugin v26.9 - https:\/\/yoast.com\/product\/yoast-seo-wordpress\/ -->\n<title>Your Hotel &amp; Spa Alcoba\u00e7a - Your Hotel &amp; Spa Alcoba\u00e7a<\/title>\n<meta name=\"robots\" content=\"index, follow, max-snippet:-1, max-image-preview:large, max-video-preview:-1\" \/>\n<link rel=\"canonical\" href=\"https:\/\/www.yourhotelspa.com\/fr\/\" \/>\n<meta property=\"og:locale\" content=\"fr_FR\" \/>\n<meta property=\"og:type\" content=\"article\" \/>\n<meta property=\"og:title\" content=\"Your Hotel &amp; Spa Alcoba\u00e7a - Your Hotel &amp; Spa Alcoba\u00e7a\" \/>\n<meta property=\"og:description\" content=\"Situ\u00e9 \u00e0 proximit\u00e9 de la ville historique d\u00b4Alcoba\u00e7a, Your Hotel &amp; Spa Alcoba\u00e7a est un lieu de refuge et de tranquillit\u00e9 alliant l&rsquo;\u00e9quilibre de la nature environnant au confort d&rsquo;une unit\u00e9 r\u00e9nov\u00e9e qui vous accueille pour vous permettre de vivre une exp\u00e9rience unique dans la r\u00e9gion, qui ram\u00e8ne le concept de pur repos dans l&rsquo;ancien [&hellip;]\" \/>\n<meta property=\"og:url\" content=\"https:\/\/www.yourhotelspa.com\/fr\/\" \/>\n<meta property=\"og:site_name\" content=\"Your Hotel &amp; Spa Alcoba\u00e7a\" \/>\n<meta property=\"article:modified_time\" content=\"2021-04-20T08:25:41+00:00\" \/>\n<meta name=\"twitter:card\" content=\"summary_large_image\" \/>\n<meta name=\"twitter:label1\" content=\"Dur\u00e9e de lecture estim\u00e9e\" \/>\n\t<meta name=\"twitter:data1\" content=\"1 minute\" \/>\n<script type=\"application\/ld+json\" class=\"yoast-schema-graph\">{\"@context\":\"https:\/\/schema.org\",\"@graph\":[{\"@type\":\"WebPage\",\"@id\":\"https:\/\/www.yourhotelspa.com\/fr\/\",\"url\":\"https:\/\/www.yourhotelspa.com\/fr\/\",\"name\":\"Your Hotel & Spa Alcoba\u00e7a - Your Hotel & Spa Alcoba\u00e7a\",\"isPartOf\":{\"@id\":\"https:\/\/www.yourhotelspa.com\/fr\/#website\"},\"datePublished\":\"2020-06-30T09:02:47+00:00\",\"dateModified\":\"2021-04-20T08:25:41+00:00\",\"breadcrumb\":{\"@id\":\"https:\/\/www.yourhotelspa.com\/fr\/#breadcrumb\"},\"inLanguage\":\"fr-FR\",\"potentialAction\":[{\"@type\":\"ReadAction\",\"target\":[\"https:\/\/www.yourhotelspa.com\/fr\/\"]}]},{\"@type\":\"BreadcrumbList\",\"@id\":\"https:\/\/www.yourhotelspa.com\/fr\/#breadcrumb\",\"itemListElement\":[{\"@type\":\"ListItem\",\"position\":1,\"name\":\"Home\",\"item\":\"https:\/\/www.yourhotelspa.com\/fr\/\"},{\"@type\":\"ListItem\",\"position\":2,\"name\":\"Your Hotel &#038; Spa Alcoba\u00e7a\"}]},{\"@type\":\"WebSite\",\"@id\":\"https:\/\/www.yourhotelspa.com\/fr\/#website\",\"url\":\"https:\/\/www.yourhotelspa.com\/fr\/\",\"name\":\"Your Hotel & Spa Alcoba\u00e7a\",\"description\":\"Just another ms.decms.eu site\",\"potentialAction\":[{\"@type\":\"SearchAction\",\"target\":{\"@type\":\"EntryPoint\",\"urlTemplate\":\"https:\/\/www.yourhotelspa.com\/fr\/?s={search_term_string}\"},\"query-input\":{\"@type\":\"PropertyValueSpecification\",\"valueRequired\":true,\"valueName\":\"search_term_string\"}}],\"inLanguage\":\"fr-FR\"}]}<\/script>\n<!-- \/ Yoast SEO plugin. -->","yoast_head_json":{"title":"Your Hotel & Spa Alcoba\u00e7a - Your Hotel & Spa Alcoba\u00e7a","robots":{"index":"index","follow":"follow","max-snippet":"max-snippet:-1","max-image-preview":"max-image-preview:large","max-video-preview":"max-video-preview:-1"},"canonical":"https:\/\/www.yourhotelspa.com\/fr\/","og_locale":"fr_FR","og_type":"article","og_title":"Your Hotel & Spa Alcoba\u00e7a - Your Hotel & Spa Alcoba\u00e7a","og_description":"Situ\u00e9 \u00e0 proximit\u00e9 de la ville historique d\u00b4Alcoba\u00e7a, Your Hotel &amp; Spa Alcoba\u00e7a est un lieu de refuge et de tranquillit\u00e9 alliant l&rsquo;\u00e9quilibre de la nature environnant au confort d&rsquo;une unit\u00e9 r\u00e9nov\u00e9e qui vous accueille pour vous permettre de vivre une exp\u00e9rience unique dans la r\u00e9gion, qui ram\u00e8ne le concept de pur repos dans l&rsquo;ancien [&hellip;]","og_url":"https:\/\/www.yourhotelspa.com\/fr\/","og_site_name":"Your Hotel & Spa Alcoba\u00e7a","article_modified_time":"2021-04-20T08:25:41+00:00","twitter_card":"summary_large_image","twitter_misc":{"Dur\u00e9e de lecture estim\u00e9e":"1 minute"},"schema":{"@context":"https:\/\/schema.org","@graph":[{"@type":"WebPage","@id":"https:\/\/www.yourhotelspa.com\/fr\/","url":"https:\/\/www.yourhotelspa.com\/fr\/","name":"Your Hotel & Spa Alcoba\u00e7a - Your Hotel & Spa Alcoba\u00e7a","isPartOf":{"@id":"https:\/\/www.yourhotelspa.com\/fr\/#website"},"datePublished":"2020-06-30T09:02:47+00:00","dateModified":"2021-04-20T08:25:41+00:00","breadcrumb":{"@id":"https:\/\/www.yourhotelspa.com\/fr\/#breadcrumb"},"inLanguage":"fr-FR","potentialAction":[{"@type":"ReadAction","target":["https:\/\/www.yourhotelspa.com\/fr\/"]}]},{"@type":"BreadcrumbList","@id":"https:\/\/www.yourhotelspa.com\/fr\/#breadcrumb","itemListElement":[{"@type":"ListItem","position":1,"name":"Home","item":"https:\/\/www.yourhotelspa.com\/fr\/"},{"@type":"ListItem","position":2,"name":"Your Hotel &#038; Spa Alcoba\u00e7a"}]},{"@type":"WebSite","@id":"https:\/\/www.yourhotelspa.com\/fr\/#website","url":"https:\/\/www.yourhotelspa.com\/fr\/","name":"Your Hotel & Spa Alcoba\u00e7a","description":"Just another ms.decms.eu site","potentialAction":[{"@type":"SearchAction","target":{"@type":"EntryPoint","urlTemplate":"https:\/\/www.yourhotelspa.com\/fr\/?s={search_term_string}"},"query-input":{"@type":"PropertyValueSpecification","valueRequired":true,"valueName":"search_term_string"}}],"inLanguage":"fr-FR"}]}},"acf":[],"_links":{"self":[{"href":"https:\/\/www.yourhotelspa.com\/fr\/wp-json\/wp\/v2\/pages\/4","targetHints":{"allow":["GET"]}}],"collection":[{"href":"https:\/\/www.yourhotelspa.com\/fr\/wp-json\/wp\/v2\/pages"}],"about":[{"href":"https:\/\/www.yourhotelspa.com\/fr\/wp-json\/wp\/v2\/types\/page"}],"author":[{"embeddable":true,"href":"https:\/\/www.yourhotelspa.com\/fr\/wp-json\/wp\/v2\/users\/4"}],"replies":[{"embeddable":true,"href":"https:\/\/www.yourhotelspa.com\/fr\/wp-json\/wp\/v2\/comments?post=4"}],"version-history":[{"count":0,"href":"https:\/\/www.yourhotelspa.com\/fr\/wp-json\/wp\/v2\/pages\/4\/revisions"}],"wp:attachment":[{"href":"https:\/\/www.yourhotelspa.com\/fr\/wp-json\/wp\/v2\/media?parent=4"}],"curies":[{"name":"wp","href":"https:\/\/api.w.org\/{rel}","templated":true}]}}