{"id":49,"date":"2020-07-02T12:56:56","date_gmt":"2020-07-02T12:56:56","guid":{"rendered":"http:\/\/your-hotel-spa-alcobaca.ms.decms.eu\/?page_id=49"},"modified":"2024-07-29T12:07:04","modified_gmt":"2024-07-29T12:07:04","slug":"chambre-standard","status":"publish","type":"page","link":"https:\/\/www.yourhotelspa.com\/fr\/chambres\/chambre-standard\/","title":{"rendered":"Chambre Standard"},"content":{"rendered":"<p>Pratique et confortable, avec capacit\u00e9 pour 1, 2 personnes ou jusqu`\u00e0 2 adultes y 1 enfant (11 ans au plus), la Chambre Standard (un lit double ou lites individuels &#8211; indiquez votre pr\u00e9f\u00e9rence dans comentaires de votre r\u00e9servation s&rsquo;il vous pla\u00eet) dispose d&rsquo;une d\u00e9coration moderne dans les tons de beige, brun, gris et aubergine.<\/p>\n","protected":false},"excerpt":{"rendered":"<p>Pratique et confortable, avec capacit\u00e9 pour 1, 2 personnes ou jusqu`\u00e0 2 adultes y 1 enfant (11 ans au plus), la Chambre Standard (un lit double ou lites individuels &#8211; indiquez votre pr\u00e9f\u00e9rence dans comentaires de votre r\u00e9servation s&rsquo;il vous pla\u00eet) dispose d&rsquo;une d\u00e9coration moderne dans les tons de beige, brun, gris et aubergine.<\/p>\n","protected":false},"author":4,"featured_media":0,"parent":22,"menu_order":30,"comment_status":"closed","ping_status":"closed","template":"template-single-room.php","meta":{"footnotes":""},"class_list":["post-49","page","type-page","status-publish","hentry"],"yoast_head":"<!-- This site is optimized with the Yoast SEO plugin v26.9 - https:\/\/yoast.com\/product\/yoast-seo-wordpress\/ -->\n<title>Chambre Standard - Your Hotel &amp; Spa Alcoba\u00e7a<\/title>\n<meta name=\"robots\" content=\"index, follow, max-snippet:-1, max-image-preview:large, max-video-preview:-1\" \/>\n<link rel=\"canonical\" href=\"https:\/\/www.yourhotelspa.com\/fr\/chambres\/chambre-standard\/\" \/>\n<meta property=\"og:locale\" content=\"fr_FR\" \/>\n<meta property=\"og:type\" content=\"article\" \/>\n<meta property=\"og:title\" content=\"Chambre Standard - Your Hotel &amp; Spa Alcoba\u00e7a\" \/>\n<meta property=\"og:description\" content=\"Pratique et confortable, avec capacit\u00e9 pour 1, 2 personnes ou jusqu`\u00e0 2 adultes y 1 enfant (11 ans au plus), la Chambre Standard (un lit double ou lites individuels &#8211; indiquez votre pr\u00e9f\u00e9rence dans comentaires de votre r\u00e9servation s&rsquo;il vous pla\u00eet) dispose d&rsquo;une d\u00e9coration moderne dans les tons de beige, brun, gris et aubergine.\" \/>\n<meta property=\"og:url\" content=\"https:\/\/www.yourhotelspa.com\/fr\/chambres\/chambre-standard\/\" \/>\n<meta property=\"og:site_name\" content=\"Your Hotel &amp; Spa Alcoba\u00e7a\" \/>\n<meta property=\"article:modified_time\" content=\"2024-07-29T12:07:04+00:00\" \/>\n<meta name=\"twitter:card\" content=\"summary_large_image\" \/>\n<meta name=\"twitter:label1\" content=\"Dur\u00e9e de lecture estim\u00e9e\" \/>\n\t<meta name=\"twitter:data1\" content=\"1 minute\" \/>\n<script type=\"application\/ld+json\" class=\"yoast-schema-graph\">{\"@context\":\"https:\/\/schema.org\",\"@graph\":[{\"@type\":\"WebPage\",\"@id\":\"https:\/\/www.yourhotelspa.com\/fr\/chambres\/chambre-standard\/\",\"url\":\"https:\/\/www.yourhotelspa.com\/fr\/chambres\/chambre-standard\/\",\"name\":\"Chambre Standard - Your Hotel & Spa Alcoba\u00e7a\",\"isPartOf\":{\"@id\":\"https:\/\/www.yourhotelspa.com\/fr\/#website\"},\"datePublished\":\"2020-07-02T12:56:56+00:00\",\"dateModified\":\"2024-07-29T12:07:04+00:00\",\"breadcrumb\":{\"@id\":\"https:\/\/www.yourhotelspa.com\/fr\/chambres\/chambre-standard\/#breadcrumb\"},\"inLanguage\":\"fr-FR\",\"potentialAction\":[{\"@type\":\"ReadAction\",\"target\":[\"https:\/\/www.yourhotelspa.com\/fr\/chambres\/chambre-standard\/\"]}]},{\"@type\":\"BreadcrumbList\",\"@id\":\"https:\/\/www.yourhotelspa.com\/fr\/chambres\/chambre-standard\/#breadcrumb\",\"itemListElement\":[{\"@type\":\"ListItem\",\"position\":1,\"name\":\"Home\",\"item\":\"https:\/\/www.yourhotelspa.com\/fr\/\"},{\"@type\":\"ListItem\",\"position\":2,\"name\":\"Chambres\",\"item\":\"https:\/\/www.yourhotelspa.com\/fr\/chambres\/\"},{\"@type\":\"ListItem\",\"position\":3,\"name\":\"Chambre Standard\"}]},{\"@type\":\"WebSite\",\"@id\":\"https:\/\/www.yourhotelspa.com\/fr\/#website\",\"url\":\"https:\/\/www.yourhotelspa.com\/fr\/\",\"name\":\"Your Hotel & Spa Alcoba\u00e7a\",\"description\":\"Just another ms.decms.eu site\",\"potentialAction\":[{\"@type\":\"SearchAction\",\"target\":{\"@type\":\"EntryPoint\",\"urlTemplate\":\"https:\/\/www.yourhotelspa.com\/fr\/?s={search_term_string}\"},\"query-input\":{\"@type\":\"PropertyValueSpecification\",\"valueRequired\":true,\"valueName\":\"search_term_string\"}}],\"inLanguage\":\"fr-FR\"}]}<\/script>\n<!-- \/ Yoast SEO plugin. -->","yoast_head_json":{"title":"Chambre Standard - Your Hotel & Spa Alcoba\u00e7a","robots":{"index":"index","follow":"follow","max-snippet":"max-snippet:-1","max-image-preview":"max-image-preview:large","max-video-preview":"max-video-preview:-1"},"canonical":"https:\/\/www.yourhotelspa.com\/fr\/chambres\/chambre-standard\/","og_locale":"fr_FR","og_type":"article","og_title":"Chambre Standard - Your Hotel & Spa Alcoba\u00e7a","og_description":"Pratique et confortable, avec capacit\u00e9 pour 1, 2 personnes ou jusqu`\u00e0 2 adultes y 1 enfant (11 ans au plus), la Chambre Standard (un lit double ou lites individuels &#8211; indiquez votre pr\u00e9f\u00e9rence dans comentaires de votre r\u00e9servation s&rsquo;il vous pla\u00eet) dispose d&rsquo;une d\u00e9coration moderne dans les tons de beige, brun, gris et aubergine.","og_url":"https:\/\/www.yourhotelspa.com\/fr\/chambres\/chambre-standard\/","og_site_name":"Your Hotel & Spa Alcoba\u00e7a","article_modified_time":"2024-07-29T12:07:04+00:00","twitter_card":"summary_large_image","twitter_misc":{"Dur\u00e9e de lecture estim\u00e9e":"1 minute"},"schema":{"@context":"https:\/\/schema.org","@graph":[{"@type":"WebPage","@id":"https:\/\/www.yourhotelspa.com\/fr\/chambres\/chambre-standard\/","url":"https:\/\/www.yourhotelspa.com\/fr\/chambres\/chambre-standard\/","name":"Chambre Standard - Your Hotel & Spa Alcoba\u00e7a","isPartOf":{"@id":"https:\/\/www.yourhotelspa.com\/fr\/#website"},"datePublished":"2020-07-02T12:56:56+00:00","dateModified":"2024-07-29T12:07:04+00:00","breadcrumb":{"@id":"https:\/\/www.yourhotelspa.com\/fr\/chambres\/chambre-standard\/#breadcrumb"},"inLanguage":"fr-FR","potentialAction":[{"@type":"ReadAction","target":["https:\/\/www.yourhotelspa.com\/fr\/chambres\/chambre-standard\/"]}]},{"@type":"BreadcrumbList","@id":"https:\/\/www.yourhotelspa.com\/fr\/chambres\/chambre-standard\/#breadcrumb","itemListElement":[{"@type":"ListItem","position":1,"name":"Home","item":"https:\/\/www.yourhotelspa.com\/fr\/"},{"@type":"ListItem","position":2,"name":"Chambres","item":"https:\/\/www.yourhotelspa.com\/fr\/chambres\/"},{"@type":"ListItem","position":3,"name":"Chambre Standard"}]},{"@type":"WebSite","@id":"https:\/\/www.yourhotelspa.com\/fr\/#website","url":"https:\/\/www.yourhotelspa.com\/fr\/","name":"Your Hotel & Spa Alcoba\u00e7a","description":"Just another ms.decms.eu site","potentialAction":[{"@type":"SearchAction","target":{"@type":"EntryPoint","urlTemplate":"https:\/\/www.yourhotelspa.com\/fr\/?s={search_term_string}"},"query-input":{"@type":"PropertyValueSpecification","valueRequired":true,"valueName":"search_term_string"}}],"inLanguage":"fr-FR"}]}},"acf":[],"_links":{"self":[{"href":"https:\/\/www.yourhotelspa.com\/fr\/wp-json\/wp\/v2\/pages\/49","targetHints":{"allow":["GET"]}}],"collection":[{"href":"https:\/\/www.yourhotelspa.com\/fr\/wp-json\/wp\/v2\/pages"}],"about":[{"href":"https:\/\/www.yourhotelspa.com\/fr\/wp-json\/wp\/v2\/types\/page"}],"author":[{"embeddable":true,"href":"https:\/\/www.yourhotelspa.com\/fr\/wp-json\/wp\/v2\/users\/4"}],"replies":[{"embeddable":true,"href":"https:\/\/www.yourhotelspa.com\/fr\/wp-json\/wp\/v2\/comments?post=49"}],"version-history":[{"count":0,"href":"https:\/\/www.yourhotelspa.com\/fr\/wp-json\/wp\/v2\/pages\/49\/revisions"}],"up":[{"embeddable":true,"href":"https:\/\/www.yourhotelspa.com\/fr\/wp-json\/wp\/v2\/pages\/22"}],"wp:attachment":[{"href":"https:\/\/www.yourhotelspa.com\/fr\/wp-json\/wp\/v2\/media?parent=49"}],"curies":[{"name":"wp","href":"https:\/\/api.w.org\/{rel}","templated":true}]}}