{"id":52,"date":"2020-07-02T13:06:04","date_gmt":"2020-07-02T13:06:04","guid":{"rendered":"http:\/\/your-hotel-spa-alcobaca.ms.decms.eu\/?page_id=52"},"modified":"2024-07-29T13:58:02","modified_gmt":"2024-07-29T13:58:02","slug":"suite","status":"publish","type":"page","link":"https:\/\/www.yourhotelspa.com\/fr\/chambres\/suite\/","title":{"rendered":"Suite"},"content":{"rendered":"<p>El\u00e9gant et confortable nos Suites disposent d&rsquo;un d\u00e9cor distinctif de toutes les autres chambres de l&rsquo;h\u00f4tel et ont la capacite pour:<\/p>\n<ul>\n<li>1 adulte;<\/li>\n<li>2 adultes;<\/li>\n<li>2 adultes et 1 b\u00e9b\u00e9 ou 1 enfant;<\/li>\n<li>2 adultes et 2 b\u00e9b\u00e9s ou 2 enfants;<\/li>\n<li>2 adultes et 1 b\u00e9b\u00e9 et 1 enfant;<\/li>\n<li>\u00a03 adultes et 1 enfant;<\/li>\n<li>3 adultes.<\/li>\n<\/ul>\n<p>Ils sont compos\u00e9s d&rsquo;une chambre \u00e0 coucher et d&rsquo;un salon \u00e9quip\u00e9 d&rsquo;un canap\u00e9, bouilloire, une t\u00e9l\u00e9vision LCD et d&rsquo;un bureau.<\/p>\n","protected":false},"excerpt":{"rendered":"<p>El\u00e9gant et confortable nos Suites disposent d&rsquo;un d\u00e9cor distinctif de toutes les autres chambres de l&rsquo;h\u00f4tel et ont la capacite pour: 1 adulte; 2 adultes; 2 adultes et 1 b\u00e9b\u00e9 ou 1 enfant; 2 adultes et 2 b\u00e9b\u00e9s ou 2 enfants; 2 adultes et 1 b\u00e9b\u00e9 et 1 enfant; \u00a03 adultes et 1 enfant; 3 [&hellip;]<\/p>\n","protected":false},"author":4,"featured_media":0,"parent":22,"menu_order":50,"comment_status":"closed","ping_status":"closed","template":"template-single-room.php","meta":{"footnotes":""},"class_list":["post-52","page","type-page","status-publish","hentry"],"yoast_head":"<!-- This site is optimized with the Yoast SEO plugin v26.9 - https:\/\/yoast.com\/product\/yoast-seo-wordpress\/ -->\n<title>Suite - Your Hotel &amp; Spa Alcoba\u00e7a<\/title>\n<meta name=\"robots\" content=\"index, follow, max-snippet:-1, max-image-preview:large, max-video-preview:-1\" \/>\n<link rel=\"canonical\" href=\"https:\/\/www.yourhotelspa.com\/fr\/chambres\/suite\/\" \/>\n<meta property=\"og:locale\" content=\"fr_FR\" \/>\n<meta property=\"og:type\" content=\"article\" \/>\n<meta property=\"og:title\" content=\"Suite - Your Hotel &amp; Spa Alcoba\u00e7a\" \/>\n<meta property=\"og:description\" content=\"El\u00e9gant et confortable nos Suites disposent d&rsquo;un d\u00e9cor distinctif de toutes les autres chambres de l&rsquo;h\u00f4tel et ont la capacite pour: 1 adulte; 2 adultes; 2 adultes et 1 b\u00e9b\u00e9 ou 1 enfant; 2 adultes et 2 b\u00e9b\u00e9s ou 2 enfants; 2 adultes et 1 b\u00e9b\u00e9 et 1 enfant; \u00a03 adultes et 1 enfant; 3 [&hellip;]\" \/>\n<meta property=\"og:url\" content=\"https:\/\/www.yourhotelspa.com\/fr\/chambres\/suite\/\" \/>\n<meta property=\"og:site_name\" content=\"Your Hotel &amp; Spa Alcoba\u00e7a\" \/>\n<meta property=\"article:modified_time\" content=\"2024-07-29T13:58:02+00:00\" \/>\n<meta name=\"twitter:card\" content=\"summary_large_image\" \/>\n<meta name=\"twitter:label1\" content=\"Dur\u00e9e de lecture estim\u00e9e\" \/>\n\t<meta name=\"twitter:data1\" content=\"1 minute\" \/>\n<script type=\"application\/ld+json\" class=\"yoast-schema-graph\">{\"@context\":\"https:\/\/schema.org\",\"@graph\":[{\"@type\":\"WebPage\",\"@id\":\"https:\/\/www.yourhotelspa.com\/fr\/chambres\/suite\/\",\"url\":\"https:\/\/www.yourhotelspa.com\/fr\/chambres\/suite\/\",\"name\":\"Suite - Your Hotel & Spa Alcoba\u00e7a\",\"isPartOf\":{\"@id\":\"https:\/\/www.yourhotelspa.com\/fr\/#website\"},\"datePublished\":\"2020-07-02T13:06:04+00:00\",\"dateModified\":\"2024-07-29T13:58:02+00:00\",\"breadcrumb\":{\"@id\":\"https:\/\/www.yourhotelspa.com\/fr\/chambres\/suite\/#breadcrumb\"},\"inLanguage\":\"fr-FR\",\"potentialAction\":[{\"@type\":\"ReadAction\",\"target\":[\"https:\/\/www.yourhotelspa.com\/fr\/chambres\/suite\/\"]}]},{\"@type\":\"BreadcrumbList\",\"@id\":\"https:\/\/www.yourhotelspa.com\/fr\/chambres\/suite\/#breadcrumb\",\"itemListElement\":[{\"@type\":\"ListItem\",\"position\":1,\"name\":\"Home\",\"item\":\"https:\/\/www.yourhotelspa.com\/fr\/\"},{\"@type\":\"ListItem\",\"position\":2,\"name\":\"Chambres\",\"item\":\"https:\/\/www.yourhotelspa.com\/fr\/chambres\/\"},{\"@type\":\"ListItem\",\"position\":3,\"name\":\"Suite\"}]},{\"@type\":\"WebSite\",\"@id\":\"https:\/\/www.yourhotelspa.com\/fr\/#website\",\"url\":\"https:\/\/www.yourhotelspa.com\/fr\/\",\"name\":\"Your Hotel & Spa Alcoba\u00e7a\",\"description\":\"Just another ms.decms.eu site\",\"potentialAction\":[{\"@type\":\"SearchAction\",\"target\":{\"@type\":\"EntryPoint\",\"urlTemplate\":\"https:\/\/www.yourhotelspa.com\/fr\/?s={search_term_string}\"},\"query-input\":{\"@type\":\"PropertyValueSpecification\",\"valueRequired\":true,\"valueName\":\"search_term_string\"}}],\"inLanguage\":\"fr-FR\"}]}<\/script>\n<!-- \/ Yoast SEO plugin. -->","yoast_head_json":{"title":"Suite - Your Hotel & Spa Alcoba\u00e7a","robots":{"index":"index","follow":"follow","max-snippet":"max-snippet:-1","max-image-preview":"max-image-preview:large","max-video-preview":"max-video-preview:-1"},"canonical":"https:\/\/www.yourhotelspa.com\/fr\/chambres\/suite\/","og_locale":"fr_FR","og_type":"article","og_title":"Suite - Your Hotel & Spa Alcoba\u00e7a","og_description":"El\u00e9gant et confortable nos Suites disposent d&rsquo;un d\u00e9cor distinctif de toutes les autres chambres de l&rsquo;h\u00f4tel et ont la capacite pour: 1 adulte; 2 adultes; 2 adultes et 1 b\u00e9b\u00e9 ou 1 enfant; 2 adultes et 2 b\u00e9b\u00e9s ou 2 enfants; 2 adultes et 1 b\u00e9b\u00e9 et 1 enfant; \u00a03 adultes et 1 enfant; 3 [&hellip;]","og_url":"https:\/\/www.yourhotelspa.com\/fr\/chambres\/suite\/","og_site_name":"Your Hotel & Spa Alcoba\u00e7a","article_modified_time":"2024-07-29T13:58:02+00:00","twitter_card":"summary_large_image","twitter_misc":{"Dur\u00e9e de lecture estim\u00e9e":"1 minute"},"schema":{"@context":"https:\/\/schema.org","@graph":[{"@type":"WebPage","@id":"https:\/\/www.yourhotelspa.com\/fr\/chambres\/suite\/","url":"https:\/\/www.yourhotelspa.com\/fr\/chambres\/suite\/","name":"Suite - Your Hotel & Spa Alcoba\u00e7a","isPartOf":{"@id":"https:\/\/www.yourhotelspa.com\/fr\/#website"},"datePublished":"2020-07-02T13:06:04+00:00","dateModified":"2024-07-29T13:58:02+00:00","breadcrumb":{"@id":"https:\/\/www.yourhotelspa.com\/fr\/chambres\/suite\/#breadcrumb"},"inLanguage":"fr-FR","potentialAction":[{"@type":"ReadAction","target":["https:\/\/www.yourhotelspa.com\/fr\/chambres\/suite\/"]}]},{"@type":"BreadcrumbList","@id":"https:\/\/www.yourhotelspa.com\/fr\/chambres\/suite\/#breadcrumb","itemListElement":[{"@type":"ListItem","position":1,"name":"Home","item":"https:\/\/www.yourhotelspa.com\/fr\/"},{"@type":"ListItem","position":2,"name":"Chambres","item":"https:\/\/www.yourhotelspa.com\/fr\/chambres\/"},{"@type":"ListItem","position":3,"name":"Suite"}]},{"@type":"WebSite","@id":"https:\/\/www.yourhotelspa.com\/fr\/#website","url":"https:\/\/www.yourhotelspa.com\/fr\/","name":"Your Hotel & Spa Alcoba\u00e7a","description":"Just another ms.decms.eu site","potentialAction":[{"@type":"SearchAction","target":{"@type":"EntryPoint","urlTemplate":"https:\/\/www.yourhotelspa.com\/fr\/?s={search_term_string}"},"query-input":{"@type":"PropertyValueSpecification","valueRequired":true,"valueName":"search_term_string"}}],"inLanguage":"fr-FR"}]}},"acf":[],"_links":{"self":[{"href":"https:\/\/www.yourhotelspa.com\/fr\/wp-json\/wp\/v2\/pages\/52","targetHints":{"allow":["GET"]}}],"collection":[{"href":"https:\/\/www.yourhotelspa.com\/fr\/wp-json\/wp\/v2\/pages"}],"about":[{"href":"https:\/\/www.yourhotelspa.com\/fr\/wp-json\/wp\/v2\/types\/page"}],"author":[{"embeddable":true,"href":"https:\/\/www.yourhotelspa.com\/fr\/wp-json\/wp\/v2\/users\/4"}],"replies":[{"embeddable":true,"href":"https:\/\/www.yourhotelspa.com\/fr\/wp-json\/wp\/v2\/comments?post=52"}],"version-history":[{"count":0,"href":"https:\/\/www.yourhotelspa.com\/fr\/wp-json\/wp\/v2\/pages\/52\/revisions"}],"up":[{"embeddable":true,"href":"https:\/\/www.yourhotelspa.com\/fr\/wp-json\/wp\/v2\/pages\/22"}],"wp:attachment":[{"href":"https:\/\/www.yourhotelspa.com\/fr\/wp-json\/wp\/v2\/media?parent=52"}],"curies":[{"name":"wp","href":"https:\/\/api.w.org\/{rel}","templated":true}]}}