{"id":608,"date":"2020-07-28T15:06:37","date_gmt":"2020-07-28T15:06:37","guid":{"rendered":"http:\/\/your-hotel-spa-alcobaca.ms.decms.eu\/?page_id=608"},"modified":"2025-08-12T15:38:10","modified_gmt":"2025-08-12T15:38:10","slug":"menu-de-traitments","status":"publish","type":"page","link":"https:\/\/www.yourhotelspa.com\/fr\/spa\/menu-de-traitments\/","title":{"rendered":"Menu de traitments"},"content":{"rendered":"<p>Plongez dans un voyage de relaxation profonde, o\u00f9 chaque rituel a \u00e9t\u00e9 con\u00e7u pour harmoniser le corps, l\u2019esprit et l\u2019\u00e2me.<br data-start=\"361\" data-end=\"364\" \/>Choisissez votre moment de paix et laissez-vous envelopper dans une exp\u00e9rience sublime de soin et de bien-\u00eatre.<\/p>\n<p>&nbsp;<\/p>\n<p>Nos services:<\/p>\n<ul>\n<li><strong>Rituels de Massage Signature<\/strong><br \/>\n&#8211; Relaxant Your Spa (25 min | 50 min)<br \/>\n&#8211; Revitalisant (25 min | 50 min)<br \/>\n&#8211; Drainant (50 min)<br \/>\n&#8211; Repos aux Algues (50 min)<br \/>\n&#8211; Harmonie des Pierres Chaudes (75 min)<br \/>\n&#8211; Trois Lavandes (90 min)<\/li>\n<li><strong>Rituels Visage<\/strong><br \/>\n&#8211; Hydratation (25 min)<br \/>\n&#8211; R\u00e9g\u00e9n\u00e9ration (50 min)<br \/>\n&#8211; Rajeunissement Profond (75 min)<\/li>\n<li><strong>Rituels Sensoriels<\/strong><br \/>\n&#8211; R\u00e9flexologie Revigorante (45 min)<br \/>\n&#8211; Rituel Puret\u00e9 Vichy (25 min)<br \/>\n&#8211; Bougies Aromatiques (50 min)<br \/>\n&#8211; Spa Peeling (45 min)<br \/>\n&#8211; D\u00e9lice au Cacao (90 min)<br \/>\n&#8211; Refuge de S\u00e9r\u00e9nit\u00e9 (90 min)<br \/>\n&#8211; Essentiel Premium (120 min)<\/li>\n<li><strong>Compl\u00e9ments \u00e0 Votre Exp\u00e9rience<\/strong><br \/>\n&#8211; Douche Jet (15 min)<br \/>\n&#8211; Bain Thermal Aromatique (20 min)<br \/>\n&#8211; Bain Thermal Hydratant (20 min)<br \/>\n&#8211; Table de Sel de l\u2019Himalaya (25 min)<br \/>\n&#8211; Table de Flottaison Zen (25 min)<\/li>\n<li><strong>Circuit d\u2019Hydroth\u00e9rapie Thermale <\/strong>(60 min)<\/li>\n<li><strong>Spa Nocturne<br \/>\n<\/strong>&#8211; Circuit d\u2019Hydroth\u00e9rapie Thermale Nocturne (60 min)<br \/>\n&#8211; Massage Relaxant Nocturne Your Spa (25 min | 50 min)<\/li>\n<\/ul>\n<p>&nbsp;<\/p>\n<p><strong>D\u00e9couvrez notre menu complet avec tous les d\u00e9tails et tarifs:<br \/>\n<a href=\"https:\/\/www.yourhotelspa.com\/wp-content\/uploads\/sites\/180\/2025\/08\/MAN-37-07-Menu-de-Tratamentos-ING-ALCO.pdf\">Carte Compl\u00e8te du Spa Thermal\u00a0<\/a><\/strong><\/p>\n","protected":false},"excerpt":{"rendered":"<p>Plongez dans un voyage de relaxation profonde, o\u00f9 chaque rituel a \u00e9t\u00e9 con\u00e7u pour harmoniser le corps, l\u2019esprit et l\u2019\u00e2me.Choisissez votre moment de paix et laissez-vous envelopper dans une exp\u00e9rience sublime de soin et de bien-\u00eatre. &nbsp; Nos services: Rituels de Massage Signature &#8211; Relaxant Your Spa (25 min | 50 min) &#8211; Revitalisant (25 [&hellip;]<\/p>\n","protected":false},"author":4,"featured_media":0,"parent":600,"menu_order":1,"comment_status":"closed","ping_status":"closed","template":"template-treatment.php","meta":{"footnotes":""},"class_list":["post-608","page","type-page","status-publish","hentry"],"yoast_head":"<!-- This site is optimized with the Yoast SEO plugin v26.9 - https:\/\/yoast.com\/product\/yoast-seo-wordpress\/ -->\n<title>Menu de traitments - Your Hotel &amp; Spa Alcoba\u00e7a<\/title>\n<meta name=\"robots\" content=\"index, follow, max-snippet:-1, max-image-preview:large, max-video-preview:-1\" \/>\n<link rel=\"canonical\" href=\"https:\/\/www.yourhotelspa.com\/fr\/spa\/menu-de-traitments\/\" \/>\n<meta property=\"og:locale\" content=\"fr_FR\" \/>\n<meta property=\"og:type\" content=\"article\" \/>\n<meta property=\"og:title\" content=\"Menu de traitments - Your Hotel &amp; Spa Alcoba\u00e7a\" \/>\n<meta property=\"og:description\" content=\"Plongez dans un voyage de relaxation profonde, o\u00f9 chaque rituel a \u00e9t\u00e9 con\u00e7u pour harmoniser le corps, l\u2019esprit et l\u2019\u00e2me.Choisissez votre moment de paix et laissez-vous envelopper dans une exp\u00e9rience sublime de soin et de bien-\u00eatre. &nbsp; Nos services: Rituels de Massage Signature &#8211; Relaxant Your Spa (25 min | 50 min) &#8211; Revitalisant (25 [&hellip;]\" \/>\n<meta property=\"og:url\" content=\"https:\/\/www.yourhotelspa.com\/fr\/spa\/menu-de-traitments\/\" \/>\n<meta property=\"og:site_name\" content=\"Your Hotel &amp; Spa Alcoba\u00e7a\" \/>\n<meta property=\"article:modified_time\" content=\"2025-08-12T15:38:10+00:00\" \/>\n<meta name=\"twitter:card\" content=\"summary_large_image\" \/>\n<meta name=\"twitter:label1\" content=\"Dur\u00e9e de lecture estim\u00e9e\" \/>\n\t<meta name=\"twitter:data1\" content=\"2 minutes\" \/>\n<script type=\"application\/ld+json\" class=\"yoast-schema-graph\">{\"@context\":\"https:\/\/schema.org\",\"@graph\":[{\"@type\":\"WebPage\",\"@id\":\"https:\/\/www.yourhotelspa.com\/fr\/spa\/menu-de-traitments\/\",\"url\":\"https:\/\/www.yourhotelspa.com\/fr\/spa\/menu-de-traitments\/\",\"name\":\"Menu de traitments - Your Hotel & Spa Alcoba\u00e7a\",\"isPartOf\":{\"@id\":\"https:\/\/www.yourhotelspa.com\/fr\/#website\"},\"datePublished\":\"2020-07-28T15:06:37+00:00\",\"dateModified\":\"2025-08-12T15:38:10+00:00\",\"breadcrumb\":{\"@id\":\"https:\/\/www.yourhotelspa.com\/fr\/spa\/menu-de-traitments\/#breadcrumb\"},\"inLanguage\":\"fr-FR\",\"potentialAction\":[{\"@type\":\"ReadAction\",\"target\":[\"https:\/\/www.yourhotelspa.com\/fr\/spa\/menu-de-traitments\/\"]}]},{\"@type\":\"BreadcrumbList\",\"@id\":\"https:\/\/www.yourhotelspa.com\/fr\/spa\/menu-de-traitments\/#breadcrumb\",\"itemListElement\":[{\"@type\":\"ListItem\",\"position\":1,\"name\":\"Home\",\"item\":\"https:\/\/www.yourhotelspa.com\/fr\/\"},{\"@type\":\"ListItem\",\"position\":2,\"name\":\"Thermale Spa\",\"item\":\"https:\/\/www.yourhotelspa.com\/fr\/spa\/\"},{\"@type\":\"ListItem\",\"position\":3,\"name\":\"Menu de traitments\"}]},{\"@type\":\"WebSite\",\"@id\":\"https:\/\/www.yourhotelspa.com\/fr\/#website\",\"url\":\"https:\/\/www.yourhotelspa.com\/fr\/\",\"name\":\"Your Hotel & Spa Alcoba\u00e7a\",\"description\":\"Just another ms.decms.eu site\",\"potentialAction\":[{\"@type\":\"SearchAction\",\"target\":{\"@type\":\"EntryPoint\",\"urlTemplate\":\"https:\/\/www.yourhotelspa.com\/fr\/?s={search_term_string}\"},\"query-input\":{\"@type\":\"PropertyValueSpecification\",\"valueRequired\":true,\"valueName\":\"search_term_string\"}}],\"inLanguage\":\"fr-FR\"}]}<\/script>\n<!-- \/ Yoast SEO plugin. -->","yoast_head_json":{"title":"Menu de traitments - Your Hotel & Spa Alcoba\u00e7a","robots":{"index":"index","follow":"follow","max-snippet":"max-snippet:-1","max-image-preview":"max-image-preview:large","max-video-preview":"max-video-preview:-1"},"canonical":"https:\/\/www.yourhotelspa.com\/fr\/spa\/menu-de-traitments\/","og_locale":"fr_FR","og_type":"article","og_title":"Menu de traitments - Your Hotel & Spa Alcoba\u00e7a","og_description":"Plongez dans un voyage de relaxation profonde, o\u00f9 chaque rituel a \u00e9t\u00e9 con\u00e7u pour harmoniser le corps, l\u2019esprit et l\u2019\u00e2me.Choisissez votre moment de paix et laissez-vous envelopper dans une exp\u00e9rience sublime de soin et de bien-\u00eatre. &nbsp; Nos services: Rituels de Massage Signature &#8211; Relaxant Your Spa (25 min | 50 min) &#8211; Revitalisant (25 [&hellip;]","og_url":"https:\/\/www.yourhotelspa.com\/fr\/spa\/menu-de-traitments\/","og_site_name":"Your Hotel & Spa Alcoba\u00e7a","article_modified_time":"2025-08-12T15:38:10+00:00","twitter_card":"summary_large_image","twitter_misc":{"Dur\u00e9e de lecture estim\u00e9e":"2 minutes"},"schema":{"@context":"https:\/\/schema.org","@graph":[{"@type":"WebPage","@id":"https:\/\/www.yourhotelspa.com\/fr\/spa\/menu-de-traitments\/","url":"https:\/\/www.yourhotelspa.com\/fr\/spa\/menu-de-traitments\/","name":"Menu de traitments - Your Hotel & Spa Alcoba\u00e7a","isPartOf":{"@id":"https:\/\/www.yourhotelspa.com\/fr\/#website"},"datePublished":"2020-07-28T15:06:37+00:00","dateModified":"2025-08-12T15:38:10+00:00","breadcrumb":{"@id":"https:\/\/www.yourhotelspa.com\/fr\/spa\/menu-de-traitments\/#breadcrumb"},"inLanguage":"fr-FR","potentialAction":[{"@type":"ReadAction","target":["https:\/\/www.yourhotelspa.com\/fr\/spa\/menu-de-traitments\/"]}]},{"@type":"BreadcrumbList","@id":"https:\/\/www.yourhotelspa.com\/fr\/spa\/menu-de-traitments\/#breadcrumb","itemListElement":[{"@type":"ListItem","position":1,"name":"Home","item":"https:\/\/www.yourhotelspa.com\/fr\/"},{"@type":"ListItem","position":2,"name":"Thermale Spa","item":"https:\/\/www.yourhotelspa.com\/fr\/spa\/"},{"@type":"ListItem","position":3,"name":"Menu de traitments"}]},{"@type":"WebSite","@id":"https:\/\/www.yourhotelspa.com\/fr\/#website","url":"https:\/\/www.yourhotelspa.com\/fr\/","name":"Your Hotel & Spa Alcoba\u00e7a","description":"Just another ms.decms.eu site","potentialAction":[{"@type":"SearchAction","target":{"@type":"EntryPoint","urlTemplate":"https:\/\/www.yourhotelspa.com\/fr\/?s={search_term_string}"},"query-input":{"@type":"PropertyValueSpecification","valueRequired":true,"valueName":"search_term_string"}}],"inLanguage":"fr-FR"}]}},"acf":[],"_links":{"self":[{"href":"https:\/\/www.yourhotelspa.com\/fr\/wp-json\/wp\/v2\/pages\/608","targetHints":{"allow":["GET"]}}],"collection":[{"href":"https:\/\/www.yourhotelspa.com\/fr\/wp-json\/wp\/v2\/pages"}],"about":[{"href":"https:\/\/www.yourhotelspa.com\/fr\/wp-json\/wp\/v2\/types\/page"}],"author":[{"embeddable":true,"href":"https:\/\/www.yourhotelspa.com\/fr\/wp-json\/wp\/v2\/users\/4"}],"replies":[{"embeddable":true,"href":"https:\/\/www.yourhotelspa.com\/fr\/wp-json\/wp\/v2\/comments?post=608"}],"version-history":[{"count":0,"href":"https:\/\/www.yourhotelspa.com\/fr\/wp-json\/wp\/v2\/pages\/608\/revisions"}],"up":[{"embeddable":true,"href":"https:\/\/www.yourhotelspa.com\/fr\/wp-json\/wp\/v2\/pages\/600"}],"wp:attachment":[{"href":"https:\/\/www.yourhotelspa.com\/fr\/wp-json\/wp\/v2\/media?parent=608"}],"curies":[{"name":"wp","href":"https:\/\/api.w.org\/{rel}","templated":true}]}}