{"id":627,"date":"2020-07-29T15:40:57","date_gmt":"2020-07-29T15:40:57","guid":{"rendered":"http:\/\/your-hotel-spa-alcobaca.ms.decms.eu\/?page_id=627"},"modified":"2025-12-18T11:12:43","modified_gmt":"2025-12-18T11:12:43","slug":"vouchers-promotion","status":"publish","type":"page","link":"https:\/\/www.yourhotelspa.com\/fr\/spa\/vouchers-promotion\/","title":{"rendered":"Ch\u00e8ques-cadeaux"},"content":{"rendered":"<p>Vous voulez faire plaisir \u00e0 quelqu&rsquo;un de sp\u00e9cial ? Vous pouvez choisir un ou plusieurs de nos services et personnaliser votre bon. Le Bon peut \u00eatre achet\u00e9 directement \u00e0 l&rsquo;h\u00f4tel, envoy\u00e9 par mail ou par courrier.<\/p>\n<p>Proc\u00e9dures pour les bons envoy\u00e9s par courrier ou par e-mail :<\/p>\n<ul>\n<li>Choisissez les services que vous souhaitez acheter et envoyez votre demande \u00e0 l&rsquo;adresse e-mail suivante : beyondspa@yourhotelspa.com;<\/li>\n<li>Indiquez le nom de la personne \u00e0 qui le bon sera remis si vous souhaitez qu&rsquo;il soit personnalis\u00e9;<\/li>\n<li>Fournir les informations de facturation (Nom, Adresse et num\u00e9ro de Identification Fiscale);<\/li>\n<li>Effectuer le paiement par Entit\u00e9\/R\u00e9f\u00e9rence (que nous vous indiquerons si vous souhaitez proc\u00e9der \u00e0 l&rsquo;achat du Bon);<\/li>\n<li>Le bon ne sera actif\/ne pourra \u00eatre utilis\u00e9 que lorsqu&rsquo;il aura \u00e9t\u00e9 correctement encaiss\u00e9 et que notre re\u00e7u de facturation aura \u00e9t\u00e9 envoy\u00e9. Si le paiement n&rsquo;est pas effectu\u00e9, le bon sera automatiquement annul\u00e9;<\/li>\n<li>Apr\u00e8s confirmation par notre service comptable, le re\u00e7u-facture correspondant sera envoy\u00e9 par e-mail ou par la poste, selon votre indication, et \u00e0 partir de ce moment, le bon sera actif;<\/li>\n<li>Pour les bons physiques retir\u00e9s au guichet, si vous souhaitez un emballage cadeau (bo\u00eete cadeau), il vous en co\u00fbtera 1,50 \u20ac de plus par unit\u00e9;<\/li>\n<li>L&rsquo;envoi des bons par courrier entra\u00eene un co\u00fbt suppl\u00e9mentaire de 2,50 \u20ac par unit\u00e9 ou de 3,50 \u20ac pour 2 \u00e0 5 unit\u00e9s. L&#8217;emballage (bo\u00eete cadeau) n&rsquo;est pas inclus;<\/li>\n<li>Les bons sont valables 12 mois et ne peuvent pas \u00eatre utilis\u00e9s le samedi apr\u00e8s-midi, dimanche matin ou jours de f\u00eate.<\/li>\n<\/ul>\n","protected":false},"excerpt":{"rendered":"<p>Vous voulez faire plaisir \u00e0 quelqu&rsquo;un de sp\u00e9cial ? Vous pouvez choisir un ou plusieurs de nos services et personnaliser votre bon. Le Bon peut \u00eatre achet\u00e9 directement \u00e0 l&rsquo;h\u00f4tel, envoy\u00e9 par mail ou par courrier. Proc\u00e9dures pour les bons envoy\u00e9s par courrier ou par e-mail : Choisissez les services que vous souhaitez acheter et [&hellip;]<\/p>\n","protected":false},"author":4,"featured_media":0,"parent":600,"menu_order":4,"comment_status":"closed","ping_status":"closed","template":"template-treatment.php","meta":{"footnotes":""},"class_list":["post-627","page","type-page","status-publish","hentry"],"yoast_head":"<!-- This site is optimized with the Yoast SEO plugin v26.9 - https:\/\/yoast.com\/product\/yoast-seo-wordpress\/ -->\n<title>Ch\u00e8ques-cadeaux - Your Hotel &amp; Spa Alcoba\u00e7a<\/title>\n<meta name=\"robots\" content=\"index, follow, max-snippet:-1, max-image-preview:large, max-video-preview:-1\" \/>\n<link rel=\"canonical\" href=\"https:\/\/www.yourhotelspa.com\/fr\/spa\/vouchers-promotion\/\" \/>\n<meta property=\"og:locale\" content=\"fr_FR\" \/>\n<meta property=\"og:type\" content=\"article\" \/>\n<meta property=\"og:title\" content=\"Ch\u00e8ques-cadeaux - Your Hotel &amp; Spa Alcoba\u00e7a\" \/>\n<meta property=\"og:description\" content=\"Vous voulez faire plaisir \u00e0 quelqu&rsquo;un de sp\u00e9cial ? Vous pouvez choisir un ou plusieurs de nos services et personnaliser votre bon. Le Bon peut \u00eatre achet\u00e9 directement \u00e0 l&rsquo;h\u00f4tel, envoy\u00e9 par mail ou par courrier. Proc\u00e9dures pour les bons envoy\u00e9s par courrier ou par e-mail : Choisissez les services que vous souhaitez acheter et [&hellip;]\" \/>\n<meta property=\"og:url\" content=\"https:\/\/www.yourhotelspa.com\/fr\/spa\/vouchers-promotion\/\" \/>\n<meta property=\"og:site_name\" content=\"Your Hotel &amp; Spa Alcoba\u00e7a\" \/>\n<meta property=\"article:modified_time\" content=\"2025-12-18T11:12:43+00:00\" \/>\n<meta name=\"twitter:card\" content=\"summary_large_image\" \/>\n<meta name=\"twitter:label1\" content=\"Dur\u00e9e de lecture estim\u00e9e\" \/>\n\t<meta name=\"twitter:data1\" content=\"2 minutes\" \/>\n<script type=\"application\/ld+json\" class=\"yoast-schema-graph\">{\"@context\":\"https:\/\/schema.org\",\"@graph\":[{\"@type\":\"WebPage\",\"@id\":\"https:\/\/www.yourhotelspa.com\/fr\/spa\/vouchers-promotion\/\",\"url\":\"https:\/\/www.yourhotelspa.com\/fr\/spa\/vouchers-promotion\/\",\"name\":\"Ch\u00e8ques-cadeaux - Your Hotel & Spa Alcoba\u00e7a\",\"isPartOf\":{\"@id\":\"https:\/\/www.yourhotelspa.com\/fr\/#website\"},\"datePublished\":\"2020-07-29T15:40:57+00:00\",\"dateModified\":\"2025-12-18T11:12:43+00:00\",\"breadcrumb\":{\"@id\":\"https:\/\/www.yourhotelspa.com\/fr\/spa\/vouchers-promotion\/#breadcrumb\"},\"inLanguage\":\"fr-FR\",\"potentialAction\":[{\"@type\":\"ReadAction\",\"target\":[\"https:\/\/www.yourhotelspa.com\/fr\/spa\/vouchers-promotion\/\"]}]},{\"@type\":\"BreadcrumbList\",\"@id\":\"https:\/\/www.yourhotelspa.com\/fr\/spa\/vouchers-promotion\/#breadcrumb\",\"itemListElement\":[{\"@type\":\"ListItem\",\"position\":1,\"name\":\"Home\",\"item\":\"https:\/\/www.yourhotelspa.com\/fr\/\"},{\"@type\":\"ListItem\",\"position\":2,\"name\":\"Thermale Spa\",\"item\":\"https:\/\/www.yourhotelspa.com\/fr\/spa\/\"},{\"@type\":\"ListItem\",\"position\":3,\"name\":\"Ch\u00e8ques-cadeaux\"}]},{\"@type\":\"WebSite\",\"@id\":\"https:\/\/www.yourhotelspa.com\/fr\/#website\",\"url\":\"https:\/\/www.yourhotelspa.com\/fr\/\",\"name\":\"Your Hotel & Spa Alcoba\u00e7a\",\"description\":\"Just another ms.decms.eu site\",\"potentialAction\":[{\"@type\":\"SearchAction\",\"target\":{\"@type\":\"EntryPoint\",\"urlTemplate\":\"https:\/\/www.yourhotelspa.com\/fr\/?s={search_term_string}\"},\"query-input\":{\"@type\":\"PropertyValueSpecification\",\"valueRequired\":true,\"valueName\":\"search_term_string\"}}],\"inLanguage\":\"fr-FR\"}]}<\/script>\n<!-- \/ Yoast SEO plugin. -->","yoast_head_json":{"title":"Ch\u00e8ques-cadeaux - Your Hotel & Spa Alcoba\u00e7a","robots":{"index":"index","follow":"follow","max-snippet":"max-snippet:-1","max-image-preview":"max-image-preview:large","max-video-preview":"max-video-preview:-1"},"canonical":"https:\/\/www.yourhotelspa.com\/fr\/spa\/vouchers-promotion\/","og_locale":"fr_FR","og_type":"article","og_title":"Ch\u00e8ques-cadeaux - Your Hotel & Spa Alcoba\u00e7a","og_description":"Vous voulez faire plaisir \u00e0 quelqu&rsquo;un de sp\u00e9cial ? Vous pouvez choisir un ou plusieurs de nos services et personnaliser votre bon. Le Bon peut \u00eatre achet\u00e9 directement \u00e0 l&rsquo;h\u00f4tel, envoy\u00e9 par mail ou par courrier. Proc\u00e9dures pour les bons envoy\u00e9s par courrier ou par e-mail : Choisissez les services que vous souhaitez acheter et [&hellip;]","og_url":"https:\/\/www.yourhotelspa.com\/fr\/spa\/vouchers-promotion\/","og_site_name":"Your Hotel & Spa Alcoba\u00e7a","article_modified_time":"2025-12-18T11:12:43+00:00","twitter_card":"summary_large_image","twitter_misc":{"Dur\u00e9e de lecture estim\u00e9e":"2 minutes"},"schema":{"@context":"https:\/\/schema.org","@graph":[{"@type":"WebPage","@id":"https:\/\/www.yourhotelspa.com\/fr\/spa\/vouchers-promotion\/","url":"https:\/\/www.yourhotelspa.com\/fr\/spa\/vouchers-promotion\/","name":"Ch\u00e8ques-cadeaux - Your Hotel & Spa Alcoba\u00e7a","isPartOf":{"@id":"https:\/\/www.yourhotelspa.com\/fr\/#website"},"datePublished":"2020-07-29T15:40:57+00:00","dateModified":"2025-12-18T11:12:43+00:00","breadcrumb":{"@id":"https:\/\/www.yourhotelspa.com\/fr\/spa\/vouchers-promotion\/#breadcrumb"},"inLanguage":"fr-FR","potentialAction":[{"@type":"ReadAction","target":["https:\/\/www.yourhotelspa.com\/fr\/spa\/vouchers-promotion\/"]}]},{"@type":"BreadcrumbList","@id":"https:\/\/www.yourhotelspa.com\/fr\/spa\/vouchers-promotion\/#breadcrumb","itemListElement":[{"@type":"ListItem","position":1,"name":"Home","item":"https:\/\/www.yourhotelspa.com\/fr\/"},{"@type":"ListItem","position":2,"name":"Thermale Spa","item":"https:\/\/www.yourhotelspa.com\/fr\/spa\/"},{"@type":"ListItem","position":3,"name":"Ch\u00e8ques-cadeaux"}]},{"@type":"WebSite","@id":"https:\/\/www.yourhotelspa.com\/fr\/#website","url":"https:\/\/www.yourhotelspa.com\/fr\/","name":"Your Hotel & Spa Alcoba\u00e7a","description":"Just another ms.decms.eu site","potentialAction":[{"@type":"SearchAction","target":{"@type":"EntryPoint","urlTemplate":"https:\/\/www.yourhotelspa.com\/fr\/?s={search_term_string}"},"query-input":{"@type":"PropertyValueSpecification","valueRequired":true,"valueName":"search_term_string"}}],"inLanguage":"fr-FR"}]}},"acf":[],"_links":{"self":[{"href":"https:\/\/www.yourhotelspa.com\/fr\/wp-json\/wp\/v2\/pages\/627","targetHints":{"allow":["GET"]}}],"collection":[{"href":"https:\/\/www.yourhotelspa.com\/fr\/wp-json\/wp\/v2\/pages"}],"about":[{"href":"https:\/\/www.yourhotelspa.com\/fr\/wp-json\/wp\/v2\/types\/page"}],"author":[{"embeddable":true,"href":"https:\/\/www.yourhotelspa.com\/fr\/wp-json\/wp\/v2\/users\/4"}],"replies":[{"embeddable":true,"href":"https:\/\/www.yourhotelspa.com\/fr\/wp-json\/wp\/v2\/comments?post=627"}],"version-history":[{"count":0,"href":"https:\/\/www.yourhotelspa.com\/fr\/wp-json\/wp\/v2\/pages\/627\/revisions"}],"up":[{"embeddable":true,"href":"https:\/\/www.yourhotelspa.com\/fr\/wp-json\/wp\/v2\/pages\/600"}],"wp:attachment":[{"href":"https:\/\/www.yourhotelspa.com\/fr\/wp-json\/wp\/v2\/media?parent=627"}],"curies":[{"name":"wp","href":"https:\/\/api.w.org\/{rel}","templated":true}]}}