{"id":632,"date":"2020-07-29T15:58:03","date_gmt":"2020-07-29T15:58:03","guid":{"rendered":"http:\/\/your-hotel-spa-alcobaca.ms.decms.eu\/?page_id=632"},"modified":"2026-04-27T12:36:35","modified_gmt":"2026-04-27T12:36:35","slug":"termas-da-piedade","status":"publish","type":"page","link":"https:\/\/www.yourhotelspa.com\/fr\/termas-da-piedade\/","title":{"rendered":"Termas da piedade"},"content":{"rendered":"<p><strong>Les Thermes da Piedade<\/strong> propose un ensemble de traitements qui agissent dans la pr\u00e9vention et le traitement de nombreuses pathologies gr\u00e2ce \u00e0 l\u2019utilisation de l\u2019eau thermale et d\u2019autres moyens compl\u00e9mentaires \u00e0 des fins th\u00e9rapeutiques et de r\u00e9\u00e9ducation, de promotion de la sant\u00e9, de bien-\u00eatre et de pr\u00e9vention des maladies.<\/p>\n<p>Veuillez noter que <u>tous<\/u> les services de thermalisme n\u00e9cessitent une r\u00e9servation pr\u00e9alable, ainsi qu&rsquo;un rendez-vous m\u00e9dical obligatoire.<\/p>\n<p>&nbsp;<\/p>\n<p><strong><a href=\"https:\/\/www.yourhotelspa.com\/wp-content\/uploads\/sites\/180\/2025\/05\/MAN-43-01-Regulamento-Interno-do-Spa-FR-ALCO.pdf\" target=\"_blank\" rel=\"noopener noreferrer\">Voir ici le r\u00e8glement int\u00e9rieur du Termas da Piedade.<\/a><\/strong><\/p>\n","protected":false},"excerpt":{"rendered":"<p>Les Thermes da Piedade propose un ensemble de traitements qui agissent dans la pr\u00e9vention et le traitement de nombreuses pathologies gr\u00e2ce \u00e0 l\u2019utilisation de l\u2019eau thermale et d\u2019autres moyens compl\u00e9mentaires \u00e0 des fins th\u00e9rapeutiques et de r\u00e9\u00e9ducation, de promotion de la sant\u00e9, de bien-\u00eatre et de pr\u00e9vention des maladies. Veuillez noter que tous les services [&hellip;]<\/p>\n","protected":false},"author":4,"featured_media":0,"parent":0,"menu_order":50,"comment_status":"closed","ping_status":"closed","template":"template-wellness.php","meta":{"footnotes":""},"class_list":["post-632","page","type-page","status-publish","hentry"],"yoast_head":"<!-- This site is optimized with the Yoast SEO plugin v26.9 - https:\/\/yoast.com\/product\/yoast-seo-wordpress\/ -->\n<title>Termas da piedade - Your Hotel &amp; Spa Alcoba\u00e7a<\/title>\n<meta name=\"robots\" content=\"index, follow, max-snippet:-1, max-image-preview:large, max-video-preview:-1\" \/>\n<link rel=\"canonical\" href=\"https:\/\/www.yourhotelspa.com\/fr\/termas-da-piedade\/\" \/>\n<meta property=\"og:locale\" content=\"fr_FR\" \/>\n<meta property=\"og:type\" content=\"article\" \/>\n<meta property=\"og:title\" content=\"Termas da piedade - Your Hotel &amp; Spa Alcoba\u00e7a\" \/>\n<meta property=\"og:description\" content=\"Les Thermes da Piedade propose un ensemble de traitements qui agissent dans la pr\u00e9vention et le traitement de nombreuses pathologies gr\u00e2ce \u00e0 l\u2019utilisation de l\u2019eau thermale et d\u2019autres moyens compl\u00e9mentaires \u00e0 des fins th\u00e9rapeutiques et de r\u00e9\u00e9ducation, de promotion de la sant\u00e9, de bien-\u00eatre et de pr\u00e9vention des maladies. Veuillez noter que tous les services [&hellip;]\" \/>\n<meta property=\"og:url\" content=\"https:\/\/www.yourhotelspa.com\/fr\/termas-da-piedade\/\" \/>\n<meta property=\"og:site_name\" content=\"Your Hotel &amp; Spa Alcoba\u00e7a\" \/>\n<meta property=\"article:modified_time\" content=\"2026-04-27T12:36:35+00:00\" \/>\n<meta name=\"twitter:card\" content=\"summary_large_image\" \/>\n<meta name=\"twitter:label1\" content=\"Dur\u00e9e de lecture estim\u00e9e\" \/>\n\t<meta name=\"twitter:data1\" content=\"1 minute\" \/>\n<script type=\"application\/ld+json\" class=\"yoast-schema-graph\">{\"@context\":\"https:\/\/schema.org\",\"@graph\":[{\"@type\":\"WebPage\",\"@id\":\"https:\/\/www.yourhotelspa.com\/fr\/termas-da-piedade\/\",\"url\":\"https:\/\/www.yourhotelspa.com\/fr\/termas-da-piedade\/\",\"name\":\"Termas da piedade - Your Hotel & Spa Alcoba\u00e7a\",\"isPartOf\":{\"@id\":\"https:\/\/www.yourhotelspa.com\/fr\/#website\"},\"datePublished\":\"2020-07-29T15:58:03+00:00\",\"dateModified\":\"2026-04-27T12:36:35+00:00\",\"breadcrumb\":{\"@id\":\"https:\/\/www.yourhotelspa.com\/fr\/termas-da-piedade\/#breadcrumb\"},\"inLanguage\":\"fr-FR\",\"potentialAction\":[{\"@type\":\"ReadAction\",\"target\":[\"https:\/\/www.yourhotelspa.com\/fr\/termas-da-piedade\/\"]}]},{\"@type\":\"BreadcrumbList\",\"@id\":\"https:\/\/www.yourhotelspa.com\/fr\/termas-da-piedade\/#breadcrumb\",\"itemListElement\":[{\"@type\":\"ListItem\",\"position\":1,\"name\":\"Home\",\"item\":\"https:\/\/www.yourhotelspa.com\/fr\/\"},{\"@type\":\"ListItem\",\"position\":2,\"name\":\"Termas da piedade\"}]},{\"@type\":\"WebSite\",\"@id\":\"https:\/\/www.yourhotelspa.com\/fr\/#website\",\"url\":\"https:\/\/www.yourhotelspa.com\/fr\/\",\"name\":\"Your Hotel & Spa Alcoba\u00e7a\",\"description\":\"Just another ms.decms.eu site\",\"potentialAction\":[{\"@type\":\"SearchAction\",\"target\":{\"@type\":\"EntryPoint\",\"urlTemplate\":\"https:\/\/www.yourhotelspa.com\/fr\/?s={search_term_string}\"},\"query-input\":{\"@type\":\"PropertyValueSpecification\",\"valueRequired\":true,\"valueName\":\"search_term_string\"}}],\"inLanguage\":\"fr-FR\"}]}<\/script>\n<!-- \/ Yoast SEO plugin. -->","yoast_head_json":{"title":"Termas da piedade - Your Hotel & Spa Alcoba\u00e7a","robots":{"index":"index","follow":"follow","max-snippet":"max-snippet:-1","max-image-preview":"max-image-preview:large","max-video-preview":"max-video-preview:-1"},"canonical":"https:\/\/www.yourhotelspa.com\/fr\/termas-da-piedade\/","og_locale":"fr_FR","og_type":"article","og_title":"Termas da piedade - Your Hotel & Spa Alcoba\u00e7a","og_description":"Les Thermes da Piedade propose un ensemble de traitements qui agissent dans la pr\u00e9vention et le traitement de nombreuses pathologies gr\u00e2ce \u00e0 l\u2019utilisation de l\u2019eau thermale et d\u2019autres moyens compl\u00e9mentaires \u00e0 des fins th\u00e9rapeutiques et de r\u00e9\u00e9ducation, de promotion de la sant\u00e9, de bien-\u00eatre et de pr\u00e9vention des maladies. Veuillez noter que tous les services [&hellip;]","og_url":"https:\/\/www.yourhotelspa.com\/fr\/termas-da-piedade\/","og_site_name":"Your Hotel & Spa Alcoba\u00e7a","article_modified_time":"2026-04-27T12:36:35+00:00","twitter_card":"summary_large_image","twitter_misc":{"Dur\u00e9e de lecture estim\u00e9e":"1 minute"},"schema":{"@context":"https:\/\/schema.org","@graph":[{"@type":"WebPage","@id":"https:\/\/www.yourhotelspa.com\/fr\/termas-da-piedade\/","url":"https:\/\/www.yourhotelspa.com\/fr\/termas-da-piedade\/","name":"Termas da piedade - Your Hotel & Spa Alcoba\u00e7a","isPartOf":{"@id":"https:\/\/www.yourhotelspa.com\/fr\/#website"},"datePublished":"2020-07-29T15:58:03+00:00","dateModified":"2026-04-27T12:36:35+00:00","breadcrumb":{"@id":"https:\/\/www.yourhotelspa.com\/fr\/termas-da-piedade\/#breadcrumb"},"inLanguage":"fr-FR","potentialAction":[{"@type":"ReadAction","target":["https:\/\/www.yourhotelspa.com\/fr\/termas-da-piedade\/"]}]},{"@type":"BreadcrumbList","@id":"https:\/\/www.yourhotelspa.com\/fr\/termas-da-piedade\/#breadcrumb","itemListElement":[{"@type":"ListItem","position":1,"name":"Home","item":"https:\/\/www.yourhotelspa.com\/fr\/"},{"@type":"ListItem","position":2,"name":"Termas da piedade"}]},{"@type":"WebSite","@id":"https:\/\/www.yourhotelspa.com\/fr\/#website","url":"https:\/\/www.yourhotelspa.com\/fr\/","name":"Your Hotel & Spa Alcoba\u00e7a","description":"Just another ms.decms.eu site","potentialAction":[{"@type":"SearchAction","target":{"@type":"EntryPoint","urlTemplate":"https:\/\/www.yourhotelspa.com\/fr\/?s={search_term_string}"},"query-input":{"@type":"PropertyValueSpecification","valueRequired":true,"valueName":"search_term_string"}}],"inLanguage":"fr-FR"}]}},"acf":[],"_links":{"self":[{"href":"https:\/\/www.yourhotelspa.com\/fr\/wp-json\/wp\/v2\/pages\/632","targetHints":{"allow":["GET"]}}],"collection":[{"href":"https:\/\/www.yourhotelspa.com\/fr\/wp-json\/wp\/v2\/pages"}],"about":[{"href":"https:\/\/www.yourhotelspa.com\/fr\/wp-json\/wp\/v2\/types\/page"}],"author":[{"embeddable":true,"href":"https:\/\/www.yourhotelspa.com\/fr\/wp-json\/wp\/v2\/users\/4"}],"replies":[{"embeddable":true,"href":"https:\/\/www.yourhotelspa.com\/fr\/wp-json\/wp\/v2\/comments?post=632"}],"version-history":[{"count":0,"href":"https:\/\/www.yourhotelspa.com\/fr\/wp-json\/wp\/v2\/pages\/632\/revisions"}],"wp:attachment":[{"href":"https:\/\/www.yourhotelspa.com\/fr\/wp-json\/wp\/v2\/media?parent=632"}],"curies":[{"name":"wp","href":"https:\/\/api.w.org\/{rel}","templated":true}]}}