{"id":640,"date":"2020-07-30T08:08:24","date_gmt":"2020-07-30T08:08:24","guid":{"rendered":"http:\/\/your-hotel-spa-alcobaca.ms.decms.eu\/?page_id=640"},"modified":"2026-04-27T15:29:44","modified_gmt":"2026-04-27T15:29:44","slug":"menu-de-traitements-thermaux","status":"publish","type":"page","link":"https:\/\/www.yourhotelspa.com\/fr\/termas-da-piedade\/menu-de-traitements-thermaux\/","title":{"rendered":"Menu de traitements thermaux"},"content":{"rendered":"<p>Nos Services thermaux:<\/p>\n<ul>\n<li>Consultations pour: Hydroth\u00e9rapie \/ Physioth\u00e9rapie \/ Nutrition<\/li>\n<li>Suivi M\u00e9dical<\/li>\n<li>Ingestion d\u2019eau Thermale<\/li>\n<li><a href=\"https:\/\/www.yourhotelspa.com\/fr\/termas-da-piedade\/hydrotherapie-du-colon\/\">Hydroth\u00e9rapie du C\u00f4lon<\/a><\/li>\n<li>Hydroth\u00e9rapie Thermale<\/li>\n<li><a href=\"https:\/\/www.yourhotelspa.com\/fr\/termas-da-piedade\/physiotherapie-thermale\/\">Physioth\u00e9rapie Thermale<\/a><\/li>\n<li>Bains Thermales<\/li>\n<li>Douches Thermales<\/li>\n<li>Drainages<\/li>\n<li>Massages<\/li>\n<li>Tables de Relaxation<\/li>\n<\/ul>\n<p><a href=\"https:\/\/www.yourhotelspa.com\/wp-content\/uploads\/sites\/180\/2025\/09\/MAN-57-07-Menu-de-Tratamentos-Termas-da-Piedade-EN-ALCO.pdf\">Voir ici le Menu complet des traitements de Termas da Piedade<\/a><\/p>\n","protected":false},"excerpt":{"rendered":"<p>Nos Services thermaux: Consultations pour: Hydroth\u00e9rapie \/ Physioth\u00e9rapie \/ Nutrition Suivi M\u00e9dical Ingestion d\u2019eau Thermale Hydroth\u00e9rapie du C\u00f4lon Hydroth\u00e9rapie Thermale Physioth\u00e9rapie Thermale Bains Thermales Douches Thermales Drainages Massages Tables de Relaxation Voir ici le Menu complet des traitements de Termas da Piedade<\/p>\n","protected":false},"author":4,"featured_media":0,"parent":632,"menu_order":1,"comment_status":"closed","ping_status":"closed","template":"template-treatment.php","meta":{"footnotes":""},"class_list":["post-640","page","type-page","status-publish","hentry"],"yoast_head":"<!-- This site is optimized with the Yoast SEO plugin v26.9 - https:\/\/yoast.com\/product\/yoast-seo-wordpress\/ -->\n<title>Menu de traitements thermaux - Your Hotel &amp; Spa Alcoba\u00e7a<\/title>\n<meta name=\"robots\" content=\"index, follow, max-snippet:-1, max-image-preview:large, max-video-preview:-1\" \/>\n<link rel=\"canonical\" href=\"https:\/\/www.yourhotelspa.com\/fr\/termas-da-piedade\/menu-de-traitements-thermaux\/\" \/>\n<meta property=\"og:locale\" content=\"fr_FR\" \/>\n<meta property=\"og:type\" content=\"article\" \/>\n<meta property=\"og:title\" content=\"Menu de traitements thermaux - Your Hotel &amp; Spa Alcoba\u00e7a\" \/>\n<meta property=\"og:description\" content=\"Nos Services thermaux: Consultations pour: Hydroth\u00e9rapie \/ Physioth\u00e9rapie \/ Nutrition Suivi M\u00e9dical Ingestion d\u2019eau Thermale Hydroth\u00e9rapie du C\u00f4lon Hydroth\u00e9rapie Thermale Physioth\u00e9rapie Thermale Bains Thermales Douches Thermales Drainages Massages Tables de Relaxation Voir ici le Menu complet des traitements de Termas da Piedade\" \/>\n<meta property=\"og:url\" content=\"https:\/\/www.yourhotelspa.com\/fr\/termas-da-piedade\/menu-de-traitements-thermaux\/\" \/>\n<meta property=\"og:site_name\" content=\"Your Hotel &amp; Spa Alcoba\u00e7a\" \/>\n<meta property=\"article:modified_time\" content=\"2026-04-27T15:29:44+00:00\" \/>\n<meta name=\"twitter:card\" content=\"summary_large_image\" \/>\n<meta name=\"twitter:label1\" content=\"Dur\u00e9e de lecture estim\u00e9e\" \/>\n\t<meta name=\"twitter:data1\" content=\"1 minute\" \/>\n<script type=\"application\/ld+json\" class=\"yoast-schema-graph\">{\"@context\":\"https:\/\/schema.org\",\"@graph\":[{\"@type\":\"WebPage\",\"@id\":\"https:\/\/www.yourhotelspa.com\/fr\/termas-da-piedade\/menu-de-traitements-thermaux\/\",\"url\":\"https:\/\/www.yourhotelspa.com\/fr\/termas-da-piedade\/menu-de-traitements-thermaux\/\",\"name\":\"Menu de traitements thermaux - Your Hotel & Spa Alcoba\u00e7a\",\"isPartOf\":{\"@id\":\"https:\/\/www.yourhotelspa.com\/fr\/#website\"},\"datePublished\":\"2020-07-30T08:08:24+00:00\",\"dateModified\":\"2026-04-27T15:29:44+00:00\",\"breadcrumb\":{\"@id\":\"https:\/\/www.yourhotelspa.com\/fr\/termas-da-piedade\/menu-de-traitements-thermaux\/#breadcrumb\"},\"inLanguage\":\"fr-FR\",\"potentialAction\":[{\"@type\":\"ReadAction\",\"target\":[\"https:\/\/www.yourhotelspa.com\/fr\/termas-da-piedade\/menu-de-traitements-thermaux\/\"]}]},{\"@type\":\"BreadcrumbList\",\"@id\":\"https:\/\/www.yourhotelspa.com\/fr\/termas-da-piedade\/menu-de-traitements-thermaux\/#breadcrumb\",\"itemListElement\":[{\"@type\":\"ListItem\",\"position\":1,\"name\":\"Home\",\"item\":\"https:\/\/www.yourhotelspa.com\/fr\/\"},{\"@type\":\"ListItem\",\"position\":2,\"name\":\"Termas da piedade\",\"item\":\"https:\/\/www.yourhotelspa.com\/fr\/termas-da-piedade\/\"},{\"@type\":\"ListItem\",\"position\":3,\"name\":\"Menu de traitements thermaux\"}]},{\"@type\":\"WebSite\",\"@id\":\"https:\/\/www.yourhotelspa.com\/fr\/#website\",\"url\":\"https:\/\/www.yourhotelspa.com\/fr\/\",\"name\":\"Your Hotel & Spa Alcoba\u00e7a\",\"description\":\"Just another ms.decms.eu site\",\"potentialAction\":[{\"@type\":\"SearchAction\",\"target\":{\"@type\":\"EntryPoint\",\"urlTemplate\":\"https:\/\/www.yourhotelspa.com\/fr\/?s={search_term_string}\"},\"query-input\":{\"@type\":\"PropertyValueSpecification\",\"valueRequired\":true,\"valueName\":\"search_term_string\"}}],\"inLanguage\":\"fr-FR\"}]}<\/script>\n<!-- \/ Yoast SEO plugin. -->","yoast_head_json":{"title":"Menu de traitements thermaux - Your Hotel & Spa Alcoba\u00e7a","robots":{"index":"index","follow":"follow","max-snippet":"max-snippet:-1","max-image-preview":"max-image-preview:large","max-video-preview":"max-video-preview:-1"},"canonical":"https:\/\/www.yourhotelspa.com\/fr\/termas-da-piedade\/menu-de-traitements-thermaux\/","og_locale":"fr_FR","og_type":"article","og_title":"Menu de traitements thermaux - Your Hotel & Spa Alcoba\u00e7a","og_description":"Nos Services thermaux: Consultations pour: Hydroth\u00e9rapie \/ Physioth\u00e9rapie \/ Nutrition Suivi M\u00e9dical Ingestion d\u2019eau Thermale Hydroth\u00e9rapie du C\u00f4lon Hydroth\u00e9rapie Thermale Physioth\u00e9rapie Thermale Bains Thermales Douches Thermales Drainages Massages Tables de Relaxation Voir ici le Menu complet des traitements de Termas da Piedade","og_url":"https:\/\/www.yourhotelspa.com\/fr\/termas-da-piedade\/menu-de-traitements-thermaux\/","og_site_name":"Your Hotel & Spa Alcoba\u00e7a","article_modified_time":"2026-04-27T15:29:44+00:00","twitter_card":"summary_large_image","twitter_misc":{"Dur\u00e9e de lecture estim\u00e9e":"1 minute"},"schema":{"@context":"https:\/\/schema.org","@graph":[{"@type":"WebPage","@id":"https:\/\/www.yourhotelspa.com\/fr\/termas-da-piedade\/menu-de-traitements-thermaux\/","url":"https:\/\/www.yourhotelspa.com\/fr\/termas-da-piedade\/menu-de-traitements-thermaux\/","name":"Menu de traitements thermaux - Your Hotel & Spa Alcoba\u00e7a","isPartOf":{"@id":"https:\/\/www.yourhotelspa.com\/fr\/#website"},"datePublished":"2020-07-30T08:08:24+00:00","dateModified":"2026-04-27T15:29:44+00:00","breadcrumb":{"@id":"https:\/\/www.yourhotelspa.com\/fr\/termas-da-piedade\/menu-de-traitements-thermaux\/#breadcrumb"},"inLanguage":"fr-FR","potentialAction":[{"@type":"ReadAction","target":["https:\/\/www.yourhotelspa.com\/fr\/termas-da-piedade\/menu-de-traitements-thermaux\/"]}]},{"@type":"BreadcrumbList","@id":"https:\/\/www.yourhotelspa.com\/fr\/termas-da-piedade\/menu-de-traitements-thermaux\/#breadcrumb","itemListElement":[{"@type":"ListItem","position":1,"name":"Home","item":"https:\/\/www.yourhotelspa.com\/fr\/"},{"@type":"ListItem","position":2,"name":"Termas da piedade","item":"https:\/\/www.yourhotelspa.com\/fr\/termas-da-piedade\/"},{"@type":"ListItem","position":3,"name":"Menu de traitements thermaux"}]},{"@type":"WebSite","@id":"https:\/\/www.yourhotelspa.com\/fr\/#website","url":"https:\/\/www.yourhotelspa.com\/fr\/","name":"Your Hotel & Spa Alcoba\u00e7a","description":"Just another ms.decms.eu site","potentialAction":[{"@type":"SearchAction","target":{"@type":"EntryPoint","urlTemplate":"https:\/\/www.yourhotelspa.com\/fr\/?s={search_term_string}"},"query-input":{"@type":"PropertyValueSpecification","valueRequired":true,"valueName":"search_term_string"}}],"inLanguage":"fr-FR"}]}},"acf":[],"_links":{"self":[{"href":"https:\/\/www.yourhotelspa.com\/fr\/wp-json\/wp\/v2\/pages\/640","targetHints":{"allow":["GET"]}}],"collection":[{"href":"https:\/\/www.yourhotelspa.com\/fr\/wp-json\/wp\/v2\/pages"}],"about":[{"href":"https:\/\/www.yourhotelspa.com\/fr\/wp-json\/wp\/v2\/types\/page"}],"author":[{"embeddable":true,"href":"https:\/\/www.yourhotelspa.com\/fr\/wp-json\/wp\/v2\/users\/4"}],"replies":[{"embeddable":true,"href":"https:\/\/www.yourhotelspa.com\/fr\/wp-json\/wp\/v2\/comments?post=640"}],"version-history":[{"count":0,"href":"https:\/\/www.yourhotelspa.com\/fr\/wp-json\/wp\/v2\/pages\/640\/revisions"}],"up":[{"embeddable":true,"href":"https:\/\/www.yourhotelspa.com\/fr\/wp-json\/wp\/v2\/pages\/632"}],"wp:attachment":[{"href":"https:\/\/www.yourhotelspa.com\/fr\/wp-json\/wp\/v2\/media?parent=640"}],"curies":[{"name":"wp","href":"https:\/\/api.w.org\/{rel}","templated":true}]}}