{"id":652,"date":"2020-07-30T08:51:56","date_gmt":"2020-07-30T08:51:56","guid":{"rendered":"http:\/\/your-hotel-spa-alcobaca.ms.decms.eu\/?page_id=652"},"modified":"2026-04-27T17:15:34","modified_gmt":"2026-04-27T17:15:34","slug":"affections-dermatologiques","status":"publish","type":"page","link":"https:\/\/www.yourhotelspa.com\/fr\/termas-da-piedade\/affections-dermatologiques\/","title":{"rendered":"Affections dermatologiques"},"content":{"rendered":"<p>Les eaux des Termas da Piedade, gr\u00e2ce \u00e0 leurs propri\u00e9t\u00e9s r\u00e9g\u00e9n\u00e9ratrices et anti-inflammatoires, offrent de multiples bienfaits pour la sant\u00e9 et le traitement des affections cutan\u00e9es.<\/p>\n<p>En plus de r\u00e9duire l\u2019inflammation et l\u2019irritation, les min\u00e9raux pr\u00e9sents dans l\u2019eau aident \u00e0 hydrater la peau en profondeur, \u00e0 stimuler la r\u00e9g\u00e9n\u00e9ration cellulaire et \u00e0 renforcer la barri\u00e8re cutan\u00e9e. Les approches th\u00e9rapeutiques aux Termas da Piedade apportent confort, soulagement et une peau plus saine.<\/p>\n<p>&nbsp;<\/p>\n<p><strong>Ce service est indiqu\u00e9 pour soulager les sympt\u00f4mes de conditions telles que:<\/strong><\/p>\n<ul>\n<li data-section-id=\"1u7xrpi\" data-start=\"1899\" data-end=\"1912\">Allergies;<\/li>\n<li data-section-id=\"1tfv43d\" data-start=\"1913\" data-end=\"1935\">Dermatite Atopique;<\/li>\n<li data-section-id=\"11w4axd\" data-start=\"1936\" data-end=\"1946\">Ecz\u00e9ma;<\/li>\n<li data-section-id=\"y9pouv\" data-start=\"1947\" data-end=\"1960\">Psoriasis;<\/li>\n<li data-section-id=\"1cpwri7\" data-start=\"1961\" data-end=\"2004\">Autres maladies inflammatoires cutan\u00e9es.<\/li>\n<\/ul>\n<p>&nbsp;<\/p>\n<p><strong>Quelques techniques permettant de lutter contre ces sympt\u00f4mes:<\/strong><\/p>\n<ul>\n<li><strong>Techniques d\u2019immersion:<br \/>\n<\/strong>&#8211; Hydromassage;<br \/>\n&#8211; Bains Thermaux;<br \/>\n&#8211; Circuit d\u2019hydroth\u00e9rapie Thermale (acc\u00e8s \u00e0 la piscine d\u2019hydromassage et au jacuzzi d\u2019eau thermale, sauna, hammam, p\u00e9diluve, parcours de douches et seau d\u2019eau froide).<\/li>\n<\/ul>\n<p>&nbsp;<\/p>\n<ul>\n<li><strong>Techniques de Douche:<br \/>\n<\/strong>-Vichy g\u00e9n\u00e9ral avec massage<br \/>\n&#8211; Douche \u00e0 Jets \/ Douche \u00e0 Contraste<\/li>\n<\/ul>\n<p>&nbsp;<\/p>\n<p>Les Termas da Piedade, gr\u00e2ce \u00e0 leur eau, offrent de multiples bienfaits. En plus d\u2019aider au traitement des affections dermatologiques, elles procurent un soulagement des irritations et des troubles cutan\u00e9s, favorisant la r\u00e9g\u00e9n\u00e9ration de la peau et un bien-\u00eatre durable.<\/p>\n","protected":false},"excerpt":{"rendered":"<p>Les eaux des Termas da Piedade, gr\u00e2ce \u00e0 leurs propri\u00e9t\u00e9s r\u00e9g\u00e9n\u00e9ratrices et anti-inflammatoires, offrent de multiples bienfaits pour la sant\u00e9 et le traitement des affections cutan\u00e9es. En plus de r\u00e9duire l\u2019inflammation et l\u2019irritation, les min\u00e9raux pr\u00e9sents dans l\u2019eau aident \u00e0 hydrater la peau en profondeur, \u00e0 stimuler la r\u00e9g\u00e9n\u00e9ration cellulaire et \u00e0 renforcer la barri\u00e8re [&hellip;]<\/p>\n","protected":false},"author":4,"featured_media":0,"parent":632,"menu_order":5,"comment_status":"closed","ping_status":"closed","template":"template-treatment.php","meta":{"footnotes":""},"class_list":["post-652","page","type-page","status-publish","hentry"],"yoast_head":"<!-- This site is optimized with the Yoast SEO plugin v26.9 - https:\/\/yoast.com\/product\/yoast-seo-wordpress\/ -->\n<title>Affections dermatologiques - Your Hotel &amp; Spa Alcoba\u00e7a<\/title>\n<meta name=\"robots\" content=\"index, follow, max-snippet:-1, max-image-preview:large, max-video-preview:-1\" \/>\n<link rel=\"canonical\" href=\"https:\/\/www.yourhotelspa.com\/fr\/termas-da-piedade\/affections-dermatologiques\/\" \/>\n<meta property=\"og:locale\" content=\"fr_FR\" \/>\n<meta property=\"og:type\" content=\"article\" \/>\n<meta property=\"og:title\" content=\"Affections dermatologiques - Your Hotel &amp; Spa Alcoba\u00e7a\" \/>\n<meta property=\"og:description\" content=\"Les eaux des Termas da Piedade, gr\u00e2ce \u00e0 leurs propri\u00e9t\u00e9s r\u00e9g\u00e9n\u00e9ratrices et anti-inflammatoires, offrent de multiples bienfaits pour la sant\u00e9 et le traitement des affections cutan\u00e9es. En plus de r\u00e9duire l\u2019inflammation et l\u2019irritation, les min\u00e9raux pr\u00e9sents dans l\u2019eau aident \u00e0 hydrater la peau en profondeur, \u00e0 stimuler la r\u00e9g\u00e9n\u00e9ration cellulaire et \u00e0 renforcer la barri\u00e8re [&hellip;]\" \/>\n<meta property=\"og:url\" content=\"https:\/\/www.yourhotelspa.com\/fr\/termas-da-piedade\/affections-dermatologiques\/\" \/>\n<meta property=\"og:site_name\" content=\"Your Hotel &amp; Spa Alcoba\u00e7a\" \/>\n<meta property=\"article:modified_time\" content=\"2026-04-27T17:15:34+00:00\" \/>\n<meta name=\"twitter:card\" content=\"summary_large_image\" \/>\n<meta name=\"twitter:label1\" content=\"Dur\u00e9e de lecture estim\u00e9e\" \/>\n\t<meta name=\"twitter:data1\" content=\"2 minutes\" \/>\n<script type=\"application\/ld+json\" class=\"yoast-schema-graph\">{\"@context\":\"https:\/\/schema.org\",\"@graph\":[{\"@type\":\"WebPage\",\"@id\":\"https:\/\/www.yourhotelspa.com\/fr\/termas-da-piedade\/affections-dermatologiques\/\",\"url\":\"https:\/\/www.yourhotelspa.com\/fr\/termas-da-piedade\/affections-dermatologiques\/\",\"name\":\"Affections dermatologiques - Your Hotel & Spa Alcoba\u00e7a\",\"isPartOf\":{\"@id\":\"https:\/\/www.yourhotelspa.com\/fr\/#website\"},\"datePublished\":\"2020-07-30T08:51:56+00:00\",\"dateModified\":\"2026-04-27T17:15:34+00:00\",\"breadcrumb\":{\"@id\":\"https:\/\/www.yourhotelspa.com\/fr\/termas-da-piedade\/affections-dermatologiques\/#breadcrumb\"},\"inLanguage\":\"fr-FR\",\"potentialAction\":[{\"@type\":\"ReadAction\",\"target\":[\"https:\/\/www.yourhotelspa.com\/fr\/termas-da-piedade\/affections-dermatologiques\/\"]}]},{\"@type\":\"BreadcrumbList\",\"@id\":\"https:\/\/www.yourhotelspa.com\/fr\/termas-da-piedade\/affections-dermatologiques\/#breadcrumb\",\"itemListElement\":[{\"@type\":\"ListItem\",\"position\":1,\"name\":\"Home\",\"item\":\"https:\/\/www.yourhotelspa.com\/fr\/\"},{\"@type\":\"ListItem\",\"position\":2,\"name\":\"Termas da piedade\",\"item\":\"https:\/\/www.yourhotelspa.com\/fr\/termas-da-piedade\/\"},{\"@type\":\"ListItem\",\"position\":3,\"name\":\"Affections dermatologiques\"}]},{\"@type\":\"WebSite\",\"@id\":\"https:\/\/www.yourhotelspa.com\/fr\/#website\",\"url\":\"https:\/\/www.yourhotelspa.com\/fr\/\",\"name\":\"Your Hotel & Spa Alcoba\u00e7a\",\"description\":\"Just another ms.decms.eu site\",\"potentialAction\":[{\"@type\":\"SearchAction\",\"target\":{\"@type\":\"EntryPoint\",\"urlTemplate\":\"https:\/\/www.yourhotelspa.com\/fr\/?s={search_term_string}\"},\"query-input\":{\"@type\":\"PropertyValueSpecification\",\"valueRequired\":true,\"valueName\":\"search_term_string\"}}],\"inLanguage\":\"fr-FR\"}]}<\/script>\n<!-- \/ Yoast SEO plugin. -->","yoast_head_json":{"title":"Affections dermatologiques - Your Hotel & Spa Alcoba\u00e7a","robots":{"index":"index","follow":"follow","max-snippet":"max-snippet:-1","max-image-preview":"max-image-preview:large","max-video-preview":"max-video-preview:-1"},"canonical":"https:\/\/www.yourhotelspa.com\/fr\/termas-da-piedade\/affections-dermatologiques\/","og_locale":"fr_FR","og_type":"article","og_title":"Affections dermatologiques - Your Hotel & Spa Alcoba\u00e7a","og_description":"Les eaux des Termas da Piedade, gr\u00e2ce \u00e0 leurs propri\u00e9t\u00e9s r\u00e9g\u00e9n\u00e9ratrices et anti-inflammatoires, offrent de multiples bienfaits pour la sant\u00e9 et le traitement des affections cutan\u00e9es. En plus de r\u00e9duire l\u2019inflammation et l\u2019irritation, les min\u00e9raux pr\u00e9sents dans l\u2019eau aident \u00e0 hydrater la peau en profondeur, \u00e0 stimuler la r\u00e9g\u00e9n\u00e9ration cellulaire et \u00e0 renforcer la barri\u00e8re [&hellip;]","og_url":"https:\/\/www.yourhotelspa.com\/fr\/termas-da-piedade\/affections-dermatologiques\/","og_site_name":"Your Hotel & Spa Alcoba\u00e7a","article_modified_time":"2026-04-27T17:15:34+00:00","twitter_card":"summary_large_image","twitter_misc":{"Dur\u00e9e de lecture estim\u00e9e":"2 minutes"},"schema":{"@context":"https:\/\/schema.org","@graph":[{"@type":"WebPage","@id":"https:\/\/www.yourhotelspa.com\/fr\/termas-da-piedade\/affections-dermatologiques\/","url":"https:\/\/www.yourhotelspa.com\/fr\/termas-da-piedade\/affections-dermatologiques\/","name":"Affections dermatologiques - Your Hotel & Spa Alcoba\u00e7a","isPartOf":{"@id":"https:\/\/www.yourhotelspa.com\/fr\/#website"},"datePublished":"2020-07-30T08:51:56+00:00","dateModified":"2026-04-27T17:15:34+00:00","breadcrumb":{"@id":"https:\/\/www.yourhotelspa.com\/fr\/termas-da-piedade\/affections-dermatologiques\/#breadcrumb"},"inLanguage":"fr-FR","potentialAction":[{"@type":"ReadAction","target":["https:\/\/www.yourhotelspa.com\/fr\/termas-da-piedade\/affections-dermatologiques\/"]}]},{"@type":"BreadcrumbList","@id":"https:\/\/www.yourhotelspa.com\/fr\/termas-da-piedade\/affections-dermatologiques\/#breadcrumb","itemListElement":[{"@type":"ListItem","position":1,"name":"Home","item":"https:\/\/www.yourhotelspa.com\/fr\/"},{"@type":"ListItem","position":2,"name":"Termas da piedade","item":"https:\/\/www.yourhotelspa.com\/fr\/termas-da-piedade\/"},{"@type":"ListItem","position":3,"name":"Affections dermatologiques"}]},{"@type":"WebSite","@id":"https:\/\/www.yourhotelspa.com\/fr\/#website","url":"https:\/\/www.yourhotelspa.com\/fr\/","name":"Your Hotel & Spa Alcoba\u00e7a","description":"Just another ms.decms.eu site","potentialAction":[{"@type":"SearchAction","target":{"@type":"EntryPoint","urlTemplate":"https:\/\/www.yourhotelspa.com\/fr\/?s={search_term_string}"},"query-input":{"@type":"PropertyValueSpecification","valueRequired":true,"valueName":"search_term_string"}}],"inLanguage":"fr-FR"}]}},"acf":[],"_links":{"self":[{"href":"https:\/\/www.yourhotelspa.com\/fr\/wp-json\/wp\/v2\/pages\/652","targetHints":{"allow":["GET"]}}],"collection":[{"href":"https:\/\/www.yourhotelspa.com\/fr\/wp-json\/wp\/v2\/pages"}],"about":[{"href":"https:\/\/www.yourhotelspa.com\/fr\/wp-json\/wp\/v2\/types\/page"}],"author":[{"embeddable":true,"href":"https:\/\/www.yourhotelspa.com\/fr\/wp-json\/wp\/v2\/users\/4"}],"replies":[{"embeddable":true,"href":"https:\/\/www.yourhotelspa.com\/fr\/wp-json\/wp\/v2\/comments?post=652"}],"version-history":[{"count":0,"href":"https:\/\/www.yourhotelspa.com\/fr\/wp-json\/wp\/v2\/pages\/652\/revisions"}],"up":[{"embeddable":true,"href":"https:\/\/www.yourhotelspa.com\/fr\/wp-json\/wp\/v2\/pages\/632"}],"wp:attachment":[{"href":"https:\/\/www.yourhotelspa.com\/fr\/wp-json\/wp\/v2\/media?parent=652"}],"curies":[{"name":"wp","href":"https:\/\/api.w.org\/{rel}","templated":true}]}}