{"id":663,"date":"2020-07-30T09:00:08","date_gmt":"2020-07-30T09:00:08","guid":{"rendered":"http:\/\/your-hotel-spa-alcobaca.ms.decms.eu\/?page_id=663"},"modified":"2020-07-30T09:00:08","modified_gmt":"2020-07-30T09:00:08","slug":"hydrotherapie-du-colon","status":"publish","type":"page","link":"https:\/\/www.yourhotelspa.com\/fr\/termas-da-piedade\/hydrotherapie-du-colon\/","title":{"rendered":"Hydroth\u00e9rapie du c\u00f4lon"},"content":{"rendered":"<p>L&rsquo;hydroth\u00e9rapie du c\u00f4lon consiste \u00e0 purifier et \u00e0 d\u00e9toxifier l&rsquo;intestin.<br \/>\nApr\u00e8s un nettoyage en profondeur, de l\u2019eau thermale est introduite. En plus d\u2019\u00eatre un puissant d\u00e9sinfectant et neutralisant toute infection ou inflammation pr\u00e9sente dans les parois intestinales, l\u2019eau \u00e9limine certains microorganismes (bact\u00e9ries) nuisibles \u00e0 la sant\u00e9 de l\u2019intestin.<br \/>\nL&rsquo;eau thermale est \u00e9galement un excellent r\u00e9g\u00e9n\u00e9rateur cellulaire.<br \/>\nEn effectuant ce traitement, votre syst\u00e8me immunitaire sera renforc\u00e9.<br \/>\nIl s\u2019agit d\u2019une th\u00e9rapie s\u00fbre, confortable et sans douleur qui nettoie et d\u00e9toxifie en profondeur les muqueuses en lib\u00e9rant les d\u00e9chets, les toxines, l\u2019exc\u00e8s de mucus et les parasites. Pendant la s\u00e9ance, la personne se couche dans une position confortable pendant que l&rsquo;eau traverse le c\u00f4lon et sa dignit\u00e9 est compl\u00e8tement pr\u00e9serv\u00e9e.<\/p>\n","protected":false},"excerpt":{"rendered":"<p>L&rsquo;hydroth\u00e9rapie du c\u00f4lon consiste \u00e0 purifier et \u00e0 d\u00e9toxifier l&rsquo;intestin. Apr\u00e8s un nettoyage en profondeur, de l\u2019eau thermale est introduite. En plus d\u2019\u00eatre un puissant d\u00e9sinfectant et neutralisant toute infection ou inflammation pr\u00e9sente dans les parois intestinales, l\u2019eau \u00e9limine certains microorganismes (bact\u00e9ries) nuisibles \u00e0 la sant\u00e9 de l\u2019intestin. L&rsquo;eau thermale est \u00e9galement un excellent r\u00e9g\u00e9n\u00e9rateur [&hellip;]<\/p>\n","protected":false},"author":4,"featured_media":0,"parent":632,"menu_order":2,"comment_status":"closed","ping_status":"closed","template":"template-treatment.php","meta":{"footnotes":""},"class_list":["post-663","page","type-page","status-publish","hentry"],"yoast_head":"<!-- This site is optimized with the Yoast SEO plugin v26.9 - https:\/\/yoast.com\/product\/yoast-seo-wordpress\/ -->\n<title>Hydroth\u00e9rapie du c\u00f4lon - Your Hotel &amp; Spa Alcoba\u00e7a<\/title>\n<meta name=\"robots\" content=\"index, follow, max-snippet:-1, max-image-preview:large, max-video-preview:-1\" \/>\n<link rel=\"canonical\" href=\"https:\/\/www.yourhotelspa.com\/fr\/termas-da-piedade\/hydrotherapie-du-colon\/\" \/>\n<meta property=\"og:locale\" content=\"fr_FR\" \/>\n<meta property=\"og:type\" content=\"article\" \/>\n<meta property=\"og:title\" content=\"Hydroth\u00e9rapie du c\u00f4lon - Your Hotel &amp; Spa Alcoba\u00e7a\" \/>\n<meta property=\"og:description\" content=\"L&rsquo;hydroth\u00e9rapie du c\u00f4lon consiste \u00e0 purifier et \u00e0 d\u00e9toxifier l&rsquo;intestin. Apr\u00e8s un nettoyage en profondeur, de l\u2019eau thermale est introduite. En plus d\u2019\u00eatre un puissant d\u00e9sinfectant et neutralisant toute infection ou inflammation pr\u00e9sente dans les parois intestinales, l\u2019eau \u00e9limine certains microorganismes (bact\u00e9ries) nuisibles \u00e0 la sant\u00e9 de l\u2019intestin. L&rsquo;eau thermale est \u00e9galement un excellent r\u00e9g\u00e9n\u00e9rateur [&hellip;]\" \/>\n<meta property=\"og:url\" content=\"https:\/\/www.yourhotelspa.com\/fr\/termas-da-piedade\/hydrotherapie-du-colon\/\" \/>\n<meta property=\"og:site_name\" content=\"Your Hotel &amp; Spa Alcoba\u00e7a\" \/>\n<meta name=\"twitter:card\" content=\"summary_large_image\" \/>\n<meta name=\"twitter:label1\" content=\"Dur\u00e9e de lecture estim\u00e9e\" \/>\n\t<meta name=\"twitter:data1\" content=\"1 minute\" \/>\n<script type=\"application\/ld+json\" class=\"yoast-schema-graph\">{\"@context\":\"https:\/\/schema.org\",\"@graph\":[{\"@type\":\"WebPage\",\"@id\":\"https:\/\/www.yourhotelspa.com\/fr\/termas-da-piedade\/hydrotherapie-du-colon\/\",\"url\":\"https:\/\/www.yourhotelspa.com\/fr\/termas-da-piedade\/hydrotherapie-du-colon\/\",\"name\":\"Hydroth\u00e9rapie du c\u00f4lon - Your Hotel & Spa Alcoba\u00e7a\",\"isPartOf\":{\"@id\":\"https:\/\/www.yourhotelspa.com\/fr\/#website\"},\"datePublished\":\"2020-07-30T09:00:08+00:00\",\"breadcrumb\":{\"@id\":\"https:\/\/www.yourhotelspa.com\/fr\/termas-da-piedade\/hydrotherapie-du-colon\/#breadcrumb\"},\"inLanguage\":\"fr-FR\",\"potentialAction\":[{\"@type\":\"ReadAction\",\"target\":[\"https:\/\/www.yourhotelspa.com\/fr\/termas-da-piedade\/hydrotherapie-du-colon\/\"]}]},{\"@type\":\"BreadcrumbList\",\"@id\":\"https:\/\/www.yourhotelspa.com\/fr\/termas-da-piedade\/hydrotherapie-du-colon\/#breadcrumb\",\"itemListElement\":[{\"@type\":\"ListItem\",\"position\":1,\"name\":\"Home\",\"item\":\"https:\/\/www.yourhotelspa.com\/fr\/\"},{\"@type\":\"ListItem\",\"position\":2,\"name\":\"Termas da piedade\",\"item\":\"https:\/\/www.yourhotelspa.com\/fr\/termas-da-piedade\/\"},{\"@type\":\"ListItem\",\"position\":3,\"name\":\"Hydroth\u00e9rapie du c\u00f4lon\"}]},{\"@type\":\"WebSite\",\"@id\":\"https:\/\/www.yourhotelspa.com\/fr\/#website\",\"url\":\"https:\/\/www.yourhotelspa.com\/fr\/\",\"name\":\"Your Hotel & Spa Alcoba\u00e7a\",\"description\":\"Just another ms.decms.eu site\",\"potentialAction\":[{\"@type\":\"SearchAction\",\"target\":{\"@type\":\"EntryPoint\",\"urlTemplate\":\"https:\/\/www.yourhotelspa.com\/fr\/?s={search_term_string}\"},\"query-input\":{\"@type\":\"PropertyValueSpecification\",\"valueRequired\":true,\"valueName\":\"search_term_string\"}}],\"inLanguage\":\"fr-FR\"}]}<\/script>\n<!-- \/ Yoast SEO plugin. -->","yoast_head_json":{"title":"Hydroth\u00e9rapie du c\u00f4lon - Your Hotel & Spa Alcoba\u00e7a","robots":{"index":"index","follow":"follow","max-snippet":"max-snippet:-1","max-image-preview":"max-image-preview:large","max-video-preview":"max-video-preview:-1"},"canonical":"https:\/\/www.yourhotelspa.com\/fr\/termas-da-piedade\/hydrotherapie-du-colon\/","og_locale":"fr_FR","og_type":"article","og_title":"Hydroth\u00e9rapie du c\u00f4lon - Your Hotel & Spa Alcoba\u00e7a","og_description":"L&rsquo;hydroth\u00e9rapie du c\u00f4lon consiste \u00e0 purifier et \u00e0 d\u00e9toxifier l&rsquo;intestin. Apr\u00e8s un nettoyage en profondeur, de l\u2019eau thermale est introduite. En plus d\u2019\u00eatre un puissant d\u00e9sinfectant et neutralisant toute infection ou inflammation pr\u00e9sente dans les parois intestinales, l\u2019eau \u00e9limine certains microorganismes (bact\u00e9ries) nuisibles \u00e0 la sant\u00e9 de l\u2019intestin. L&rsquo;eau thermale est \u00e9galement un excellent r\u00e9g\u00e9n\u00e9rateur [&hellip;]","og_url":"https:\/\/www.yourhotelspa.com\/fr\/termas-da-piedade\/hydrotherapie-du-colon\/","og_site_name":"Your Hotel & Spa Alcoba\u00e7a","twitter_card":"summary_large_image","twitter_misc":{"Dur\u00e9e de lecture estim\u00e9e":"1 minute"},"schema":{"@context":"https:\/\/schema.org","@graph":[{"@type":"WebPage","@id":"https:\/\/www.yourhotelspa.com\/fr\/termas-da-piedade\/hydrotherapie-du-colon\/","url":"https:\/\/www.yourhotelspa.com\/fr\/termas-da-piedade\/hydrotherapie-du-colon\/","name":"Hydroth\u00e9rapie du c\u00f4lon - Your Hotel & Spa Alcoba\u00e7a","isPartOf":{"@id":"https:\/\/www.yourhotelspa.com\/fr\/#website"},"datePublished":"2020-07-30T09:00:08+00:00","breadcrumb":{"@id":"https:\/\/www.yourhotelspa.com\/fr\/termas-da-piedade\/hydrotherapie-du-colon\/#breadcrumb"},"inLanguage":"fr-FR","potentialAction":[{"@type":"ReadAction","target":["https:\/\/www.yourhotelspa.com\/fr\/termas-da-piedade\/hydrotherapie-du-colon\/"]}]},{"@type":"BreadcrumbList","@id":"https:\/\/www.yourhotelspa.com\/fr\/termas-da-piedade\/hydrotherapie-du-colon\/#breadcrumb","itemListElement":[{"@type":"ListItem","position":1,"name":"Home","item":"https:\/\/www.yourhotelspa.com\/fr\/"},{"@type":"ListItem","position":2,"name":"Termas da piedade","item":"https:\/\/www.yourhotelspa.com\/fr\/termas-da-piedade\/"},{"@type":"ListItem","position":3,"name":"Hydroth\u00e9rapie du c\u00f4lon"}]},{"@type":"WebSite","@id":"https:\/\/www.yourhotelspa.com\/fr\/#website","url":"https:\/\/www.yourhotelspa.com\/fr\/","name":"Your Hotel & Spa Alcoba\u00e7a","description":"Just another ms.decms.eu site","potentialAction":[{"@type":"SearchAction","target":{"@type":"EntryPoint","urlTemplate":"https:\/\/www.yourhotelspa.com\/fr\/?s={search_term_string}"},"query-input":{"@type":"PropertyValueSpecification","valueRequired":true,"valueName":"search_term_string"}}],"inLanguage":"fr-FR"}]}},"acf":[],"_links":{"self":[{"href":"https:\/\/www.yourhotelspa.com\/fr\/wp-json\/wp\/v2\/pages\/663","targetHints":{"allow":["GET"]}}],"collection":[{"href":"https:\/\/www.yourhotelspa.com\/fr\/wp-json\/wp\/v2\/pages"}],"about":[{"href":"https:\/\/www.yourhotelspa.com\/fr\/wp-json\/wp\/v2\/types\/page"}],"author":[{"embeddable":true,"href":"https:\/\/www.yourhotelspa.com\/fr\/wp-json\/wp\/v2\/users\/4"}],"replies":[{"embeddable":true,"href":"https:\/\/www.yourhotelspa.com\/fr\/wp-json\/wp\/v2\/comments?post=663"}],"version-history":[{"count":0,"href":"https:\/\/www.yourhotelspa.com\/fr\/wp-json\/wp\/v2\/pages\/663\/revisions"}],"up":[{"embeddable":true,"href":"https:\/\/www.yourhotelspa.com\/fr\/wp-json\/wp\/v2\/pages\/632"}],"wp:attachment":[{"href":"https:\/\/www.yourhotelspa.com\/fr\/wp-json\/wp\/v2\/media?parent=663"}],"curies":[{"name":"wp","href":"https:\/\/api.w.org\/{rel}","templated":true}]}}