{"id":690,"date":"2020-07-30T15:48:44","date_gmt":"2020-07-30T15:48:44","guid":{"rendered":"http:\/\/your-hotel-spa-alcobaca.ms.decms.eu\/?page_id=690"},"modified":"2025-05-02T16:44:12","modified_gmt":"2025-05-02T16:44:12","slug":"senses-restaurant","status":"publish","type":"page","link":"https:\/\/www.yourhotelspa.com\/fr\/senses-restaurant\/","title":{"rendered":"Sentidos Restaurant"},"content":{"rendered":"<p>Situ\u00e9 au 2\u00e8me \u00e9tage avec une capacit\u00e9 de 50 personnes, le restaurant Sentidos a une <strong>atmosph\u00e8re \u00e9l\u00e9gante, sophistiqu\u00e9e et intime<\/strong>. L&rsquo;endroit id\u00e9al pour un repas agr\u00e9able avec une gamme d&rsquo;offres gastronomiques de haute qualit\u00e9 avec une \u00e9quipe et un service qui vous accompagneront avec un grand professionnalisme. Mettez tous vos sens \u00e0 l&rsquo;\u00e9preuve!<\/p>\n","protected":false},"excerpt":{"rendered":"<p>Situ\u00e9 au 2\u00e8me \u00e9tage avec une capacit\u00e9 de 50 personnes, le restaurant Sentidos a une atmosph\u00e8re \u00e9l\u00e9gante, sophistiqu\u00e9e et intime. L&rsquo;endroit id\u00e9al pour un repas agr\u00e9able avec une gamme d&rsquo;offres gastronomiques de haute qualit\u00e9 avec une \u00e9quipe et un service qui vous accompagneront avec un grand professionnalisme. Mettez tous vos sens \u00e0 l&rsquo;\u00e9preuve!<\/p>\n","protected":false},"author":4,"featured_media":0,"parent":0,"menu_order":60,"comment_status":"closed","ping_status":"closed","template":"","meta":{"footnotes":""},"class_list":["post-690","page","type-page","status-publish","hentry"],"yoast_head":"<!-- This site is optimized with the Yoast SEO plugin v26.9 - https:\/\/yoast.com\/product\/yoast-seo-wordpress\/ -->\n<title>Sentidos Restaurant - Your Hotel &amp; Spa Alcoba\u00e7a<\/title>\n<meta name=\"robots\" content=\"index, follow, max-snippet:-1, max-image-preview:large, max-video-preview:-1\" \/>\n<link rel=\"canonical\" href=\"https:\/\/www.yourhotelspa.com\/fr\/senses-restaurant\/\" \/>\n<meta property=\"og:locale\" content=\"fr_FR\" \/>\n<meta property=\"og:type\" content=\"article\" \/>\n<meta property=\"og:title\" content=\"Sentidos Restaurant - Your Hotel &amp; Spa Alcoba\u00e7a\" \/>\n<meta property=\"og:description\" content=\"Situ\u00e9 au 2\u00e8me \u00e9tage avec une capacit\u00e9 de 50 personnes, le restaurant Sentidos a une atmosph\u00e8re \u00e9l\u00e9gante, sophistiqu\u00e9e et intime. L&rsquo;endroit id\u00e9al pour un repas agr\u00e9able avec une gamme d&rsquo;offres gastronomiques de haute qualit\u00e9 avec une \u00e9quipe et un service qui vous accompagneront avec un grand professionnalisme. Mettez tous vos sens \u00e0 l&rsquo;\u00e9preuve!\" \/>\n<meta property=\"og:url\" content=\"https:\/\/www.yourhotelspa.com\/fr\/senses-restaurant\/\" \/>\n<meta property=\"og:site_name\" content=\"Your Hotel &amp; Spa Alcoba\u00e7a\" \/>\n<meta property=\"article:modified_time\" content=\"2025-05-02T16:44:12+00:00\" \/>\n<meta name=\"twitter:card\" content=\"summary_large_image\" \/>\n<meta name=\"twitter:label1\" content=\"Dur\u00e9e de lecture estim\u00e9e\" \/>\n\t<meta name=\"twitter:data1\" content=\"1 minute\" \/>\n<script type=\"application\/ld+json\" class=\"yoast-schema-graph\">{\"@context\":\"https:\/\/schema.org\",\"@graph\":[{\"@type\":\"WebPage\",\"@id\":\"https:\/\/www.yourhotelspa.com\/fr\/senses-restaurant\/\",\"url\":\"https:\/\/www.yourhotelspa.com\/fr\/senses-restaurant\/\",\"name\":\"Sentidos Restaurant - Your Hotel & Spa Alcoba\u00e7a\",\"isPartOf\":{\"@id\":\"https:\/\/www.yourhotelspa.com\/fr\/#website\"},\"datePublished\":\"2020-07-30T15:48:44+00:00\",\"dateModified\":\"2025-05-02T16:44:12+00:00\",\"breadcrumb\":{\"@id\":\"https:\/\/www.yourhotelspa.com\/fr\/senses-restaurant\/#breadcrumb\"},\"inLanguage\":\"fr-FR\",\"potentialAction\":[{\"@type\":\"ReadAction\",\"target\":[\"https:\/\/www.yourhotelspa.com\/fr\/senses-restaurant\/\"]}]},{\"@type\":\"BreadcrumbList\",\"@id\":\"https:\/\/www.yourhotelspa.com\/fr\/senses-restaurant\/#breadcrumb\",\"itemListElement\":[{\"@type\":\"ListItem\",\"position\":1,\"name\":\"Home\",\"item\":\"https:\/\/www.yourhotelspa.com\/fr\/\"},{\"@type\":\"ListItem\",\"position\":2,\"name\":\"Sentidos Restaurant\"}]},{\"@type\":\"WebSite\",\"@id\":\"https:\/\/www.yourhotelspa.com\/fr\/#website\",\"url\":\"https:\/\/www.yourhotelspa.com\/fr\/\",\"name\":\"Your Hotel & Spa Alcoba\u00e7a\",\"description\":\"Just another ms.decms.eu site\",\"potentialAction\":[{\"@type\":\"SearchAction\",\"target\":{\"@type\":\"EntryPoint\",\"urlTemplate\":\"https:\/\/www.yourhotelspa.com\/fr\/?s={search_term_string}\"},\"query-input\":{\"@type\":\"PropertyValueSpecification\",\"valueRequired\":true,\"valueName\":\"search_term_string\"}}],\"inLanguage\":\"fr-FR\"}]}<\/script>\n<!-- \/ Yoast SEO plugin. -->","yoast_head_json":{"title":"Sentidos Restaurant - Your Hotel & Spa Alcoba\u00e7a","robots":{"index":"index","follow":"follow","max-snippet":"max-snippet:-1","max-image-preview":"max-image-preview:large","max-video-preview":"max-video-preview:-1"},"canonical":"https:\/\/www.yourhotelspa.com\/fr\/senses-restaurant\/","og_locale":"fr_FR","og_type":"article","og_title":"Sentidos Restaurant - Your Hotel & Spa Alcoba\u00e7a","og_description":"Situ\u00e9 au 2\u00e8me \u00e9tage avec une capacit\u00e9 de 50 personnes, le restaurant Sentidos a une atmosph\u00e8re \u00e9l\u00e9gante, sophistiqu\u00e9e et intime. L&rsquo;endroit id\u00e9al pour un repas agr\u00e9able avec une gamme d&rsquo;offres gastronomiques de haute qualit\u00e9 avec une \u00e9quipe et un service qui vous accompagneront avec un grand professionnalisme. Mettez tous vos sens \u00e0 l&rsquo;\u00e9preuve!","og_url":"https:\/\/www.yourhotelspa.com\/fr\/senses-restaurant\/","og_site_name":"Your Hotel & Spa Alcoba\u00e7a","article_modified_time":"2025-05-02T16:44:12+00:00","twitter_card":"summary_large_image","twitter_misc":{"Dur\u00e9e de lecture estim\u00e9e":"1 minute"},"schema":{"@context":"https:\/\/schema.org","@graph":[{"@type":"WebPage","@id":"https:\/\/www.yourhotelspa.com\/fr\/senses-restaurant\/","url":"https:\/\/www.yourhotelspa.com\/fr\/senses-restaurant\/","name":"Sentidos Restaurant - Your Hotel & Spa Alcoba\u00e7a","isPartOf":{"@id":"https:\/\/www.yourhotelspa.com\/fr\/#website"},"datePublished":"2020-07-30T15:48:44+00:00","dateModified":"2025-05-02T16:44:12+00:00","breadcrumb":{"@id":"https:\/\/www.yourhotelspa.com\/fr\/senses-restaurant\/#breadcrumb"},"inLanguage":"fr-FR","potentialAction":[{"@type":"ReadAction","target":["https:\/\/www.yourhotelspa.com\/fr\/senses-restaurant\/"]}]},{"@type":"BreadcrumbList","@id":"https:\/\/www.yourhotelspa.com\/fr\/senses-restaurant\/#breadcrumb","itemListElement":[{"@type":"ListItem","position":1,"name":"Home","item":"https:\/\/www.yourhotelspa.com\/fr\/"},{"@type":"ListItem","position":2,"name":"Sentidos Restaurant"}]},{"@type":"WebSite","@id":"https:\/\/www.yourhotelspa.com\/fr\/#website","url":"https:\/\/www.yourhotelspa.com\/fr\/","name":"Your Hotel & Spa Alcoba\u00e7a","description":"Just another ms.decms.eu site","potentialAction":[{"@type":"SearchAction","target":{"@type":"EntryPoint","urlTemplate":"https:\/\/www.yourhotelspa.com\/fr\/?s={search_term_string}"},"query-input":{"@type":"PropertyValueSpecification","valueRequired":true,"valueName":"search_term_string"}}],"inLanguage":"fr-FR"}]}},"acf":[],"_links":{"self":[{"href":"https:\/\/www.yourhotelspa.com\/fr\/wp-json\/wp\/v2\/pages\/690","targetHints":{"allow":["GET"]}}],"collection":[{"href":"https:\/\/www.yourhotelspa.com\/fr\/wp-json\/wp\/v2\/pages"}],"about":[{"href":"https:\/\/www.yourhotelspa.com\/fr\/wp-json\/wp\/v2\/types\/page"}],"author":[{"embeddable":true,"href":"https:\/\/www.yourhotelspa.com\/fr\/wp-json\/wp\/v2\/users\/4"}],"replies":[{"embeddable":true,"href":"https:\/\/www.yourhotelspa.com\/fr\/wp-json\/wp\/v2\/comments?post=690"}],"version-history":[{"count":0,"href":"https:\/\/www.yourhotelspa.com\/fr\/wp-json\/wp\/v2\/pages\/690\/revisions"}],"wp:attachment":[{"href":"https:\/\/www.yourhotelspa.com\/fr\/wp-json\/wp\/v2\/media?parent=690"}],"curies":[{"name":"wp","href":"https:\/\/api.w.org\/{rel}","templated":true}]}}